{"id":11430,"date":"2024-09-12T13:58:04","date_gmt":"2024-09-12T11:58:04","guid":{"rendered":"https:\/\/3bconnectedcom.eu2.copilhost.cloud\/?post_type=product&#038;p=11430"},"modified":"2024-11-12T17:09:53","modified_gmt":"2024-11-12T16:09:53","slug":"journal-de-gratitude","status":"publish","type":"product","link":"https:\/\/3bconnected.com\/es\/producto\/journal-de-gratitude\/","title":{"rendered":"Journal de Gratitude : votre guide quotidien"},"content":{"rendered":"<p>Avec des pages \u00e9l\u00e9gamment con\u00e7ues, ce <em>Diario de gratitud<\/em> vous aide \u00e0 :<\/p>\n<ul>\n<li>R\u00e9duire le stress et l&#8217;anxi\u00e9t\u00e9 en recentrant votre attention sur les aspects positifs de votre vie<\/li>\n<li>Am\u00e9liorer votre humeur et votre bien-\u00eatre g\u00e9n\u00e9ral gr\u00e2ce \u00e0 la pratique quotidienne de la gratitude<\/li>\n<li>Renforcer votre r\u00e9silience \u00e9motionnelle en d\u00e9veloppant un \u00e9tat d\u2019esprit optimiste<\/li>\n<li>Favoriser la pleine conscience et vous ancrer dans le moment pr\u00e9sent<\/li>\n<\/ul>\n<p><strong>Ce que vous trouverez dans ce journal :<\/strong><\/p>\n<ul>\n<li>Des espaces quotidiens pour noter vos pens\u00e9es de gratitude<\/li>\n<li>Des citations inspirantes pour nourrir votre esprit<\/li>\n<li>Des exercices de r\u00e9flexion pour approfondir votre pratique<\/li>\n<li>Un format simple et intuitif qui s\u2019adapte \u00e0 votre rythme<\/li>\n<\/ul>\n<p><strong>Caract\u00e9ristiques :<\/strong><\/p>\n<ul>\n<li><strong>Format<\/strong> : Reli\u00e9\u00a0 \/ Couverture dure<\/li>\n<li><strong>Pages<\/strong> : 198 pages, con\u00e7ues pour une utilisation quotidienne sur une ann\u00e9e<\/li>\n<li><strong>Dimensions<\/strong> : 17,5 x 22,5 cm \u2013 facile \u00e0 emporter partout<\/li>\n<li><strong>Mat\u00e9riaux<\/strong> : Papier de haute qualit\u00e9, couverture r\u00e9sistante et durable<\/li>\n<li><strong>Langue<\/strong> : Fran\u00e7ais<\/li>\n<li><strong>Disponibilit\u00e9<\/strong> : environs 15 jours ouvr\u00e9s (livraison selon destination)<\/li>\n<\/ul>\n<p><strong>Pourquoi choisir ce journal ?<\/strong> En cultivant la gratitude chaque jour, vous entra\u00eenez votre cerveau \u00e0 se focaliser sur les aspects positifs de votre vie, renfor\u00e7ant ainsi votre bonheur et votre bien-\u00eatre. Le <em>Diario de gratitud<\/em> est un outil simple mais efficace pour transformer votre mentalit\u00e9 et vous guider vers une vie plus \u00e9panouie, jour apr\u00e8s jour.<\/p>\n<p><strong>Commandez d\u00e8s maintenant :<\/strong> Faites le premier pas vers une vie plus positive et harmonieuse en commandant votre <em>Diario de gratitud<\/em> aujourd\u2019hui !<\/p>","protected":false},"excerpt":{"rendered":"<div class=\"thrv_wrapper thrv_text_element\" data-css=\"tve-u-18bf6b52cd5\">\n<p><strong>\ud83d\udc9b<em>\u00a0Un voyage d&#8217;introspection qui vous accompagnera durant toute une ann\u00e9e.\u00a0<\/em><\/strong><\/p>\n<\/div>\n<div class=\"thrv_wrapper thrv_text_element tcb-local-vars-root\" data-css=\"tve-u-18bf6b52cd7\">\n<div class=\"tcb-plain-text\">Este diario de gratitud es una herramienta que puede utilizarse para\u00a0<strong>sencillo y potente<\/strong>. Il joue un r\u00f4le crucial dans l&#8217;am\u00e9lioration de l&#8217;humeur, la re-programmation mentale, l\u2019\u00e9l\u00e9vation du taux vibratoire en valorisant\u00a0<strong>los aspectos positivos de nuestra vida<\/strong>\u00a0ou encore dans la r\u00e9duction du stress puisqu&#8217;il nous invite \u00e0 r\u00e9fl\u00e9chir aux bons moments de notre journ\u00e9e. \u00a0En r\u00e9sum\u00e9, tenir un journal de gratitude peut grandement contribuer \u00e0 am\u00e9liorer notre bien-\u00eatre g\u00e9n\u00e9ral.<\/div>\n<\/div>\n<div class=\"thrv_wrapper thrv_text_element\"><\/div>","protected":false},"featured_media":11412,"template":"","meta":[],"product_brand":[],"product_cat":[157],"product_tag":[],"wf_product_folders":[],"class_list":{"0":"post-11430","1":"product","2":"type-product","3":"status-publish","4":"has-post-thumbnail","6":"product_cat-livre","7":"post-wrapper","8":"thrv_wrapper","10":"first","11":"instock","12":"shipping-taxable","13":"product-type-external"},"_links":{"self":[{"href":"https:\/\/3bconnected.com\/es\/wp-json\/wp\/v2\/product\/11430","targetHints":{"allow":["GET"]}}],"collection":[{"href":"https:\/\/3bconnected.com\/es\/wp-json\/wp\/v2\/product"}],"about":[{"href":"https:\/\/3bconnected.com\/es\/wp-json\/wp\/v2\/types\/product"}],"wp:featuredmedia":[{"embeddable":true,"href":"https:\/\/3bconnected.com\/es\/wp-json\/wp\/v2\/media\/11412"}],"wp:attachment":[{"href":"https:\/\/3bconnected.com\/es\/wp-json\/wp\/v2\/media?parent=11430"}],"wp:term":[{"taxonomy":"product_brand","embeddable":true,"href":"https:\/\/3bconnected.com\/es\/wp-json\/wp\/v2\/product_brand?post=11430"},{"taxonomy":"product_cat","embeddable":true,"href":"https:\/\/3bconnected.com\/es\/wp-json\/wp\/v2\/product_cat?post=11430"},{"taxonomy":"product_tag","embeddable":true,"href":"https:\/\/3bconnected.com\/es\/wp-json\/wp\/v2\/product_tag?post=11430"},{"taxonomy":"wf_product_folders","embeddable":true,"href":"https:\/\/3bconnected.com\/es\/wp-json\/wp\/v2\/wf_product_folders?post=11430"}],"curies":[{"name":"wp","href":"https:\/\/api.w.org\/{rel}","templated":true}]}}