{"id":11381,"date":"2024-09-10T15:24:28","date_gmt":"2024-09-10T13:24:28","guid":{"rendered":"https:\/\/3bconnectedcom.eu2.copilhost.cloud\/?post_type=product&#038;p=11381"},"modified":"2024-09-13T19:31:36","modified_gmt":"2024-09-13T17:31:36","slug":"seance-neuro-dynamique-audio-reprogrammation-puissante-pour-un-engagement-profond-avec-vous-meme","status":"publish","type":"product","link":"https:\/\/3bconnected.com\/es\/producto\/seance-neuro-dynamique-audio-reprogrammation-puissante-pour-un-engagement-profond-avec-vous-meme\/","title":{"rendered":"S\u00e9ance Neuro-dynamique Audio \u2013 Reprogrammation puissante pour un engagement profond avec vous-m\u00eame"},"content":{"rendered":"<p><b>S\u00e9ance Neuro-Dynamique d\u2019engagement avec vous-m\u00eame :<\/b><b><br \/>\n<\/b><span style=\"font-weight: 400;\">Cette m\u00e9thode innovante combine le pouvoir de l\u2019hypnose \u00e0 la dynamique du mouvement pour :<\/span><\/p>\n<ul>\n<li style=\"font-weight: 400;\" aria-level=\"1\"><b>Renforcer vos engagements personnels<\/b><span style=\"font-weight: 400;\">, en ancrant vos r\u00e9solutions dans votre esprit et votre corps.<\/span><\/li>\n<li style=\"font-weight: 400;\" aria-level=\"1\"><span style=\"font-weight: 400;\">\u00c9liminer les blocages internes qui vous emp\u00eachent de tenir vos engagements.<\/span><\/li>\n<li style=\"font-weight: 400;\" aria-level=\"1\"><span style=\"font-weight: 400;\">Reprogrammer votre subconscient pour d\u00e9velopper une <\/span><b>discipline int\u00e9rieure forte<\/b><span style=\"font-weight: 400;\"> et une <\/span><b>responsabilit\u00e9 envers vous-m\u00eame<\/b><span style=\"font-weight: 400;\">.<\/span><\/li>\n<li style=\"font-weight: 400;\" aria-level=\"1\"><span style=\"font-weight: 400;\">Vous connecter \u00e0 votre propre pouvoir d\u00e9cisionnel et \u00e0 l\u2019action, tout en vous lib\u00e9rant des habitudes d\u2019auto-sabotage.<\/span><\/li>\n<\/ul>\n<p><span style=\"font-weight: 400;\">En int\u00e9grant le mouvement \u00e0 la pratique hypnotique, cette s\u00e9ance vous permet de vivre une transformation <\/span><b>active<\/b><span style=\"font-weight: 400;\">, o\u00f9 chaque pas que vous faites en pleine nature vous rapproche de l\u2019engagement profond avec vous-m\u00eame. L\u2019association du corps et de l\u2019esprit renforce la <\/span><b>motivation<\/b><span style=\"font-weight: 400;\"> et vous aide \u00e0 <\/span><b>incarner pleinement vos choix<\/b><span style=\"font-weight: 400;\">.<\/span><\/p>\n<p><b>Caract\u00e9ristiques de la s\u00e9ance neuro-dynamique :<\/b><\/p>\n<ul>\n<li style=\"font-weight: 400;\" aria-level=\"1\"><b>Duraci\u00f3n:<\/b><span style=\"font-weight: 400;\"> 33 minutes.<\/span><\/li>\n<li style=\"font-weight: 400;\" aria-level=\"1\"><b>Format :<\/b><span style=\"font-weight: 400;\"> Audio t\u00e9l\u00e9chargeable (MP3) ou disponible en streaming. Con\u00e7ue pour \u00eatre \u00e9cout\u00e9e en mouvement (marche, activit\u00e9 physique l\u00e9g\u00e8re) en plein air.<\/span><\/li>\n<li style=\"font-weight: 400;\" aria-level=\"1\"><b>B\u00e9n\u00e9fices :<\/b>\n<ul>\n<li style=\"font-weight: 400;\" aria-level=\"2\"><span style=\"font-weight: 400;\">Reprogrammation puissante de l\u2019engagement envers soi-m\u00eame.<\/span><\/li>\n<li style=\"font-weight: 400;\" aria-level=\"2\"><span style=\"font-weight: 400;\">Activation et ancrage des r\u00e9solutions \u00e0 travers le mouvement.<\/span><\/li>\n<li style=\"font-weight: 400;\" aria-level=\"2\"><span style=\"font-weight: 400;\">Connexion profonde avec son pouvoir personnel de transformation.<\/span><\/li>\n<li style=\"font-weight: 400;\" aria-level=\"2\"><span style=\"font-weight: 400;\">Lib\u00e9ration des blocages li\u00e9s \u00e0 l\u2019auto-sabotage et au manque de discipline.<\/span><\/li>\n<li style=\"font-weight: 400;\" aria-level=\"2\"><span style=\"font-weight: 400;\">Sensation de clart\u00e9, de d\u00e9termination et de confiance dans ses engagements.<\/span><\/li>\n<\/ul>\n<\/li>\n<\/ul>\n<p><b>Pour qui est cette s\u00e9ance ?<\/b><\/p>\n<ul>\n<li style=\"font-weight: 400;\" aria-level=\"1\"><span style=\"font-weight: 400;\">Ceux qui veulent <\/span><b>s\u2019engager pleinement envers eux-m\u00eames<\/b><span style=\"font-weight: 400;\">, leurs projets ou leur transformation personnelle.<\/span><\/li>\n<li style=\"font-weight: 400;\" aria-level=\"1\"><span style=\"font-weight: 400;\">Toute personne ayant des difficult\u00e9s \u00e0 tenir ses engagements et \u00e0 maintenir une discipline int\u00e9rieure.<\/span><\/li>\n<li style=\"font-weight: 400;\" aria-level=\"1\"><span style=\"font-weight: 400;\">Ceux qui pr\u00e9f\u00e8rent une approche active et immersive pour transformer leur \u00e9tat d\u2019esprit.<\/span><\/li>\n<li style=\"font-weight: 400;\" aria-level=\"1\"><span style=\"font-weight: 400;\">Les personnes souhaitant aligner leur corps et leur esprit pour un changement durable et une meilleure gestion des objectifs de vie.<\/span><\/li>\n<\/ul>\n<p><b>Mode d\u2019acc\u00e8s :<\/b><\/p>\n<ul>\n<li style=\"font-weight: 400;\" aria-level=\"1\"><span style=\"font-weight: 400;\">Acc\u00e8s imm\u00e9diat apr\u00e8s achat via un lien de t\u00e9l\u00e9chargement ou en streaming.<\/span><\/li>\n<li style=\"font-weight: 400;\" aria-level=\"1\"><span style=\"font-weight: 400;\">Compatible avec tout appareil mobile, pour une \u00e9coute en ext\u00e9rieur durant vos activit\u00e9s physiques.<\/span><\/li>\n<\/ul>\n<p><span style=\"font-weight: 400;\">Engagez-vous dans une transformation active et puissante gr\u00e2ce \u00e0 cette <\/span><b>s\u00e9ance neuro-dynamique audio<\/b><span style=\"font-weight: 400;\"> en mouvement, et r\u00e9alisez vos objectifs avec d\u00e9termination et confiance.<\/span><\/p>","protected":false},"excerpt":{"rendered":"<p><span style=\"font-weight: 400;\">Vivez une <\/span><b>exp\u00e9rience neuro-dynamique audio<\/b><span style=\"font-weight: 400;\"> unique en mouvement, sp\u00e9cialement con\u00e7ue pour reprogrammer profond\u00e9ment votre engagement envers vous-m\u00eame. Cette s\u00e9ance puissante associe des <\/span><b>suggestions hypnotiques<\/b><span style=\"font-weight: 400;\"> \u00e0 des <\/span><b>mouvements physiques en pleine nature<\/b><span style=\"font-weight: 400;\">, favorisant une connexion forte entre votre esprit et votre corps, et vous aidant \u00e0 renforcer votre capacit\u00e9 \u00e0 vous engager dans vos objectifs et dans votre propre transformation personnelle.<\/span><\/p>","protected":false},"featured_media":11365,"template":"","meta":[],"product_brand":[],"product_cat":[153],"product_tag":[],"wf_product_folders":[],"class_list":{"0":"post-11381","1":"product","2":"type-product","3":"status-publish","4":"has-post-thumbnail","6":"product_cat-hypnose","7":"post-wrapper","8":"thrv_wrapper","10":"first","11":"instock","12":"downloadable","13":"virtual","14":"purchasable","15":"product-type-simple"},"_links":{"self":[{"href":"https:\/\/3bconnected.com\/es\/wp-json\/wp\/v2\/product\/11381","targetHints":{"allow":["GET"]}}],"collection":[{"href":"https:\/\/3bconnected.com\/es\/wp-json\/wp\/v2\/product"}],"about":[{"href":"https:\/\/3bconnected.com\/es\/wp-json\/wp\/v2\/types\/product"}],"wp:featuredmedia":[{"embeddable":true,"href":"https:\/\/3bconnected.com\/es\/wp-json\/wp\/v2\/media\/11365"}],"wp:attachment":[{"href":"https:\/\/3bconnected.com\/es\/wp-json\/wp\/v2\/media?parent=11381"}],"wp:term":[{"taxonomy":"product_brand","embeddable":true,"href":"https:\/\/3bconnected.com\/es\/wp-json\/wp\/v2\/product_brand?post=11381"},{"taxonomy":"product_cat","embeddable":true,"href":"https:\/\/3bconnected.com\/es\/wp-json\/wp\/v2\/product_cat?post=11381"},{"taxonomy":"product_tag","embeddable":true,"href":"https:\/\/3bconnected.com\/es\/wp-json\/wp\/v2\/product_tag?post=11381"},{"taxonomy":"wf_product_folders","embeddable":true,"href":"https:\/\/3bconnected.com\/es\/wp-json\/wp\/v2\/wf_product_folders?post=11381"}],"curies":[{"name":"wp","href":"https:\/\/api.w.org\/{rel}","templated":true}]}}