{"id":11377,"date":"2024-09-10T15:15:54","date_gmt":"2024-09-10T13:15:54","guid":{"rendered":"https:\/\/3bconnectedcom.eu2.copilhost.cloud\/?post_type=product&#038;p=11377"},"modified":"2024-09-13T19:33:51","modified_gmt":"2024-09-13T17:33:51","slug":"seance-dhypnose-audio-nettoyage-interieur-profond-de-lombre-du-passe","status":"publish","type":"product","link":"https:\/\/3bconnected.com\/es\/producto\/seance-dhypnose-audio-nettoyage-interieur-profond-de-lombre-du-passe\/","title":{"rendered":"S\u00e9ance d\u2019Hypnose Audio \u2013 Nettoyage int\u00e9rieur profond de l\u2019ombre du pass\u00e9"},"content":{"rendered":"<p><span style=\"font-weight: 400;\">\u00c0 travers des <\/span><b>visualisations purificatrices<\/b><span style=\"font-weight: 400;\"> y <\/span><b>suggestions hypnotiques puissantes<\/b><span style=\"font-weight: 400;\">, cette s\u00e9ance vous aidera \u00e0 :<\/span><\/p>\n<ul>\n<li style=\"font-weight: 400;\" aria-level=\"1\"><b>Lib\u00e9rer les \u00e9nergies stagnantes<\/b><span style=\"font-weight: 400;\"> et les \u00e9motions bloqu\u00e9es du pass\u00e9.<\/span><\/li>\n<li style=\"font-weight: 400;\" aria-level=\"1\"><span style=\"font-weight: 400;\">Transformer les exp\u00e9riences douloureuses en apprentissages positifs.<\/span><\/li>\n<li style=\"font-weight: 400;\" aria-level=\"1\"><b>Nettoyer et purifier<\/b><span style=\"font-weight: 400;\"> votre esprit et votre corps des poids \u00e9motionnels.<\/span><\/li>\n<li style=\"font-weight: 400;\" aria-level=\"1\"><span style=\"font-weight: 400;\">Cr\u00e9er un espace de paix int\u00e9rieure pour vous r\u00e9veiller le lendemain avec un esprit neuf et l\u00e9ger.<\/span><\/li>\n<\/ul>\n<p><b>S\u00e9ance d\u2019Hypnose pour un Nettoyage profond :<\/b><b><br \/>\n<\/b><span style=\"font-weight: 400;\">Dans un \u00e9tat de relaxation profonde, vous serez guid\u00e9 pour :<\/span><\/p>\n<ul>\n<li style=\"font-weight: 400;\" aria-level=\"1\"><span style=\"font-weight: 400;\">Identifier et rel\u00e2cher les <\/span><b>souvenirs douloureux<\/b><span style=\"font-weight: 400;\"> et les <\/span><b>\u00e9motions n\u00e9gatives<\/b><span style=\"font-weight: 400;\"> li\u00e9es \u00e0 votre pass\u00e9.<\/span><\/li>\n<li style=\"font-weight: 400;\" aria-level=\"1\"><span style=\"font-weight: 400;\">Dissoudre les <\/span><b>croyances limitantes<\/b><span style=\"font-weight: 400;\"> et les sch\u00e9mas r\u00e9p\u00e9titifs qui freinent votre croissance.<\/span><\/li>\n<li style=\"font-weight: 400;\" aria-level=\"1\"><span style=\"font-weight: 400;\">Utiliser la force apaisante de la nuit pour int\u00e9grer un <\/span><b>nouveau d\u00e9part<\/b><span style=\"font-weight: 400;\"> \u00e9nerg\u00e9tique et \u00e9motionnel.<\/span><\/li>\n<li style=\"font-weight: 400;\" aria-level=\"1\"><span style=\"font-weight: 400;\">Vous sentir <\/span><b>r\u00e9g\u00e9n\u00e9r\u00e9 et l\u00e9ger<\/b><span style=\"font-weight: 400;\">, pr\u00eat \u00e0 accueillir la s\u00e9r\u00e9nit\u00e9 et la clart\u00e9 dans votre vie.<\/span><\/li>\n<\/ul>\n<p><span style=\"font-weight: 400;\">Cette <\/span><b>s\u00e9ance du soir<\/b><span style=\"font-weight: 400;\"> est id\u00e9ale pour ceux qui souhaitent clore leur journ\u00e9e avec un sentiment de paix et de lib\u00e9ration, en se d\u00e9tachant des influences n\u00e9gatives du pass\u00e9 pour avancer avec un esprit clair et un c\u0153ur l\u00e9ger.<\/span><\/p>\n<p><b>Caract\u00e9ristiques de la s\u00e9ance d\u2019hypnose :<\/b><\/p>\n<ul>\n<li style=\"font-weight: 400;\" aria-level=\"1\"><b>Duraci\u00f3n:<\/b><span style=\"font-weight: 400;\"> 11 minutes \u00e0 \u00e9couter avant le coucher.<\/span><\/li>\n<li style=\"font-weight: 400;\" aria-level=\"1\"><b>Format :<\/b><span style=\"font-weight: 400;\"> Hypnose audio t\u00e9l\u00e9chargeable (MP3) ou disponible en streaming.<\/span><\/li>\n<li style=\"font-weight: 400;\" aria-level=\"1\"><b>B\u00e9n\u00e9fices :<\/b>\n<ul>\n<li style=\"font-weight: 400;\" aria-level=\"2\"><span style=\"font-weight: 400;\">Nettoyage \u00e9motionnel profond des blessures et des souvenirs du pass\u00e9.<\/span><\/li>\n<li style=\"font-weight: 400;\" aria-level=\"2\"><span style=\"font-weight: 400;\">Lib\u00e9ration des poids \u00e9motionnels et des \u00e9nergies bloqu\u00e9es.<\/span><\/li>\n<li style=\"font-weight: 400;\" aria-level=\"2\"><span style=\"font-weight: 400;\">R\u00e9g\u00e9n\u00e9ration et purification mentale avant le sommeil.<\/span><\/li>\n<li style=\"font-weight: 400;\" aria-level=\"2\"><span style=\"font-weight: 400;\">Cr\u00e9ation d\u2019un \u00e9tat de <\/span><b>paix int\u00e9rieure<\/b><span style=\"font-weight: 400;\"> y <\/span><b>l\u00e9g\u00e8ret\u00e9 \u00e9motionnelle<\/b><span style=\"font-weight: 400;\">.<\/span><\/li>\n<li style=\"font-weight: 400;\" aria-level=\"2\"><span style=\"font-weight: 400;\">Reconnexion avec votre <\/span><b>s\u00e9r\u00e9nit\u00e9 int\u00e9rieure<\/b><span style=\"font-weight: 400;\"> pour un repos profond et r\u00e9parateur.<\/span><\/li>\n<\/ul>\n<\/li>\n<\/ul>\n<p><b>Pour qui est cette s\u00e9ance ?<\/b><\/p>\n<ul>\n<li style=\"font-weight: 400;\" aria-level=\"1\"><span style=\"font-weight: 400;\">Toute personne cherchant \u00e0 <\/span><b>se lib\u00e9rer des charges \u00e9motionnelles<\/b><span style=\"font-weight: 400;\"> li\u00e9es \u00e0 des \u00e9v\u00e9nements pass\u00e9s.<\/span><\/li>\n<li style=\"font-weight: 400;\" aria-level=\"1\"><span style=\"font-weight: 400;\">Ceux qui veulent clore leur journ\u00e9e avec un sentiment de <\/span><b>liberar<\/b><span style=\"font-weight: 400;\"> y <\/span><b>l\u00e9g\u00e8ret\u00e9 \u00e9motionnelle<\/b><span style=\"font-weight: 400;\">.<\/span><\/li>\n<li style=\"font-weight: 400;\" aria-level=\"1\"><span style=\"font-weight: 400;\">Les personnes qui ressentent le besoin de nettoyer et de purifier leur <\/span><b>energ\u00eda<\/b><span style=\"font-weight: 400;\"> avant de dormir.<\/span><\/li>\n<li style=\"font-weight: 400;\" aria-level=\"1\"><span style=\"font-weight: 400;\">Ceux qui souhaitent se <\/span><b>d\u00e9tacher des influences n\u00e9gatives<\/b><span style=\"font-weight: 400;\"> et avancer avec un esprit neuf.<\/span><\/li>\n<\/ul>\n<p><b>Mode d\u2019acc\u00e8s :<\/b><\/p>\n<ul>\n<li style=\"font-weight: 400;\" aria-level=\"1\"><span style=\"font-weight: 400;\">Disponible imm\u00e9diatement apr\u00e8s l\u2019achat via un lien de t\u00e9l\u00e9chargement ou en streaming.<\/span><\/li>\n<li style=\"font-weight: 400;\" aria-level=\"1\"><span style=\"font-weight: 400;\">Compatible avec tout appareil pour une \u00e9coute pratique au moment du coucher.<\/span><\/li>\n<\/ul>\n<p>&nbsp;<\/p>\n<p><span style=\"font-weight: 400;\">Faites place \u00e0 la <\/span><b>lib\u00e9ration et la purification<\/b><span style=\"font-weight: 400;\"> int\u00e9rieure en vous d\u00e9barrassant des ombres du pass\u00e9, et pr\u00e9parez-vous \u00e0 un nouveau d\u00e9part chaque soir avec cette <\/span><b>s\u00e9ance d\u2019hypnose audio du soir<\/b><span style=\"font-weight: 400;\">.<\/span><\/p>","protected":false},"excerpt":{"rendered":"<p><span style=\"font-size: 14pt;\"><strong>\u00c0 faire le soir<\/strong><\/span><\/p>\n<p><span style=\"font-weight: 400;\">Lib\u00e9rez-vous des <\/span><b>ombres du pass\u00e9<\/b><span style=\"font-weight: 400;\"> et des \u00e9nergies r\u00e9siduelles qui freinent votre \u00e9panouissement personnel gr\u00e2ce \u00e0 cette <\/span><b>s\u00e9ance d\u2019hypnose audio<\/b><span style=\"font-weight: 400;\">, sp\u00e9cialement con\u00e7ue pour \u00eatre r\u00e9alis\u00e9e le soir, avant le coucher. Cette s\u00e9ance apaisante vous guide dans un <\/span><b>processus de nettoyage int\u00e9rieur profond<\/b><span style=\"font-weight: 400;\">, permettant d\u2019\u00e9liminer les charges \u00e9motionnelles et les souvenirs n\u00e9gatifs qui encombrent votre esprit et votre c\u0153ur.<\/span><\/p>","protected":false},"featured_media":11360,"template":"","meta":[],"product_brand":[],"product_cat":[153],"product_tag":[],"wf_product_folders":[],"class_list":{"0":"post-11377","1":"product","2":"type-product","3":"status-publish","4":"has-post-thumbnail","6":"product_cat-hypnose","7":"post-wrapper","8":"thrv_wrapper","10":"first","11":"instock","12":"downloadable","13":"virtual","14":"purchasable","15":"product-type-simple"},"_links":{"self":[{"href":"https:\/\/3bconnected.com\/es\/wp-json\/wp\/v2\/product\/11377","targetHints":{"allow":["GET"]}}],"collection":[{"href":"https:\/\/3bconnected.com\/es\/wp-json\/wp\/v2\/product"}],"about":[{"href":"https:\/\/3bconnected.com\/es\/wp-json\/wp\/v2\/types\/product"}],"wp:featuredmedia":[{"embeddable":true,"href":"https:\/\/3bconnected.com\/es\/wp-json\/wp\/v2\/media\/11360"}],"wp:attachment":[{"href":"https:\/\/3bconnected.com\/es\/wp-json\/wp\/v2\/media?parent=11377"}],"wp:term":[{"taxonomy":"product_brand","embeddable":true,"href":"https:\/\/3bconnected.com\/es\/wp-json\/wp\/v2\/product_brand?post=11377"},{"taxonomy":"product_cat","embeddable":true,"href":"https:\/\/3bconnected.com\/es\/wp-json\/wp\/v2\/product_cat?post=11377"},{"taxonomy":"product_tag","embeddable":true,"href":"https:\/\/3bconnected.com\/es\/wp-json\/wp\/v2\/product_tag?post=11377"},{"taxonomy":"wf_product_folders","embeddable":true,"href":"https:\/\/3bconnected.com\/es\/wp-json\/wp\/v2\/wf_product_folders?post=11377"}],"curies":[{"name":"wp","href":"https:\/\/api.w.org\/{rel}","templated":true}]}}