{"id":11376,"date":"2024-09-10T14:57:17","date_gmt":"2024-09-10T12:57:17","guid":{"rendered":"https:\/\/3bconnectedcom.eu2.copilhost.cloud\/?post_type=product&#038;p=11376"},"modified":"2024-09-13T19:34:40","modified_gmt":"2024-09-13T17:34:40","slug":"seance-dhypnose-audio-guerison-de-lenfant-interieur-pour-femme","status":"publish","type":"product","link":"https:\/\/3bconnected.com\/es\/producto\/seance-dhypnose-audio-guerison-de-lenfant-interieur-pour-femme\/","title":{"rendered":"S\u00e9ance d\u2019Hypnose Audio \u2013 Gu\u00e9rison de l\u2019enfant int\u00e9rieur (Pour Femme)"},"content":{"rendered":"<p><span style=\"font-weight: 400;\">\u00c0 travers des <\/span><b>visualisations guid\u00e9es<\/b><span style=\"font-weight: 400;\"> y <\/span><b>suggestions hypnotiques apaisantes<\/b><span style=\"font-weight: 400;\">, vous serez en mesure de :<\/span><\/p>\n<ul>\n<li style=\"font-weight: 400;\" aria-level=\"1\"><b>Lib\u00e9rer les traumatismes \u00e9motionnels<\/b><span style=\"font-weight: 400;\"> de votre enfance.<\/span><\/li>\n<li style=\"font-weight: 400;\" aria-level=\"1\"><span style=\"font-weight: 400;\">Offrir \u00e0 votre enfant int\u00e9rieur un espace de s\u00e9curit\u00e9 et de gu\u00e9rison.<\/span><\/li>\n<li style=\"font-weight: 400;\" aria-level=\"1\"><span style=\"font-weight: 400;\">Reconnecter avec votre force f\u00e9minine et votre pouvoir de transformation.<\/span><\/li>\n<li style=\"font-weight: 400;\" aria-level=\"1\"><span style=\"font-weight: 400;\">Cultiver un profond <\/span><b>autoestima<\/b><span style=\"font-weight: 400;\"> et une <\/span><b>gu\u00e9rison \u00e9motionnelle<\/b><span style=\"font-weight: 400;\"> durable.<\/span><\/li>\n<\/ul>\n<p><b>S\u00e9ance d\u2019Hypnose pour Gu\u00e9rir l\u2019enfant int\u00e9rieur :<\/b><b><br \/>\n<\/b><span style=\"font-weight: 400;\">Cette s\u00e9ance vous plonge dans un \u00e9tat de relaxation profonde, vous permettant de :<\/span><\/p>\n<ul>\n<li style=\"font-weight: 400;\" aria-level=\"1\"><span style=\"font-weight: 400;\">Rencontrer et dialoguer avec votre enfant int\u00e9rieur pour <\/span><b>gu\u00e9rir les blessures non r\u00e9solues<\/b><span style=\"font-weight: 400;\">.<\/span><\/li>\n<li style=\"font-weight: 400;\" aria-level=\"1\"><span style=\"font-weight: 400;\">Lib\u00e9rer les \u00e9motions refoul\u00e9es et les croyances limitantes issues du pass\u00e9.<\/span><\/li>\n<li style=\"font-weight: 400;\" aria-level=\"1\"><b>\u00c9veiller la compassion et l\u2019amour<\/b><span style=\"font-weight: 400;\"> pour l\u2019enfant que vous avez \u00e9t\u00e9 et pour la femme que vous \u00eates devenue.<\/span><\/li>\n<li style=\"font-weight: 400;\" aria-level=\"1\"><span style=\"font-weight: 400;\">Restaurer la <\/span><b>confiance en vous-m\u00eame<\/b><span style=\"font-weight: 400;\"> en gu\u00e9rissant les blessures \u00e9motionnelles li\u00e9es \u00e0 votre histoire personnelle.<\/span><\/li>\n<\/ul>\n<p><span style=\"font-weight: 400;\">Ce processus d\u2019hypnose est un <\/span><b>outil puissant de transformation int\u00e9rieure<\/b><span style=\"font-weight: 400;\">, con\u00e7u pour apporter une gu\u00e9rison \u00e9motionnelle profonde aux femmes qui ressentent encore les r\u00e9percussions de leur pass\u00e9 sur leur pr\u00e9sent.<\/span><\/p>\n<p><b>Caract\u00e9ristiques de la s\u00e9ance d\u2019hypnose :<\/b><\/p>\n<ul>\n<li style=\"font-weight: 400;\" aria-level=\"1\"><b>Duraci\u00f3n:<\/b><span style=\"font-weight: 400;\"> 23 minutes.<\/span><\/li>\n<li style=\"font-weight: 400;\" aria-level=\"1\"><b>Format :<\/b><span style=\"font-weight: 400;\"> Hypnose audio t\u00e9l\u00e9chargeable (MP3) ou disponible en streaming.<\/span><\/li>\n<li style=\"font-weight: 400;\" aria-level=\"1\"><b>B\u00e9n\u00e9fices :<\/b>\n<ul>\n<li style=\"font-weight: 400;\" aria-level=\"2\"><span style=\"font-weight: 400;\">Gu\u00e9rison des blessures \u00e9motionnelles de l\u2019enfance.<\/span><\/li>\n<li style=\"font-weight: 400;\" aria-level=\"2\"><span style=\"font-weight: 400;\">Reconnexion avec l\u2019enfant int\u00e9rieur pour restaurer paix et amour de soi.<\/span><\/li>\n<li style=\"font-weight: 400;\" aria-level=\"2\"><span style=\"font-weight: 400;\">Transformation des sch\u00e9mas de pens\u00e9e n\u00e9gatifs h\u00e9rit\u00e9s du pass\u00e9.<\/span><\/li>\n<li style=\"font-weight: 400;\" aria-level=\"2\"><span style=\"font-weight: 400;\">Lib\u00e9ration des \u00e9motions refoul\u00e9es pour une gu\u00e9rison durable.<\/span><\/li>\n<li style=\"font-weight: 400;\" aria-level=\"2\"><span style=\"font-weight: 400;\">Sentiment de compl\u00e9tude et d\u2019acceptation profonde de soi-m\u00eame.<\/span><\/li>\n<\/ul>\n<\/li>\n<\/ul>\n<p><b>Pour qui est cette s\u00e9ance ?<\/b><\/p>\n<ul>\n<li style=\"font-weight: 400;\" aria-level=\"1\"><span style=\"font-weight: 400;\">Les femmes qui souhaitent <\/span><b>gu\u00e9rir des blessures \u00e9motionnelles<\/b><span style=\"font-weight: 400;\"> li\u00e9es \u00e0 leur enfance.<\/span><\/li>\n<li style=\"font-weight: 400;\" aria-level=\"1\"><span style=\"font-weight: 400;\">Celles qui cherchent \u00e0 restaurer leur <\/span><b>autoestima<\/b><span style=\"font-weight: 400;\"> et leur <\/span><b>paix int\u00e9rieure<\/b><span style=\"font-weight: 400;\">.<\/span><\/li>\n<li style=\"font-weight: 400;\" aria-level=\"1\"><span style=\"font-weight: 400;\">Toute femme ressentant un besoin de <\/span><b>r\u00e9concilier<\/b><span style=\"font-weight: 400;\"> et d\u2019apporter de la <\/span><b>gu\u00e9rison \u00e0 son enfant int\u00e9rieur<\/b><span style=\"font-weight: 400;\">.<\/span><\/li>\n<li style=\"font-weight: 400;\" aria-level=\"1\"><span style=\"font-weight: 400;\">Celles qui veulent se lib\u00e9rer des croyances limitantes et des blessures non r\u00e9solues pour avancer sereinement dans la vie.<\/span><\/li>\n<\/ul>\n<p><b>Mode d\u2019acc\u00e8s :<\/b><\/p>\n<ul>\n<li style=\"font-weight: 400;\" aria-level=\"1\"><span style=\"font-weight: 400;\">Acc\u00e8s imm\u00e9diat apr\u00e8s l\u2019achat via un lien de t\u00e9l\u00e9chargement ou en streaming.<\/span><\/li>\n<li style=\"font-weight: 400;\" aria-level=\"1\"><span style=\"font-weight: 400;\">Compatible avec tout appareil pour une \u00e9coute pratique et flexible.<\/span><\/li>\n<\/ul>\n<p><span style=\"font-weight: 400;\">Apportez la gu\u00e9rison et la paix \u00e0 votre enfant int\u00e9rieur, et transformez votre relation avec vous-m\u00eame gr\u00e2ce \u00e0 cette <\/span><b>s\u00e9ance d\u2019hypnose audio<\/b><span style=\"font-weight: 400;\"> sp\u00e9cialement d\u00e9di\u00e9e \u00e0 la <\/span><b>gu\u00e9rison f\u00e9minine<\/b><span style=\"font-weight: 400;\">.<\/span><\/p>","protected":false},"excerpt":{"rendered":"<p><span style=\"font-weight: 400;\">Reconnectez-vous avec votre <\/span><b>enfant int\u00e9rieur<\/b><span style=\"font-weight: 400;\"> et apportez-lui l\u2019amour, la gu\u00e9rison et le r\u00e9confort dont il a besoin gr\u00e2ce \u00e0 cette <\/span><b>s\u00e9ance d\u2019hypnose audio<\/b><span style=\"font-weight: 400;\"> sp\u00e9cialement con\u00e7ue pour les femmes. Cette s\u00e9ance vous guide dans un voyage \u00e9motionnel profond pour lib\u00e9rer les blessures du pass\u00e9, <\/span><b>soigner votre enfant int\u00e9rieur<\/b><span style=\"font-weight: 400;\">, et restaurer un sentiment de paix, de compl\u00e9tude et d\u2019amour de soi.<\/span><\/p>","protected":false},"featured_media":11352,"template":"","meta":[],"product_brand":[],"product_cat":[153],"product_tag":[],"wf_product_folders":[],"class_list":{"0":"post-11376","1":"product","2":"type-product","3":"status-publish","4":"has-post-thumbnail","6":"product_cat-hypnose","7":"post-wrapper","8":"thrv_wrapper","10":"first","11":"instock","12":"downloadable","13":"virtual","14":"purchasable","15":"product-type-simple"},"_links":{"self":[{"href":"https:\/\/3bconnected.com\/es\/wp-json\/wp\/v2\/product\/11376","targetHints":{"allow":["GET"]}}],"collection":[{"href":"https:\/\/3bconnected.com\/es\/wp-json\/wp\/v2\/product"}],"about":[{"href":"https:\/\/3bconnected.com\/es\/wp-json\/wp\/v2\/types\/product"}],"wp:featuredmedia":[{"embeddable":true,"href":"https:\/\/3bconnected.com\/es\/wp-json\/wp\/v2\/media\/11352"}],"wp:attachment":[{"href":"https:\/\/3bconnected.com\/es\/wp-json\/wp\/v2\/media?parent=11376"}],"wp:term":[{"taxonomy":"product_brand","embeddable":true,"href":"https:\/\/3bconnected.com\/es\/wp-json\/wp\/v2\/product_brand?post=11376"},{"taxonomy":"product_cat","embeddable":true,"href":"https:\/\/3bconnected.com\/es\/wp-json\/wp\/v2\/product_cat?post=11376"},{"taxonomy":"product_tag","embeddable":true,"href":"https:\/\/3bconnected.com\/es\/wp-json\/wp\/v2\/product_tag?post=11376"},{"taxonomy":"wf_product_folders","embeddable":true,"href":"https:\/\/3bconnected.com\/es\/wp-json\/wp\/v2\/wf_product_folders?post=11376"}],"curies":[{"name":"wp","href":"https:\/\/api.w.org\/{rel}","templated":true}]}}