{"id":11375,"date":"2024-09-10T14:54:43","date_gmt":"2024-09-10T12:54:43","guid":{"rendered":"https:\/\/3bconnectedcom.eu2.copilhost.cloud\/?post_type=product&#038;p=11375"},"modified":"2024-09-13T19:35:31","modified_gmt":"2024-09-13T17:35:31","slug":"seance-dhypnose-audio-reveiller-mes-pouvoirs-illimites","status":"publish","type":"product","link":"https:\/\/3bconnected.com\/es\/producto\/seance-dhypnose-audio-reveiller-mes-pouvoirs-illimites\/","title":{"rendered":"S\u00e9ance d\u2019Hypnose Audio \u2013 R\u00e9veiller mes pouvoirs illimit\u00e9s"},"content":{"rendered":"<p><span style=\"font-weight: 400;\">Gr\u00e2ce \u00e0 des <\/span><b>suggestions hypnotiques puissantes<\/b><span style=\"font-weight: 400;\"> y <\/span><b>visualisations guid\u00e9es<\/b><span style=\"font-weight: 400;\">, cette s\u00e9ance vous permet de :<\/span><\/p>\n<ul>\n<li style=\"font-weight: 400;\" aria-level=\"1\"><span style=\"font-weight: 400;\">Acc\u00e9der \u00e0 vos <\/span><b>ressources int\u00e9rieures cach\u00e9es<\/b><span style=\"font-weight: 400;\">.<\/span><\/li>\n<li style=\"font-weight: 400;\" aria-level=\"1\"><span style=\"font-weight: 400;\">D\u00e9passer les limitations auto-impos\u00e9es et les croyances limitantes.<\/span><\/li>\n<li style=\"font-weight: 400;\" aria-level=\"1\"><span style=\"font-weight: 400;\">Lib\u00e9rer votre <\/span><b>\u00e9nergie cr\u00e9ative<\/b><span style=\"font-weight: 400;\"> et votre capacit\u00e9 \u00e0 manifester ce que vous souhaitez.<\/span><\/li>\n<li style=\"font-weight: 400;\" aria-level=\"1\"><span style=\"font-weight: 400;\">\u00c9veiller une <\/span><b>confiance in\u00e9branlable<\/b><span style=\"font-weight: 400;\"> en vos capacit\u00e9s et en votre potentiel.<\/span><\/li>\n<\/ul>\n<p><b>S\u00e9ance d\u2019Hypnose pour R\u00e9veiller vos pouvoirs illimit\u00e9s :<\/b><b><br \/>\n<\/b><span style=\"font-weight: 400;\">En vous plongeant dans un \u00e9tat de relaxation profonde, cette hypnose vous guide \u00e0 travers un voyage int\u00e9rieur pour :<\/span><\/p>\n<ul>\n<li style=\"font-weight: 400;\" aria-level=\"1\"><span style=\"font-weight: 400;\">Identifier et activer les forces internes qui sommeillent en vous.<\/span><\/li>\n<li style=\"font-weight: 400;\" aria-level=\"1\"><span style=\"font-weight: 400;\">Reprogrammer les sch\u00e9mas mentaux qui freinent votre plein \u00e9panouissement.<\/span><\/li>\n<li style=\"font-weight: 400;\" aria-level=\"1\"><span style=\"font-weight: 400;\">Amplifier votre <\/span><b>\u00e9nergie mentale et physique<\/b><span style=\"font-weight: 400;\"> pour accomplir vos r\u00eaves.<\/span><\/li>\n<li style=\"font-weight: 400;\" aria-level=\"1\"><span style=\"font-weight: 400;\">Lib\u00e9rer toute forme de blocage ou de peur qui limite votre croissance personnelle et votre r\u00e9ussite.<\/span><\/li>\n<\/ul>\n<p><span style=\"font-weight: 400;\">Cette s\u00e9ance vous permet de vous <\/span><b>reconnecter \u00e0 votre potentiel infini<\/b><span style=\"font-weight: 400;\"> et de prendre conscience des capacit\u00e9s inexploit\u00e9es que vous avez en vous pour cr\u00e9er la vie que vous d\u00e9sirez.<\/span><\/p>\n<p><b>Caract\u00e9ristiques de la s\u00e9ance d\u2019hypnose :<\/b><\/p>\n<ul>\n<li style=\"font-weight: 400;\" aria-level=\"1\"><b>Duraci\u00f3n:<\/b><span style=\"font-weight: 400;\"> 60 minutes.<\/span><\/li>\n<li style=\"font-weight: 400;\" aria-level=\"1\"><b>Format :<\/b><span style=\"font-weight: 400;\"> Audio t\u00e9l\u00e9chargeable (MP3) ou disponible en streaming.<\/span><\/li>\n<li style=\"font-weight: 400;\" aria-level=\"1\"><b>B\u00e9n\u00e9fices :<\/b>\n<ul>\n<li style=\"font-weight: 400;\" aria-level=\"2\"><span style=\"font-weight: 400;\">Activation de vos capacit\u00e9s et ressources illimit\u00e9es.<\/span><\/li>\n<li style=\"font-weight: 400;\" aria-level=\"2\"><span style=\"font-weight: 400;\">Reprogrammation des croyances limitantes pour acc\u00e9der \u00e0 votre plein potentiel.<\/span><\/li>\n<li style=\"font-weight: 400;\" aria-level=\"2\"><span style=\"font-weight: 400;\">Lib\u00e9ration de votre cr\u00e9ativit\u00e9, confiance et \u00e9nergie personnelle.<\/span><\/li>\n<li style=\"font-weight: 400;\" aria-level=\"2\"><span style=\"font-weight: 400;\">\u00c9tat de relaxation profonde favorisant le changement mental et \u00e9motionnel.<\/span><\/li>\n<li style=\"font-weight: 400;\" aria-level=\"2\"><span style=\"font-weight: 400;\">Clart\u00e9 et alignement sur vos objectifs et d\u00e9sirs les plus profonds.<\/span><\/li>\n<\/ul>\n<\/li>\n<\/ul>\n<p><b>Pour qui est cette s\u00e9ance ?<\/b><\/p>\n<ul>\n<li style=\"font-weight: 400;\" aria-level=\"1\"><span style=\"font-weight: 400;\">Toute personne souhaitant <\/span><b>r\u00e9v\u00e9ler ses pouvoirs int\u00e9rieurs<\/b><span style=\"font-weight: 400;\"> et d\u00e9bloquer son potentiel illimit\u00e9.<\/span><\/li>\n<li style=\"font-weight: 400;\" aria-level=\"1\"><span style=\"font-weight: 400;\">Ceux qui se sentent limit\u00e9s par des croyances restrictives ou des peurs.<\/span><\/li>\n<li style=\"font-weight: 400;\" aria-level=\"1\"><span style=\"font-weight: 400;\">Les personnes cherchant \u00e0 booster leur <\/span><b>confiance en elles<\/b><span style=\"font-weight: 400;\"> et leur capacit\u00e9 \u00e0 r\u00e9ussir.<\/span><\/li>\n<li style=\"font-weight: 400;\" aria-level=\"1\"><span style=\"font-weight: 400;\">Ceux qui veulent manifester des changements puissants dans leur vie personnelle ou professionnelle.<\/span><\/li>\n<\/ul>\n<p><b>Mode d\u2019acc\u00e8s :<\/b><\/p>\n<ul>\n<li style=\"font-weight: 400;\" aria-level=\"1\"><span style=\"font-weight: 400;\">Recevez un lien de t\u00e9l\u00e9chargement ou d\u2019acc\u00e8s en streaming imm\u00e9diatement apr\u00e8s l\u2019achat.<\/span><\/li>\n<li style=\"font-weight: 400;\" aria-level=\"1\"><span style=\"font-weight: 400;\">Compatible avec tout appareil pour une \u00e9coute \u00e0 votre rythme, o\u00f9 que vous soyez.<\/span><\/li>\n<\/ul>\n<p><span style=\"font-weight: 400;\">Reconnectez-vous \u00e0 votre <\/span><b>pouvoir int\u00e9rieur<\/b><span style=\"font-weight: 400;\">, lib\u00e9rez votre potentiel et manifestez une vie sans limites gr\u00e2ce \u00e0 cette <\/span><b>s\u00e9ance d\u2019hypnose audio<\/b><span style=\"font-weight: 400;\"> transformante.<\/span><\/p>","protected":false},"excerpt":{"rendered":"<p><em><strong>&#8220;Manifester la force cr\u00e9atrice qui r\u00e9side en moi&#8221;<\/strong><\/em><\/p>\n<p><span style=\"font-weight: 400;\">Plongez dans une <\/span><b>s\u00e9ance d\u2019hypnose audio<\/b><span style=\"font-weight: 400;\"> transformative con\u00e7ue pour <\/span><b>r\u00e9veiller vos pouvoirs illimit\u00e9s<\/b><span style=\"font-weight: 400;\"> et lib\u00e9rer votre plein potentiel. Cette s\u00e9ance, ax\u00e9e sur le d\u00e9veloppement personnel profond, vous aide \u00e0 activer les <\/span><b>ressources cach\u00e9es<\/b><span style=\"font-weight: 400;\"> en vous, \u00e0 lever les blocages mentaux et \u00e0 vous reconnecter \u00e0 votre puissance int\u00e9rieure pour manifester vos d\u00e9sirs et atteindre vos objectifs.<\/span><\/p>","protected":false},"featured_media":11369,"template":"","meta":[],"product_brand":[],"product_cat":[20],"product_tag":[],"wf_product_folders":[],"class_list":{"0":"post-11375","1":"product","2":"type-product","3":"status-publish","4":"has-post-thumbnail","6":"product_cat-uncategorized","7":"post-wrapper","8":"thrv_wrapper","10":"first","11":"instock","12":"downloadable","13":"virtual","14":"purchasable","15":"product-type-simple"},"_links":{"self":[{"href":"https:\/\/3bconnected.com\/es\/wp-json\/wp\/v2\/product\/11375","targetHints":{"allow":["GET"]}}],"collection":[{"href":"https:\/\/3bconnected.com\/es\/wp-json\/wp\/v2\/product"}],"about":[{"href":"https:\/\/3bconnected.com\/es\/wp-json\/wp\/v2\/types\/product"}],"wp:featuredmedia":[{"embeddable":true,"href":"https:\/\/3bconnected.com\/es\/wp-json\/wp\/v2\/media\/11369"}],"wp:attachment":[{"href":"https:\/\/3bconnected.com\/es\/wp-json\/wp\/v2\/media?parent=11375"}],"wp:term":[{"taxonomy":"product_brand","embeddable":true,"href":"https:\/\/3bconnected.com\/es\/wp-json\/wp\/v2\/product_brand?post=11375"},{"taxonomy":"product_cat","embeddable":true,"href":"https:\/\/3bconnected.com\/es\/wp-json\/wp\/v2\/product_cat?post=11375"},{"taxonomy":"product_tag","embeddable":true,"href":"https:\/\/3bconnected.com\/es\/wp-json\/wp\/v2\/product_tag?post=11375"},{"taxonomy":"wf_product_folders","embeddable":true,"href":"https:\/\/3bconnected.com\/es\/wp-json\/wp\/v2\/wf_product_folders?post=11375"}],"curies":[{"name":"wp","href":"https:\/\/api.w.org\/{rel}","templated":true}]}}