{"id":11374,"date":"2024-09-10T14:50:09","date_gmt":"2024-09-10T12:50:09","guid":{"rendered":"https:\/\/3bconnectedcom.eu2.copilhost.cloud\/?post_type=product&#038;p=11374"},"modified":"2024-09-13T19:41:52","modified_gmt":"2024-09-13T17:41:52","slug":"seance-dhypnose-audio-reactivation-de-la-confiance-en-soi-et-de-lamour-de-soi","status":"publish","type":"product","link":"https:\/\/3bconnected.com\/es\/producto\/seance-dhypnose-audio-reactivation-de-la-confiance-en-soi-et-de-lamour-de-soi\/","title":{"rendered":"S\u00e9ance d\u2019Hypnose Audio \u2013 R\u00e9activation de la confiance en soi et de l\u2019amour de soi"},"content":{"rendered":"<p><span style=\"font-weight: 400;\">En plongeant dans un \u00e9tat de relaxation profonde, vous allez :<\/span><\/p>\n<ul>\n<li style=\"font-weight: 400;\" aria-level=\"1\"><span style=\"font-weight: 400;\">Lib\u00e9rer les croyances limitantes qui sabotent votre confiance.<\/span><\/li>\n<li style=\"font-weight: 400;\" aria-level=\"1\"><span style=\"font-weight: 400;\">Reconnecter avec votre valeur personnelle et vos qualit\u00e9s uniques.<\/span><\/li>\n<li style=\"font-weight: 400;\" aria-level=\"1\"><span style=\"font-weight: 400;\">Renforcer l\u2019amour et le respect que vous vous portez.<\/span><\/li>\n<li style=\"font-weight: 400;\" aria-level=\"1\"><span style=\"font-weight: 400;\">\u00c9veiller une nouvelle \u00e9nergie positive qui vous permettra d\u2019avancer avec assurance.<\/span><\/li>\n<\/ul>\n<p><b>S\u00e9ance d\u2019Hypnose pour la Confiance et l\u2019Amour de Soi :<\/b><b><br \/>\n<\/b><span style=\"font-weight: 400;\">\u00c0 travers des <\/span><b>visualisations puissantes<\/b><span style=\"font-weight: 400;\"> y <\/span><b>affirmations positives<\/b><span style=\"font-weight: 400;\">, cette s\u00e9ance d\u2019hypnose va reprogrammer votre subconscient pour favoriser un profond sentiment de confiance en vous et d\u2019amour pour qui vous \u00eates. Vous apprendrez \u00e0 :<\/span><\/p>\n<ul>\n<li style=\"font-weight: 400;\" aria-level=\"1\"><span style=\"font-weight: 400;\">Laisser aller les doutes et les peurs qui minent votre estime de vous.<\/span><\/li>\n<li style=\"font-weight: 400;\" aria-level=\"1\"><span style=\"font-weight: 400;\">Cultiver un amour inconditionnel pour vous-m\u00eame.<\/span><\/li>\n<li style=\"font-weight: 400;\" aria-level=\"1\"><span style=\"font-weight: 400;\">Vous affirmer avec plus d\u2019assurance dans vos relations personnelles et professionnelles.<\/span><\/li>\n<li style=\"font-weight: 400;\" aria-level=\"1\"><span style=\"font-weight: 400;\">Vous sentir \u00e0 l\u2019aise et en paix avec qui vous \u00eates.<\/span><\/li>\n<\/ul>\n<p><b>Pourquoi choisir cette s\u00e9ance d\u2019hypnose ?<\/b><b><br \/>\n<\/b><span style=\"font-weight: 400;\">Si vous traversez une p\u00e9riode de doute, de manque de confiance ou de critiques int\u00e9rieures, cette s\u00e9ance vous offre un chemin vers une gu\u00e9rison int\u00e9rieure et un renouveau \u00e9motionnel.<\/span><\/p>\n<p><b>Caract\u00e9ristiques de la s\u00e9ance d\u2019hypnose :<\/b><\/p>\n<ul>\n<li style=\"font-weight: 400;\" aria-level=\"1\"><b>Duraci\u00f3n:<\/b><span style=\"font-weight: 400;\"> 44 minutes.<\/span><\/li>\n<li style=\"font-weight: 400;\" aria-level=\"1\"><b>Format :<\/b><span style=\"font-weight: 400;\"> Hypnose audio t\u00e9l\u00e9chargeable (MP3) ou disponible en streaming.<\/span><\/li>\n<li style=\"font-weight: 400;\" aria-level=\"1\"><b>B\u00e9n\u00e9fices :<\/b>\n<ul>\n<li style=\"font-weight: 400;\" aria-level=\"2\"><span style=\"font-weight: 400;\">Activation de la confiance en soi et renforcement de l\u2019estime de soi.<\/span><\/li>\n<li style=\"font-weight: 400;\" aria-level=\"2\"><span style=\"font-weight: 400;\">Lib\u00e9ration des croyances n\u00e9gatives et limitantes.<\/span><\/li>\n<li style=\"font-weight: 400;\" aria-level=\"2\"><span style=\"font-weight: 400;\">Cultivation d\u2019un amour-propre sain et durable.<\/span><\/li>\n<li style=\"font-weight: 400;\" aria-level=\"2\"><span style=\"font-weight: 400;\">R\u00e9duction des doutes, des peurs et du perfectionnisme.<\/span><\/li>\n<li style=\"font-weight: 400;\" aria-level=\"2\"><span style=\"font-weight: 400;\">Relaxation profonde, favorisant un \u00e9tat mental positif et apais\u00e9.<\/span><\/li>\n<\/ul>\n<\/li>\n<\/ul>\n<p><b>Pour qui est cette s\u00e9ance d\u2019hypnose ?<\/b><\/p>\n<ul>\n<li style=\"font-weight: 400;\" aria-level=\"1\"><span style=\"font-weight: 400;\">Toute personne souhaitant retrouver ou renforcer sa confiance en soi.<\/span><\/li>\n<li style=\"font-weight: 400;\" aria-level=\"1\"><span style=\"font-weight: 400;\">Ceux qui se sentent souvent critiqu\u00e9s par leur dialogue int\u00e9rieur n\u00e9gatif.<\/span><\/li>\n<li style=\"font-weight: 400;\" aria-level=\"1\"><span style=\"font-weight: 400;\">Les personnes qui souhaitent cultiver plus d\u2019amour et de compassion envers elles-m\u00eames.<\/span><\/li>\n<li style=\"font-weight: 400;\" aria-level=\"1\"><span style=\"font-weight: 400;\">Ceux qui veulent s\u2019affirmer davantage dans leur vie personnelle et professionnelle.<\/span><\/li>\n<\/ul>\n<p><b>Mode d\u2019acc\u00e8s :<\/b><\/p>\n<ul>\n<li style=\"font-weight: 400;\" aria-level=\"1\"><span style=\"font-weight: 400;\">Recevez un lien de t\u00e9l\u00e9chargement imm\u00e9diat ou un acc\u00e8s en streaming apr\u00e8s achat.<\/span><\/li>\n<li style=\"font-weight: 400;\" aria-level=\"1\"><span style=\"font-weight: 400;\">Compatible avec tout appareil, pour une \u00e9coute facile o\u00f9 et quand vous le souhaitez.<\/span><\/li>\n<\/ul>\n<p><b>Faites le premier pas vers une nouvelle version de vous-m\u00eame<\/b><span style=\"font-weight: 400;\"> : confiante, rayonnante et en paix avec sa propre valeur. Cette s\u00e9ance d\u2019hypnose vous accompagnera dans la transformation int\u00e9rieure que vous m\u00e9ritez.<\/span><\/p>","protected":false},"excerpt":{"rendered":"<p><strong><em>&#8220;Renouer avec sa puissance int\u00e9rieure et s&#8217;accueillir pleinement tel que l&#8217;on est&#8221;<\/em><\/strong><\/p>\n<p><span style=\"font-weight: 400;\"> D\u00e9couvrez une <\/span><b>s\u00e9ance d\u2019hypnose audio<\/b><span style=\"font-weight: 400;\"> puissante et apaisante, con\u00e7ue pour r\u00e9activer et renforcer votre <\/span><b>confiance en vous-m\u00eame<\/b><span style=\"font-weight: 400;\"> ainsi que votre <\/span><b>autoestima<\/b><span style=\"font-weight: 400;\">. Guid\u00e9e par des suggestions hypnotiques douces, cette s\u00e9ance puissante vous aide \u00e0 dissoudre les blocages int\u00e9rieurs et \u00e0 retrouver une estime de soi authentique.<\/span><\/p>","protected":false},"featured_media":11364,"template":"","meta":[],"product_brand":[],"product_cat":[20],"product_tag":[],"wf_product_folders":[],"class_list":{"0":"post-11374","1":"product","2":"type-product","3":"status-publish","4":"has-post-thumbnail","6":"product_cat-uncategorized","7":"post-wrapper","8":"thrv_wrapper","10":"first","11":"instock","12":"downloadable","13":"virtual","14":"purchasable","15":"product-type-simple"},"_links":{"self":[{"href":"https:\/\/3bconnected.com\/es\/wp-json\/wp\/v2\/product\/11374","targetHints":{"allow":["GET"]}}],"collection":[{"href":"https:\/\/3bconnected.com\/es\/wp-json\/wp\/v2\/product"}],"about":[{"href":"https:\/\/3bconnected.com\/es\/wp-json\/wp\/v2\/types\/product"}],"wp:featuredmedia":[{"embeddable":true,"href":"https:\/\/3bconnected.com\/es\/wp-json\/wp\/v2\/media\/11364"}],"wp:attachment":[{"href":"https:\/\/3bconnected.com\/es\/wp-json\/wp\/v2\/media?parent=11374"}],"wp:term":[{"taxonomy":"product_brand","embeddable":true,"href":"https:\/\/3bconnected.com\/es\/wp-json\/wp\/v2\/product_brand?post=11374"},{"taxonomy":"product_cat","embeddable":true,"href":"https:\/\/3bconnected.com\/es\/wp-json\/wp\/v2\/product_cat?post=11374"},{"taxonomy":"product_tag","embeddable":true,"href":"https:\/\/3bconnected.com\/es\/wp-json\/wp\/v2\/product_tag?post=11374"},{"taxonomy":"wf_product_folders","embeddable":true,"href":"https:\/\/3bconnected.com\/es\/wp-json\/wp\/v2\/wf_product_folders?post=11374"}],"curies":[{"name":"wp","href":"https:\/\/api.w.org\/{rel}","templated":true}]}}