{"id":11372,"date":"2024-09-10T14:45:00","date_gmt":"2024-09-10T12:45:00","guid":{"rendered":"https:\/\/3bconnectedcom.eu2.copilhost.cloud\/?post_type=product&#038;p=11372"},"modified":"2024-09-13T19:40:37","modified_gmt":"2024-09-13T17:40:37","slug":"seance-dhypnose-audio-ancrage-et-stabilite-interieure","status":"publish","type":"product","link":"https:\/\/3bconnected.com\/es\/producto\/seance-dhypnose-audio-ancrage-et-stabilite-interieure\/","title":{"rendered":"S\u00e9ance d\u2019Hypnose Audio \u2013 Ancrage et stabilit\u00e9 int\u00e9rieure"},"content":{"rendered":"<p><span style=\"font-weight: 400;\">\u00c0 travers un <\/span><b>processus hypnotique doux et apaisant<\/b><span style=\"font-weight: 400;\">, vous serez guid\u00e9 dans un \u00e9tat de relaxation profonde, id\u00e9al pour :<\/span><\/p>\n<ul>\n<li style=\"font-weight: 400;\" aria-level=\"1\"><span style=\"font-weight: 400;\">Lib\u00e9rer le stress accumul\u00e9.<\/span><\/li>\n<li style=\"font-weight: 400;\" aria-level=\"1\"><span style=\"font-weight: 400;\">Vous reconnecter \u00e0 votre corps et \u00e0 la Terre.<\/span><\/li>\n<li style=\"font-weight: 400;\" aria-level=\"1\"><span style=\"font-weight: 400;\">Stabiliser vos \u00e9motions et clarifier vos pens\u00e9es.<\/span><\/li>\n<li style=\"font-weight: 400;\" aria-level=\"1\"><span style=\"font-weight: 400;\">Favoriser un sentiment de s\u00e9curit\u00e9 et de solidit\u00e9 int\u00e9rieure.<\/span><\/li>\n<\/ul>\n<p><b>S\u00e9ance d\u2019Hypnose d\u2019Ancrage :<\/b><b><br \/>\n<\/b><span style=\"font-weight: 400;\">L\u2019hypnose est une m\u00e9thode puissante pour <\/span><b>reprogrammer le subconscient<\/b><span style=\"font-weight: 400;\"> et encourager des changements positifs durables. Au cours de cette s\u00e9ance, vous serez guid\u00e9 par une voix apaisante qui vous accompagnera pour :<\/span><\/p>\n<ul>\n<li style=\"font-weight: 400;\" aria-level=\"1\"><b>Cr\u00e9er des racines \u00e9nerg\u00e9tiques profondes<\/b><span style=\"font-weight: 400;\">, en visualisant votre connexion \u00e0 la Terre.<\/span><\/li>\n<li style=\"font-weight: 400;\" aria-level=\"1\"><span style=\"font-weight: 400;\">Lib\u00e9rer les \u00e9nergies instables et dispers\u00e9es pour revenir \u00e0 un \u00e9tat de paix.<\/span><\/li>\n<li style=\"font-weight: 400;\" aria-level=\"1\"><span style=\"font-weight: 400;\">Reprogrammer des sch\u00e9mas mentaux et \u00e9motionnels pour une stabilit\u00e9 durable.<\/span><\/li>\n<li style=\"font-weight: 400;\" aria-level=\"1\"><span style=\"font-weight: 400;\">Instaurer un sentiment de s\u00e9curit\u00e9 int\u00e9rieure, peu importe les circonstances ext\u00e9rieures.<\/span><\/li>\n<\/ul>\n<p><span style=\"font-weight: 400;\">Cette s\u00e9ance est id\u00e9ale si vous ressentez souvent des <\/span><b>perturbations \u00e9motionnelles<\/b><span style=\"font-weight: 400;\">, de la <\/span><b>d\u00e9connexion<\/b><span style=\"font-weight: 400;\"> ou un <\/span><b>stress important<\/b><span style=\"font-weight: 400;\">. Gr\u00e2ce \u00e0 l\u2019hypnose, vous pouvez ancrer votre esprit et votre corps, et acc\u00e9der \u00e0 un \u00e9tat de calme et de ma\u00eetrise \u00e9motionnelle plus facilement.<\/span><\/p>\n<p><b>Caract\u00e9ristiques de la s\u00e9ance d\u2019hypnose :<\/b><\/p>\n<ul>\n<li style=\"font-weight: 400;\" aria-level=\"1\"><b>Duraci\u00f3n:<\/b><span style=\"font-weight: 400;\"> 48 minutes.<\/span><\/li>\n<li style=\"font-weight: 400;\" aria-level=\"1\"><b>Format :<\/b><span style=\"font-weight: 400;\"> Hypnose audio t\u00e9l\u00e9chargeable (MP3) ou disponible en streaming.<\/span><\/li>\n<li style=\"font-weight: 400;\" aria-level=\"1\"><b>B\u00e9n\u00e9fices :<\/b>\n<ul>\n<li style=\"font-weight: 400;\" aria-level=\"2\"><span style=\"font-weight: 400;\">Ancrage profond et durable pour affronter le stress et l\u2019agitation.<\/span><\/li>\n<li style=\"font-weight: 400;\" aria-level=\"2\"><span style=\"font-weight: 400;\">Apaisement imm\u00e9diat de l\u2019esprit et des \u00e9motions.<\/span><\/li>\n<li style=\"font-weight: 400;\" aria-level=\"2\"><span style=\"font-weight: 400;\">Am\u00e9lioration de la concentration et de la pr\u00e9sence au quotidien.<\/span><\/li>\n<li style=\"font-weight: 400;\" aria-level=\"2\"><span style=\"font-weight: 400;\">Transformation des sch\u00e9mas de pens\u00e9e limitants li\u00e9s \u00e0 l\u2019ins\u00e9curit\u00e9 ou \u00e0 l\u2019instabilit\u00e9.<\/span><\/li>\n<\/ul>\n<\/li>\n<li style=\"font-weight: 400;\" aria-level=\"1\"><b>Accessibilit\u00e9 :<\/b><span style=\"font-weight: 400;\"> Pratiquez l\u2019hypnose chez vous, \u00e0 tout moment, \u00e0 votre rythme.<\/span><\/li>\n<\/ul>\n<p><b>Pour qui est cette s\u00e9ance d\u2019hypnose ?<\/b><\/p>\n<ul>\n<li style=\"font-weight: 400;\" aria-level=\"1\"><span style=\"font-weight: 400;\">Toute personne souhaitant renforcer son ancrage et son \u00e9quilibre \u00e9motionnel.<\/span><\/li>\n<li style=\"font-weight: 400;\" aria-level=\"1\"><span style=\"font-weight: 400;\">Ceux qui se sentent souvent d\u00e9connect\u00e9s de leur corps ou de la r\u00e9alit\u00e9.<\/span><\/li>\n<li style=\"font-weight: 400;\" aria-level=\"1\"><span style=\"font-weight: 400;\">Les personnes souffrant de stress, d\u2019anxi\u00e9t\u00e9 ou d\u2019instabilit\u00e9 \u00e9motionnelle.<\/span><\/li>\n<li style=\"font-weight: 400;\" aria-level=\"1\"><span style=\"font-weight: 400;\">Toute personne cherchant \u00e0 d\u00e9velopper sa r\u00e9silience et sa capacit\u00e9 \u00e0 rester calme face aux d\u00e9fis de la vie.<\/span><\/li>\n<\/ul>\n<p><b>Mode d\u2019acc\u00e8s :<\/b><\/p>\n<ul>\n<li style=\"font-weight: 400;\" aria-level=\"1\"><span style=\"font-weight: 400;\">Acc\u00e8s imm\u00e9diat apr\u00e8s achat via un lien pour t\u00e9l\u00e9charger la s\u00e9ance ou l\u2019\u00e9couter en ligne.<\/span><\/li>\n<li style=\"font-weight: 400;\" aria-level=\"1\"><span style=\"font-weight: 400;\">Compatible avec tout appareil pour une \u00e9coute facile \u00e0 tout moment.<\/span><\/li>\n<\/ul>\n<p><span style=\"font-weight: 400;\">Ancrez-vous profond\u00e9ment dans votre vie, d\u00e9veloppez votre \u00e9quilibre int\u00e9rieur, et acc\u00e9dez \u00e0 une stabilit\u00e9 \u00e9motionnelle durable gr\u00e2ce \u00e0 cette <\/span><b>s\u00e9ance d\u2019hypnose audio<\/b><span style=\"font-weight: 400;\">.<\/span><\/p>","protected":false},"excerpt":{"rendered":"<p><span style=\"font-weight: 400;\">Plongez dans une <\/span><b>s\u00e9ance d\u2019hypnose guid\u00e9e<\/b><span style=\"font-weight: 400;\"> con\u00e7ue pour renforcer votre ancrage et vous reconnecter \u00e0 votre stabilit\u00e9 int\u00e9rieure. Cette hypnose vous aidera \u00e0 calmer l\u2019esprit, \u00e0 vous lib\u00e9rer des tensions \u00e9motionnelles, et \u00e0 ancrer solidement votre \u00e9nergie dans le moment pr\u00e9sent.<\/span><\/p>","protected":false},"featured_media":11350,"template":"","meta":[],"product_brand":[],"product_cat":[153],"product_tag":[],"wf_product_folders":[],"class_list":{"0":"post-11372","1":"product","2":"type-product","3":"status-publish","4":"has-post-thumbnail","6":"product_cat-hypnose","7":"post-wrapper","8":"thrv_wrapper","10":"first","11":"instock","12":"downloadable","13":"virtual","14":"purchasable","15":"product-type-simple"},"_links":{"self":[{"href":"https:\/\/3bconnected.com\/es\/wp-json\/wp\/v2\/product\/11372","targetHints":{"allow":["GET"]}}],"collection":[{"href":"https:\/\/3bconnected.com\/es\/wp-json\/wp\/v2\/product"}],"about":[{"href":"https:\/\/3bconnected.com\/es\/wp-json\/wp\/v2\/types\/product"}],"wp:featuredmedia":[{"embeddable":true,"href":"https:\/\/3bconnected.com\/es\/wp-json\/wp\/v2\/media\/11350"}],"wp:attachment":[{"href":"https:\/\/3bconnected.com\/es\/wp-json\/wp\/v2\/media?parent=11372"}],"wp:term":[{"taxonomy":"product_brand","embeddable":true,"href":"https:\/\/3bconnected.com\/es\/wp-json\/wp\/v2\/product_brand?post=11372"},{"taxonomy":"product_cat","embeddable":true,"href":"https:\/\/3bconnected.com\/es\/wp-json\/wp\/v2\/product_cat?post=11372"},{"taxonomy":"product_tag","embeddable":true,"href":"https:\/\/3bconnected.com\/es\/wp-json\/wp\/v2\/product_tag?post=11372"},{"taxonomy":"wf_product_folders","embeddable":true,"href":"https:\/\/3bconnected.com\/es\/wp-json\/wp\/v2\/wf_product_folders?post=11372"}],"curies":[{"name":"wp","href":"https:\/\/api.w.org\/{rel}","templated":true}]}}