{"id":11348,"date":"2024-09-10T14:09:48","date_gmt":"2024-09-10T12:09:48","guid":{"rendered":"https:\/\/3bconnectedcom.eu2.copilhost.cloud\/?post_type=product&#038;p=11348"},"modified":"2024-09-13T19:47:26","modified_gmt":"2024-09-13T17:47:26","slug":"seance-dhypnose-audio-de-liberation-de-lenfant-interieur-et-nettoyage-profond-de-la-memoire-uterine","status":"publish","type":"product","link":"https:\/\/3bconnected.com\/es\/producto\/seance-dhypnose-audio-de-liberation-de-lenfant-interieur-et-nettoyage-profond-de-la-memoire-uterine\/","title":{"rendered":"S\u00e9ance d&#8217;hypnose &#8211; Lib\u00e9ration de l\u2019enfant int\u00e9rieur &#038; Nettoyage profond de la m\u00e9moire ut\u00e9rine"},"content":{"rendered":"<p><b>Lib\u00e9ration de l\u2019Enfant Int\u00e9rieur :<\/b><b><br \/>\n<\/b><span style=\"font-weight: 400;\">Cette s\u00e9ance vous guidera \u00e0 travers des visualisations et des affirmations pour vous reconnecter \u00e0 votre enfant int\u00e9rieur, la partie de vous-m\u00eame porteuse des \u00e9motions et souvenirs de l\u2019enfance. Vous y d\u00e9couvrirez comment :<\/span><\/p>\n<ul>\n<li style=\"font-weight: 400;\" aria-level=\"1\"><span style=\"font-weight: 400;\">Lib\u00e9rer les blessures \u00e9motionnelles refoul\u00e9es.<\/span><\/li>\n<li style=\"font-weight: 400;\" aria-level=\"1\"><span style=\"font-weight: 400;\">Retrouver un sentiment de s\u00e9curit\u00e9 et d\u2019amour inconditionnel.<\/span><\/li>\n<li style=\"font-weight: 400;\" aria-level=\"1\"><span style=\"font-weight: 400;\">Apaiser les souffrances li\u00e9es \u00e0 des exp\u00e9riences pass\u00e9es.<\/span><\/li>\n<li style=\"font-weight: 400;\" aria-level=\"1\"><span style=\"font-weight: 400;\">Vous reconnecter \u00e0 la joie, la cr\u00e9ativit\u00e9 et l\u2019innocence.<\/span><\/li>\n<\/ul>\n<p><b>Nettoyage Profond de la M\u00e9moire Ut\u00e9rine :<\/b><b><br \/>\n<\/b><span style=\"font-weight: 400;\">\u00c0 travers des techniques de visualisation, de respiration et d\u2019intention, vous serez guid\u00e9 pour purifier \u00e9nerg\u00e9tiquement votre centre ut\u00e9rin. Ce processus permet :<\/span><\/p>\n<ul>\n<li style=\"font-weight: 400;\" aria-level=\"1\"><span style=\"font-weight: 400;\">La lib\u00e9ration des m\u00e9moires ancestrales et des traumas \u00e9motionnels stock\u00e9s dans l&#8217;ut\u00e9rus.<\/span><\/li>\n<li style=\"font-weight: 400;\" aria-level=\"1\"><span style=\"font-weight: 400;\">Le r\u00e9\u00e9quilibrage de l\u2019\u00e9nergie f\u00e9minine pour une meilleure connexion \u00e0 soi.<\/span><\/li>\n<li style=\"font-weight: 400;\" aria-level=\"1\"><span style=\"font-weight: 400;\">Une sensation de renouveau, de l\u00e9g\u00e8ret\u00e9 et de clart\u00e9 \u00e9motionnelle.<\/span><\/li>\n<li style=\"font-weight: 400;\" aria-level=\"1\"><span style=\"font-weight: 400;\">Une lib\u00e9ration des blocages \u00e9nerg\u00e9tiques h\u00e9rit\u00e9s de la lign\u00e9e f\u00e9minine.<\/span><\/li>\n<\/ul>\n<p><b>Caract\u00e9ristiques de la s\u00e9ance audio :<\/b><\/p>\n<ul>\n<li style=\"font-weight: 400;\" aria-level=\"1\"><b>Duraci\u00f3n:<\/b><span style=\"font-weight: 400;\"> Environ 16 minutes.<\/span><\/li>\n<li style=\"font-weight: 400;\" aria-level=\"1\"><b>Format :<\/b><span style=\"font-weight: 400;\"> Audio t\u00e9l\u00e9chargeable (MP3) ou accessible en streaming.<\/span><\/li>\n<li style=\"font-weight: 400;\" aria-level=\"1\"><b>B\u00e9n\u00e9fices :<\/b>\n<ul>\n<li style=\"font-weight: 400;\" aria-level=\"2\"><span style=\"font-weight: 400;\">Accompagnement \u00e0 votre rythme, \u00e0 tout moment.<\/span><\/li>\n<li style=\"font-weight: 400;\" aria-level=\"2\"><span style=\"font-weight: 400;\">Exp\u00e9rience de gu\u00e9rison profonde et transformante.<\/span><\/li>\n<li style=\"font-weight: 400;\" aria-level=\"2\"><span style=\"font-weight: 400;\">Lib\u00e9ration des m\u00e9moires \u00e9motionnelles et g\u00e9n\u00e9rationnelles.<\/span><\/li>\n<li style=\"font-weight: 400;\" aria-level=\"2\"><span style=\"font-weight: 400;\">Renforcement de la paix int\u00e9rieure et du bien-\u00eatre \u00e9motionnel.<\/span><\/li>\n<\/ul>\n<\/li>\n<li style=\"font-weight: 400;\" aria-level=\"1\"><b>Support :<\/b><span style=\"font-weight: 400;\"> Cette s\u00e9ance est con\u00e7ue pour \u00eatre r\u00e9\u00e9cout\u00e9e \u00e0 volont\u00e9, favorisant ainsi une gu\u00e9rison progressive.<\/span><\/li>\n<\/ul>\n<p><b>Pour qui est cette s\u00e9ance audio ?<\/b><\/p>\n<ul>\n<li style=\"font-weight: 400;\" aria-level=\"1\"><span style=\"font-weight: 400;\">Toute personne cherchant une approche douce et puissante pour gu\u00e9rir ses blessures d&#8217;enfance.<\/span><\/li>\n<li style=\"font-weight: 400;\" aria-level=\"1\"><span style=\"font-weight: 400;\">Femmes souhaitant purifier leur centre ut\u00e9rin des \u00e9nergies anciennes et des m\u00e9moires karmiques.<\/span><\/li>\n<li style=\"font-weight: 400;\" aria-level=\"1\"><span style=\"font-weight: 400;\">Ceux qui souhaitent se lib\u00e9rer des sch\u00e9mas \u00e9motionnels r\u00e9p\u00e9titifs.<\/span><\/li>\n<li style=\"font-weight: 400;\" aria-level=\"1\"><span style=\"font-weight: 400;\">Toute personne pr\u00eate \u00e0 accueillir la gu\u00e9rison \u00e0 son propre rythme, dans un cadre s\u00fbr et intime.<\/span><\/li>\n<\/ul>\n<p><b>Mode d\u2019acc\u00e8s :<\/b><\/p>\n<ul>\n<li style=\"font-weight: 400;\" aria-level=\"1\"><span style=\"font-weight: 400;\">Apr\u00e8s votre achat, vous recevrez un lien pour t\u00e9l\u00e9charger la s\u00e9ance ou y acc\u00e9der en ligne.<\/span><\/li>\n<li style=\"font-weight: 400;\" aria-level=\"1\"><span style=\"font-weight: 400;\">\u00c9coutez cette s\u00e9ance en toute tranquillit\u00e9, \u00e0 votre rythme, depuis chez vous.<\/span><\/li>\n<\/ul>\n<p><strong>Reconnectez-vous \u00e0 votre enfant int\u00e9rieur et lib\u00e9rez les m\u00e9moires anciennes pour une vie plus \u00e9panouie et libre.<\/strong><\/p>","protected":false},"excerpt":{"rendered":"<p><span style=\"font-weight: 400;\">Plongez dans une <\/span><b>s\u00e9ance audio immersive<\/b><span style=\"font-weight: 400;\"> sp\u00e9cialement con\u00e7ue pour vous accompagner dans un processus de gu\u00e9rison en profondeur, \u00e0 votre propre rythme et dans le confort de votre espace. Cette s\u00e9ance audio combine deux puissants axes de travail \u00e9nerg\u00e9tique : la <\/span><b>lib\u00e9ration de l\u2019enfant int\u00e9rieur<\/b><span style=\"font-weight: 400;\"> et le <\/span><b>nettoyage \u00e9nerg\u00e9tique de la m\u00e9moire ut\u00e9rine<\/b><span style=\"font-weight: 400;\">, pour une transformation int\u00e9rieure compl\u00e8te.<\/span><\/p>","protected":false},"featured_media":11353,"template":"","meta":[],"product_brand":[],"product_cat":[153],"product_tag":[],"wf_product_folders":[],"class_list":{"0":"post-11348","1":"product","2":"type-product","3":"status-publish","4":"has-post-thumbnail","6":"product_cat-hypnose","7":"post-wrapper","8":"thrv_wrapper","10":"first","11":"instock","12":"downloadable","13":"virtual","14":"purchasable","15":"product-type-simple"},"_links":{"self":[{"href":"https:\/\/3bconnected.com\/es\/wp-json\/wp\/v2\/product\/11348","targetHints":{"allow":["GET"]}}],"collection":[{"href":"https:\/\/3bconnected.com\/es\/wp-json\/wp\/v2\/product"}],"about":[{"href":"https:\/\/3bconnected.com\/es\/wp-json\/wp\/v2\/types\/product"}],"wp:featuredmedia":[{"embeddable":true,"href":"https:\/\/3bconnected.com\/es\/wp-json\/wp\/v2\/media\/11353"}],"wp:attachment":[{"href":"https:\/\/3bconnected.com\/es\/wp-json\/wp\/v2\/media?parent=11348"}],"wp:term":[{"taxonomy":"product_brand","embeddable":true,"href":"https:\/\/3bconnected.com\/es\/wp-json\/wp\/v2\/product_brand?post=11348"},{"taxonomy":"product_cat","embeddable":true,"href":"https:\/\/3bconnected.com\/es\/wp-json\/wp\/v2\/product_cat?post=11348"},{"taxonomy":"product_tag","embeddable":true,"href":"https:\/\/3bconnected.com\/es\/wp-json\/wp\/v2\/product_tag?post=11348"},{"taxonomy":"wf_product_folders","embeddable":true,"href":"https:\/\/3bconnected.com\/es\/wp-json\/wp\/v2\/wf_product_folders?post=11348"}],"curies":[{"name":"wp","href":"https:\/\/api.w.org\/{rel}","templated":true}]}}