{"id":11027,"date":"2024-06-21T16:57:10","date_gmt":"2024-06-21T14:57:10","guid":{"rendered":"https:\/\/3bconnectedcom.eu2.copilhost.cloud\/?post_type=product&#038;p=11027"},"modified":"2024-09-12T14:27:32","modified_gmt":"2024-09-12T12:27:32","slug":"diario-de-gratitud-version-digital","status":"publish","type":"product","link":"https:\/\/3bconnected.com\/es\/producto\/diario-de-gratitud-version-digital\/","title":{"rendered":"Diario de gratitud Versi\u00f3n digital"},"content":{"rendered":"","protected":false},"excerpt":{"rendered":"<p>Como un verdadero compa\u00f1ero de viaje, este diario le invita a avanzar, paso a paso, hacia una nueva conciencia. De este modo, te ser\u00e1 f\u00e1cil extraer toda la Magia de la Gratitud para transformar verdaderamente tu Vida.<\/p>","protected":false},"featured_media":11433,"template":"","meta":[],"product_brand":[],"product_cat":[156],"product_tag":[],"wf_product_folders":[],"class_list":{"0":"post-11027","1":"product","2":"type-product","3":"status-publish","4":"has-post-thumbnail","6":"product_cat-e-books","7":"post-wrapper","8":"thrv_wrapper","10":"first","11":"instock","12":"downloadable","13":"virtual","14":"purchasable","15":"product-type-simple"},"_links":{"self":[{"href":"https:\/\/3bconnected.com\/es\/wp-json\/wp\/v2\/product\/11027","targetHints":{"allow":["GET"]}}],"collection":[{"href":"https:\/\/3bconnected.com\/es\/wp-json\/wp\/v2\/product"}],"about":[{"href":"https:\/\/3bconnected.com\/es\/wp-json\/wp\/v2\/types\/product"}],"wp:featuredmedia":[{"embeddable":true,"href":"https:\/\/3bconnected.com\/es\/wp-json\/wp\/v2\/media\/11433"}],"wp:attachment":[{"href":"https:\/\/3bconnected.com\/es\/wp-json\/wp\/v2\/media?parent=11027"}],"wp:term":[{"taxonomy":"product_brand","embeddable":true,"href":"https:\/\/3bconnected.com\/es\/wp-json\/wp\/v2\/product_brand?post=11027"},{"taxonomy":"product_cat","embeddable":true,"href":"https:\/\/3bconnected.com\/es\/wp-json\/wp\/v2\/product_cat?post=11027"},{"taxonomy":"product_tag","embeddable":true,"href":"https:\/\/3bconnected.com\/es\/wp-json\/wp\/v2\/product_tag?post=11027"},{"taxonomy":"wf_product_folders","embeddable":true,"href":"https:\/\/3bconnected.com\/es\/wp-json\/wp\/v2\/wf_product_folders?post=11027"}],"curies":[{"name":"wp","href":"https:\/\/api.w.org\/{rel}","templated":true}]}}