{"id":9657,"date":"2023-11-23T08:39:19","date_gmt":"2023-11-23T07:39:19","guid":{"rendered":"https:\/\/3bconnectedcom.eu2.copilhost.cloud\/?page_id=9657"},"modified":"2024-11-12T16:48:07","modified_gmt":"2024-11-12T15:48:07","slug":"diario-de-gratitud-2","status":"publish","type":"page","link":"https:\/\/3bconnected.com\/es\/diario-de-gratitud-2\/","title":{"rendered":"Page Journal Gratitude"},"content":{"rendered":"<h2>Diario de gratitud<\/h2>\n<p><em><span style=\"font-weight: normal;\">por Basma B.<\/span><\/em><\/p>\n<p><strong>\ud83d\udc9b<em> Un voyage d&#8217;introspection qui vous accompagnera durant toute une ann\u00e9e.&nbsp;<\/em><\/strong><\/p>\n<p>Este diario de gratitud es una herramienta que puede utilizarse para <strong>sencillo y potente<\/strong>. Il joue un r\u00f4le crucial dans l&#8217;am\u00e9lioration de l&#8217;humeur, la re-programmation mentale, l\u2019\u00e9l\u00e9vation du taux vibratoire en valorisant <strong>los aspectos positivos de nuestra vida<\/strong> ou encore dans la r\u00e9duction du stress puisqu&#8217;il nous invite \u00e0 r\u00e9fl\u00e9chir aux bons moments de notre journ\u00e9e. &nbsp;En r\u00e9sum\u00e9, tenir un journal de gratitude peut grandement contribuer \u00e0 am\u00e9liorer notre bien-\u00eatre g\u00e9n\u00e9ral.<strong>\u00a1Transforme su vida ahora! <\/strong><strong>O<\/strong><strong>Consigue tu propio diario de desarrollo personal, tu gu\u00eda personal hacia el \u00e9xito.&nbsp;<\/strong><strong>Haga clic aqu\u00ed para embarcarse en una vida plena.&nbsp;<\/strong>\ud83d\ude80<strong>Precio de librer\u00eda : <\/strong><strong>\u20ac&nbsp;<\/strong><strong><span style=\"font-size: 18px !important;\">39,00<\/span><\/strong><!-- ### Begin BoD ShopWidget -->[tcb-script type=&#8221;text\/javascript&#8221;]if(typeof checkLibExist == &#8220;undefined&#8221;){var script = document.createElement(&#8220;script&#8221;);script.src =&#8221;\/\/www.bod.fr\/public\/js\/bod\/v1.1\/shopWidget.min.js&#8221;;script.type = &#8220;text\/javascript&#8221;;document.head.appendChild(script);var checkLibExist = true;}if(typeof books === &#8220;undefined&#8221;) var books=[];books.push({&#8220;objID&#8221;:&#8221;4585022&#8243;,&#8221;swKey&#8221;:&#8221;f63a3d377ff44981b82af6075cb91542&#8243;,&#8221;type&#8221;:&#8221;print&#8221;,&#8221;size&#8221;:&#8221;button&#8221;,&#8221;font&#8221;:&#8221;serif&#8221;,&#8221;shadow&#8221;:false,&#8221;contour&#8221;:true,&#8221;coverContour&#8221;:false,&#8221;fontColor&#8221;:&#8221;#212529&#8243;,&#8221;contourColor&#8221;:&#8221;#212529&#8243;,&#8221;shadowBtn&#8221;:false,&#8221;contourBtn&#8221;:false,&#8221;bgColor&#8221;:&#8221;#fff&#8221;,&#8221;btnFontColor&#8221;:&#8221;#fff&#8221;,&#8221;btnColor&#8221;:&#8221;#e0b241&#8243;,&#8221;btnContourColor&#8221;:&#8221;#fd6041&#8243;,&#8221;shop&#8221;:&#8221;fr&#8221;,&#8221;mandantShopUrl&#8221;:&#8221;https:\/\/librairie.bod.fr&#8221;,&#8221;lang&#8221;:&#8221;fr&#8221;});[\/tcb-script]<!-- ### End BoD ShopWidget --><strong>Precio Amazon Kindle :&nbsp;<\/strong><strong>\u20ac&nbsp;<\/strong><strong><span style=\"font-size: 18px !important;\">14,99<\/span><\/strong><strong>Tambi\u00e9n disponible en versi\u00f3n digital: <\/strong><strong>\u20ac&nbsp;<\/strong><strong><span style=\"font-size: 18px !important;\">9,90<\/span><\/strong><\/p>\n<p dir=\"ltr\" style=\"\"><span style=\"font-size: 14px !important;\">VERSION NUMERIQUE T\u00c9L\u00c9CHARGEABLE &#8211; FORMAT PDF<\/span><\/p>\n<p dir=\"ltr\"><span style=\"font-size: 14px !important;\">NB : Cette version num\u00e9rique du guide pratique &#8220;Journal de gratitude&#8221; est au format PDF : \u00e0 imprimer ou pour lecture sur tous vos \u00e9crans (pc-tablette-smartphone).<\/span><\/p>\n<p dir=\"ltr\">L&#8217;acquisition de cette version num\u00e9rique autorise l&#8217;acheteur \u00e0 effectuer les copies uniquement destin\u00e9es \u00e0 son usage priv\u00e9 et personnel (impression et enregistrement sur plusieurs de vos appareils num\u00e9riques personnels). La reproduction et la diffusion de ce document au-del\u00e0 cet usage sont strictement interdites. En effectuant l&#8217;achat de cet article digital, je b\u00e9n\u00e9ficie d&#8217;un acc\u00e8s imm\u00e9diat au(x) article(s) que j\u2019ai command\u00e9(s) et cela donc avant l\u2019expiration du d\u00e9lai de r\u00e9tractation dont je b\u00e9n\u00e9ficie en vertu de l\u2019article L 121-21 du Code de la Consommation. De fait, en validant mon paiement, j&#8217;accepte de renoncer express\u00e9ment \u00e0 l\u2019exercice du droit de r\u00e9tractation.<\/p>\n<ul>\n<li><span>Siente gratitud \ud83d\ude4f\ud83c\udffb<\/span><\/li>\n<li><span>Reduzca su estr\u00e9s<\/span><\/li>\n<li><span>Eleve su nivel vibratorio<\/span><\/li>\n<li><span>Dormir mejor<\/span><\/li>\n<li><span>Mejore su estado de \u00e1nimo&nbsp;<\/span><\/li>\n<\/ul>\n<p><span style=\"\"><img decoding=\"async\" alt=\"\" data-id=\"11043\" width=\"545\" data-init-width=\"924\" height=\"706\" data-init-height=\"1195\" title=\"DE5D4C8D96C38862CF83E7973A0A3B38173BC86E92A52C219BC849B7D2C79C65\" loading=\"lazy\" src=\"http:\/\/3bconnected.com\/wp-content\/uploads\/2024\/06\/DE5D4C8D96C38862CF83E7973A0A3B38173BC86E92A52C219BC849B7D2C79C65-scaled.jpg\" data-width=\"545\" data-height=\"706\" style=\"aspect-ratio: auto 924 \/ 1195;\" ml-d=\"-2.375\" mt-d=\"0\" data-tcb-events=\"\"><\/span><span style=\"\"><img decoding=\"async\" alt=\"\" data-id=\"9676\" width=\"265\" data-init-width=\"1545\" height=\"343\" data-init-height=\"2000\" title=\"1\" loading=\"lazy\" src=\"http:\/\/3bconnected.com\/wp-content\/uploads\/2023\/11\/1.png\" data-width=\"265\" data-height=\"343\" style=\"aspect-ratio: auto 1545 \/ 2000;\" ml-d=\"-1\" mt-d=\"0\" data-tcb-events=\"\" center-h-d=\"false\"><\/span><span><img decoding=\"async\" alt=\"\" data-id=\"9677\" width=\"263\" data-init-width=\"1545\" height=\"340\" data-init-height=\"2000\" title=\"2\" loading=\"lazy\" src=\"http:\/\/3bconnected.com\/wp-content\/uploads\/2023\/11\/2.png\" data-width=\"263\" data-height=\"340\" style=\"aspect-ratio: auto 1545 \/ 2000;\"><\/span><\/p>\n<p dir=\"ltr\" style=\"text-align: center;\"><strong>A (S&#8217;) OFFRIR POUR PASSER \u00c0 L&#8217;ACTION !<\/strong><\/p>\n<p><a href=\"\" target=\"_blank\" rel=\"nofollow noopener\" data-dynamic-link=\"thrive_global_fields_url\" data-shortcode-id=\"fb\" data-id=\"icon-facebook\"><span>                     <\/span><\/a><a href=\"\" target=\"_blank\" rel=\"nofollow noopener\" data-dynamic-link=\"thrive_global_fields_url\" data-shortcode-id=\"ig\" data-id=\"icon-instagram\"><span>                     <\/span><\/a><\/p>\n<ul>\n<li style=\"\" data-styled-scrollbar=\"1\"><span>1 a\u00f1o de contenidos<\/span><\/li>\n<li style=\"\" data-styled-scrollbar=\"1\"><span>Sin fecha<\/span><\/li>\n<li style=\"\" data-styled-scrollbar=\"1\"><span>200 p\u00e1ginas<\/span><\/li>\n<li style=\"\" data-styled-scrollbar=\"1\"><span>Papel con certificaci\u00f3n FSC<\/span><\/li>\n<li><span>Libro hecho en Europa<\/span><\/li>\n<\/ul>\n<p><span><img decoding=\"async\" alt=\"\" data-id=\"10028\" width=\"924\" height=\"1232\" title=\"IMG_8439-3\" src=\"http:\/\/3bconnected.com\/wp-content\/uploads\/2024\/02\/IMG_8439-3-768x1024.jpg\" data-src=\"http:\/\/3bconnected.com\/wp-content\/uploads\/2024\/02\/IMG_8439-3-225x300.jpg\" loading=\"lazy\" data-sizes=\"{&quot;thumbnail&quot;:{&quot;height&quot;:150,&quot;width&quot;:150,&quot;url&quot;:&quot;http:\/\/3bconnected.com\/wp-content\/uploads\/2024\/02\/IMG_8439-3-150x150.jpg&quot;,&quot;orientation&quot;:&quot;landscape&quot;},&quot;medium&quot;:{&quot;height&quot;:300,&quot;width&quot;:225,&quot;url&quot;:&quot;http:\/\/3bconnected.com\/wp-content\/uploads\/2024\/02\/IMG_8439-3-225x300.jpg&quot;,&quot;orientation&quot;:&quot;portrait&quot;},&quot;large&quot;:{&quot;height&quot;:1024,&quot;width&quot;:768,&quot;url&quot;:&quot;http:\/\/3bconnected.com\/wp-content\/uploads\/2024\/02\/IMG_8439-3-768x1024.jpg&quot;,&quot;orientation&quot;:&quot;portrait&quot;},&quot;trp-custom-language-flag&quot;:{&quot;height&quot;:12,&quot;width&quot;:9,&quot;url&quot;:&quot;http:\/\/3bconnected.com\/wp-content\/uploads\/2024\/02\/IMG_8439-3-9x12.jpg&quot;,&quot;orientation&quot;:&quot;portrait&quot;},&quot;full&quot;:{&quot;url&quot;:&quot;http:\/\/3bconnected.com\/wp-content\/uploads\/2024\/02\/IMG_8439-3-scaled.jpg&quot;,&quot;height&quot;:1232,&quot;width&quot;:924,&quot;orientation&quot;:&quot;portrait&quot;}}\"><\/span><span><img decoding=\"async\" alt=\"\" data-id=\"10027\" width=\"924\" height=\"1232\" title=\"IMG_8430-3\" src=\"http:\/\/3bconnected.com\/wp-content\/uploads\/2024\/02\/IMG_8430-3-768x1024.jpg\" data-src=\"http:\/\/3bconnected.com\/wp-content\/uploads\/2024\/02\/IMG_8430-3-225x300.jpg\" loading=\"lazy\" data-sizes=\"{&quot;thumbnail&quot;:{&quot;height&quot;:150,&quot;width&quot;:150,&quot;url&quot;:&quot;http:\/\/3bconnected.com\/wp-content\/uploads\/2024\/02\/IMG_8430-3-150x150.jpg&quot;,&quot;orientation&quot;:&quot;landscape&quot;},&quot;medium&quot;:{&quot;height&quot;:300,&quot;width&quot;:225,&quot;url&quot;:&quot;http:\/\/3bconnected.com\/wp-content\/uploads\/2024\/02\/IMG_8430-3-225x300.jpg&quot;,&quot;orientation&quot;:&quot;portrait&quot;},&quot;large&quot;:{&quot;height&quot;:1024,&quot;width&quot;:768,&quot;url&quot;:&quot;http:\/\/3bconnected.com\/wp-content\/uploads\/2024\/02\/IMG_8430-3-768x1024.jpg&quot;,&quot;orientation&quot;:&quot;portrait&quot;},&quot;trp-custom-language-flag&quot;:{&quot;height&quot;:12,&quot;width&quot;:9,&quot;url&quot;:&quot;http:\/\/3bconnected.com\/wp-content\/uploads\/2024\/02\/IMG_8430-3-9x12.jpg&quot;,&quot;orientation&quot;:&quot;portrait&quot;},&quot;full&quot;:{&quot;url&quot;:&quot;http:\/\/3bconnected.com\/wp-content\/uploads\/2024\/02\/IMG_8430-3-scaled.jpg&quot;,&quot;height&quot;:1232,&quot;width&quot;:924,&quot;orientation&quot;:&quot;portrait&quot;}}\"><\/span><span><img decoding=\"async\" alt=\"\" data-id=\"10025\" width=\"924\" height=\"1232\" title=\"IMG_8421-3\" src=\"http:\/\/3bconnected.com\/wp-content\/uploads\/2024\/02\/IMG_8421-3-768x1024.jpg\" data-src=\"http:\/\/3bconnected.com\/wp-content\/uploads\/2024\/02\/IMG_8421-3-225x300.jpg\" loading=\"lazy\" data-sizes=\"{&quot;thumbnail&quot;:{&quot;height&quot;:150,&quot;width&quot;:150,&quot;url&quot;:&quot;http:\/\/3bconnected.com\/wp-content\/uploads\/2024\/02\/IMG_8421-3-150x150.jpg&quot;,&quot;orientation&quot;:&quot;landscape&quot;},&quot;medium&quot;:{&quot;height&quot;:300,&quot;width&quot;:225,&quot;url&quot;:&quot;http:\/\/3bconnected.com\/wp-content\/uploads\/2024\/02\/IMG_8421-3-225x300.jpg&quot;,&quot;orientation&quot;:&quot;portrait&quot;},&quot;large&quot;:{&quot;height&quot;:1024,&quot;width&quot;:768,&quot;url&quot;:&quot;http:\/\/3bconnected.com\/wp-content\/uploads\/2024\/02\/IMG_8421-3-768x1024.jpg&quot;,&quot;orientation&quot;:&quot;portrait&quot;},&quot;trp-custom-language-flag&quot;:{&quot;height&quot;:12,&quot;width&quot;:9,&quot;url&quot;:&quot;http:\/\/3bconnected.com\/wp-content\/uploads\/2024\/02\/IMG_8421-3-9x12.jpg&quot;,&quot;orientation&quot;:&quot;portrait&quot;},&quot;full&quot;:{&quot;url&quot;:&quot;http:\/\/3bconnected.com\/wp-content\/uploads\/2024\/02\/IMG_8421-3-scaled.jpg&quot;,&quot;height&quot;:1232,&quot;width&quot;:924,&quot;orientation&quot;:&quot;portrait&quot;}}\"><\/span><\/p>\n<h3 style=\"text-align: center;\">Ce que ce journal va vous apporter &#8230;<\/h3>\n<h4 style=\"\">Actitud positiva&nbsp;<\/h4>\n<h4>&nbsp;y Gratitud<\/h4>\n<p>Vous habituerez votre esprit \u00e0 reconna\u00eetre consciemment les aspects positifs de votre vie, favorisant ainsi un \u00e9tat d&#8217;esprit empreint de gratitude et d&#8217;\u00e9panouissement. Vous cultiverez une attitude plus positive qui vous permettra d&#8217;aborder les d\u00e9fis avec optimisme et r\u00e9silience.<\/p>\n<h4><strong>Bienestar y amor propio<\/strong><\/h4>\n<p>Vous commencerez \u00e0 ressentir un amour plus profond et une compassion accrue envers vous-m\u00eame. Vous serez en mesure d&#8217;appr\u00e9cier pleinement l&#8217;\u00eatre extraordinaire que vous \u00eates. Chaque jour, ce journal vous guidera \u00e0 mettre en priorit\u00e9 votre propre bien-\u00eatre, tant physique, mental qu&#8217;\u00e9motionnel, afin de progresser vers la meilleure version de vous-m\u00eame, pour votre propre \u00e9panouissement et pour ceux qui vous sont chers.<\/p>\n<h4><strong>Cambio en su vida<\/strong><\/h4>\n<p>Prendre le temps de remplir ce carnet vous permettra de clarifier vos attentes vis-\u00e0-vis de la vie, en identifiant ce qui a r\u00e9ellement de l&#8217;importance pour vous. Par le biais de petits pas quotidiens et intentionnels, vous progresserez vers la r\u00e9alisation de vos r\u00eaves et vers la concr\u00e9tisation de la vie que vous aspirez \u00e0 mener.&nbsp;<\/p>\n<p style=\"text-align: center;\">\u200b<strong>O<\/strong><strong>btenez votre journal de d\u00e9veloppement personnel d\u200b\u00e8s maintenant !<\/strong><\/p>\n<p><strong>\u200bPrix libraire : <\/strong><strong>\u20ac <\/strong><strong><span style=\"font-size: 18px !important;\">\u200b39,00<\/span><\/strong><!-- ### Begin BoD ShopWidget -->[tcb-script type=&#8221;text\/javascript&#8221;]if(typeof checkLibExist == &#8220;undefined&#8221;){var script = document.createElement(&#8220;script&#8221;);script.src =&#8221;\/\/www.bod.fr\/public\/js\/bod\/v1.1\/shopWidget.min.js&#8221;;script.type = &#8220;text\/javascript&#8221;;document.head.appendChild(script);var checkLibExist = true;}if(typeof books === &#8220;undefined&#8221;) var books=[];books.push({&#8220;objID&#8221;:&#8221;4585022&#8243;,&#8221;swKey&#8221;:&#8221;f63a3d377ff44981b82af6075cb91542&#8243;,&#8221;type&#8221;:&#8221;print&#8221;,&#8221;size&#8221;:&#8221;button&#8221;,&#8221;font&#8221;:&#8221;serif&#8221;,&#8221;shadow&#8221;:false,&#8221;contour&#8221;:true,&#8221;coverContour&#8221;:false,&#8221;fontColor&#8221;:&#8221;#212529&#8243;,&#8221;contourColor&#8221;:&#8221;#212529&#8243;,&#8221;shadowBtn&#8221;:false,&#8221;contourBtn&#8221;:false,&#8221;bgColor&#8221;:&#8221;#fff&#8221;,&#8221;btnFontColor&#8221;:&#8221;#fff&#8221;,&#8221;btnColor&#8221;:&#8221;#e0b241&#8243;,&#8221;btnContourColor&#8221;:&#8221;#fd6041&#8243;,&#8221;shop&#8221;:&#8221;fr&#8221;,&#8221;mandantShopUrl&#8221;:&#8221;https:\/\/librairie.bod.fr&#8221;,&#8221;lang&#8221;:&#8221;fr&#8221;});[\/tcb-script]<!-- ### End BoD ShopWidget --><strong>Precio Amazon Kindle :&nbsp;<\/strong><strong>\u20ac&nbsp;<\/strong><strong><span style=\"font-size: 18px !important;\">14,99<\/span><\/strong><strong>\u200bDisponible en \u200bVersion num\u00e9rique :&nbsp;<\/strong><strong>\u20ac&nbsp;<\/strong><strong><span style=\"font-size: 18px !important;\">9,90<\/span><\/strong><span style=\"\"><img decoding=\"async\" alt=\"\" data-id=\"10042\" width=\"500\" data-init-width=\"1563\" height=\"500\" data-init-height=\"1563\" title=\"Bolet\u00edn de noticias-1\" loading=\"lazy\" src=\"http:\/\/3bconnected.com\/wp-content\/uploads\/2024\/02\/Newsletter-1.png\" data-width=\"500\" data-height=\"500\" style=\"aspect-ratio: auto 1563 \/ 1563;\" mt-d=\"-185\" ml-d=\"0\" center-v-d=\"true\"><\/span><\/p>\n<p style=\"text-align: justify;\"><strong>Mant\u00e9ngase en contacto con <em>\u00faltimas noticias<\/em> y <em>asesoramiento exclusivo<\/em> de <em><span style=\"--tcb-applied-color: rgb(224, 178, 65) !important; color: rgb(224, 178, 65) !important;\">Basma<\/span><\/em> directamente a su bandeja de entrada.&nbsp;<\/strong><\/p>\n<p style=\"text-align: justify;\"><strong><span style=\"text-decoration: underline;\">Reg\u00edstrese ahora<\/span> para no perderte nuestras \u00faltimas publicaciones, ofertas especiales y contenidos exclusivos. <em>reservado a nuestros abonados.<\/em><\/strong><\/p>\n<p><span style=\"\"><img decoding=\"async\" alt=\"\" data-id=\"9734\" width=\"1080\" data-init-width=\"924\" height=\"1080\" data-init-height=\"924\" title=\"CheminVerSoi\" loading=\"lazy\" src=\"http:\/\/3bconnected.com\/wp-content\/uploads\/2023\/11\/CheminVerSoi.png\" data-width=\"1080\" data-height=\"1080\" style=\"aspect-ratio: auto 924 \/ 924;\" mt-d=\"-331\" ml-d=\"0\" center-v-d=\"false\"><\/span><\/p>","protected":false},"excerpt":{"rendered":"<p>Journal de Gratitude by Basma B. \ud83d\udc9b Un voyage d&#8217;introspection qui vous accompagnera durant toute une ann\u00e9e.&nbsp; Ce journal de gratitude est un outil \u00e0 la fois simple et puissant. Il joue un r\u00f4le crucial dans l&#8217;am\u00e9lioration de l&#8217;humeur, la re-programmation mentale, l\u2019\u00e9l\u00e9vation du taux vibratoire en valorisant les aspects positifs de notre vie ou [&hellip;]<\/p>","protected":false},"author":145,"featured_media":11412,"parent":0,"menu_order":0,"comment_status":"closed","ping_status":"closed","template":"","meta":{"footnotes":""},"wf_page_folders":[],"class_list":["post-9657","page","type-page","status-publish","has-post-thumbnail","hentry","post-wrapper","thrv_wrapper"],"_links":{"self":[{"href":"https:\/\/3bconnected.com\/es\/wp-json\/wp\/v2\/pages\/9657","targetHints":{"allow":["GET"]}}],"collection":[{"href":"https:\/\/3bconnected.com\/es\/wp-json\/wp\/v2\/pages"}],"about":[{"href":"https:\/\/3bconnected.com\/es\/wp-json\/wp\/v2\/types\/page"}],"author":[{"embeddable":true,"href":"https:\/\/3bconnected.com\/es\/wp-json\/wp\/v2\/users\/145"}],"replies":[{"embeddable":true,"href":"https:\/\/3bconnected.com\/es\/wp-json\/wp\/v2\/comments?post=9657"}],"version-history":[{"count":17,"href":"https:\/\/3bconnected.com\/es\/wp-json\/wp\/v2\/pages\/9657\/revisions"}],"predecessor-version":[{"id":11859,"href":"https:\/\/3bconnected.com\/es\/wp-json\/wp\/v2\/pages\/9657\/revisions\/11859"}],"wp:featuredmedia":[{"embeddable":true,"href":"https:\/\/3bconnected.com\/es\/wp-json\/wp\/v2\/media\/11412"}],"wp:attachment":[{"href":"https:\/\/3bconnected.com\/es\/wp-json\/wp\/v2\/media?parent=9657"}],"wp:term":[{"taxonomy":"wf_page_folders","embeddable":true,"href":"https:\/\/3bconnected.com\/es\/wp-json\/wp\/v2\/wf_page_folders?post=9657"}],"curies":[{"name":"wp","href":"https:\/\/api.w.org\/{rel}","templated":true}]}}