{"id":9539,"date":"2023-11-09T17:02:32","date_gmt":"2023-11-09T16:02:32","guid":{"rendered":"https:\/\/3bconnectedcom.eu2.copilhost.cloud\/?page_id=9539"},"modified":"2023-11-09T17:02:39","modified_gmt":"2023-11-09T16:02:39","slug":"cuestionario-de-autoconocimiento","status":"publish","type":"page","link":"https:\/\/3bconnected.com\/es\/cuestionario-de-autoconocimiento\/","title":{"rendered":"Questionnaire Conscience de soi"},"content":{"rendered":"<p><a href=\"http:\/\/3bconnected.com\/es\/\" data-id-d=\"12\" data-img-style=\"\"><img loading=\"lazy\" decoding=\"async\" src=\"http:\/\/3bconnected.com\/wp-content\/uploads\/2022\/05\/Sans-titre-1920-\u00d7-480-px-900-\u00d7-480-px-72-\u00d7-25-po.png\" height=\"924\" width=\"2661\" alt=\"\" style=\"\"><\/img><\/a><span style=\"\"><img decoding=\"async\" alt=\"\" data-id=\"9544\" width=\"960\" data-init-width=\"2560\" height=\"480\" data-init-height=\"1280\" title=\"3\" loading=\"lazy\" src=\"http:\/\/3bconnected.com\/wp-content\/uploads\/2023\/11\/3-scaled.jpg\" data-width=\"960\" data-height=\"480\" style=\"aspect-ratio: auto 2560 \/ 1280;\" mt-d=\"-69\" ml-d=\"0\" center-v-d=\"false\"><\/span><\/p>\n<h2 style=\"text-align: center;\"><strong>Cuestionario<\/strong><\/h2>\n<div class='fluentform ff-default fluentform_wrapper_12 ffs_default_wrap'><form data-form_id=\"12\" id=\"fluentform_12\" class=\"frm-fluent-form fluent_form_12 ff-el-form-top ff_form_instance_12_1 ff-form-loading ffs_default\" data-form_instance=\"ff_form_instance_12_1\" method=\"POST\" action=\"\" ><fieldset  style=\"border: none!important;margin: 0!important;padding: 0!important;background-color: transparent!important;box-shadow: none!important;outline: none!important; min-inline-size: 100%;\">\n                    <legend class=\"ff_screen_reader_title\" style=\"display: block; margin: 0!important;padding: 0!important;height: 0!important;text-indent: -999999px;width: 0!important;overflow:hidden;\">Cuestionario: Autoconciencia<\/legend><input type='hidden' name='__fluent_form_embded_post_id' value='9539' \/><input type=\"hidden\" id=\"_fluentform_12_fluentformnonce\" name=\"_fluentform_12_fluentformnonce\" value=\"a5a3c9fe47\" \/><input type=\"hidden\" name=\"_wp_http_referer\" value=\"\/es\/wp-json\/wp\/v2\/pages\/9539\" \/><div class='ff-el-group  ff-custom_html' tabindex='-1' data-name=\"custom_html-12_1\" ><h1 style=\"text-align: center\"><span style=\"color: #ba8d2d\"><strong>AUTOCONOCIMIENTO<\/strong><\/span><\/h1><\/div><div data-type=\"name-element\" data-name=\"names\" class=\"ff-field_container ff-name-field-wrapper\" ><div class='ff-t-container'><div class='ff-t-cell'><div class='ff-el-group  ff-el-form-top'><div class=\"ff-el-input--label asterisk-right\"><label for='ff_12_names_first_name_' id='label_ff_12_names_first_name_' >Nombre<\/label><\/div><div class='ff-el-input--content'><input type=\"text\" name=\"names[first_name]\" id=\"ff_12_names_first_name_\" class=\"ff-el-form-control\" placeholder=\"Nombre\" aria-invalid=\"false\" aria-required=\"false\"><\/div><\/div><\/div><\/div><\/div><div class='ff-el-group'><div class=\"ff-el-input--label asterisk-right\"><label for='ff_12_email' id='label_ff_12_email' aria-label=\"Correo electr\u00f3nico\">Correo electr\u00f3nico<\/label><\/div><div class='ff-el-input--content'><input type=\"email\" name=\"email\" id=\"ff_12_email\" class=\"ff-el-form-control\" placeholder=\"Direcci\u00f3n de correo electr\u00f3nico\" data-name=\"email\"  aria-invalid=\"false\" aria-required=\"false\"><\/div><\/div><div class='ff-el-group  ff-custom_html' tabindex='-1' data-name=\"custom_html-12_2\" ><h2>Autoconocimiento<\/h2>\n<p>&nbsp;<\/p>\n<p><strong>La conciencia se refiere a la percepci\u00f3n individual de pensamientos, recuerdos, sentimientos, sensaciones y entornos \u00fanicos: percepci\u00f3n de uno mismo y del mundo que nos rodea.\u00a0<\/strong><\/p>\n<p><strong>Esta conciencia es subjetiva y \u00fanica para cada individuo.<\/strong>\u00a0<\/p><\/div><div class='ff-el-group'><div class=\"ff-el-input--label asterisk-right\"><label for='ff_12_rangeslider' id='label_ff_12_rangeslider' aria-label=\"1. En una escala del 1 al 10, \u00bfc\u00f3mo calificar\u00eda su nivel de autoconciencia (siendo 1 el m\u00e1s bajo y 10 el m\u00e1s alto)?\">1. En una escala del 1 al 10, \u00bfc\u00f3mo calificar\u00eda su nivel de autoconciencia (siendo 1 el m\u00e1s bajo y 10 el m\u00e1s alto)?<\/label><\/div><div class='ff-el-input--content'><div class='ff_slider_wrapper'><input name=\"rangeslider\" class=\"ff-el-form-control\" value=\"0\" min=\"1\" max=\"10\" type=\"range\" data-name=\"rangeslider\" id=\"ff_12_rangeslider\" data-calc_value=\"0\"  aria-invalid='false' aria-required=\"false\"><div class='ff_range_value'>0<\/div><\/div><\/div><\/div><div class='ff-el-group'><div class=\"ff-el-input--label asterisk-right\"><label for='ff_12_description' id='label_ff_12_description' aria-label=\"2. \u00bfPuede describir una situaci\u00f3n en la que haya demostrado un alto nivel de autoconciencia?\">2. \u00bfPuede describir una situaci\u00f3n en la que haya demostrado un alto nivel de autoconciencia?<\/label><\/div><div class='ff-el-input--content'><textarea aria-required=\"false\" aria-labelledby=\"label_ff_12_description\" name=\"description\" id=\"ff_12_description\" class=\"ff-el-form-control\" rows=\"3\" cols=\"2\" data-name=\"description\" ><\/textarea><\/div><\/div><div class='ff-el-group'><div class=\"ff-el-input--label asterisk-right\"><label for='ff_12_description_1' id='label_ff_12_description_1' aria-label=\"3. \u00bfQu\u00e9 factores crees que mejoran tu autoconciencia?\">3. \u00bfQu\u00e9 factores crees que mejoran tu autoconciencia?<\/label><\/div><div class='ff-el-input--content'><textarea aria-required=\"false\" aria-labelledby=\"label_ff_12_description_1\" name=\"description_1\" id=\"ff_12_description_1\" class=\"ff-el-form-control\" rows=\"3\" cols=\"2\" data-name=\"description_1\" ><\/textarea><\/div><\/div><div class='ff-el-group'><div class=\"ff-el-input--label asterisk-right\"><label for='ff_12_rangeslider_1' id='label_ff_12_rangeslider_1' aria-label=\"4. En una escala del 1 al 10, \u00bfhasta qu\u00e9 punto cree que estos factores influyen en su concienciaci\u00f3n? (1 es &quot;ning\u00fan impacto&quot; y 10 es una verdadera &quot;concienciaci\u00f3n&quot;).\">4. En una escala del 1 al 10, \u00bfhasta qu\u00e9 punto cree que estos factores influyen en su concienciaci\u00f3n? (1 es \"ning\u00fan impacto\" y 10 es una verdadera \"concienciaci\u00f3n\").<\/label><\/div><div class='ff-el-input--content'><div class='ff_slider_wrapper'><input name=\"rangeslider_1\" class=\"ff-el-form-control\" value=\"0\" min=\"1\" max=\"10\" type=\"range\" data-name=\"rangeslider_1\" id=\"ff_12_rangeslider_1\" data-calc_value=\"0\"  aria-invalid='false' aria-required=\"false\"><div class='ff_range_value'>0<\/div><\/div><\/div><\/div><div class='ff-el-group'><div class=\"ff-el-input--label asterisk-right\"><label for='ff_12_description_2' id='label_ff_12_description_2' aria-label=\"5. Describe una situaci\u00f3n en la que hayas actuado de forma impulsiva e inconsciente. \u00bfQu\u00e9 habr\u00edas hecho de forma diferente si hubieras sido m\u00e1s consciente de ti mismo?\">5. Describe una situaci\u00f3n en la que hayas actuado de forma impulsiva e inconsciente. \u00bfQu\u00e9 habr\u00edas hecho de forma diferente si hubieras sido m\u00e1s consciente de ti mismo?<\/label><\/div><div class='ff-el-input--content'><textarea aria-required=\"false\" aria-labelledby=\"label_ff_12_description_2\" name=\"description_2\" id=\"ff_12_description_2\" class=\"ff-el-form-control\" rows=\"3\" cols=\"2\" data-name=\"description_2\" ><\/textarea><\/div><\/div><div class='ff-el-group'><div class=\"ff-el-input--label asterisk-right\"><label for='ff_12_rangeslider_2' id='label_ff_12_rangeslider_2' aria-label=\"6. En una escala del 1 al 10, \u00bfc\u00f3mo calificar\u00eda su nivel de conciencia de la situaci\u00f3n descrita anteriormente? (siendo 1 &quot;casi ninguna conciencia&quot; y 10 &quot;conciencia absoluta&quot;)\">6. En una escala del 1 al 10, \u00bfc\u00f3mo calificar\u00eda su nivel de conciencia de la situaci\u00f3n descrita anteriormente? (siendo 1 \"casi ninguna conciencia\" y 10 \"conciencia absoluta\")<\/label><\/div><div class='ff-el-input--content'><div class='ff_slider_wrapper'><input name=\"rangeslider_2\" class=\"ff-el-form-control\" value=\"0\" min=\"1\" max=\"10\" type=\"range\" data-name=\"rangeslider_2\" id=\"ff_12_rangeslider_2\" data-calc_value=\"0\"  aria-invalid='false' aria-required=\"false\"><div class='ff_range_value'>0<\/div><\/div><\/div><\/div><div class='ff-el-group'><div class=\"ff-el-input--label asterisk-right\"><label for='ff_12_description_3' id='label_ff_12_description_3' aria-label=\"7. \u00bfC\u00f3mo gestionas tus emociones negativas?\">7. \u00bfC\u00f3mo gestionas tus emociones negativas?<\/label><\/div><div class='ff-el-input--content'><textarea aria-required=\"false\" aria-labelledby=\"label_ff_12_description_3\" name=\"description_3\" id=\"ff_12_description_3\" class=\"ff-el-form-control\" rows=\"3\" cols=\"2\" data-name=\"description_3\" ><\/textarea><\/div><\/div><div class='ff-el-group'><div class=\"ff-el-input--label asterisk-right\"><label for='ff_12_rangeslider_5' id='label_ff_12_rangeslider_5' aria-label=\"8. En una escala del 1 al 10, \u00bfc\u00f3mo de consciente crees que eres de las emociones que experimentas? (siendo 1 &quot;poco consciente&quot; y 10 &quot;muy consciente&quot;).\">8. En una escala del 1 al 10, \u00bfc\u00f3mo de consciente crees que eres de las emociones que experimentas? (siendo 1 \"poco consciente\" y 10 \"muy consciente\").<\/label><\/div><div class='ff-el-input--content'><div class='ff_slider_wrapper'><input name=\"rangeslider_5\" class=\"ff-el-form-control\" value=\"0\" min=\"1\" max=\"10\" type=\"range\" data-name=\"rangeslider_5\" id=\"ff_12_rangeslider_5\" data-calc_value=\"0\"  aria-invalid='false' aria-required=\"false\"><div class='ff_range_value'>0<\/div><\/div><\/div><\/div><div class='ff-el-group'><div class=\"ff-el-input--label asterisk-right\"><label for='ff_12_description_4' id='label_ff_12_description_4' aria-label=\"6. \u00bfC\u00f3mo describir\u00eda su estilo de comunicaci\u00f3n con los dem\u00e1s?\">6. \u00bfC\u00f3mo describir\u00eda su estilo de comunicaci\u00f3n con los dem\u00e1s?<\/label><\/div><div class='ff-el-input--content'><textarea aria-required=\"false\" aria-labelledby=\"label_ff_12_description_4\" name=\"description_4\" id=\"ff_12_description_4\" class=\"ff-el-form-control\" rows=\"3\" cols=\"2\" data-name=\"description_4\" ><\/textarea><\/div><\/div><div class='ff-el-group'><div class=\"ff-el-input--label asterisk-right\"><label for='ff_12_rangeslider_6' id='label_ff_12_rangeslider_6' aria-label=\"1. En una escala del 1 al 10, \u00bfc\u00f3mo calificar\u00eda su comunicaci\u00f3n con los dem\u00e1s (siendo 1 &quot;dif\u00edcil&quot; y 10 &quot;excelente&quot;)?\">1. En una escala del 1 al 10, \u00bfc\u00f3mo calificar\u00eda su comunicaci\u00f3n con los dem\u00e1s (siendo 1 \"dif\u00edcil\" y 10 \"excelente\")?<\/label><\/div><div class='ff-el-input--content'><div class='ff_slider_wrapper'><input name=\"rangeslider_6\" class=\"ff-el-form-control\" value=\"0\" min=\"1\" max=\"10\" type=\"range\" data-name=\"rangeslider_6\" id=\"ff_12_rangeslider_6\" data-calc_value=\"0\"  aria-invalid='false' aria-required=\"false\"><div class='ff_range_value'>0<\/div><\/div><\/div><\/div><div class='ff-el-group'><div class=\"ff-el-input--label asterisk-right\"><label for='ff_12_rangeslider_8' id='label_ff_12_rangeslider_8' aria-label=\"9. En una escala del 1 al 10, \u00bfc\u00f3mo calificar\u00eda su nivel de estr\u00e9s o sus reacciones ante una situaci\u00f3n estresante? (siendo 1 un nivel de estr\u00e9s &quot;muy alto&quot; y 10 un nivel de estr\u00e9s &quot;relativamente bajo&quot;).\">9. En una escala del 1 al 10, \u00bfc\u00f3mo calificar\u00eda su nivel de estr\u00e9s o sus reacciones ante una situaci\u00f3n estresante? (siendo 1 un nivel de estr\u00e9s \"muy alto\" y 10 un nivel de estr\u00e9s \"relativamente bajo\").<\/label><\/div><div class='ff-el-input--content'><div class='ff_slider_wrapper'><input name=\"rangeslider_8\" class=\"ff-el-form-control\" value=\"0\" min=\"1\" max=\"10\" type=\"range\" data-name=\"rangeslider_8\" id=\"ff_12_rangeslider_8\" data-calc_value=\"0\"  aria-invalid='false' aria-required=\"false\"><div class='ff_range_value'>0<\/div><\/div><\/div><\/div><div class='ff-el-group'><div class=\"ff-el-input--label asterisk-right\"><label for='ff_12_description_5' id='label_ff_12_description_5' aria-label=\"10. \u00bfC\u00f3mo dar un paso atr\u00e1s y reevaluar en situaciones de estr\u00e9s?\">10. \u00bfC\u00f3mo dar un paso atr\u00e1s y reevaluar en situaciones de estr\u00e9s?<\/label><\/div><div class='ff-el-input--content'><textarea aria-required=\"false\" aria-labelledby=\"label_ff_12_description_5\" name=\"description_5\" id=\"ff_12_description_5\" class=\"ff-el-form-control\" rows=\"3\" cols=\"2\" data-name=\"description_5\" ><\/textarea><\/div><\/div><div class='ff-el-group'><div class=\"ff-el-input--label asterisk-right\"><label for='ff_12_description_9' id='label_ff_12_description_9' aria-label=\"11. \u00bfPuedes describir una situaci\u00f3n en la que el autoconocimiento haya tenido un impacto positivo en tus relaciones?\">11. \u00bfPuedes describir una situaci\u00f3n en la que el autoconocimiento haya tenido un impacto positivo en tus relaciones?<\/label><\/div><div class='ff-el-input--content'><textarea aria-required=\"false\" aria-labelledby=\"label_ff_12_description_9\" name=\"description_9\" id=\"ff_12_description_9\" class=\"ff-el-form-control\" rows=\"3\" cols=\"2\" data-name=\"description_9\" ><\/textarea><\/div><\/div><div class='ff-el-group'><div class=\"ff-el-input--label asterisk-right\"><label for='ff_12_rangeslider_10' id='label_ff_12_rangeslider_10' aria-label=\"12. En una escala del 1 al 10, \u00bfc\u00f3mo calificar\u00eda su nivel de conciencia de este impacto positivo en sus relaciones (siendo 1 &quot;bajo&quot; y 10 &quot;muy alto&quot;)?\">12. En una escala del 1 al 10, \u00bfc\u00f3mo calificar\u00eda su nivel de conciencia de este impacto positivo en sus relaciones (siendo 1 \"bajo\" y 10 \"muy alto\")?<\/label><\/div><div class='ff-el-input--content'><div class='ff_slider_wrapper'><input name=\"rangeslider_10\" class=\"ff-el-form-control\" value=\"0\" min=\"1\" max=\"10\" type=\"range\" data-name=\"rangeslider_10\" id=\"ff_12_rangeslider_10\" data-calc_value=\"0\"  aria-invalid='false' aria-required=\"false\"><div class='ff_range_value'>0<\/div><\/div><\/div><\/div><div class='ff-el-group'><div class=\"ff-el-input--label asterisk-right\"><label for='ff_12_rangeslider_3' id='label_ff_12_rangeslider_3' aria-label=\"13. \u00bfCon qu\u00e9 frecuencia comprueba sus reacciones inmediatas y su estado de \u00e1nimo? (1 es &quot;nunca&quot; y 10 es &quot;todo el tiempo&quot;)\">13. \u00bfCon qu\u00e9 frecuencia comprueba sus reacciones inmediatas y su estado de \u00e1nimo? (1 es \"nunca\" y 10 es \"todo el tiempo\")<\/label><\/div><div class='ff-el-input--content'><div class='ff_slider_wrapper'><input name=\"rangeslider_3\" class=\"ff-el-form-control\" value=\"0\" min=\"1\" max=\"10\" type=\"range\" data-name=\"rangeslider_3\" id=\"ff_12_rangeslider_3\" data-calc_value=\"0\"  aria-invalid='false' aria-required=\"false\"><div class='ff_range_value'>0<\/div><\/div><\/div><\/div><div class='ff-el-group'><div class=\"ff-el-input--label asterisk-right\"><label for='ff_12_rangeslider_9' id='label_ff_12_rangeslider_9' aria-label=\"14. En una escala del 1 al 10, \u00bfutiliza a veces herramientas para ser m\u00e1s consciente? (1 es &quot;nunca&quot; y 10 es &quot;muy a menudo&quot;)\">14. En una escala del 1 al 10, \u00bfutiliza a veces herramientas para ser m\u00e1s consciente? (1 es \"nunca\" y 10 es \"muy a menudo\")<\/label><\/div><div class='ff-el-input--content'><div class='ff_slider_wrapper'><input name=\"rangeslider_9\" class=\"ff-el-form-control\" value=\"0\" min=\"1\" max=\"10\" type=\"range\" data-name=\"rangeslider_9\" id=\"ff_12_rangeslider_9\" data-calc_value=\"0\"  aria-invalid='false' aria-required=\"false\"><div class='ff_range_value'>0<\/div><\/div><\/div><\/div><div class='ff-el-group'><div class=\"ff-el-input--label asterisk-right\"><label for='ff_12_description_8' id='label_ff_12_description_8' aria-label=\"15. \u00bfQu\u00e9 t\u00e9cnicas utilizas para desarrollar tu autoconciencia?\">15. \u00bfQu\u00e9 t\u00e9cnicas utilizas para desarrollar tu autoconciencia?<\/label><\/div><div class='ff-el-input--content'><textarea aria-required=\"false\" aria-labelledby=\"label_ff_12_description_8\" name=\"description_8\" id=\"ff_12_description_8\" class=\"ff-el-form-control\" rows=\"3\" cols=\"2\" data-name=\"description_8\" ><\/textarea><\/div><\/div><div class='ff-el-group'><div class=\"ff-el-input--label asterisk-right\"><label for='ff_12_rangeslider_7' id='label_ff_12_rangeslider_7' aria-label=\"16. En una escala del 1 al 10, \u00bfc\u00f3mo calificar\u00eda su motivaci\u00f3n y compromiso para cambiar su realidad? (1 es &quot;nada motivado&quot; y 10 &quot;muy motivado&quot;).\">16. En una escala del 1 al 10, \u00bfc\u00f3mo calificar\u00eda su motivaci\u00f3n y compromiso para cambiar su realidad? (1 es \"nada motivado\" y 10 \"muy motivado\").<\/label><\/div><div class='ff-el-input--content'><div class='ff_slider_wrapper'><input name=\"rangeslider_7\" class=\"ff-el-form-control\" value=\"0\" min=\"1\" max=\"10\" type=\"range\" data-name=\"rangeslider_7\" id=\"ff_12_rangeslider_7\" data-calc_value=\"0\"  aria-invalid='false' aria-required=\"false\"><div class='ff_range_value'>0<\/div><\/div><\/div><\/div><div class='ff-el-group  ff-custom_html' tabindex='-1' data-name=\"custom_html-12_3\" ><p><strong>Tenga en cuenta que cada persona es \u00fanica. Estas preguntas se ofrecen como evaluaci\u00f3n inicial para darle una idea aproximada de su nivel de conciencia.<\/strong><\/p>\n<p><strong>La buena noticia es que estas preguntas pueden afinarse en funci\u00f3n de tu experiencia personal y actual si decides tomar medidas para que sea excelente.<\/strong><\/p>\n<p><b>Brillantemente,\u00a0<\/b><\/p>\n<p><b>Basma .B <\/b><\/p><\/div><div class='ff-el-group    ff-el-input--content'><div class='ff-el-form-check ff-el-tc'><label aria-label='T\u00e9rminos y condiciones: J&#039;ai lu et j&#039;accepte les Termes et Conditions et la Politique de Confidentialit\u00e9. Contiene 2 enlaces. Usa la navegaci\u00f3n por pesta\u00f1as para rese\u00f1ar.' class='ff-el-form-check-label ff_tc_label' for=\"terms-n-condition_4cc1d9c98442e048b017c42444061338\"><span class='ff_tc_checkbox'><input type=\"checkbox\" name=\"terms-n-condition\" class=\"ff-el-form-check-input\" data-name=\"terms-n-condition\" id=\"terms-n-condition_4cc1d9c98442e048b017c42444061338\"  value='on' aria-invalid='false' aria-required=\"false\"><\/span> <div class='ff_t_c'><p>He le\u00eddo y acepto el <span style=\"color: #ab8d29\"><a style=\"color: #ab8d29\" href=\"#\" target=\"_blank\" rel=\"noopener\">Condiciones generales<\/a><\/span> y el <span style=\"color: #ab8d29\"><a style=\"color: #ab8d29\" href=\"#\" target=\"_blank\" rel=\"noopener\">Pol\u00edtica de privacidad.<\/a><\/span><\/p><\/div><\/label><\/div><\/div><div class='ff-el-group ff-text-left ff_submit_btn_wrapper'><button type=\"submit\" class=\"ff-btn ff-btn-submit ff-btn-lg ff_btn_style wpf_has_custom_css\"  aria-label=\"Validar mis respuestas\">Validar mis respuestas<\/button><\/div><\/fieldset><input type=\"hidden\" name=\"trp-form-language\" value=\"es\"\/><\/form><div id='fluentform_12_errors' class='ff-errors-in-stack ff_form_instance_12_1 ff-form-loading_errors ff_form_instance_12_1_errors'><\/div><\/div>            <script type=\"text\/javascript\">\n                window.fluent_form_ff_form_instance_12_1 = {\"id\":\"12\",\"settings\":{\"layout\":{\"labelPlacement\":\"top\",\"helpMessagePlacement\":\"with_label\",\"errorMessagePlacement\":\"inline\",\"cssClassName\":\"\",\"asteriskPlacement\":\"asterisk-right\"},\"restrictions\":{\"denyEmptySubmission\":{\"enabled\":false}}},\"form_instance\":\"ff_form_instance_12_1\",\"form_id_selector\":\"fluentform_12\",\"rules\":{\"names[first_name]\":{\"required\":{\"value\":false,\"message\":\"Ce champ est obligatoire\"}},\"names[middle_name]\":{\"required\":{\"value\":false,\"message\":\"Ce champ est obligatoire\"}},\"names[last_name]\":{\"required\":{\"value\":false,\"message\":\"Ce champ est obligatoire\"}},\"email\":{\"required\":{\"value\":false,\"message\":\"Ce champ est obligatoire\"},\"email\":{\"value\":true,\"message\":\"Ce champ doit contenir un e-mail valide\"}},\"rangeslider\":{\"required\":{\"value\":false,\"message\":\"Ce champ est requis\"}},\"description\":{\"required\":{\"value\":false,\"message\":\"Ce champ est obligatoire\"}},\"description_1\":{\"required\":{\"value\":false,\"message\":\"Ce champ est obligatoire\"}},\"rangeslider_1\":{\"required\":{\"value\":false,\"message\":\"Ce champ est requis\"}},\"description_2\":{\"required\":{\"value\":false,\"message\":\"Ce champ est obligatoire\"}},\"rangeslider_2\":{\"required\":{\"value\":false,\"message\":\"Ce champ est requis\"}},\"description_3\":{\"required\":{\"value\":false,\"message\":\"Ce champ est obligatoire\"}},\"rangeslider_5\":{\"required\":{\"value\":false,\"message\":\"Ce champ est requis\"}},\"description_4\":{\"required\":{\"value\":false,\"message\":\"Ce champ est obligatoire\"}},\"rangeslider_6\":{\"required\":{\"value\":false,\"message\":\"Ce champ est requis\"}},\"rangeslider_8\":{\"required\":{\"value\":false,\"message\":\"Ce champ est requis\"}},\"description_5\":{\"required\":{\"value\":false,\"message\":\"Ce champ est obligatoire\"}},\"description_9\":{\"required\":{\"value\":false,\"message\":\"Ce champ est obligatoire\"}},\"rangeslider_10\":{\"required\":{\"value\":false,\"message\":\"Ce champ est requis\"}},\"rangeslider_3\":{\"required\":{\"value\":false,\"message\":\"Ce champ est requis\"}},\"rangeslider_9\":{\"required\":{\"value\":false,\"message\":\"Ce champ est requis\"}},\"description_8\":{\"required\":{\"value\":false,\"message\":\"Ce champ est obligatoire\"}},\"rangeslider_7\":{\"required\":{\"value\":false,\"message\":\"Ce champ est requis\"}},\"terms-n-condition\":{\"required\":{\"value\":false,\"message\":\"Ce champ est obligatoire\"}}},\"debounce_time\":300};\n                            <\/script>\n            \n<p style=\"text-align: center;\"><em>La propiedad intelectual de este cuestionario, as\u00ed como cualquier reproducci\u00f3n o copia del mismo, est\u00e1 estrictamente prohibida y es susceptible de sanciones legales.<\/em><\/p>","protected":false},"excerpt":{"rendered":"<p>Cuestionario La propiedad intelectual de este cuestionario as\u00ed como cualquier reproducci\u00f3n o copia del mismo est\u00e1 estrictamente prohibida y es susceptible de sanciones legales.<\/p>","protected":false},"author":145,"featured_media":0,"parent":0,"menu_order":0,"comment_status":"closed","ping_status":"closed","template":"","meta":{"footnotes":""},"wf_page_folders":[],"class_list":["post-9539","page","type-page","status-publish","hentry","post-wrapper","thrv_wrapper"],"_links":{"self":[{"href":"https:\/\/3bconnected.com\/es\/wp-json\/wp\/v2\/pages\/9539","targetHints":{"allow":["GET"]}}],"collection":[{"href":"https:\/\/3bconnected.com\/es\/wp-json\/wp\/v2\/pages"}],"about":[{"href":"https:\/\/3bconnected.com\/es\/wp-json\/wp\/v2\/types\/page"}],"author":[{"embeddable":true,"href":"https:\/\/3bconnected.com\/es\/wp-json\/wp\/v2\/users\/145"}],"replies":[{"embeddable":true,"href":"https:\/\/3bconnected.com\/es\/wp-json\/wp\/v2\/comments?post=9539"}],"version-history":[{"count":4,"href":"https:\/\/3bconnected.com\/es\/wp-json\/wp\/v2\/pages\/9539\/revisions"}],"predecessor-version":[{"id":9565,"href":"https:\/\/3bconnected.com\/es\/wp-json\/wp\/v2\/pages\/9539\/revisions\/9565"}],"wp:attachment":[{"href":"https:\/\/3bconnected.com\/es\/wp-json\/wp\/v2\/media?parent=9539"}],"wp:term":[{"taxonomy":"wf_page_folders","embeddable":true,"href":"https:\/\/3bconnected.com\/es\/wp-json\/wp\/v2\/wf_page_folders?post=9539"}],"curies":[{"name":"wp","href":"https:\/\/api.w.org\/{rel}","templated":true}]}}