{"id":9182,"date":"2022-12-27T13:05:52","date_gmt":"2022-12-27T12:05:52","guid":{"rendered":"https:\/\/3bconnectedcom.eu2.copilhost.cloud\/?page_id=9182"},"modified":"2024-11-07T16:22:42","modified_gmt":"2024-11-07T15:22:42","slug":"free-session","status":"publish","type":"page","link":"https:\/\/3bconnected.com\/es\/free-session\/","title":{"rendered":"Sesi\u00f3n gratuita"},"content":{"rendered":"<h1 style=\"text-align: center; color: rgb(228, 180, 65) !important; --tcb-applied-color:rgb(228, 180, 65)  !important;\"><strong>\u00bfQuiere que le acompa\u00f1e?<\/strong><\/h1>\n<h1 style=\"text-align: center; color: rgb(228, 180, 65) !important; --tcb-applied-color:rgb(228, 180, 65)  !important;\"><strong><\/strong><a href=\"http:\/\/3bconnected.com\/es\/pr\/sp-programming-sales-page-963-new\/\" target=\"_blank\" rel=\"nofollow noopener\" style=\"outline: none;\" data-tcb_hover_state_parent=\"\"><strong>\u00ab D\u00e9-Programmation &#8211; Le chemin vers soi \u00bb<\/strong><\/a><\/h1>\n<p style=\"text-align: left;\">B\u00e9n\u00e9ficiez d&#8217;une s\u00e9ance de coaching de 20 \u00e0 30 minutes gratuite et sans engagement<\/p>\n<p><span><img decoding=\"async\" alt=\"\" data-id=\"7247\" width=\"353\" data-init-width=\"1387\" height=\"924\" data-init-height=\"924\" title=\"Imagen de WhatsApp 2022-05-17 en 15.40.41\" loading=\"lazy\" src=\"http:\/\/3bconnected.com\/wp-content\/uploads\/2022\/05\/WhatsApp-Image-2022-05-17-at-15.40.41.jpeg\" data-width=\"353\" style=\"aspect-ratio: auto 1387 \/ 924;\"><\/span><\/p>\n<h2 dir=\"ltr\" style=\"text-align: center; color: rgb(228, 180, 65) !important; --tcb-applied-color:rgb(228, 180, 65)  !important;\">Una sesi\u00f3n para saberlo con certeza<\/h2>\n<p dir=\"ltr\" style=\"text-align: center;\">Pour prendre rendez-vous, il vous suffit de remplir le formulaire ci-dessous, en pr\u00e9cisant la date et l&#8217;heure souhait\u00e9s :<\/p>\n<\/p>\n<h2 style=\"text-align: center;\"><strong>Lo hicieron y les cambi\u00f3 la vida ....<\/strong><\/h2>","protected":false},"excerpt":{"rendered":"<p>Vous souhaitez que je vous accompagne? \u00ab D\u00e9-Programmation &#8211; Le chemin vers soi \u00bb B\u00e9n\u00e9ficiez d&#8217;une s\u00e9ance de coaching de 20 \u00e0 30 minutes gratuite et sans engagement Une s\u00e9ance pour en avoir le c\u0153ur net Pour prendre rendez-vous, il vous suffit de remplir le formulaire ci-dessous, en pr\u00e9cisant la date et l&#8217;heure souhait\u00e9s : [&hellip;]<\/p>","protected":false},"author":1,"featured_media":4681,"parent":0,"menu_order":0,"comment_status":"closed","ping_status":"closed","template":"","meta":{"footnotes":""},"wf_page_folders":[],"class_list":["post-9182","page","type-page","status-publish","has-post-thumbnail","hentry","post-wrapper","thrv_wrapper"],"_links":{"self":[{"href":"https:\/\/3bconnected.com\/es\/wp-json\/wp\/v2\/pages\/9182","targetHints":{"allow":["GET"]}}],"collection":[{"href":"https:\/\/3bconnected.com\/es\/wp-json\/wp\/v2\/pages"}],"about":[{"href":"https:\/\/3bconnected.com\/es\/wp-json\/wp\/v2\/types\/page"}],"author":[{"embeddable":true,"href":"https:\/\/3bconnected.com\/es\/wp-json\/wp\/v2\/users\/1"}],"replies":[{"embeddable":true,"href":"https:\/\/3bconnected.com\/es\/wp-json\/wp\/v2\/comments?post=9182"}],"version-history":[{"count":6,"href":"https:\/\/3bconnected.com\/es\/wp-json\/wp\/v2\/pages\/9182\/revisions"}],"predecessor-version":[{"id":11824,"href":"https:\/\/3bconnected.com\/es\/wp-json\/wp\/v2\/pages\/9182\/revisions\/11824"}],"wp:featuredmedia":[{"embeddable":true,"href":"https:\/\/3bconnected.com\/es\/wp-json\/wp\/v2\/media\/4681"}],"wp:attachment":[{"href":"https:\/\/3bconnected.com\/es\/wp-json\/wp\/v2\/media?parent=9182"}],"wp:term":[{"taxonomy":"wf_page_folders","embeddable":true,"href":"https:\/\/3bconnected.com\/es\/wp-json\/wp\/v2\/wf_page_folders?post=9182"}],"curies":[{"name":"wp","href":"https:\/\/api.w.org\/{rel}","templated":true}]}}