{"id":9013,"date":"2022-11-20T04:33:50","date_gmt":"2022-11-20T03:33:50","guid":{"rendered":"https:\/\/3bconnectedcom.eu2.copilhost.cloud\/?page_id=9013"},"modified":"2025-05-26T23:32:36","modified_gmt":"2025-05-26T21:32:36","slug":"contactar-con","status":"publish","type":"page","link":"https:\/\/3bconnected.com\/es\/contactar-con\/","title":{"rendered":"Contact 2211"},"content":{"rendered":"<h2 style=\"\">contacta con nosotros en&nbsp;<\/h2>\n<p style=\"\">\u00bfTiene alg\u00fan comentario o pregunta?<\/p>\n<p style=\"\">N&#8217;h\u00e9sitez pas \u00e0 nous contacter.<\/p>\n<p style=\"\">Nos pondremos en contacto con usted lo antes posible.<\/p>\n<p style=\"\"><span data-attr-id=\"2\" data-attr-multiline=\"0\" data-extra_key=\"1\" data-option-inline=\"1\" data-shortcode=\"thrive_global_fields\" data-shortcode-name=\"[Company] Address\" style=\"\">Chauss\u00e9e de St job , 1180, B\u00e9lgica<\/span><\/p>\n<p style=\"\"><span data-attr-id=\"3\" data-extra_key=\"1\" data-option-inline=\"1\" data-shortcode=\"thrive_global_fields\" data-shortcode-name=\"[Company] Phone number\">+32486030963<\/span><\/p>\n<p style=\"\"><span data-attr-id=\"5\" data-extra_key=\"1\" data-option-inline=\"1\" data-shortcode=\"thrive_global_fields\" data-shortcode-name=\"[Company] Email address\">basma@3bconnected.com<\/span><\/p>\n<div class='fluentform ff-default fluentform_wrapper_25 ffs_default_wrap'><form data-form_id=\"25\" id=\"fluentform_25\" class=\"frm-fluent-form fluent_form_25 ff-el-form-top ff_form_instance_25_1 ff-form-loading ffs_default\" data-form_instance=\"ff_form_instance_25_1\" method=\"POST\" action=\"\" ><fieldset  style=\"border: none!important;margin: 0!important;padding: 0!important;background-color: transparent!important;box-shadow: none!important;outline: none!important; min-inline-size: 100%;\">\n                    <legend class=\"ff_screen_reader_title\" style=\"display: block; margin: 0!important;padding: 0!important;height: 0!important;text-indent: -999999px;width: 0!important;overflow:hidden;\">Formulaire page contact (#25)<\/legend><input type='hidden' name='__fluent_form_embded_post_id' value='9013' \/><input type=\"hidden\" id=\"_fluentform_25_fluentformnonce\" name=\"_fluentform_25_fluentformnonce\" value=\"c289c12676\" \/><input type=\"hidden\" name=\"_wp_http_referer\" value=\"\/es\/wp-json\/wp\/v2\/pages\/9013\" \/><div data-type=\"name-element\" data-name=\"names\" class=\"ff-field_container ff-name-field-wrapper\" ><div class='ff-t-container'><div class='ff-t-cell'><div class='ff-el-group  ff-el-form-hide_label'><div class=\"ff-el-input--label asterisk-right\"><label for='ff_25_names_first_name_' id='label_ff_25_names_first_name_' >Nombre<\/label><\/div><div class='ff-el-input--content'><input type=\"text\" name=\"names[first_name]\" id=\"ff_25_names_first_name_\" class=\"ff-el-form-control\" placeholder=\"Nombre\" aria-invalid=\"false\" aria-required=\"false\"><\/div><\/div><\/div><div class='ff-t-cell'><div class='ff-el-group  ff-el-form-hide_label'><div class=\"ff-el-input--label asterisk-right\"><label for='ff_25_names_last_name_' id='label_ff_25_names_last_name_' >Nombre<\/label><\/div><div class='ff-el-input--content'><input type=\"text\" name=\"names[last_name]\" id=\"ff_25_names_last_name_\" class=\"ff-el-form-control\" placeholder=\"Nombre\" aria-invalid=\"false\" aria-required=\"false\"><\/div><\/div><\/div><\/div><\/div><div class='ff-el-group ff-el-form-hide_label'><div class=\"ff-el-input--label ff-el-is-required asterisk-right\"><label for='ff_25_email' id='label_ff_25_email' aria-label=\"Env\u00ede un correo electr\u00f3nico a\">Env\u00ede un correo electr\u00f3nico a<\/label><\/div><div class='ff-el-input--content'><input type=\"email\" name=\"email\" id=\"ff_25_email\" class=\"ff-el-form-control\" placeholder=\"Adresse email\" data-name=\"email\"  aria-invalid=\"false\" aria-required=\"true\"><\/div><\/div><div class='ff-el-group ff-el-form-hide_label'><div class=\"ff-el-input--label ff-el-is-required asterisk-right\"><label for='ff_25_message' id='label_ff_25_message' aria-label=\"Mensaje\">Mensaje<\/label><\/div><div class='ff-el-input--content'><textarea aria-required=\"true\" aria-labelledby=\"label_ff_25_message\" name=\"message\" id=\"ff_25_message\" class=\"ff-el-form-control\" placeholder=\"Votre message\" rows=\"4\" cols=\"2\" data-name=\"message\" ><\/textarea><\/div><\/div><div class='ff-el-group ff-el-form-hide_label'><div class=\"ff-el-input--label asterisk-right\"><label for='ff_25_phone' id='label_ff_25_phone' aria-label=\"Phone\">Phone<\/label><\/div><div class='ff-el-input--content'><input name=\"phone\" class=\"ff-el-form-control ff-el-phone\" type=\"tel\" placeholder=\"N\u00famero de tel\u00e9fono\" data-name=\"phone\" id=\"ff_25_phone\" inputmode=\"tel\"  aria-invalid='false' aria-required=\"false\"><\/div><\/div><div class='ff-el-group ff-text-center ff_submit_btn_wrapper'><button type=\"submit\" class=\"ff-btn ff-btn-submit ff-btn-lg ff_btn_style wpf_has_custom_css\"  aria-label=\"Enviar\">Enviar<\/button><\/div><\/fieldset><input type=\"hidden\" name=\"trp-form-language\" value=\"es\"\/><\/form><div id='fluentform_25_errors' class='ff-errors-in-stack ff_form_instance_25_1 ff-form-loading_errors ff_form_instance_25_1_errors'><\/div><\/div>            <script type=\"text\/javascript\">\n                window.fluent_form_ff_form_instance_25_1 = {\"id\":\"25\",\"settings\":{\"layout\":{\"labelPlacement\":\"top\",\"helpMessagePlacement\":\"with_label\",\"errorMessagePlacement\":\"inline\",\"cssClassName\":\"\",\"asteriskPlacement\":\"asterisk-right\"},\"restrictions\":{\"denyEmptySubmission\":{\"enabled\":false}}},\"form_instance\":\"ff_form_instance_25_1\",\"form_id_selector\":\"fluentform_25\",\"rules\":{\"names[first_name]\":{\"required\":{\"value\":false,\"message\":\"Este campo es obligatorio\",\"global\":true,\"global_message\":\"Ce champ est obligatoire\"}},\"names[middle_name]\":{\"required\":{\"value\":false,\"message\":\"Este campo es obligatorio\",\"global\":true,\"global_message\":\"Ce champ est obligatoire\"}},\"names[last_name]\":{\"required\":{\"value\":false,\"message\":\"Este campo es obligatorio\",\"global\":true,\"global_message\":\"Ce champ est obligatoire\"}},\"email\":{\"required\":{\"value\":true,\"message\":\"Este campo es obligatorio\",\"global\":true,\"global_message\":\"Ce champ est obligatoire\"},\"email\":{\"value\":true,\"message\":\"Este campo debe contener un correo electr\\u00f3nico v\\u00e1lido\",\"global\":true,\"global_message\":\"Ce champ doit contenir un e-mail valide\"}},\"message\":{\"required\":{\"value\":true,\"message\":\"Este campo es obligatorio\",\"global\":true,\"global_message\":\"Ce champ est obligatoire\"}},\"phone\":{\"required\":{\"value\":false,\"global\":true,\"message\":\"Este campo es obligatorio\",\"global_message\":\"Ce champ est obligatoire\"},\"valid_phone_number\":{\"value\":false,\"global\":true,\"message\":\"El n\\u00famero de tel\\u00e9fono no es v\\u00e1lido \",\"global_message\":\"Le num\\u00e9ro de t\\u00e9l\\u00e9phone est invalide\"}}},\"debounce_time\":300};\n                            <\/script>\n            \n<p>En cas de probl\u00e8me ou si vous avez besoin d&#8217;un quelconque renseignement, veuillez envoyer un mail \u00e0 cette adresse : <a href=\"mailto:basma@3bconnected.com\" style=\"outline: none;\">basma@3bconnected.com<\/a><\/p>\n<h2 style=\"text-align: center;\"><span style=\"font-weight: normal;\">Nuestras redes sociales<\/span><\/h2>\n<p><a href=\"https:\/\/www.facebook.com\/3BLOVECONNECTED\" target=\"_blank\" rel=\"noopener\"><\/a><span><img decoding=\"async\" alt=\"\" data-id=\"6822\" data-init-width=\"750\" data-init-height=\"749\" title=\"49199554_343772792881320_1507522607384100864_n\" loading=\"lazy\" src=\"http:\/\/3bconnected.com\/wp-content\/uploads\/2022\/05\/49199554_343772792881320_1507522607384100864_n.jpg\" data-width=\"240\" data-height=\"240\" style=\"aspect-ratio: auto 750 \/ 749;\" width=\"240\" height=\"240\"><\/span><\/p>\n<p style=\"\">Al igual que nosotros en Facebook <\/p>\n<p><a href=\"https:\/\/www.instagram.com\/basma.baouab_3bconnected\/\" target=\"_blank\" rel=\"noopener\"><\/a><span><img decoding=\"async\" alt=\"\" data-id=\"6823\" data-init-width=\"831\" data-init-height=\"832\" title=\"instagram 3Bconnected\" loading=\"lazy\" src=\"http:\/\/3bconnected.com\/wp-content\/uploads\/2022\/05\/instagram-3Bconnected.png\" data-width=\"333\" data-height=\"334\" width=\"333\" height=\"334\" style=\"aspect-ratio: auto 831 \/ 832;\"><\/span><\/p>\n<p style=\"\">S\u00edganos en Instagram<span style=\"background-color: rgb(228, 180, 65);\"><\/span><\/p>\n<p><a href=\"https:\/\/www.youtube.com\/channel\/UCx1VvXsFiFmV1m048ve9iyw\" target=\"_blank\" rel=\"noopener\"><\/a><span style=\"\"><img decoding=\"async\" alt=\"\" data-id=\"7300\" data-init-width=\"676\" data-init-height=\"480\" title=\"1\" loading=\"lazy\" src=\"http:\/\/3bconnected.com\/wp-content\/uploads\/2022\/05\/1-e1652864236362.png\" data-width=\"415\" data-height=\"295\" style=\"aspect-ratio: auto 676 \/ 480;\" ml-d=\"-5.9220000000000255\" mt-d=\"0\" center-v-d=\"false\" center-h-d=\"false\" width=\"415\" height=\"295\"><\/span><\/p>\n<p style=\"\">Suscribirse en YouTube<\/p>\n<h3 style=\"color: rgb(228, 180, 65) !important; --tcb-applied-color:rgb(228, 180, 65)  !important;\">Aqu\u00ed hay 3 buenas razones para unirse a nosotros ahora<\/h3>\n<p dir=\"ltr\">En cuanto te suscribas a mi bolet\u00edn mensual, te dar\u00e9 lo siguiente como regalo de bienvenida:<\/p>\n<p dir=\"ltr\" style=\"\">\u2764\ufe0f <strong>Mon livre : 7 secrets pour cultiver l&#8217;amour de soi<\/strong><\/p>\n<p dir=\"ltr\" style=\"\">Je vous partage l&#8217;essentiel pour savoir comment cultiver l&#8217;amour de soi rapidement pour commencer \u00e0 profiter de la vie pleinement.<\/p>\n<p dir=\"ltr\">\u2764\ufe0f <strong>Acceso a la comunidad 3BCONNECTED,<\/strong> un grupo de Facebook en el que puedes charlar con nosotros para potenciar tu bienestar.&nbsp;<\/p>\n<p><span style=\"font-size: 18px !important;\">\u2764\ufe0f <strong>Un cadeau surprise<\/strong> pour couronner le tout, offert avec beaucoup d&#8217;amour et d&#8217;attention.<\/span><\/p>\n<h3><span style=\"--tcb-applied-color: rgb(228, 180, 65)  !important; color: rgb(228, 180, 65);\">Nuestro lema.<\/span><\/h3>\n<p dir=\"ltr\"><strong>Creemos juntos un mundo mejor y unido<\/strong><\/p>\n<p dir=\"ltr\" style=\"\">Un monde plus vrai, <strong>en harmonie<\/strong> y en equilibrio con la naturaleza divina.&nbsp;<\/p>\n<p dir=\"ltr\" style=\"\">Les traditions et l&#8217;\u00e9volution de notre monde moderne aujourd&#8217;hui sur le plan&nbsp;physique, scientifique, psychique, technologique et&nbsp;spirituel&nbsp;peuvent nous permettre de construire un monde digne de qui nous somme r\u00e9ellement&#8230;<\/p>\n<p dir=\"ltr\">En cette p\u00e9riode de grand changement plan\u00e9taire, 3BCONNECTED&nbsp;est l\u00e0 pour vous soutenir afin que vous viviez votre plein potentiel en tant que la divinit\u00e9 incarn\u00e9e de votre soi sup\u00e9rieur.&nbsp;<\/p>\n<h1 style=\"\">L&#8217;actualit\u00e9 de <span style=\"font-family: Montserrat; font-weight: 400;\">3<\/span>bconnected llega a ti<\/h1>","protected":false},"excerpt":{"rendered":"<p>contactez-Nous&nbsp; Vous avez une remarque ou une question ? N&#8217;h\u00e9sitez pas \u00e0 nous contacter. Nous reviendrons vers vous dans les plus brefs d\u00e9lais. Chauss\u00e9e de St job , 1180, Belgique +32486030963 basma@3bconnected.com En cas de probl\u00e8me ou si vous avez besoin d&#8217;un quelconque renseignement, veuillez envoyer un mail \u00e0 cette adresse : basma@3bconnected.com Nos m\u00e9dias [&hellip;]<\/p>","protected":false},"author":1,"featured_media":6976,"parent":0,"menu_order":0,"comment_status":"closed","ping_status":"closed","template":"","meta":{"footnotes":""},"wf_page_folders":[],"class_list":["post-9013","page","type-page","status-publish","has-post-thumbnail","hentry","post-wrapper","thrv_wrapper"],"_links":{"self":[{"href":"https:\/\/3bconnected.com\/es\/wp-json\/wp\/v2\/pages\/9013","targetHints":{"allow":["GET"]}}],"collection":[{"href":"https:\/\/3bconnected.com\/es\/wp-json\/wp\/v2\/pages"}],"about":[{"href":"https:\/\/3bconnected.com\/es\/wp-json\/wp\/v2\/types\/page"}],"author":[{"embeddable":true,"href":"https:\/\/3bconnected.com\/es\/wp-json\/wp\/v2\/users\/1"}],"replies":[{"embeddable":true,"href":"https:\/\/3bconnected.com\/es\/wp-json\/wp\/v2\/comments?post=9013"}],"version-history":[{"count":7,"href":"https:\/\/3bconnected.com\/es\/wp-json\/wp\/v2\/pages\/9013\/revisions"}],"predecessor-version":[{"id":11880,"href":"https:\/\/3bconnected.com\/es\/wp-json\/wp\/v2\/pages\/9013\/revisions\/11880"}],"wp:featuredmedia":[{"embeddable":true,"href":"https:\/\/3bconnected.com\/es\/wp-json\/wp\/v2\/media\/6976"}],"wp:attachment":[{"href":"https:\/\/3bconnected.com\/es\/wp-json\/wp\/v2\/media?parent=9013"}],"wp:term":[{"taxonomy":"wf_page_folders","embeddable":true,"href":"https:\/\/3bconnected.com\/es\/wp-json\/wp\/v2\/wf_page_folders?post=9013"}],"curies":[{"name":"wp","href":"https:\/\/api.w.org\/{rel}","templated":true}]}}