{"id":9008,"date":"2022-11-20T01:48:57","date_gmt":"2022-11-20T00:48:57","guid":{"rendered":"https:\/\/3bconnectedcom.eu2.copilhost.cloud\/?page_id=9008"},"modified":"2024-09-04T23:19:09","modified_gmt":"2024-09-04T21:19:09","slug":"tratamiento-energizante","status":"publish","type":"page","link":"https:\/\/3bconnected.com\/es\/tratamiento-energizante\/","title":{"rendered":"Cuidado de la energ\u00eda"},"content":{"rendered":"<h1 style=\"text-align: center;\"><span style=\"\">Tratamiento de la energ\u00eda<\/span><\/h1>\n<\/p>\n<p><strong>\u00bfEn qu\u00e9 consiste un tratamiento energ\u00e9tico? <\/strong><\/p>\n<h2 style=\"text-align: center;\">\u00bfQu\u00e9 es la energ\u00eda?&nbsp;<\/h2>\n<h3 style=\"\"><strong>El t\u00e9rmino \"energ\u00eda\" abarca muchas realidades diferentes.<\/strong><\/h3>\n<p style=\"text-align: justify;\">El cuerpo humano necesita energ\u00eda para que sus \u00f3rganos funcionen, para mantener una temperatura suficiente, para poder esforzarse y para transformar los alimentos en una forma que los \u00f3rganos puedan utilizar.&nbsp;<\/p>\n<p style=\"text-align: justify;\">El cuerpo humano es una f\u00e1brica qu\u00edmica que transforma y consume energ\u00eda.&nbsp;<\/p>\n<p style=\"text-align: justify;\">La energ\u00eda contenida en los alimentos es predigerida por la saliva y luego enviada al est\u00f3mago, donde es descompuesta por la digesti\u00f3n en sus diversos componentes.&nbsp;<\/p>\n<p style=\"text-align: justify;\">Dans l\u2019intestin, l\u2019\u00e9nergie (provenant du sucre essentiellement et id\u00e9alement naturel et vivant des fruits), est r\u00e9cup\u00e9r\u00e9e et envoy\u00e9e dans le sang. Les mati\u00e8res non utilis\u00e9es sont \u00e9vacu\u00e9es. Le coeur, la pompe du circuit, envoie le sang gorg\u00e9 d\u2019oxyg\u00e8ne et d\u2019\u00e9nergie dans les diff\u00e9rentes parties du corps pour alimenter les muscles&#8230;.&nbsp;<\/p>\n<p style=\"text-align: justify;\">Puis il y a aussi l&#8217;\u00e9nergie qui nous entoure, notre corps \u00e9nerg\u00e9tique reli\u00e9 \u00e0 nos centres \u00e9nerg\u00e9tiques (chakra) et qui est invisible pour la majorit\u00e9.<\/p>\n<h3><span>\u00bfC\u00f3mo desequilibramos nuestro cuerpo energ\u00e9tico? <\/span><\/h3>\n<p dir=\"ltr\" style=\"\">Lo primero que hay que saber es que es a trav\u00e9s de nuestros cuerpos energ\u00e9ticos como mantenemos el equilibrio de nuestro cuerpo f\u00edsico.&nbsp;<\/p>\n<p dir=\"ltr\" style=\"\"><strong>Cada vez que experimentas acontecimientos dif\u00edciles, tu energ\u00eda se ve afectada.<\/strong>&nbsp;<\/p>\n<p dir=\"ltr\" style=\"\">Cualquier experiencia, trauma... o choque verbal, f\u00edsico, emocional, ps\u00edquico o visual, crea como manchas oscuras que impedir\u00e1n la transmisi\u00f3n energ\u00e9tica entre la informaci\u00f3n externa e interna.&nbsp;<\/p>\n<p dir=\"ltr\" style=\"\">Posteriormente, esto provocar\u00e1 un desequilibrio en tu estructura energ\u00e9tica en sus distintas \u00e1reas. La energ\u00eda se ralentiza y puede bloquearse y cristalizarse como resultado de pensamientos repetitivos.&nbsp;<\/p>\n<p dir=\"ltr\" style=\"\">Esto provocar\u00e1 un desequilibrio en el cuerpo f\u00edsico, alterando la coordinaci\u00f3n y el funcionamiento adecuados de los \u00f3rganos, as\u00ed como su conciencia. Y \u00a1hola 'mal-\u00e0-dit'!<\/p>\n<h3><span>\u00bfQui\u00e9n puede realizar tratamientos energ\u00e9ticos? &nbsp;<\/span><\/h3>\n<p dir=\"ltr\" style=\"\"><strong>Podemos decir todos.<\/strong>&nbsp;<\/p>\n<p dir=\"ltr\" style=\"\">Aparte de los traumas, las heridas emocionales, etc., tambi\u00e9n podemos disminuir y bloquear la energ\u00eda nosotros mismos cuando no nos respetamos.<\/p>\n<p dir=\"ltr\" style=\"\"><strong>Ejemplos: &nbsp;<\/strong><\/p>\n<ul>\n<li dir=\"ltr\" style=\"\">di s\u00ed en lugar de no,&nbsp;<\/li>\n<li dir=\"ltr\" style=\"\">mentirnos a nosotros mismos o a los dem\u00e1s,&nbsp;<\/li>\n<li dir=\"ltr\" style=\"\">no para desarrollar tu conciencia,&nbsp;<\/li>\n<li dir=\"ltr\" style=\"\">una dieta desequilibrada,&nbsp;<\/li>\n<li dir=\"ltr\" style=\"\">mantener creencias limitantes...<\/li>\n<\/ul>\n<p style=\"\">\n<p dir=\"ltr\" style=\"\">Una sesi\u00f3n de limpieza energ\u00e9tica o de reequilibrio te ayuda a recuperar la armon\u00eda, la alegr\u00eda de vivir, la ligereza, la salud y la claridad de esp\u00edritu, y para colmo, tendr\u00e1s una energ\u00eda nueva y asombrosa.&nbsp;<\/p>\n<h2 dir=\"ltr\" style=\"\">\u00bfCu\u00e1nto dura una sesi\u00f3n?&nbsp;<\/h2>\n<p dir=\"ltr\" style=\"text-align: justify;\"><strong>Se tarda entre 45 minutos y una hora y media de media.<\/strong>&nbsp;<span style=\"--tcb-applied-color: rgb(228, 180, 65)  !important; color: rgb(228, 180, 65);\"><\/span><\/p>\n<p dir=\"ltr\" style=\"text-align: justify;\"><span style=\"--tcb-applied-color: rgb(228, 180, 65)  !important; color: rgb(228, 180, 65);\">EN REALIDAD SOMOS SERES DE ENERG\u00cdA VIBRANTE<\/span>Estamos \u00edntimamente conectados con todo lo dem\u00e1s en el universo, a trav\u00e9s del Campo de Energ\u00eda Universal, que no conoce ni ve l\u00edmites.<\/p>\n<p dir=\"ltr\" style=\"text-align: justify;\">El Universo es un gran campo de energ\u00eda universal. Somos una parte vital de \u00e9l - compartiendo la misma energ\u00eda - \"Energ\u00eda Universal\".&nbsp;<\/p>\n<p dir=\"ltr\" style=\"text-align: justify;\">La f\u00edsica moderna ha demostrado que la materia tal como la conocemos no existe, que en realidad, como dijo Einstein, s\u00f3lo es una forma condensada de energ\u00eda y que esta energ\u00eda, en perpetua vibraci\u00f3n, no es m\u00e1s que luz condensada.<\/p>\n<p dir=\"ltr\" style=\"text-align: justify;\">Vivimos en un mundo hecho de vibraciones, no de materia en el sentido racional del t\u00e9rmino. Nosotros mismos somos un conjunto de vibraciones.<\/p>\n<p dir=\"ltr\" style=\"text-align: justify;\">Es la lentitud de sus vibraciones lo que hace visible nuestro cuerpo. Esto significa que los fen\u00f3menos biol\u00f3gicos no se limitan a los intercambios qu\u00edmicos, sino que forman parte de una homeostasis vibratoria en constante evoluci\u00f3n. Cuando nuestra tasa vibratoria desciende, nuestro cuerpo corre el riesgo de entrar en resonancia con microbios o virus que permanecer\u00edan inofensivos si nuestras vibraciones siguieran siendo m\u00e1s elevadas.<\/p>\n<p>__CONFIG_group_edit__{&#8220;k7w4c47u&#8221;:{&#8220;name&#8221;:&#8221;Price&#8221;,&#8221;singular&#8221;:&#8221;&#8211; Text %s&#8221;},&#8221;k7w4c93a&#8221;:{&#8220;name&#8221;:&#8221;Price Item&#8221;,&#8221;singular&#8221;:&#8221;&#8211; Text %s&#8221;},&#8221;k7w4ci5r&#8221;:{&#8220;name&#8221;:&#8221;Description text&#8221;,&#8221;singular&#8221;:&#8221;&#8211; Text %s&#8221;},&#8221;k7w4ctao&#8221;:{&#8220;name&#8221;:&#8221;Plan Title&#8221;,&#8221;singular&#8221;:&#8221;&#8211; Text %s&#8221;}}__CONFIG_group_edit____CONFIG_local_colors__{&#8220;colors&#8221;:{&#8220;4f7fc&#8221;:&#8221;Link Water&#8221;,&#8221;df423&#8243;:&#8221;Royal Blue&#8221;,&#8221;3aea3&#8243;:&#8221;Nevada&#8221;,&#8221;7bf5b&#8221;:&#8221;Abbey&#8221;,&#8221;9f96a&#8221;:&#8221;Bunker&#8221;,&#8221;cb592&#8243;:&#8221;Mercury&#8221;,&#8221;ed689&#8243;:&#8221;Royal Blue&#8221;},&#8221;gradients&#8221;:{}}__CONFIG_local_colors__  <\/p>\n<h2 style=\"text-align: center;\">Hacia un cambio real<\/h2>\n<p style=\"\">Una sesi\u00f3n dura entre 1h y 1h30.<\/p>\n<p style=\"\">En la primera reuni\u00f3n, nos tomamos el tiempo necesario para aclarar su objetivo preciso, la ruta que quiere seguir para lograr el cambio deseado.<\/p>\n<p style=\"\">El n\u00famero de sesiones es variable y no puede definirse de antemano.<\/p>\n<h2 style=\"text-align: center;\">Su sesi\u00f3n presencial<\/h2>\n<p><span><img decoding=\"async\" alt=\"\" data-id=\"8154\" width=\"424\" data-init-width=\"250\" height=\"424\" data-init-height=\"250\" title=\"Bconectado (4)\" loading=\"lazy\" src=\"http:\/\/3bconnected.com\/wp-content\/uploads\/2022\/06\/Bconnected-4.png\" data-width=\"424\" data-height=\"424\" style=\"\"><\/span><\/p>\n<h2 style=\"text-align: center;\">Su sesi\u00f3n de v\u00eddeo<\/h2>\n<p style=\"\"><span style=\"font-size: 18px;\">Est\u00e1 especialmente indicado para las personas que no pueden acudir a mi consulta.<\/span><\/p>\n<p style=\"\"><span style=\"font-size: 18px;\">Aseg\u00farate de que tienes una buena conexi\u00f3n a Internet, de que est\u00e1s c\u00f3modamente sentado y de que est\u00e1s aislado para que no te molesten.<\/span><\/p>\n<p style=\"\"><span style=\"font-size: 18px;\">Cuando concierte su cita, le enviar\u00e9 el enlace de conexi\u00f3n.<\/span><\/p>\n<p>  [tcb-script src=&#8221;https:\/\/asset-tidycal.b-cdn.net\/\/js\/embed.js&#8221;][\/tcb-script]   <\/p>\n<p style=\"\">\u00a9 2019-2022, <span style=\"\"><a data-cke-saved-href=\"http:\/\/www.devenirinfopreneur.com\/conditions-generales-de-vente\" href=\"http:\/\/www.devenirinfopreneur.com\/conditions-generales-de-vente\" target=\"_blank\" style=\"outline: none;\" rel=\"noopener\"><span style=\"\"><span data-attr-id=\"1\" data-extra_key=\"1\" data-option-inline=\"1\" data-shortcode=\"thrive_global_fields\" data-shortcode-name=\"[Company] Name\" style=\"\">3conectado<\/span><\/span><\/a>&nbsp;&nbsp;<span style=\"\">| <\/span><\/span><a href=\"http:\/\/3bconnected.com\/es\/contactar-con\/\" target=\"_blank\" rel=\"nofollow noopener\" style=\"outline: none;\"><span style=\"\"><span style=\"\">Contacte con<\/span><\/span><\/a><span style=\"\"><span style=\"\">&nbsp;| <\/span><\/span><a href=\"http:\/\/3bconnected.com\/es\/politica-de-privacidad-2\/\" target=\"_blank\" rel=\"nofollow noopener\" style=\"outline: none;\"><span style=\"\"><span style=\"\">Pol\u00edtica de privacidad<\/span><\/span><\/a><span style=\"\"><span style=\"\">&nbsp;| <\/span><\/span><a href=\"http:\/\/3bconnected.com\/es\/anotaciones\/\" target=\"_blank\" rel=\"nofollow noopener\" style=\"outline: none;\"><span style=\"\"><span style=\"\">avisos legales<\/span><\/span><\/a><\/p>\n<p style=\"font-size: 16px !important;\">Con todo mi amor. Basma<\/p>","protected":false},"excerpt":{"rendered":"<p>Soin \u00e9nerg\u00e9tique L\u2019\u00e9nergie et en quoi consiste un soin \u00e9nerg\u00e9tique ? C\u2019est quoi l\u2019\u00e9nergie ?&nbsp; Le terme \u00ab \u00e9nergie \u00bb recouvre des r\u00e9alit\u00e9s nombreuses et diverses. Le corps humain a besoin d\u2019\u00e9nergie pour maintenir les organes en fonctionnement, assurer une temp\u00e9rature suffisante, permettre d\u2019accomplir des efforts et transformer les aliments en une forme que les [&hellip;]<\/p>","protected":false},"author":1,"featured_media":5283,"parent":0,"menu_order":0,"comment_status":"closed","ping_status":"closed","template":"","meta":{"footnotes":""},"wf_page_folders":[],"class_list":["post-9008","page","type-page","status-publish","has-post-thumbnail","hentry","post-wrapper","thrv_wrapper"],"_links":{"self":[{"href":"https:\/\/3bconnected.com\/es\/wp-json\/wp\/v2\/pages\/9008","targetHints":{"allow":["GET"]}}],"collection":[{"href":"https:\/\/3bconnected.com\/es\/wp-json\/wp\/v2\/pages"}],"about":[{"href":"https:\/\/3bconnected.com\/es\/wp-json\/wp\/v2\/types\/page"}],"author":[{"embeddable":true,"href":"https:\/\/3bconnected.com\/es\/wp-json\/wp\/v2\/users\/1"}],"replies":[{"embeddable":true,"href":"https:\/\/3bconnected.com\/es\/wp-json\/wp\/v2\/comments?post=9008"}],"version-history":[{"count":3,"href":"https:\/\/3bconnected.com\/es\/wp-json\/wp\/v2\/pages\/9008\/revisions"}],"predecessor-version":[{"id":11292,"href":"https:\/\/3bconnected.com\/es\/wp-json\/wp\/v2\/pages\/9008\/revisions\/11292"}],"wp:featuredmedia":[{"embeddable":true,"href":"https:\/\/3bconnected.com\/es\/wp-json\/wp\/v2\/media\/5283"}],"wp:attachment":[{"href":"https:\/\/3bconnected.com\/es\/wp-json\/wp\/v2\/media?parent=9008"}],"wp:term":[{"taxonomy":"wf_page_folders","embeddable":true,"href":"https:\/\/3bconnected.com\/es\/wp-json\/wp\/v2\/wf_page_folders?post=9008"}],"curies":[{"name":"wp","href":"https:\/\/api.w.org\/{rel}","templated":true}]}}