{"id":8968,"date":"2022-11-18T08:43:53","date_gmt":"2022-11-18T07:43:53","guid":{"rendered":"https:\/\/3bconnectedcom.eu2.copilhost.cloud\/?page_id=8968"},"modified":"2023-11-02T21:41:35","modified_gmt":"2023-11-02T20:41:35","slug":"hipnosis","status":"publish","type":"page","link":"https:\/\/3bconnected.com\/es\/hipnosis\/","title":{"rendered":"Hipnosis"},"content":{"rendered":"<h1 style=\"text-align: center;\"><span>Hipnosis<\/span><\/h1>\n<p style=\"text-align: center;\">L&#8217;\u00e9tat hypnotique est un \u00e9tat modifi\u00e9 de conscience, une forme de concentration en partie consciente, r\u00e9ceptive et int\u00e9gr\u00e9e que chacun est capable d\u2019atteindre de mani\u00e8re naturelle.<\/p>\n<h2 style=\"text-align: center;\">7 questions pour comprendre l&#8217;hypnose&nbsp;<\/h2>\n<h2 style=\"text-align: center;\">1<\/h2>\n<h4>\u00bfCu\u00e1l es la diferencia entre hipnosis e hipnoterapia?<\/h4>\n<h4>L&#8217;hypnose :<\/h4>\n<p style=\"text-align: left;\">Se trata de un estado modificado de conciencia accesible a todo el mundo y que se utiliza con diversos fines: hipnosis para espect\u00e1culos, cine, publicidad, ciencia, etc.<\/p>\n<h4 dir=\"ltr\" style=\"\">L&#8217;hypnoth\u00e9rapie :<\/h4>\n<p dir=\"ltr\" style=\"text-align: left;\">C\u2019est, comme son nom l&#8217;indique, une th\u00e9rapie \u00e0 travers l&#8217;hypnose. C&#8217;est-\u00e0-dire que nous allons travailler avec cet \u00e9tat hypnotique accessible par chacun dans un but th\u00e9rapeutique (gestion du stress, traitement des phobies, des addictions, des maux de t\u00eates, programmation mentale, changer des habitudes\u2026)<\/p>\n<h2 style=\"text-align: center;\">2<\/h2>\n<h4>Peut-on comparer l&#8217;hypnose au sommeil ?<\/h4>\n<p style=\"text-align: left;\">Por supuesto que no. Hace mucho tiempo que se ha demostrado que la hipnosis no es una forma de sue\u00f1o, gracias a los encefalogramas (E.E.G.). Gracias a todas las t\u00e9cnicas modernas de investigaci\u00f3n m\u00e9dica por imagen, hemos podido demostrar que la hipnosis es un estado de alteraci\u00f3n de la conciencia entre la vigilia y el sue\u00f1o, a veces incluso m\u00e1s all\u00e1 de la vigilia. Se puede estar en un estado de hiperactivaci\u00f3n durante el estado hipn\u00f3tico.<\/p>\n<p dir=\"ltr\" style=\"text-align: left;\">La hipnosis no es un estado de sue\u00f1o, inconsciencia o relajaci\u00f3n. Al contrario, al igual que la meditaci\u00f3n, es un estado de alerta intensa y de sobreconcentraci\u00f3n. La sobreconcentraci\u00f3n permite despertar funciones cerebrales normalmente inactivas mediante la acci\u00f3n de la memoria y la imaginaci\u00f3n. Bajo hipnosis, el cerebro viaja en ondas cerebrales conocidas como ondas Theta (mientras que la vigilia corresponde a las ondas Beta). Estas ondas Theta favorecen el aprendizaje, la creatividad y la resoluci\u00f3n de problemas. Una vez facilitado el acceso a nuestro mundo interior, nuestra imaginaci\u00f3n nos permitir\u00e1 transformar viejas asociaciones de ideas creadas por el subconsciente.<\/p>\n<h2 style=\"text-align: center;\">3<\/h2>\n<h4>\u00bfC\u00f3mo lo hacemos?<\/h4>\n<p dir=\"ltr\" style=\"text-align: left;\">En primer lugar, utilizamos una t\u00e9cnica de focalizaci\u00f3n de la atenci\u00f3n que se adapte al paciente. Una vez que ha funcionado, ayudamos al paciente con la comunicaci\u00f3n hipn\u00f3tica. Hay toda una gram\u00e1tica hipn\u00f3tica que permite al paciente pasar gradualmente de un modo de funcionamiento voluntario y consciente a un modo de funcionamiento natural y espont\u00e1neo en el que ya no se utiliza la fuerza de voluntad habitual y en el que se descubren modos de funcionamiento no voluntarios, como el poder de las im\u00e1genes mentales sobre el cuerpo.<\/p>\n<h2 style=\"text-align: center;\">4<\/h2>\n<h4>Est ce que l&#8217;on est conscient lorsqu&#8217; on est en \u00e9tat d&#8217;hypnose ?<\/h4>\n<p dir=\"ltr\" style=\"text-align: left;\">Oui, l\u2019hypnose n\u2019est pas du sommeil. En effet, il s\u2019agit d\u2019un \u00e9tat de conscience modifi\u00e9, de concentration \u00e9veill\u00e9e, que chacun est capable d\u2019atteindre de mani\u00e8re naturelle. En hypnose, on d\u00e9veloppe une \u00ab conscience parall\u00e8le \u00bb, \u00e0 la conscience d&#8217;\u00e9veil. Cela permet au sujet d\u2019\u00eatre en relation avec autrui, tout en s\u2019impliquant dans &nbsp;d\u2019autres facettes de sa propre exp\u00e9rience de vie.<\/p>\n<h2 style=\"text-align: center;\">5<\/h2>\n<h4>Garde &#8211; t &#8211; on un souvenir d&#8217;une s\u00e9ance d&#8217;hypnose ?<\/h4>\n<p dir=\"ltr\" style=\"text-align: left;\">S\u00ed, en la gran mayor\u00eda de los casos, lo recordamos todo: lo que ocurri\u00f3 durante la hipnosis, lo que pensamos, lo que dijo el hipnoterapeuta. A veces hay partes que se nos olvidan, igual que podemos olvidar parte de una conferencia aunque hayamos estado atentos a ella de principio a fin. Nuestro cerebro es capaz de no recordarlo todo. Esto puede ser m\u00e1s c\u00f3modo para el cerebro.<\/p>\n<h2 style=\"text-align: center;\">6<\/h2>\n<h4>Garde-t-on le contr\u00f4le de ses actes lorsqu&#8217;on est en \u00e9tat d&#8217;hypnose ?<\/h4>\n<p dir=\"ltr\" style=\"text-align: left;\">Siempre eres consciente de tus acciones porque est\u00e1s consciente en el estado hipn\u00f3tico. Sabes lo que ocurre, lo que haces y lo que el terapeuta hace o deja de hacer. Por lo tanto, eres consciente de lo que haces. Sin embargo, lo interesante es descubrir ciertos fen\u00f3menos espont\u00e1neos, como los movimientos autom\u00e1ticos.<\/p>\n<h2 style=\"text-align: center;\">7<\/h2>\n<h4>Ce que l&#8217;on peut am\u00e9liorer et faire avec de l&#8217;hypnose ?<\/h4>\n<p ltr\"\"=\"\">\n<ul>\n<li dir=\"ltr\" style=\"text-align: left;\">Redescubrir la serenidad&nbsp;<\/li>\n<li dir=\"ltr\" style=\"text-align: left;\">Dejar de fumar&nbsp;<\/li>\n<li dir=\"ltr\" style=\"text-align: left;\">Perder peso&nbsp;<\/li>\n<li dir=\"ltr\" style=\"text-align: left;\">Gesti\u00f3n de los trastornos alimentarios y la bulimia.<\/li>\n<li dir=\"ltr\" style=\"text-align: left;\">La capacidad de gestionar las emociones y el estr\u00e9s, el miedo esc\u00e9nico...<\/li>\n<li dir=\"ltr\" style=\"text-align: left;\">Capacidad de concentraci\u00f3n y memorizaci\u00f3n, que puede facilitar el aprendizaje.<\/li>\n<li dir=\"ltr\" style=\"text-align: left;\">La confiance en soi, l&#8217;assurance, l&#8217;affirmation de soi<\/li>\n<li dir=\"ltr\" style=\"text-align: left;\">L&#8217;image de soi<\/li>\n<li dir=\"ltr\" style=\"text-align: left;\">L&#8217;estime de soi<\/li>\n<li dir=\"ltr\" style=\"text-align: left;\">Capacidad para afrontar situaciones nuevas<\/li>\n<li dir=\"ltr\" style=\"text-align: left;\">La cr\u00e9ativit\u00e9 psychologique et l&#8217;intelligence \u00e9motionnelle<\/li>\n<li dir=\"ltr\" style=\"text-align: left;\">Creatividad profesional y art\u00edstica<\/li>\n<li dir=\"ltr\" style=\"text-align: left;\">L&#8217;\u00e9panouissement sexuel<\/li>\n<li dir=\"ltr\" style=\"text-align: left;\">Rendimiento deportivo<\/li>\n<li dir=\"ltr\" style=\"text-align: left;\">Desempe\u00f1o profesional manual o intelectual<\/li>\n<li dir=\"ltr\" style=\"text-align: left;\">Le contr\u00f4le de l&#8217;esprit sur le corps : on peut s&#8217;anesth\u00e9sier sous hypnose par exemple<\/li>\n<li dir=\"ltr\" style=\"text-align: left;\">Calidad de vida<\/li>\n<li dir=\"ltr\" style=\"text-align: left;\">Bienestar f\u00edsico y mental<\/li>\n<li dir=\"ltr\" style=\"text-align: left;\">Cambia y lib\u00e9rate del malestar...<\/li>\n<\/ul>\n<h2 style=\"text-align: center;\">Hacia un cambio real<\/h2>\n<p>Una sesi\u00f3n dura entre 1h y 1h30. <\/p>\n<p>En la primera reuni\u00f3n, nos tomamos el tiempo necesario para aclarar su objetivo preciso, la ruta que quiere seguir para lograr el cambio deseado.<\/p>\n<p>El n\u00famero de sesiones es variable y no puede definirse de antemano.<\/p>\n<h2 style=\"text-align: center;\">Su sesi\u00f3n presencial<\/h2>\n<p><span><img decoding=\"async\" alt=\"\" data-id=\"8154\" width=\"306\" data-init-width=\"250\" height=\"250\" data-init-height=\"250\" title=\"Bconectado (4)\" loading=\"lazy\" src=\"http:\/\/3bconnected.com\/wp-content\/uploads\/2022\/06\/Bconnected-4.png\" data-width=\"306\" style=\"aspect-ratio: auto 250 \/ 250;\"><\/span><\/p>\n<p style=\"text-align: center;\">Avinguda Diagonal, 409, 1\u00aa planta, 08008 Barcelona.<\/p>\n<h2 style=\"text-align: center;\">V<span data-id=\"0\" data-type=\"false\" style=\"display: none; line-height: 0;\"><\/span><span data-id=\"0\" data-type=\"true\" style=\"display: none; line-height: 0;\"><\/span>uestra sesi\u00f3n de v\u00eddeo<\/h2>\n<p style=\"\">Est\u00e1 especialmente indicado para las personas que no pueden acudir a mi consulta.<\/p>\n<p style=\"\">Aseg\u00farate de que tienes una buena conexi\u00f3n a Internet, de que est\u00e1s c\u00f3modamente sentado y de que est\u00e1s aislado para que no te molesten.<\/p>\n<p style=\"\">Cuando concierte su cita, le enviar\u00e9 el enlace de conexi\u00f3n.<\/p>\n<p>[tcb-script src=&#8221;https:\/\/asset-tidycal.b-cdn.net\/\/js\/embed.js&#8221;][\/tcb-script]<\/p>","protected":false},"excerpt":{"rendered":"<p>Hypnose L&#8217;\u00e9tat hypnotique est un \u00e9tat modifi\u00e9 de conscience, une forme de concentration en partie consciente, r\u00e9ceptive et int\u00e9gr\u00e9e que chacun est capable d\u2019atteindre de mani\u00e8re naturelle. 7 questions pour comprendre l&#8217;hypnose&nbsp; 1 La diff\u00e9rence entre hypnose et hypnoth\u00e9rapie ? L&#8217;hypnose : C\u2019est un \u00e9tat modifi\u00e9 de conscience accessible \u00e0 tous et est utilis\u00e9 dans [&hellip;]<\/p>","protected":false},"author":1,"featured_media":5283,"parent":0,"menu_order":0,"comment_status":"closed","ping_status":"closed","template":"","meta":{"footnotes":""},"wf_page_folders":[],"class_list":["post-8968","page","type-page","status-publish","has-post-thumbnail","hentry","post-wrapper","thrv_wrapper"],"_links":{"self":[{"href":"https:\/\/3bconnected.com\/es\/wp-json\/wp\/v2\/pages\/8968","targetHints":{"allow":["GET"]}}],"collection":[{"href":"https:\/\/3bconnected.com\/es\/wp-json\/wp\/v2\/pages"}],"about":[{"href":"https:\/\/3bconnected.com\/es\/wp-json\/wp\/v2\/types\/page"}],"author":[{"embeddable":true,"href":"https:\/\/3bconnected.com\/es\/wp-json\/wp\/v2\/users\/1"}],"replies":[{"embeddable":true,"href":"https:\/\/3bconnected.com\/es\/wp-json\/wp\/v2\/comments?post=8968"}],"version-history":[{"count":5,"href":"https:\/\/3bconnected.com\/es\/wp-json\/wp\/v2\/pages\/8968\/revisions"}],"predecessor-version":[{"id":9502,"href":"https:\/\/3bconnected.com\/es\/wp-json\/wp\/v2\/pages\/8968\/revisions\/9502"}],"wp:featuredmedia":[{"embeddable":true,"href":"https:\/\/3bconnected.com\/es\/wp-json\/wp\/v2\/media\/5283"}],"wp:attachment":[{"href":"https:\/\/3bconnected.com\/es\/wp-json\/wp\/v2\/media?parent=8968"}],"wp:term":[{"taxonomy":"wf_page_folders","embeddable":true,"href":"https:\/\/3bconnected.com\/es\/wp-json\/wp\/v2\/wf_page_folders?post=8968"}],"curies":[{"name":"wp","href":"https:\/\/api.w.org\/{rel}","templated":true}]}}