{"id":8953,"date":"2022-11-18T05:04:55","date_gmt":"2022-11-18T04:04:55","guid":{"rendered":"https:\/\/3bconnectedcom.eu2.copilhost.cloud\/?page_id=8953"},"modified":"2023-05-23T11:02:49","modified_gmt":"2023-05-23T09:02:49","slug":"coaching-2","status":"publish","type":"page","link":"https:\/\/3bconnected.com\/es\/coaching-2\/","title":{"rendered":"Coaching"},"content":{"rendered":"<h1 style=\"text-align: center;\"><span style=\"\">Coaching<\/span><\/h1>\n<p style=\"text-align: center;\">El coaching es un proceso de reorganizaci\u00f3n y clarificaci\u00f3n necesario para poner en marcha un proyecto, una relaci\u00f3n...<\/p>\n<p style=\"text-align: center;\"><strong>o simplemente tu vida.<\/strong><\/p>\n<p style=\"text-align: center;\">MANTENTE CONECTADO<\/p>\n<p><a href=\"https:\/\/www.facebook.com\/3BLOVECONNECTED\" target=\"_blank\" rel=\"noopener\"><\/a><a href=\"https:\/\/www.instagram.com\/basma.baouab\/\" target=\"_blank\" rel=\"nofollow noopener\"><\/a><a href=\"https:\/\/www.youtube.com\/channel\/UCx1VvXsFiFmV1m048ve9iyw\" target=\"_blank\" rel=\"noopener\"><\/a><\/p>\n<h2 style=\"text-align: center;\">Notre Coaching c&#8217;est quoi?<\/h2>\n<p style=\"text-align: center;\">Se trata de un <span style=\"\">m\u00e9todo de apoyo r\u00e1pido<\/span> mejorar las capacidades y el rendimiento de un individuo o un grupo mediante la adquisici\u00f3n de nuevos conocimientos y la sensibilizaci\u00f3n.<\/p>\n<p style=\"text-align: center;\">Una sesi\u00f3n de coaching puede ayudarte a encontrar soluciones donde t\u00fa s\u00f3lo ves obst\u00e1culos y problemas. De este modo, aprender\u00e1s a encontrar tus propias soluciones y a desarrollar tu potencial.<\/p>\n<h2 style=\"text-align: center;\">Notre Coaching c&#8217;est quoi?<\/h2>\n<p style=\"text-align: left;\">Se trata de un <span style=\"\">m\u00e9todo de apoyo r\u00e1pido<\/span> mejorar las capacidades y el rendimiento de un individuo o un grupo mediante la adquisici\u00f3n de nuevos conocimientos y la sensibilizaci\u00f3n.<\/p>\n<p style=\"text-align: left;\">Una sesi\u00f3n de coaching puede ayudarte a encontrar soluciones donde t\u00fa s\u00f3lo ves obst\u00e1culos y problemas. De este modo, aprender\u00e1s a encontrar tus propias soluciones y a desarrollar tu potencial.<\/p>\n<h3 style=\"color: rgb(224, 178, 65) !important; --tcb-applied-color:rgb(224, 178, 65)  !important;\"><span>\u00bfC\u00f3mo funciona esto en la pr\u00e1ctica?&nbsp;<\/span><\/h3>\n<p style=\"text-align: left;\">Al principio, <strong><span>acordamos una primera cita 30 min ofrecida<\/span><\/strong>Aqu\u00ed es donde nos presentamos para que yo pueda proyectarme en tu entorno. Y, por supuesto, se establece entre nosotros una relaci\u00f3n de confianza. Esta es la piedra angular de cualquier relaci\u00f3n. Es esencial antes de ir m\u00e1s lejos.<\/p>\n<p style=\"text-align: left;\"><span>El tiempo de coaching es tiempo para ti. Se trata de tu vida. <\/span><\/p>\n<h3 style=\"\"><span style=\"\">\u00bfCu\u00e1ndo se debe consultar a un coach?<\/span><\/h3>\n<p style=\"text-align: left;\">Il n\u2019est pas n\u00e9cessaire d&#8217;aller mal pour consulter un coach. Il suffit d\u2019\u00eatre bloqu\u00e9(e), insatisfait(e), stress\u00e9(e), juste comprendre un ph\u00e9nom\u00e8ne ou un aspect de votre vie ou tout simplement vous voulez plus de clart\u00e9 et d\u2019ordre dans vos id\u00e9es pour mieux visualiser vos projets et objectifs..<\/p>\n<p style=\"text-align: left;\">Si no lo haces, te encontrar\u00e1s procrastinando, desanimado o incluso abandonando tus objetivos, y entonces es m\u00e1s probable que aparezcan la ansiedad y la frustraci\u00f3n.<\/p>\n<h3><span>\u00bfC\u00f3mo funciona la sesi\u00f3n? <\/span><\/h3>\n<p style=\"text-align: left;\">A trav\u00e9s de la conversaci\u00f3n, podr\u00e9 entender tus limitaciones y bloqueos emocionales. A continuaci\u00f3n, analizar\u00e9 las situaciones que hayas vivido entre sesiones y elaborar\u00e9 un plan de acci\u00f3n para ayudarte a alcanzar tus objetivos.&nbsp;<\/p>\n<p style=\"text-align: left;\">Puedo utilizar herramientas como PNL, hipnosis, energ\u00e9tica, neuro-sugesti\u00f3n, eft... para ayudarte a conocerte mejor y liberarte de los obst\u00e1culos que bloquean tu camino. Para que puedas avanzar hacia tu destino con confianza y lleno de alegr\u00eda.<\/p>\n<p style=\"text-align: left;\">Aussi gr\u00e2ce \u00e0 ma passion pour les civilisations d\u2019autrefois, j&#8217;ai commenc\u00e9 \u00e0 m\u2019int\u00e9resser \u00e0 toutes sortes de domaines : les religions, l\u2019<strong>ser humano<\/strong> y su inteligencia. Estudiar y estar interesado en la ciencia moderna, la f\u00edsica cu\u00e1ntica y la relaci\u00f3n que tenemos entre el<strong> cuerpo, mente y energ\u00eda<\/strong>.<\/p>\n<p style=\"text-align: left;\">Tambi\u00e9n requiere su dedicaci\u00f3n y compromiso para que los resultados sean r\u00e1pidos, pero sobre todo eficaces y duraderos.<strong>.<\/strong><\/p>\n<p style=\"text-align: left;\"><strong>Mi escucha atenta no juzga. Es importante que te sientas libre y seguro de compartir lo que te preocupa para alcanzar tu objetivo. <\/strong><\/p>\n<h3 style=\"text-align: center;\"><span>\u00bfd\u00f3nde?&nbsp;<\/span><\/h3>\n<p dir=\"ltr\" style=\"\">Las sesiones pueden ser presenciales, si le conviene, o en l\u00ednea, si lo desea.&nbsp;<\/p>\n<p dir=\"ltr\" style=\"\"><strong>PS :<\/strong>&nbsp;Esto no disminuye en absoluto la calidad del apoyo ni de los resultados.&nbsp;<\/p>\n<p dir=\"ltr\" style=\"\">Todo lo que necesitas es un lugar c\u00f3modo y tranquilo y una buena conexi\u00f3n wifi.<\/p>\n<h3 style=\"text-align: center;\"><span>\u00bfCu\u00e1nto dura una sesi\u00f3n?<\/span><\/h3>\n<p dir=\"ltr\">En funci\u00f3n del objetivo que se quiera alcanzar, se pueden realizar varias sesiones de <strong>De 1h a 1h30<\/strong> cada uno.&nbsp;<\/p>\n<p>__CONFIG_group_edit__{&#8220;k7w4c47u&#8221;:{&#8220;name&#8221;:&#8221;Price&#8221;,&#8221;singular&#8221;:&#8221;&#8211; Text %s&#8221;},&#8221;k7w4c93a&#8221;:{&#8220;name&#8221;:&#8221;Price Item&#8221;,&#8221;singular&#8221;:&#8221;&#8211; Text %s&#8221;},&#8221;k7w4ci5r&#8221;:{&#8220;name&#8221;:&#8221;Description text&#8221;,&#8221;singular&#8221;:&#8221;&#8211; Text %s&#8221;},&#8221;k7w4ctao&#8221;:{&#8220;name&#8221;:&#8221;Plan Title&#8221;,&#8221;singular&#8221;:&#8221;&#8211; Text %s&#8221;}}__CONFIG_group_edit____CONFIG_local_colors__{&#8220;colors&#8221;:{&#8220;4f7fc&#8221;:&#8221;Link Water&#8221;,&#8221;df423&#8243;:&#8221;Royal Blue&#8221;,&#8221;3aea3&#8243;:&#8221;Nevada&#8221;,&#8221;7bf5b&#8221;:&#8221;Abbey&#8221;,&#8221;9f96a&#8221;:&#8221;Bunker&#8221;,&#8221;cb592&#8243;:&#8221;Mercury&#8221;,&#8221;ed689&#8243;:&#8221;Royal Blue&#8221;},&#8221;gradients&#8221;:{}}__CONFIG_local_colors__  <\/p>\n<h2 style=\"text-align: center;\">Hacia un cambio real<\/h2>\n<p style=\"\">Una sesi\u00f3n dura entre 1h y 1h30.<\/p>\n<p style=\"\">En la primera reuni\u00f3n, nos tomamos el tiempo necesario para aclarar su objetivo preciso, la ruta que quiere seguir para lograr el cambio deseado.<\/p>\n<p style=\"\">El n\u00famero de sesiones es variable y no puede definirse de antemano.<\/p>\n<h2 style=\"text-align: center;\">Su sesi\u00f3n presencial<\/h2>\n<p><span><img decoding=\"async\" alt=\"\" data-id=\"8154\" width=\"424\" data-init-width=\"250\" height=\"424\" data-init-height=\"250\" title=\"Bconectado (4)\" loading=\"lazy\" src=\"http:\/\/3bconnected.com\/wp-content\/uploads\/2022\/06\/Bconnected-4.png\" data-width=\"424\" data-height=\"424\" style=\"\"><\/span><\/p>\n<h2 style=\"text-align: center;\">Su sesi\u00f3n de v\u00eddeo<\/h2>\n<p style=\"\"><span style=\"font-size: 18px;\">Est\u00e1 especialmente indicado para las personas que no pueden acudir a mi consulta.<\/span><\/p>\n<p style=\"\"><span style=\"font-size: 18px;\">Aseg\u00farate de que tienes una buena conexi\u00f3n a Internet, de que est\u00e1s c\u00f3modamente sentado y de que est\u00e1s aislado para que no te molesten.<\/span><\/p>\n<p style=\"\"><span style=\"font-size: 18px;\">Cuando concierte su cita, le enviar\u00e9 el enlace de conexi\u00f3n.<\/span><\/p>\n<p>  [tcb-script src=&#8221;https:\/\/asset-tidycal.b-cdn.net\/\/js\/embed.js&#8221;][\/tcb-script]   <\/p>","protected":false},"excerpt":{"rendered":"<p>Coaching Le coaching est une r\u00e9organisation et une clarification n\u00e9cessaire pour entamer un projet, une relation\u2026 ou tout simplement votre vie. RESTEZ CONNECTER Notre Coaching c&#8217;est quoi? C\u2019est une m\u00e9thode d\u2019accompagnement rapide et personnalis\u00e9e pour am\u00e9liorer les comp\u00e9tences et la performance d\u2019une personne, un groupe.. gr\u00e2ce \u00e0 l\u2019acquisition de nouvelles connaissances et l\u2019\u00e9veil de la [&hellip;]<\/p>","protected":false},"author":1,"featured_media":5283,"parent":0,"menu_order":0,"comment_status":"closed","ping_status":"closed","template":"","meta":{"footnotes":""},"wf_page_folders":[],"class_list":["post-8953","page","type-page","status-publish","has-post-thumbnail","hentry","post-wrapper","thrv_wrapper"],"_links":{"self":[{"href":"https:\/\/3bconnected.com\/es\/wp-json\/wp\/v2\/pages\/8953","targetHints":{"allow":["GET"]}}],"collection":[{"href":"https:\/\/3bconnected.com\/es\/wp-json\/wp\/v2\/pages"}],"about":[{"href":"https:\/\/3bconnected.com\/es\/wp-json\/wp\/v2\/types\/page"}],"author":[{"embeddable":true,"href":"https:\/\/3bconnected.com\/es\/wp-json\/wp\/v2\/users\/1"}],"replies":[{"embeddable":true,"href":"https:\/\/3bconnected.com\/es\/wp-json\/wp\/v2\/comments?post=8953"}],"version-history":[{"count":2,"href":"https:\/\/3bconnected.com\/es\/wp-json\/wp\/v2\/pages\/8953\/revisions"}],"predecessor-version":[{"id":9386,"href":"https:\/\/3bconnected.com\/es\/wp-json\/wp\/v2\/pages\/8953\/revisions\/9386"}],"wp:featuredmedia":[{"embeddable":true,"href":"https:\/\/3bconnected.com\/es\/wp-json\/wp\/v2\/media\/5283"}],"wp:attachment":[{"href":"https:\/\/3bconnected.com\/es\/wp-json\/wp\/v2\/media?parent=8953"}],"wp:term":[{"taxonomy":"wf_page_folders","embeddable":true,"href":"https:\/\/3bconnected.com\/es\/wp-json\/wp\/v2\/wf_page_folders?post=8953"}],"curies":[{"name":"wp","href":"https:\/\/api.w.org\/{rel}","templated":true}]}}