{"id":8909,"date":"2022-11-17T01:50:33","date_gmt":"2022-11-17T00:50:33","guid":{"rendered":"https:\/\/3bconnectedcom.eu2.copilhost.cloud\/?page_id=8909"},"modified":"2024-09-05T00:40:55","modified_gmt":"2024-09-04T22:40:55","slug":"tu-transformacion","status":"publish","type":"page","link":"https:\/\/3bconnected.com\/es\/tu-transformacion\/","title":{"rendered":"<strong>Su transformaci\u00f3n<\/strong>"},"content":{"rendered":"<h2 style=\"text-align: center;\">Le processus de votre Transformation<\/h2>\n<p style=\"text-align: left;\"><em>&#8220;Tout \u00eatre vivant passe par ce syst\u00e8me de transformation, tout comme le papillon et sa chrysalide&#8221;<\/em>&nbsp;<\/p>\n<p style=\"text-align: left;\">He creado un programa de apoyo que re\u00fane todas las etapas por las que pasa el ser humano o el alma, que viaja para alcanzar su transformaci\u00f3n y evoluci\u00f3n.<\/p>\n<p style=\"text-align: left;\">De quoi s&#8217;agit-il ? Ce programme s&#8217;appelle :<\/p>\n<p dir=\"ltr\" style=\"text-align: center;\"><strong>D\u00e9programmation &#8211; chemin vers soi.<\/strong><\/p>\n<p style=\"\"><strong> <\/strong><\/p>\n<p dir=\"ltr\" style=\"\"><strong>Este programa es el fruto, el zumo de todas las etapas por las que he pasado<\/strong> y que descubr\u00ed buscando mi propia verdad, a trav\u00e9s de multitud de experiencias f\u00edsicas, psicol\u00f3gicas, emocionales y personales.<\/p>\n<p style=\"\"><strong> <\/strong><\/p>\n<p style=\"\">Hoy vivimos tiempos sin precedentes, en los que una crisis se sucede a otra (pandemia, calentamiento global, guerra, inflaci\u00f3n, crisis econ\u00f3mica, etc.) afect\u00e1ndonos a todos en mayor o menor medida.<\/p>\n<p style=\"\"><strong>El silencio ante esta situaci\u00f3n ya no es bienvenido<\/strong>. Como esto afecta a nuestros pensamientos, a nuestro estado de \u00e1nimo y a nuestra salud mental, acaba contagi\u00e1ndose y expres\u00e1ndose en nuestra salud f\u00edsica, emocional y psicol\u00f3gica.<\/p>\n<p dir=\"ltr\" style=\"\">Por eso he dedicado los \u00faltimos a\u00f1os a estudiar y comprender el fen\u00f3meno por el que pasamos y a compararlo con otros fen\u00f3menos naturales o metaf\u00edsicos.&nbsp;<\/p>\n<p dir=\"ltr\" style=\"\">La situaci\u00f3n actual est\u00e1 poniendo a prueba nuestra capacidad de adaptaci\u00f3n y generando su cuota de estr\u00e9s.&nbsp;<\/p>\n<p dir=\"ltr\" style=\"\"><strong>Proporcionarle las mejores herramientas y la comprensi\u00f3n del proceso por el que pasan los organismos vivos para :<\/strong><\/p>\n<ul>\n<li \"=\"\" dir=\" ltr\" style=\"\"passer de l\u2019ombre \u00e0 la lumi\u00e8re;&nbsp;lili>de la ignorancia a la conciencia;<\/li>","protected":false},"excerpt":{"rendered":"<p>Le processus de votre Transformation &#8220;Tout \u00eatre vivant passe par ce syst\u00e8me de transformation, tout comme le papillon et sa chrysalide&#8221;&nbsp; J\u2019ai cr\u00e9\u00e9 un programme d\u2019accompagnement qui regroupe toutes les \u00e9tapes par lequel l\u2019homme ou l\u2019\u00e2me passe, chemine pour acc\u00e9der \u00e0 sa transformation et son \u00e9volution. De quoi s&#8217;agit-il ? Ce programme s&#8217;appelle : D\u00e9programmation [&hellip;]<\/p>","protected":false},"author":1,"featured_media":0,"parent":0,"menu_order":0,"comment_status":"closed","ping_status":"closed","template":"","meta":{"footnotes":""},"wf_page_folders":[],"class_list":["post-8909","page","type-page","status-publish","hentry","post-wrapper","thrv_wrapper"],"_links":{"self":[{"href":"https:\/\/3bconnected.com\/es\/wp-json\/wp\/v2\/pages\/8909","targetHints":{"allow":["GET"]}}],"collection":[{"href":"https:\/\/3bconnected.com\/es\/wp-json\/wp\/v2\/pages"}],"about":[{"href":"https:\/\/3bconnected.com\/es\/wp-json\/wp\/v2\/types\/page"}],"author":[{"embeddable":true,"href":"https:\/\/3bconnected.com\/es\/wp-json\/wp\/v2\/users\/1"}],"replies":[{"embeddable":true,"href":"https:\/\/3bconnected.com\/es\/wp-json\/wp\/v2\/comments?post=8909"}],"version-history":[{"count":1,"href":"https:\/\/3bconnected.com\/es\/wp-json\/wp\/v2\/pages\/8909\/revisions"}],"predecessor-version":[{"id":11302,"href":"https:\/\/3bconnected.com\/es\/wp-json\/wp\/v2\/pages\/8909\/revisions\/11302"}],"wp:attachment":[{"href":"https:\/\/3bconnected.com\/es\/wp-json\/wp\/v2\/media?parent=8909"}],"wp:term":[{"taxonomy":"wf_page_folders","embeddable":true,"href":"https:\/\/3bconnected.com\/es\/wp-json\/wp\/v2\/wf_page_folders?post=8909"}],"curies":[{"name":"wp","href":"https:\/\/api.w.org\/{rel}","templated":true}]}}