{"id":8889,"date":"2022-11-11T16:24:35","date_gmt":"2022-11-11T15:24:35","guid":{"rendered":"https:\/\/3bconnectedcom.eu2.copilhost.cloud\/?page_id=8889"},"modified":"2024-11-30T19:33:03","modified_gmt":"2024-11-30T18:33:03","slug":"inicio","status":"publish","type":"page","link":"https:\/\/3bconnected.com\/es\/","title":{"rendered":"Inicio"},"content":{"rendered":"<h1 style=\"\"><span style=\"\">Saluda a tu nueva vida<\/span><\/h1>\n<h2>C\u00f3mo desarrollar su potencial cada d\u00eda y llegar a ser lo mejor que puede ser<\/h2>\n<p><span><img decoding=\"async\" alt=\"\" data-id=\"9160\" width=\"435\" data-init-width=\"924\" height=\"1643\" data-init-height=\"1643\" title=\"Perfil fotogr\u00e1fico basma\" loading=\"lazy\" src=\"http:\/\/3bconnected.com\/wp-content\/uploads\/2022\/12\/Photo-profil-basma.jpg\" data-width=\"435\" style=\"aspect-ratio: auto 924 \/ 1643;\"><\/span><\/p>\n<h2 style=\"text-align: center;\">Para disfrutar por fin de tu vida.<\/h2>\n<p>Yo soy&nbsp;<span style=\"--tcb-applied-color: var$(--tcb-skin-color-2)  !important; color: var(--tcb-skin-color-2);\">Basma Baouab<\/span>&nbsp;Soy Master Practitioner en Hipnosis Conversacional y Terapias desde hace 7 a\u00f1os, ayudando a las personas a conectar con su yo interior. <span style=\"--tcb-applied-color: var$(--tcb-skin-color-2)  !important; color: var(--tcb-skin-color-2);\">a su pleno potencial y a la generosidad de la vida<\/span> para que tengan la oportunidad de entrar en armon\u00eda consigo mismos y con su entorno.<span style=\"--tcb-applied-color: var$(--tcb-skin-color-2)  !important; color: var(--tcb-skin-color-2);\">Impulsado por los resultados obtenidos,<\/span>&nbsp;En particular, he dise\u00f1ado un programa de apoyo \u00fanico y personalizado, CHEMIN VERS SOI.<span style=\"--tcb-applied-color: var$(--tcb-skin-color-2)  !important; color: var(--tcb-skin-color-2);\">No importa qui\u00e9n seas,<\/span> de d\u00f3nde vienes, el desequilibrio presente en tu <span style=\"--tcb-applied-color: var$(--tcb-skin-color-2)  !important; color: var(--tcb-skin-color-2);\">vida<\/span> o la falta de <span style=\"--tcb-applied-color: var$(--tcb-skin-color-2)  !important; color: var(--tcb-skin-color-2);\">armon\u00eda<\/span> que sientes, tienes derecho a una nueva vida, a un nuevo comienzo, <span style=\"--tcb-applied-color: var$(--tcb-skin-color-2)  !important; color: var(--tcb-skin-color-2);\">obtener ayuda para avanzar y :<\/span><strong> <\/strong><span style=\"--tcb-applied-color: var$(--tcb-skin-color-2)  !important; color: var(--tcb-skin-color-2);\"><\/span><span style=\"--tcb-applied-color: var$(--tcb-skin-color-2)  !important; color: var(--tcb-skin-color-2);\"><\/span><\/p>\n<ul>\n<li style=\"\"><span style=\"\">Vive en la autenticidad de quien realmente eres,<\/span><\/li>\n<li style=\"\"><span style=\"\">Crea la vida que te permita construir tu felicidad,<\/span><\/li>\n<li style=\"\"><span style=\"\">Ser libre, feliz y realizado en la vida diaria<\/span><\/li>\n<\/ul>\n<h2 style=\"text-align: center;\">C\u00f3mo puedo ayudarle<\/h2>\n<p>__CONFIG_group_edit__{}__CONFIG_group_edit____CONFIG_local_colors__{\"colors\":{\"c0614\u2033: \"Alabaster\", \"34643\u2033: \"Royal Blue\", \"391fb\": \"Picton Blue\", \"e9180\u2033: \"Bunker\", \"af5b1\u2033: \"Picton Blue\"}, \"gradients\":{}}__CONFIG_local_colors__}    <\/p>\n<h3 style=\"text-align: center; color: rgb(228, 180, 65) !important; --tcb-applied-color:rgb(228, 180, 65) !important;\"><span>Aqu\u00ed hay 3 buenas razones para unirse a nosotros ahora<\/span>&nbsp;<\/h3>\n<p style=\"text-align: left;\"><strong>En cuanto te suscribas a mi bolet\u00edn mensual, te dar\u00e9 lo siguiente como regalo de bienvenida:<\/strong><\/p>\n<p><span>\u2764\ufe0f<\/span> <strong><span style=\"color: var(--tcb-skin-color-4);\">Mi libro :<\/span><\/strong><span style=\"color: var(--tcb-skin-color-4);\">&nbsp;7 secretos para cultivar el amor propio. Comparto contigo lo esencial sobre c\u00f3mo cultivar el amor propio r\u00e1pidamente para que puedas empezar a disfrutar de la vida al m\u00e1ximo.<\/span><span>\u2764\ufe0f<strong> Acceso a la comunidad 3BCONNECTED,<\/strong> un grupo de Facebook en el que puedes charlar con nosotros para potenciar tu bienestar.&nbsp;<\/span><span>\u2764\ufe0f <strong>Un regalo:<\/strong> une s\u00e9ance de m\u00e9ditation guid\u00e9e offerte avec beaucoup d&#8217;amour et d&#8217;attention.<\/span>   <\/p>\n<h3 style=\"text-align: center;\"><strong><span style=\"--tcb-applied-color: rgb(255, 162, 41) !important; color: rgb(228, 180, 65);\">Nuestro lema&nbsp;<\/span><\/strong><\/h3>\n<h4 style=\"text-align: left; color: var(--tcb-skin-color-5) !important; --tcb-applied-color:var$(--tcb-skin-color-5) !important;\"><strong><span style=\"--tcb-applied-color:var$(--tcb-skin-color-5) !important;\"><span style=\"font-size: 20px; --tcb-applied-color:var$(--tcb-skin-color-5) !important; font-family: Arial, Helvetica, sans-serif;\">Creemos juntos un mundo mejor&nbsp;<\/span><\/span><\/strong><span style=\"font-size: 20px;\"><span style=\"font-family: Arial, Helvetica, sans-serif;\"><\/span><\/span><strong><span style=\"--tcb-applied-color:var$(--tcb-skin-color-5) !important;\"><span style=\"font-size: 20px; --tcb-applied-color:var$(--tcb-skin-color-5) !important; font-family: Arial, Helvetica, sans-serif;\">y unidos<\/span><\/span><\/strong><\/h4>\n<p style=\"\"><span style=\"font-family: Montserrat; font-weight: 400; font-size: 17px; color: var(--tcb-skin-color-4);\">Un mundo m\u00e1s verdadero, en armon\u00eda y equilibrio con la naturaleza divina.&nbsp;<\/span><\/p>\n<p style=\"\">\n<p style=\"\"><span style=\"font-weight: 400;\"><span style=\"font-family: Montserrat;\">Las tradiciones y los avances de nuestro mundo moderno actual -f\u00edsicos, cient\u00edficos, psicol\u00f3gicos, tecnol\u00f3gicos y espirituales- pueden permitirnos construir un mundo digno de lo que realmente somos...<\/span><\/span><\/p>\n<p style=\"\">\n<p style=\"\"><span style=\"font-family: Montserrat; font-weight: 400;\">En este tiempo de gran cambio planetario, 3BCONNECTED est\u00e1 aqu\u00ed para apoyarte a vivir tu pleno potencial como la divinidad encarnada de tu ser superior.<\/span><\/p>\n<p style=\"text-align: center;\">Pour s&#8217;inscrire, c&#8217;est par ici !<\/p>\n<div class='fluentform ff-default fluentform_wrapper_18 ffs_custom_wrap'><form data-form_id=\"18\" id=\"fluentform_18\" class=\"frm-fluent-form fluent_form_18 ff-el-form-top ff_form_instance_18_1 ff-form-loading ffs_custom\" data-form_instance=\"ff_form_instance_18_1\" method=\"POST\" action=\"\" ><fieldset  style=\"border: none!important;margin: 0!important;padding: 0!important;background-color: transparent!important;box-shadow: none!important;outline: none!important; min-inline-size: 100%;\">\n                    <legend class=\"ff_screen_reader_title\" style=\"display: block; margin: 0!important;padding: 0!important;height: 0!important;text-indent: -999999px;width: 0!important;overflow:hidden;\">Suscripci\u00f3n al bolet\u00edn<\/legend><input type='hidden' name='__fluent_form_embded_post_id' value='8889' \/><input type=\"hidden\" id=\"_fluentform_18_fluentformnonce\" name=\"_fluentform_18_fluentformnonce\" value=\"01f33e0e08\" \/><input type=\"hidden\" name=\"_wp_http_referer\" value=\"\/es\/wp-json\/wp\/v2\/pages\/8889\" \/><div data-type=\"name-element\" data-name=\"names\" class=\"ff-field_container ff-name-field-wrapper\" ><div class='ff-t-container'><div class='ff-t-cell'><div class='ff-el-group  ff-el-form-hide_label'><div class=\"ff-el-input--label asterisk-right\"><label for='ff_18_names_first_name_' id='label_ff_18_names_first_name_' >Nombre<\/label><\/div><div class='ff-el-input--content'><input type=\"text\" name=\"names[first_name]\" id=\"ff_18_names_first_name_\" class=\"ff-el-form-control\" placeholder=\"Nombre\" aria-invalid=\"false\" aria-required=\"false\"><\/div><\/div><\/div><\/div><\/div><div class='ff-el-group ff-el-form-hide_label'><div class=\"ff-el-input--label ff-el-is-required asterisk-right\"><label for='ff_18_email' id='label_ff_18_email' aria-label=\"Env\u00ede un correo electr\u00f3nico a\">Env\u00ede un correo electr\u00f3nico a<\/label><\/div><div class='ff-el-input--content'><input type=\"email\" name=\"email\" id=\"ff_18_email\" class=\"ff-el-form-control\" placeholder=\"Env\u00ede un correo electr\u00f3nico a\" data-name=\"email\"  aria-invalid=\"false\" aria-required=\"true\"><\/div><\/div><div class='ff-el-group ff-el-form-hide_label'><div class=\"ff-el-input--label ff-el-is-required asterisk-right\"><label   aria-label=\"RGPD\">RGPD<\/label><\/div><div class='ff-el-input--content'><div class='ff-el-form-check ff-el-form-check-'><label class='ff-el-form-check-label' for='checkbox_5ec2bf04807c0390ed6c46f122e132a7'><input  type=\"checkbox\" name=\"checkbox[]\" data-name=\"checkbox\" class=\"ff-el-form-check-input ff-el-form-check-checkbox\" value=\" En indiquant tes coordonn\u00e9es, tu acceptes nos prises de contact. Tu peux te d\u00e9sinscrire \u00e0 tout moment \u00e0 travers les liens de d\u00e9sinscription pr\u00e9sents dans chacun de nos messages.\"  id='checkbox_5ec2bf04807c0390ed6c46f122e132a7' aria-label='Al introducir sus datos, acepta que nos pongamos en contacto con usted. Puede darse de baja en cualquier momento utilizando los enlaces para darse de baja que aparecen en cada uno de nuestros mensajes.' aria-invalid='false' aria-required=\"true\"> <span> Al introducir sus datos, acepta que nos pongamos en contacto con usted. Puede darse de baja en cualquier momento utilizando los enlaces para darse de baja que aparecen en cada uno de nuestros mensajes.<\/span><\/label><\/div><\/div><\/div><div class='ff-el-group ff-text-center ff_submit_btn_wrapper'><button type=\"submit\" class=\"ff-btn ff-btn-submit ff-btn-md ff_btn_style\"  aria-label=\"\u00a1S\u00ed, me apunto!\">\u00a1S\u00ed, me apunto!<\/button><\/div><\/fieldset><input type=\"hidden\" name=\"trp-form-language\" value=\"es\"\/><\/form><div id='fluentform_18_errors' class='ff-errors-in-stack ff_form_instance_18_1 ff-form-loading_errors ff_form_instance_18_1_errors'><\/div><\/div>            <script type=\"text\/javascript\">\n                window.fluent_form_ff_form_instance_18_1 = {\"id\":\"18\",\"settings\":{\"layout\":{\"labelPlacement\":\"top\",\"helpMessagePlacement\":\"with_label\",\"errorMessagePlacement\":\"inline\",\"cssClassName\":\"\",\"asteriskPlacement\":\"asterisk-right\"},\"restrictions\":{\"denyEmptySubmission\":{\"enabled\":false}}},\"form_instance\":\"ff_form_instance_18_1\",\"form_id_selector\":\"fluentform_18\",\"rules\":{\"names[first_name]\":{\"required\":{\"value\":false,\"message\":\"Este campo es obligatorio\",\"global\":true,\"global_message\":\"Ce champ est obligatoire\"}},\"names[middle_name]\":{\"required\":{\"value\":false,\"message\":\"Este campo es obligatorio\",\"global\":true,\"global_message\":\"Ce champ est obligatoire\"}},\"names[last_name]\":{\"required\":{\"value\":false,\"message\":\"Este campo es obligatorio\",\"global\":true,\"global_message\":\"Ce champ est obligatoire\"}},\"email\":{\"required\":{\"value\":true,\"message\":\"Este campo es obligatorio\",\"global\":true,\"global_message\":\"Ce champ est obligatoire\"},\"email\":{\"value\":true,\"message\":\"Este campo debe contener un correo electr\\u00f3nico v\\u00e1lido\",\"global\":true,\"global_message\":\"Ce champ doit contenir un e-mail valide\"}},\"checkbox\":{\"required\":{\"value\":true,\"message\":\"Este campo es obligatorio\",\"global_message\":\"Ce champ est obligatoire\",\"global\":true}}},\"debounce_time\":300};\n                            <\/script>\n            \n<h2 style=\"text-align: center;\">3bconectados para su bienestar<\/h2>\n<h4 style=\"text-align: left;\">Es un concepto de vida.<\/h4>\n<p dir=\"ltr\" style=\"text-align: left;\"><strong>Significa darse el lujo de ser uno mismo,<\/strong>&nbsp;d&#8217;\u00eatre libre de choisir du temps pour soi.&nbsp;Tout en \u00e9tant tendance, se connecter \u00e0 l&#8217;\u00e9volution du monde et de la vie sans perdre de vue le sens qu&#8217;on leur donne.<\/p>\n<p dir=\"ltr\" style=\"text-align: left;\">Te ayudo a comprender tus patrones y bloqueos y te animo a adaptar nuevas actitudes y habilidades ante los retos aplicando t\u00e9cnicas eficaces de coaching y neuroterapia.<\/p>\n<h2 style=\"text-align: center;\">UNA COMPRENSI\u00d3N COMPLETA DE LA MENTE, EL CUERPO Y EL ESP\u00cdRITU. <span style=\"text-transform: uppercase;\">Energ\u00eda<\/span><\/h2>\n<p style=\"color: rgb(224, 178, 65) !important; --tcb-applied-color: rgb(224, 178, 65)                    !important; text-align: center;\">testimonios<\/p>\n<h2 style=\"text-align: center;\">Lo que dicen<\/h2>\n<p><span style=\"\"><img decoding=\"async\" alt=\"\" data-id=\"4842\" title=\"3Fichero de sitios conectados (16)\" src=\"http:\/\/3bconnected.com\/wp-content\/uploads\/2022\/01\/Dossier-site-3Bconnected-16.png\" style=\"aspect-ratio: auto 2000 \/ 900;\" ml-d=\"-2.218999999999994\" data-width=\"246\" data-height=\"111\" data-init-width=\"2000\" data-init-height=\"900\" loading=\"lazy\" width=\"246\" height=\"111\" mt-d=\"0\"><\/span><\/p>\n<p>St\u00e9phanie .M&nbsp;<\/p>\n<h6 style=\"\">Autor<\/h6>\n<p style=\"\">Gracias por los beneficios de sus sesiones.&nbsp;<\/p>\n<p style=\"\">Le recomiendo encarecidamente a cualquiera que quiera hacer un cambio en su vida.&nbsp;<\/p>\n<p><span style=\"\"><img decoding=\"async\" alt=\"\" data-id=\"4843\" title=\"270762802_10159447452768886_4771668877828717440_n\" src=\"http:\/\/3bconnected.com\/wp-content\/uploads\/2022\/01\/270386274_10228302827021705_3101046218111860106_n.jpeg\" style=\"aspect-ratio: auto 1536 \/ 2048;\" ml-d=\"-0.1559999999999917\" data-width=\"120\" data-height=\"160\" data-init-width=\"1536\" data-init-height=\"2048\" loading=\"lazy\" center-h-d=\"false\" mt-d=\"-22\" width=\"120\" height=\"160\" center-v-d=\"false\"><\/span><\/p>\n<p>Jamy<\/p>\n<h6 style=\"\">DIRECTOR GENERAL<\/h6>\n<p style=\"\">\u00a1Wow! Una experiencia +++ Positiva.&nbsp;<\/p>\n<p style=\"\">Me siento tan ligera, como un beb\u00e9 que acaba de respirar por primera vez.&nbsp;<\/p>\n<p style=\"\">Me siento en paz con mi cuerpo y mi mente.&nbsp;<\/p>\n<p style=\"\">Gracias, nuestra hermosa alma. Te quiero B<\/p>\n<p><span style=\"\"><img decoding=\"async\" alt=\"\" data-id=\"4845\" title=\"270762802_10159447452768886_4771668877828717440_n\" src=\"http:\/\/3bconnected.com\/wp-content\/uploads\/2022\/01\/270762802_10159447452768886_4771668877828717440_n.jpeg\" style=\"aspect-ratio: auto 1440 \/ 810;\" ml-d=\"-49\" data-width=\"114\" data-height=\"64\" data-init-width=\"1440\" data-init-height=\"810\" loading=\"lazy\" center-h-d=\"false\" width=\"114\" height=\"64\"><\/span><\/p>\n<p>Sophie J<\/p>\n<h6 style=\"\">Decorador<\/h6>\n<p style=\"\">Muchas gracias por todo, me siento transformada. Totalmente desintoxicada \u00a1Nueva vida!<\/p>\n<p><span style=\"\"><img decoding=\"async\" alt=\"\" data-id=\"4847\" title=\"Captura de pantalla 2022-01-06 a las 22.44.06\" src=\"http:\/\/3bconnected.com\/wp-content\/uploads\/2022\/01\/Capture-de\u0301cran-2022-01-06-a\u0300-22.44.06.png\" style=\"aspect-ratio: auto 332 \/ 343;\" ml-d=\"0\" data-width=\"120\" data-height=\"124\" data-init-width=\"332\" data-init-height=\"343\" loading=\"lazy\" center-h-d=\"false\" width=\"120\" height=\"124\" mt-d=\"0\"><\/span><\/p>\n<p>M-Barki<\/p>\n<h6 style=\"\">Estudiante&nbsp;<\/h6>\n<p style=\"\">Hab\u00e9is cambiado mi vida, gracias por todo, est\u00e1is conmigo en mis oraciones todos los d\u00edas.&nbsp;<\/p>\n<p style=\"\">Sin siquiera haber terminado el programa, muchas cosas han cambiado en mi vida y veo las cosas de otra manera.&nbsp;<\/p>\n<p style=\"\">No tengo ese vac\u00edo que sol\u00eda sentir.&nbsp;<\/p>\n<h2 style=\"text-align: center;\">CUANDO LO IMPOSIBLE (RE)SE HACE POSIBLE GRACIAS A UNA (RE)CONEXI\u00d3N CON EL SER LIBRE Y DIVINO<\/h2>\n<h4 style=\"text-align: left;\">(Re)conectar con uno mismo<\/h4>\n<p style=\"\"><span style=\"font-weight: normal;\">Todos somos \u00fanicos, t\u00fa eres \u00fanico... con\u00f3cete a ti mismo y... s\u00e9<\/span> a ti mismo.<\/p>\n<h4 style=\"text-align: left;\">(Re)conectar con la vida<\/h4>\n<p><span style=\"font-weight: normal;\">Conocer la vida y sus leyes te permite conectar con ella, estar en contacto con ella.<\/span> armon\u00eda <span style=\"font-weight: normal;\">con ella.&nbsp;<\/span><\/p>\n<h4 style=\"text-align: left;\">Crear y co-crear<\/h4>\n<p style=\"\"><span style=\"font-weight: normal;\">El sue\u00f1o es la proyecci\u00f3n interna de la imagen del plan final de lo que puedes conseguir.&nbsp;&nbsp;<\/span><\/p>\n<h3 dir=\"ltr\" style=\"text-align: center;\">\u00bfNecesitas una sesi\u00f3n privada? No dude en ponerse en contacto conmigo<\/h3>\n<p dir=\"ltr\" style=\"text-align: center;\"><span>Correo electr\u00f3nico: basma@3bconnected.com<\/span><\/p>\n<p dir=\"ltr\" style=\"text-align: center;\"><span>Tel\u00e9fono: +32486030963<\/span><\/p>\n<p><a href=\"https:\/\/www.instagram.com\/basma.baouab_3bconnected\/\" target=\"_blank\" rel=\"noopener\"><\/a><a href=\"https:\/\/www.facebook.com\/3BLOVECONNECTED\" target=\"_blank\" rel=\"noopener\"><\/a><\/p>","protected":false},"excerpt":{"rendered":"<p>Saluda a tu nueva vida C\u00f3mo florecer en el d\u00eda a d\u00eda y convertirte en lo mejor que puedes ser \u00a1Para disfrutar por fin de tu vida! Soy Basma Baouab , Master Practitioner en Hipnosis Conversacional y Terapias desde hace 7 a\u00f1os, y ayudo a las personas a conectar con todo su potencial y con la generosidad de la vida para que puedan [...]<\/p>","protected":false},"author":1,"featured_media":4801,"parent":0,"menu_order":0,"comment_status":"closed","ping_status":"closed","template":"","meta":{"footnotes":""},"wf_page_folders":[26],"class_list":["post-8889","page","type-page","status-publish","has-post-thumbnail","hentry","post-wrapper","thrv_wrapper"],"_links":{"self":[{"href":"https:\/\/3bconnected.com\/es\/wp-json\/wp\/v2\/pages\/8889","targetHints":{"allow":["GET"]}}],"collection":[{"href":"https:\/\/3bconnected.com\/es\/wp-json\/wp\/v2\/pages"}],"about":[{"href":"https:\/\/3bconnected.com\/es\/wp-json\/wp\/v2\/types\/page"}],"author":[{"embeddable":true,"href":"https:\/\/3bconnected.com\/es\/wp-json\/wp\/v2\/users\/1"}],"replies":[{"embeddable":true,"href":"https:\/\/3bconnected.com\/es\/wp-json\/wp\/v2\/comments?post=8889"}],"version-history":[{"count":10,"href":"https:\/\/3bconnected.com\/es\/wp-json\/wp\/v2\/pages\/8889\/revisions"}],"predecessor-version":[{"id":11860,"href":"https:\/\/3bconnected.com\/es\/wp-json\/wp\/v2\/pages\/8889\/revisions\/11860"}],"wp:featuredmedia":[{"embeddable":true,"href":"https:\/\/3bconnected.com\/es\/wp-json\/wp\/v2\/media\/4801"}],"wp:attachment":[{"href":"https:\/\/3bconnected.com\/es\/wp-json\/wp\/v2\/media?parent=8889"}],"wp:term":[{"taxonomy":"wf_page_folders","embeddable":true,"href":"https:\/\/3bconnected.com\/es\/wp-json\/wp\/v2\/wf_page_folders?post=8889"}],"curies":[{"name":"wp","href":"https:\/\/api.w.org\/{rel}","templated":true}]}}