{"id":6643,"date":"2022-05-11T15:17:43","date_gmt":"2022-05-11T13:17:43","guid":{"rendered":"https:\/\/3bconnectedcom.eu2.copilhost.cloud\/?page_id=6643"},"modified":"2024-06-04T14:47:51","modified_gmt":"2024-06-04T12:47:51","slug":"historia-2","status":"publish","type":"page","link":"https:\/\/3bconnected.com\/es\/historia-2\/","title":{"rendered":"Historia"},"content":{"rendered":"<h1 style=\"text-align: center;\"><span style=\"\">La historia de <span style=\"font-family: Montserrat;\">3<\/span>bconectado<\/span><\/h1>\n<p style=\"text-align: left;\">3bconnected naci\u00f3 hace unos a\u00f1os.&nbsp;<\/p>\n<p style=\"text-align: left;\">Pero a medida que avanzamos en la <strong>vida<\/strong>Nos damos cuenta de que es sabio recordar siempre de d\u00f3nde venimos y, sobre todo, d\u00f3nde hemos estado,<\/p>\n<p style=\"text-align: left;\"><strong>de&nbsp;<\/strong><strong>c\u00f3mo empez\u00f3 todo<\/strong>&#8230;<\/p>\n<p style=\"text-align: center;\">MANTENTE CONECTADO<\/p>\n<p><a href=\"https:\/\/www.facebook.com\/3BLOVECONNECTED\" target=\"_blank\" rel=\"noopener\"><\/a><a href=\"https:\/\/www.instagram.com\/basma.baouab_3bconnected\/\" target=\"_blank\" rel=\"nofollow noopener\"><\/a><a href=\"https:\/\/www.youtube.com\/channel\/UCx1VvXsFiFmV1m048ve9iyw\" target=\"_blank\" rel=\"noopener\"><\/a><\/p>\n<h3><span style=\"--tcb-applied-color: rgb(224, 178, 65)                                                                         !important; color: rgb(224, 178, 65);\">Hola,<\/span><\/h3>\n<h3><span>Me llamo Basma Baouab<\/span><\/h3>\n<p style=\"\">Os voy a contar c\u00f3mo se me ocurri\u00f3 la idea de <strong>crear<\/strong> la comunidad 3bconnected.<\/p>\n<p><span>Todo comenz\u00f3 para m\u00ed con un agotamiento, una sensaci\u00f3n de hartazgo de todo y un desequilibrio en los tres niveles de la<strong>ser: emocional, f\u00edsico y ps\u00edquico.<\/strong><\/span><\/p>\n<p><span>Fue un periodo en el que lo ten\u00eda todo, pero segu\u00eda sintiendo un enorme vac\u00edo en mi vida. <strong>vida.<\/strong><\/span><\/p>\n<p style=\"\">Entonces mi <strong>salud f\u00edsica<\/strong> deteriorada, sufr\u00ed bulimia durante muchos a\u00f1os hasta el d\u00eda en que mi <strong>cuerpo<\/strong> me empuj\u00f3 a contemplar este vac\u00edo y ver lo que representa. Mi cuerpo me oblig\u00f3 a volver a lo b\u00e1sico.<\/p>\n<p style=\"\">Tras un c\u00famulo de operaciones y <strong>atenci\u00f3n<\/strong> hospital, me di cuenta de que la medicina convencional por s\u00ed sola no bastaba para ofrecerme una soluci\u00f3n clara para recuperar la sensaci\u00f3n de bienestar. <strong>salud<\/strong> correcta, para sanar de la bulimia y para llenar el vac\u00edo que sent\u00eda.&nbsp;<\/p>\n<p style=\"\">As\u00ed que decid\u00ed retomar mi <strong>vida <\/strong>y entender por qu\u00e9 me sent\u00eda as\u00ed, por qu\u00e9 ten\u00eda un problema con la forma en que me sent\u00eda.<strong> vida <\/strong>iba tan mal, aunque ten\u00eda todo lo que la sociedad considera un \u00e9xito.&nbsp;<\/p>\n<p style=\"\">Empec\u00e9 estudiando<strong> cuerpo humano<\/strong>entender el funcionamiento de cada \u00f3rgano, desde el<strong>esp\u00edritu, inteligencia<\/strong>y c\u00f3mo aprovecharla al m\u00e1ximo. Al fin y al cabo, he aprendido que, por t\u00e9rmino medio, todos utilizamos s\u00f3lo 10% de nuestra capacidad. <strong>cerebro<\/strong>.<\/p>\n<p style=\"\">Gracias a mi pasi\u00f3n por las civilizaciones de anta\u00f1o, empec\u00e9 a interesarme por todo tipo de campos: religiones, historia, historia y artes.<strong>ser humano<\/strong> y su inteligencia. Estudiar y estar interesado en la ciencia moderna, la f\u00edsica cu\u00e1ntica y la relaci\u00f3n que tenemos entre el<strong>&nbsp;cuerpo, mente y energ\u00eda. Pero tambi\u00e9n al mundo que nos rodea.<\/strong><\/p>\n<p style=\"\">Y tras la aplicaci\u00f3n de esta \u00faltima, <strong>mi vida ha cambiado.<\/strong><\/p>\n<p style=\"\">Finalmente me di cuenta de que para explotar su <strong>inteligencia <\/strong>al m\u00e1ximo, es necesario <strong>reprogramaci\u00f3n<\/strong> su <strong>mental<\/strong> y deshacerse de los bloqueos. Y as\u00ed es como mi inter\u00e9s por<strong>hipnosis<\/strong>Esta es la forma m\u00e1s efectiva y corta de realizar este cambio.<\/p>\n<p style=\"\">Entonces descubr\u00ed que a\u00fan quedaban algunos ajustes por hacer para lograr un dominio casi perfecto de su<strong> sea<\/strong>. As\u00ed que tambi\u00e9n me interesaba el<strong>suministro de energ\u00eda<\/strong> el papel de la alimentaci\u00f3n en nuestra salud y bienestar.<strong> psique, y en el equilibrio emocional, f\u00edsico y energ\u00e9tico<\/strong> as\u00ed como en el <strong>sensibilizaci\u00f3n y desarrollo.<\/strong><\/p>\n<p style=\"\">M\u00e1s tarde, despu\u00e9s de haber terminado con la bulimia, se me ocurri\u00f3 la idea de compartir este tratamiento con el mayor n\u00famero posible de personas, para ayudarles a superar su bulimia. <strong>acompa\u00f1ar<\/strong> para hacer lo mismo.<\/p>\n<p style=\"\">As\u00ed que decid\u00ed estudiar nutrici\u00f3n y me convert\u00ed en educadora nutricional. <strong>salud<\/strong>con el famoso y formidable <strong>Irene Grosjean<\/strong>.<\/p>\n<p style=\"\">Para m\u00ed, esta mujer representa la<strong>amor y salud<\/strong> encarnada. Dedica su <strong>vida<\/strong> para compartir el conocimiento del <strong>salud y vida en el mundo<\/strong>.<\/p>\n<p style=\"\">Se lo agradezco. <\/p>\n<p style=\"\">Desde entonces, he seguido desarrollando <strong>mi conciencia<\/strong> as\u00ed como su poder curativo y su <strong>co-creaci\u00f3n <\/strong>con el<strong>universo en el amor y la bondad<\/strong>.<\/p>\n<p style=\"\">Una cosa lleva a la otra, despu\u00e9s de la <strong>programa <\/strong>Con \"Bye bye bulimia\", me di cuenta de que pod\u00eda llegar a un nicho mucho m\u00e1s amplio de personas. Pero tambi\u00e9n me di cuenta de que la bulimia no s\u00f3lo tiene que ver con la comida, sino tambi\u00e9n con muchas otras cosas (trabajo, sexo, compras, limpieza, etc.).  Me he dado cuenta de que la bulimia no representa m\u00e1s que un vac\u00edo, un conflicto entre mi yo interior y mi yo exterior que intenta restablecer el equilibrio para encontrar la paz, llenar un vac\u00edo, una necesidad de <strong>libertad, verdad, alegr\u00eda y amor.<\/strong><\/p>\n<p style=\"\">As\u00ed es como se me ocurri\u00f3 la idea, despu\u00e9s de bye bye bulimia, de crear el <strong>programa de acompa\u00f1amiento : <a href=\"http:\/\/3bconnected.com\/es\/pr\/page-de-vente-deprogrammation-963-2\/\" target=\"_blank\" style=\"outline: none;\" data-tcb_hover_state_parent=\"\" rel=\"noopener\"><strong>Desprogramaci\u00f3n: el camino hacia uno mismo <\/strong><\/a><\/strong><strong>para 3bconnected.<\/strong><\/p>\n<p style=\"\">Esto \u00faltimo es para m\u00ed la verdadera base de cualquier obra del<strong> comprensi\u00f3n de uno mismo para vivir en armon\u00eda con uno mismo y con la fuente.<\/strong><\/p>\n<p style=\"text-align: left;\"><span>Hip\u00f3crates dijo en el 400 a.C: <\/span><span>\"Que tu <strong>suministro de energ\u00eda<\/strong> Y Brillat-Savarin cit\u00f3 \"Dime qu\u00e9 comes y te dir\u00e9 qui\u00e9n eres\".<\/span><\/p>\n<p style=\"\"><span>As\u00ed que, efectivamente, el<strong>abundancia<\/strong> est\u00e1 directamente relacionado con nuestro <strong>esp\u00edritu<\/strong> pero tambi\u00e9n con nuestra comida y si aumentamos nuestra conciencia de nuestro <strong>esp\u00edritu<\/strong>Tambi\u00e9n tenemos que concienciar a nuestros<strong> suministro de energ\u00eda <\/strong>y nuestro<strong> cuerpo<\/strong>. Y eso empieza por elegir <strong>alimentos y pensamientos que vibran con abundancia y vida.<\/strong><\/span><\/p>\n<h2 style=\"text-align: center;\"><span style=\"font-family: Montserrat; font-weight: 400;\">3<\/span>Nace Bconnected<\/h2>\n<p style=\"text-align: center; color: rgb(224, 178, 65) !important; --tcb-applied-color: rgb(224, 178, 65)              !important;\">- El c\u00f3digo para una vida de \u00e9xito -<\/p>\n<p style=\"text-align: center;\">\"Nadie puede so\u00f1ar con una cosa si no tiene la posibilidad y las habilidades para conseguirlo, pero tal vez tiene creencias que se lo impiden\". - Basma<\/p>\n<h3 style=\"\">\u00bfQu\u00e9 se entiende por <span style=\"\">3<\/span>\u00bfBonificado?<\/h3>\n<p style=\"\">La idea del nombre se inspir\u00f3 originalmente en el primer <strong>programa de apoyo <\/strong>\"Bye bye bulimia\". <strong>Este programa<\/strong> pretende acabar con la bulimia conectando con las 3 partes del cuerpo humano.<strong>Ser (Esp\u00edritu, Energ\u00eda, Cuerpo)<\/strong> que a su vez son c<strong>onectado con uno mismo y con el universo<\/strong>. Pero este nombre tambi\u00e9n corresponde a la expresi\u00f3n inglesa \"To be connected\" que significa <strong>estar conectado<\/strong> y las iniciales de mi nombre, Basma Baouab. El objetivo de la asociaci\u00f3n es presentar su <strong>valores<\/strong> por el 3B = <strong>Bienestar, benevolencia y belleza general del ser.<\/strong><\/p>\n<h3 style=\"\">La promesa de <span style=\"font-weight: 400; font-family: Literata;\">3<\/span>Bconnected<\/h3>\n<p style=\"\">Nos comprometemos a dar a los dem\u00e1s una <strong>acompa\u00f1amiento<\/strong> adaptados a la evoluci\u00f3n de su <strong>sensibilizaci\u00f3n<\/strong>.<\/p>\n<p style=\"\">No importa <strong>qui\u00e9n eres<\/strong>de donde vienes, el desequilibrio en tu <strong>vida<\/strong> o la falta de<strong>armon\u00eda<\/strong> que sientes.<\/p>\n<p style=\"\">3bconnected se compromete a ayudarle a conectarse a la<strong> generosidad de la vida<\/strong>a tu ser y a tu <strong>poder creativo<\/strong>. Pero tambi\u00e9n para apoyarte a librarte de todos los obst\u00e1culos que te impiden alcanzar la excelencia de lo que eres, para que <strong>\" <\/strong><a href=\"http:\/\/3bconnected.com\/es\/i-am-free-and-divine-2\/\" target=\"_blank\" style=\"outline: none;\" rel=\"noopener\"><strong>libre y divino<\/strong><\/a><strong> \".<\/strong><\/p>\n<h3 style=\"\">El concepto de <strong><span style=\"\">3<\/span><\/strong>Bconnected<\/h3>\n<p style=\"\">Nuestra misi\u00f3n es<strong>acompa\u00f1ar<\/strong> personas para conseguir <strong>conectar<\/strong> a su m\u00e1ximo potencial y a la <strong>generosidad de la vida <\/strong>porque al hacerlo tienen la oportunidad de<strong>armonizar<\/strong> con su ser y lo que les rodea. Y para ello, 3bconnected organiza talleres, estancias <strong>programas de apoyo<\/strong>y sesiones privadas. El curso de la<strong>acompa\u00f1amiento<\/strong> sea cual sea su m\u00e9todo, tiene 3 objetivos: El <strong>sensibilizaci\u00f3n, la aplicaci\u00f3n personalizada y el cumplimiento de la<\/strong>.<\/p>\n<p style=\"\">Para lograr estos objetivos, las herramientas utilizadas son: en primer lugar, la herramienta principal, el <strong>conexi\u00f3n con la persona y su singularidad<\/strong>sino tambi\u00e9n las herramientas que est\u00e1n en el<strong>sea <\/strong>y sus habilidades (<strong>hipnosis, neurociencia, PNL, energ\u00eda, EFT, canalizaci\u00f3n de fuente directa <\/strong>seg\u00fan la necesidad de cada persona para su<strong> despertar<\/strong>etc.).<\/p>\n<h3>La motivaci\u00f3n de <span style=\"font-family: Literata; font-weight: 400;\">3<\/span>Bconnected<\/h3>\n<p style=\"\">Nuestra motivaci\u00f3n es permitir que el mayor n\u00famero posible de personas vivan en esta constante<strong> beatitud<\/strong>. Estar en un <strong>ligereza emocional, ps\u00edquica y energ\u00e9tica<\/strong>. Comprender el significado de todo y experimentar el <strong>vida.<\/strong> Para poder verlos <strong>felices, enamorados de s\u00ed mismos y de la vida<\/strong>Pero tambi\u00e9n en el \u00e9xtasis de cumplir sus sue\u00f1os.<\/p>\n<p style=\"\">A algunos les puede parecer algo quijotesco, pero si yo pude hacerlo, cualquiera puede.<\/p>\n<p style=\"\">He creado 3bconnected porque creo que todo el mundo tiene derecho a <strong>vivir felices, sanos y en abundancia.<\/strong><\/p>\n<p style=\"\">Por eso vivimos en <strong>tierra<\/strong>para encontrar nuestro <strong>divinidad, para descubrir y crear conscientemente el cielo en la tierra juntos<\/strong>.<\/p>","protected":false},"excerpt":{"rendered":"<p>La historia de 3bconnected Hace ya unos a\u00f1os que naci\u00f3 3bconnected.  Pero a medida que avanzamos en la vida, nos damos cuenta de que hay sabidur\u00eda en recordar siempre de d\u00f3nde venimos y, lo que es m\u00e1s importante, c\u00f3mo empez\u00f3 todo... STAY CONNECTED Hola, me llamo Basma Baouab. Aqu\u00ed os voy a contar c\u00f3mo [...].<\/p>","protected":false},"author":92,"featured_media":5283,"parent":0,"menu_order":0,"comment_status":"closed","ping_status":"closed","template":"","meta":{"footnotes":""},"wf_page_folders":[26],"class_list":["post-6643","page","type-page","status-publish","has-post-thumbnail","hentry","post-wrapper","thrv_wrapper"],"_links":{"self":[{"href":"https:\/\/3bconnected.com\/es\/wp-json\/wp\/v2\/pages\/6643","targetHints":{"allow":["GET"]}}],"collection":[{"href":"https:\/\/3bconnected.com\/es\/wp-json\/wp\/v2\/pages"}],"about":[{"href":"https:\/\/3bconnected.com\/es\/wp-json\/wp\/v2\/types\/page"}],"author":[{"embeddable":true,"href":"https:\/\/3bconnected.com\/es\/wp-json\/wp\/v2\/users\/92"}],"replies":[{"embeddable":true,"href":"https:\/\/3bconnected.com\/es\/wp-json\/wp\/v2\/comments?post=6643"}],"version-history":[{"count":3,"href":"https:\/\/3bconnected.com\/es\/wp-json\/wp\/v2\/pages\/6643\/revisions"}],"predecessor-version":[{"id":10988,"href":"https:\/\/3bconnected.com\/es\/wp-json\/wp\/v2\/pages\/6643\/revisions\/10988"}],"wp:featuredmedia":[{"embeddable":true,"href":"https:\/\/3bconnected.com\/es\/wp-json\/wp\/v2\/media\/5283"}],"wp:attachment":[{"href":"https:\/\/3bconnected.com\/es\/wp-json\/wp\/v2\/media?parent=6643"}],"wp:term":[{"taxonomy":"wf_page_folders","embeddable":true,"href":"https:\/\/3bconnected.com\/es\/wp-json\/wp\/v2\/wf_page_folders?post=6643"}],"curies":[{"name":"wp","href":"https:\/\/api.w.org\/{rel}","templated":true}]}}