{"id":6345,"date":"2022-03-01T14:11:11","date_gmt":"2022-03-01T13:11:11","guid":{"rendered":"https:\/\/3bconnectedcom.eu2.copilhost.cloud\/clone-of-mentions-legales\/"},"modified":"2022-03-01T14:25:32","modified_gmt":"2022-03-01T13:25:32","slug":"politica-de-privacidad-2","status":"publish","type":"page","link":"https:\/\/3bconnected.com\/es\/politica-de-privacidad-2\/","title":{"rendered":"Pol\u00edtica de privacidad"},"content":{"rendered":"<h1 style=\"text-align: center;\"><strong>Pol\u00edtica de privacidad<\/strong><\/h1>\n<h2 dir=\"ltr\" style=\"text-align: justify;\"><strong>\u00bfQui\u00e9n soy yo?<\/strong><\/h2>\n<p dir=\"ltr\" style=\"text-align: justify;\">L\u2019adresse de mon site Web est : http:\/\/3bconnected.com<\/p>\n<h2 dir=\"ltr\" style=\"text-align: justify;\"><strong>Uso de los datos personales recogidos<\/strong><\/h2>\n<p dir=\"ltr\" style=\"text-align: justify;\"><strong>Comentarios<\/strong><\/p>\n<p dir=\"ltr\" style=\"text-align: justify;\">Cuando deja un comentario en nuestro sitio web, no s\u00f3lo se recogen los datos introducidos en el formulario de comentarios, sino tambi\u00e9n su direcci\u00f3n IP y el agente de usuario del navegador para ayudarnos a detectar comentarios no deseados. Una cadena an\u00f3nima creada a partir de tu direcci\u00f3n de correo electr\u00f3nico (tambi\u00e9n conocida como hash) puede ser enviada al servicio Gravatar para comprobar si est\u00e1s utilizando el servicio. La pol\u00edtica de privacidad del servicio Gravatar est\u00e1 disponible aqu\u00ed: https:\/\/automattic.com\/privacy\/. Una vez validado tu comentario, tu foto de perfil ser\u00e1 visible p\u00fablicamente junto a tu comentario.<\/p>\n<h2 dir=\"ltr\" style=\"text-align: justify;\"><\/h2>\n<h2 dir=\"ltr\" style=\"text-align: justify;\"><strong>Medios de comunicaci\u00f3n<\/strong><\/h2>\n<p dir=\"ltr\" style=\"text-align: justify;\">Si es un usuario registrado y sube im\u00e1genes al sitio web, le aconsejamos que evite subir im\u00e1genes que contengan datos EXIF de coordenadas GPS. Los visitantes de su sitio web pueden descargar y extraer datos de localizaci\u00f3n de estas im\u00e1genes.<\/p>\n<h2 dir=\"ltr\" style=\"text-align: justify;\"><strong>Formularios de contacto<\/strong><\/h2>\n<h3 dir=\"ltr\" style=\"text-align: justify;\"><strong>Galletas<\/strong><\/h3>\n<h4 dir=\"ltr\" style=\"text-align: justify;\">Contenido incrustado de otros sitios<\/h4>\n<p dir=\"ltr\" style=\"text-align: justify;\">\n<p dir=\"ltr\" style=\"text-align: justify;\">Si deja un comentario en nuestro sitio, se le pedir\u00e1 que guarde su nombre, direcci\u00f3n de correo electr\u00f3nico y sitio web en las cookies. Esto es s\u00f3lo para su comodidad, para que no tenga que introducir esta informaci\u00f3n si deja otro comentario m\u00e1s tarde. Estas cookies caducan al cabo de un a\u00f1o. Si va a la p\u00e1gina de inicio de sesi\u00f3n, se instalar\u00e1 una cookie temporal para determinar si su navegador acepta cookies. No contiene ning\u00fan dato personal y se eliminar\u00e1 autom\u00e1ticamente al cerrar el navegador. Al iniciar la sesi\u00f3n, estableceremos una serie de cookies para almacenar su informaci\u00f3n de inicio de sesi\u00f3n y sus preferencias de pantalla. La vida de una cookie de inicio de sesi\u00f3n es de dos d\u00edas, la vida de una cookie de opci\u00f3n de pantalla es de un a\u00f1o. Si marca la opci\u00f3n \"Recordarme\", su cookie de inicio de sesi\u00f3n se conservar\u00e1 durante quince d\u00edas. Si cierra la sesi\u00f3n de su cuenta, la cookie de inicio de sesi\u00f3n se eliminar\u00e1. Al editar o publicar una entrada, se almacenar\u00e1 una cookie adicional en su navegador. Esta cookie no contiene ning\u00fan dato personal. Simplemente indica el ID de la publicaci\u00f3n que acaba de editar. Caduca al cabo de un d\u00eda.<\/p>\n<h4 dir=\"ltr\" style=\"text-align: justify;\">Contenido incrustado de otros sitios<\/h4>\n<p dir=\"ltr\" style=\"text-align: justify;\">\n<p dir=\"ltr\" style=\"text-align: justify;\">Los art\u00edculos de este sitio pueden incluir contenido incrustado (por ejemplo, v\u00eddeos, im\u00e1genes, art\u00edculos...). El contenido incrustado de otros sitios se comporta de la misma manera que si el visitante estuviera en ese otro sitio. Estos sitios web pueden recopilar datos sobre usted, utilizar cookies, incrustar herramientas de seguimiento de terceros, rastrear sus interacciones con estos contenidos incrustados si tiene una cuenta registrada en su sitio web.<\/p>\n<p dir=\"ltr\" style=\"text-align: justify;\">\n<h2 dir=\"ltr\" style=\"text-align: justify;\"><strong>Estad\u00edsticas y medici\u00f3n de la audiencia<\/strong><\/h2>\n<h3 dir=\"ltr\" style=\"text-align: justify;\">Uso y transmisi\u00f3n de sus datos personales<\/h3>\n<h4 dir=\"ltr\" style=\"text-align: justify;\">Cu\u00e1nto tiempo se almacenan sus datos<\/h4>\n<p dir=\"ltr\" style=\"text-align: justify;\">Si deja un comentario, el comentario y sus metadatos se conservan indefinidamente. Esto nos permite reconocer y aprobar autom\u00e1ticamente los comentarios posteriores en lugar de dejarlos en la cola de moderaci\u00f3n. En el caso de los usuarios que se registran en nuestro sitio (cuando es posible), tambi\u00e9n almacenamos los datos personales especificados en su perfil. Todos los usuarios pueden ver, editar o eliminar su informaci\u00f3n personal en cualquier momento (a excepci\u00f3n de su nombre de usuario). Los administradores del sitio tambi\u00e9n pueden ver y modificar esta informaci\u00f3n.<\/p>\n<h4 dir=\"ltr\" style=\"text-align: justify;\">Los derechos que tiene sobre sus datos<\/h4>\n<p dir=\"ltr\" style=\"text-align: justify;\">Si deja un comentario, el comentario y sus metadatos se conservan indefinidamente. Esto nos permite reconocer y aprobar autom\u00e1ticamente los comentarios posteriores en lugar de dejarlos en la cola de moderaci\u00f3n. En el caso de los usuarios que se registran en nuestro sitio (cuando es posible), tambi\u00e9n almacenamos los datos personales especificados en su perfil. Todos los usuarios pueden ver, editar o eliminar su informaci\u00f3n personal en cualquier momento (a excepci\u00f3n de su nombre de usuario). Los administradores del sitio tambi\u00e9n pueden ver y modificar esta informaci\u00f3n.<\/p>\n<h4 dir=\"ltr\" style=\"text-align: justify;\"><strong>Transmisi\u00f3n de sus datos personales<\/strong><\/h4>\n<p dir=\"ltr\" style=\"text-align: justify;\">Los comentarios de los visitantes pueden ser revisados mediante un servicio de detecci\u00f3n autom\u00e1tica de spam.<\/p>","protected":false},"excerpt":{"rendered":"<p>Politique de confidentialit\u00e9 Qui suis je ? L\u2019adresse de mon site Web est : http:\/\/3bconnected.com Utilisation des donn\u00e9es personnelles collect\u00e9es Commentaires Quand vous laissez un commentaire sur notre site web, les donn\u00e9es inscrites dans le formulaire de commentaire, mais aussi votre adresse IP et l\u2019agent utilisateur de votre navigateur sont collect\u00e9s pour nous aider \u00e0 [&hellip;]<\/p>","protected":false},"author":89,"featured_media":0,"parent":0,"menu_order":0,"comment_status":"closed","ping_status":"closed","template":"","meta":{"footnotes":""},"wf_page_folders":[],"class_list":["post-6345","page","type-page","status-publish","hentry","post-wrapper","thrv_wrapper"],"_links":{"self":[{"href":"https:\/\/3bconnected.com\/es\/wp-json\/wp\/v2\/pages\/6345","targetHints":{"allow":["GET"]}}],"collection":[{"href":"https:\/\/3bconnected.com\/es\/wp-json\/wp\/v2\/pages"}],"about":[{"href":"https:\/\/3bconnected.com\/es\/wp-json\/wp\/v2\/types\/page"}],"author":[{"embeddable":true,"href":"https:\/\/3bconnected.com\/es\/wp-json\/wp\/v2\/users\/89"}],"replies":[{"embeddable":true,"href":"https:\/\/3bconnected.com\/es\/wp-json\/wp\/v2\/comments?post=6345"}],"version-history":[{"count":0,"href":"https:\/\/3bconnected.com\/es\/wp-json\/wp\/v2\/pages\/6345\/revisions"}],"wp:attachment":[{"href":"https:\/\/3bconnected.com\/es\/wp-json\/wp\/v2\/media?parent=6345"}],"wp:term":[{"taxonomy":"wf_page_folders","embeddable":true,"href":"https:\/\/3bconnected.com\/es\/wp-json\/wp\/v2\/wf_page_folders?post=6345"}],"curies":[{"name":"wp","href":"https:\/\/api.w.org\/{rel}","templated":true}]}}