{"id":6339,"date":"2022-03-01T13:57:46","date_gmt":"2022-03-01T12:57:46","guid":{"rendered":"https:\/\/3bconnectedcom.eu2.copilhost.cloud\/?page_id=6339"},"modified":"2022-12-27T12:23:17","modified_gmt":"2022-12-27T11:23:17","slug":"anotaciones","status":"publish","type":"page","link":"https:\/\/3bconnected.com\/es\/anotaciones\/","title":{"rendered":"Informaci\u00f3n legal"},"content":{"rendered":"<h1 style=\"text-align: center;\"><strong>Aviso legal<\/strong><\/h1>\n<p dir=\"ltr\"><strong>1\/ Editor del sitio web 3bconnected.com<\/strong>Mlle Baouab BasmaN\u00b0RN : 82-02-03-490\/89 de 157, rue Antoine breart 5 bte51060 saint gilles, Belgique T\u00e9l. : + 32(0)486030963Email : basma@3bconnected.be<\/p>\n<p dir=\"ltr\"><strong>2\/ Director o responsable de la publicaci\u00f3n:<\/strong><strong>\u200b<\/strong>Sra. Baouab Basma&nbsp;<\/p>\n<p dir=\"ltr\"><strong>3\/ Alojamiento<\/strong>MARKFLY3 rue Roland Garros41000 BLOISEmail : contact@markfly.fr<\/p>\n<p dir=\"ltr\"><strong>4\/ Propiedad intelectual<\/strong><strong>\u200b<\/strong>L\u2019Editeur est titulaire de droits de propri\u00e9t\u00e9 intellectuelle sur l\u2019ensemble des contenus de son site internet. Cela signifie que les utilisateurs du site ne peuvent t\u00e9l\u00e9charger ou copier-coller les contenus prot\u00e9g\u00e9s par des droits de propri\u00e9t\u00e9 intellectuelle, \u00e0 moins que cela ne soit express\u00e9ment autoris\u00e9 par la loi ou sur autorisation pr\u00e9alable de l&#8217;\u00c9diteur.<\/p>\n<p dir=\"ltr\">En effet, le contenu du site est la propri\u00e9t\u00e9 exclusive de l&#8217;\u00c9diteur, sous r\u00e9serve des \u00e9ventuels droits de ses partenaires ou cocontractants, et est prot\u00e9g\u00e9 par les lois fran\u00e7aises et internationales relatives \u00e0 la propri\u00e9t\u00e9 intellectuelle. Toute reproduction totale ou partielle est formellement interdite sous peine de poursuites.&nbsp;<\/p>\n<p dir=\"ltr\">A ce titre, les \u00e9l\u00e9ments du site, pris dans leur ensemble ou individuellement, ne peuvent faire l\u2019objet d\u2019aucune utilisation, transformation, traduction, adaptation, reproduction, exploitation non express\u00e9ment autoris\u00e9e par l&#8217;\u00c9diteur.<\/p>\n<p dir=\"ltr\">Cualquier violaci\u00f3n puede ser castigada como infracci\u00f3n en las condiciones del c\u00f3digo de propiedad intelectual.<\/p>\n<p dir=\"ltr\">Lo mismo se aplica, en su caso, a las bases de datos que aparecen en el sitio, que est\u00e1n protegidas como tales por la ley en virtud del derecho sui generis de los productores de bases de datos.<\/p>\n<p dir=\"ltr\"><strong>6\/ Enlaces de hipertexto<\/strong>El sitio puede dirigir al usuario mediante enlaces de hipertexto a otros sitios web propios o de terceros.<\/p>\n<p dir=\"ltr\">Es responsabilidad del usuario consultar los avisos legales de estos sitios y respetar las posibles condiciones de uso.<\/p>\n<p dir=\"ltr\">L&#8217;\u00e9diteur ne pourra en aucun cas \u00eatre tenu pour responsable des informations diffus\u00e9es sur les sites avec lesquels des liens hypertextes auront \u00e9t\u00e9 install\u00e9s ainsi que de tous pr\u00e9judices de quelque nature que ce soit r\u00e9sultant notamment de leur acc\u00e8s.<\/p>\n<p dir=\"ltr\">En caso de que una persona dirija a sus usuarios a este sitio web, la Editorial se reserva el derecho de solicitar la supresi\u00f3n del hiperv\u00ednculo a este sitio web si considera que dicho enlace no se ajusta a sus derechos e intereses leg\u00edtimos.<\/p>","protected":false},"excerpt":{"rendered":"<p>Mentions L\u00e9gales 1\/ Editeur du site 3bconnected.comMlle Baouab BasmaN\u00b0RN : 82-02-03-490\/89 de 157, rue Antoine breart 5 bte51060 saint gilles, Belgique T\u00e9l. : + 32(0)486030963Email : basma@3bconnected.be 2\/ Directeur ou Responsable de publication:\u200bMlle Baouab Basma&nbsp; 3\/ H\u00e9bergementMARKFLY3 rue Roland Garros41000 BLOISEmail : contact@markfly.fr 4\/ Propri\u00e9t\u00e9 intellectuelle\u200bL\u2019Editeur est titulaire de droits de propri\u00e9t\u00e9 intellectuelle sur l\u2019ensemble [&hellip;]<\/p>","protected":false},"author":89,"featured_media":0,"parent":0,"menu_order":0,"comment_status":"closed","ping_status":"closed","template":"","meta":{"footnotes":""},"wf_page_folders":[],"class_list":["post-6339","page","type-page","status-publish","hentry","post-wrapper","thrv_wrapper"],"_links":{"self":[{"href":"https:\/\/3bconnected.com\/es\/wp-json\/wp\/v2\/pages\/6339","targetHints":{"allow":["GET"]}}],"collection":[{"href":"https:\/\/3bconnected.com\/es\/wp-json\/wp\/v2\/pages"}],"about":[{"href":"https:\/\/3bconnected.com\/es\/wp-json\/wp\/v2\/types\/page"}],"author":[{"embeddable":true,"href":"https:\/\/3bconnected.com\/es\/wp-json\/wp\/v2\/users\/89"}],"replies":[{"embeddable":true,"href":"https:\/\/3bconnected.com\/es\/wp-json\/wp\/v2\/comments?post=6339"}],"version-history":[{"count":0,"href":"https:\/\/3bconnected.com\/es\/wp-json\/wp\/v2\/pages\/6339\/revisions"}],"wp:attachment":[{"href":"https:\/\/3bconnected.com\/es\/wp-json\/wp\/v2\/media?parent=6339"}],"wp:term":[{"taxonomy":"wf_page_folders","embeddable":true,"href":"https:\/\/3bconnected.com\/es\/wp-json\/wp\/v2\/wf_page_folders?post=6339"}],"curies":[{"name":"wp","href":"https:\/\/api.w.org\/{rel}","templated":true}]}}