{"id":11304,"date":"2024-09-12T20:17:24","date_gmt":"2024-09-12T18:17:24","guid":{"rendered":"https:\/\/3bconnectedcom.eu2.copilhost.cloud\/?page_id=11304"},"modified":"2024-11-11T15:40:21","modified_gmt":"2024-11-11T14:40:21","slug":"activation-profonde-de-son-etre-divin","status":"publish","type":"page","link":"https:\/\/3bconnected.com\/es\/activation-profonde-de-son-etre-divin\/","title":{"rendered":"Activation profonde de son \u00eatre divin"},"content":{"rendered":"<h3 dir=\"ltr\" style=\"text-align: center;\">S\u00e9ance de soin th\u00e9rapeutique&nbsp;<\/h3>\n<h1 dir=\"ltr\" style=\"text-align: center;\">Activation profonde de son \u00catre Divin<\/h1>\n<p><span style=\"\"><img decoding=\"async\" alt=\"\" data-id=\"11537\" width=\"244\" data-init-width=\"313\" height=\"244\" data-init-height=\"313\" title=\"5\" loading=\"lazy\" src=\"http:\/\/3bconnected.com\/wp-content\/uploads\/2024\/09\/5.png\" data-width=\"244\" data-height=\"244\" style=\"aspect-ratio: auto 313 \/ 313;\" mt-d=\"-44\" ml-d=\"0\" center-v-d=\"false\"><\/span><\/p>\n<p \"\"=\"\" style=\"text-align: center;\">Bienvenue dans ce lieu sacr\u00e9 o\u00f9 vous \u00eates convi\u00e9(e) \u00e0 explorer votre \u00eatre de mani\u00e8re divine.<\/p>\n<p \"\"=\"\" style=\"text-align: center;\">\u00c0 travers <strong>cette s\u00e9ance unique, vous serez connecter \u00e0 votre \u00e2me, corps et esprit.<\/strong><\/p>\n<p style=\"text-align: center;\"><strong>\u201c\u00catre Divin\u201d<\/strong><\/p>\n<p style=\"text-align: center;\">offre une exp\u00e9rience personnalis\u00e9e pour r\u00e9pondre \u00e0 vos pr\u00e9occupations les plus profondes.<\/p>\n<p style=\"text-align: center;\">Connectons-nous ensemble pour <strong>une exp\u00e9rience&nbsp;transformative&nbsp;<\/strong>en unissant nos \u00e9nergies !<strong>&nbsp;<\/strong><\/p>\n<h2 dir=\"ltr\" style=\"text-align: center;\">\ud83c\udf1fAvantages Exceptionnels :<\/h2>\n<p><span style=\"\"><img decoding=\"async\" alt=\"\" data-id=\"11550\" width=\"418\" data-init-width=\"313\" height=\"418\" data-init-height=\"313\" title=\"Diamand-eblouissant\" loading=\"lazy\" src=\"http:\/\/3bconnected.com\/wp-content\/uploads\/2024\/09\/Diamand-eblouissant.png\" data-width=\"418\" data-height=\"418\" style=\"aspect-ratio: auto 313 \/ 313;\" ml-d=\"-26\" mt-d=\"0\" center-h-d=\"false\" ml-m=\"-21\" center-h-m=\"false\"><\/span><\/p>\n<ul>\n<li><span><strong><span style=\"--tcb-applied-color: rgb(224, 178, 65) !important; color: rgb(224, 178, 65) !important;\">Approche Compl\u00e8te et Personnalis\u00e9e :<\/span><\/strong> Cette exp\u00e9rience va bien au-del\u00e0 d&#8217;un simple soin en combinant des soins \u00e9nerg\u00e9tiques, une <strong>exploration transg\u00e9n\u00e9rationnelle et karmique, la lecture des vies pass\u00e9es, de l\u2019hypnose <\/strong>ainsi qu&#8217;un dialogue avec la <strong>Conscience Sup\u00e9rieure<\/strong> pour une transformation holistique.<\/span><\/li>\n<li><span><strong><span style=\"--tcb-applied-color: rgb(224, 178, 65) !important; color: rgb(224, 178, 65) !important;\">Lib\u00e9ration \u00c9motionnelle et Physique Profonde :<\/span><\/strong> Vous serez d\u00e9livr\u00e9.e des blocages \u00e9motionnels profonds et des douleurs physiques, si cela est appropri\u00e9, afin de vous permettre de progresser librement. Vous serez lib\u00e9r\u00e9.e des <strong>sch\u00e9mas r\u00e9currents<\/strong>, des <strong>liens karmiques<\/strong> et pourrez \u00e9galement b\u00e9n\u00e9ficier de <strong>recouvrements d&#8217;\u00e2me<\/strong> si n\u00e9cessaire.<\/span><\/li>\n<li><span><strong><span style=\"--tcb-applied-color: rgb(224, 178, 65) !important; color: rgb(224, 178, 65) !important;\">Clart\u00e9 et R\u00e9v\u00e9lation de Soi :<\/span><\/strong> Obtenez un \u00e9clairage sur <strong>votre chemin de vie <\/strong>actuel en comprenant les influences de vos anc\u00eatres et de vos vies pass\u00e9es pour<strong> d\u00e9couvrir votre v\u00e9ritable essence<\/strong>.<\/span><\/li>\n<\/ul>\n<h3 style=\"text-align: center;\"><strong>Laissez-vous transformer par cette exp\u00e9rience singuli\u00e8re.<\/strong><em><strong>&nbsp;<\/strong><\/em><\/h3>\n<p style=\"text-align: center;\"><em><strong><em><strong>&#8211; un soin qui ne laisse personne indiff\u00e9rent &#8211;<\/strong><\/em><\/strong><\/em><\/p>\n<p style=\"text-align: center;\"><em><strong>Que ce soit pour d\u00e9couvrir votre but existentiel, gu\u00e9rir vos blessures \u00e9motionnelles et physiques, ou obtenir des r\u00e9ponses cruciales, cette s\u00e9ance est enti\u00e8rement ax\u00e9e sur vous et vos besoins.<\/strong><\/em><\/p>\n<p style=\"text-align: center;\"><em><strong><span>R\u00e9servez d\u00e8s maintenant<\/span><\/strong><\/em><\/p>\n<p>[tcb-script src=&#8221;https:\/\/asset-tidycal.b-cdn.net\/js\/embed.js&#8221; async=&#8221;&#8221;][\/tcb-script]<\/p>\n<p><strong><span style=\"--tcb-applied-color: rgb(224, 178, 65) !important; color: rgb(224, 178, 65) !important;\">BASMA <\/span>&nbsp;<\/strong>\/\/ Th\u00e9rapeute neuro-quantique et neuro-programmation mentale et cellulaire<\/p>\n<p><em><span style=\"font-size: 15px !important;\">&#8220;<span>Je crois fermement que chacun d\u00e9tient le pouvoir de transformer sa vie.<\/span><\/span><\/em><span style=\"font-size: 15px !important;\"><span><em>Mon objectif est de r\u00e9veiller cette force int\u00e9rieure, souvent \u00e9touff\u00e9e par des croyances limitantes et des peurs profondes.<\/em><\/span><\/span><span><em><span style=\"font-size: 15px !important;\">Mon voyage personnel, marqu\u00e9 par des d\u00e9fis et des r\u00e9v\u00e9lations, a consolid\u00e9 ma mission : \u00e9clairer les chemins vers l\u2019auto-gu\u00e9rison et l\u2019auto-r\u00e9alisation.<\/span><\/em><\/span><em><span>Je continue d\u2019explorer les fronti\u00e8res de la conscience et m\u2019efforce d\u2019apporter lumi\u00e8re et gu\u00e9rison dans la vie de ceux que j&#8217;accompagne.&#8221;<\/span><\/em>Basma Baouab<\/p>\n<h2 style=\"text-align: center;\">Vos questions :<\/h2>\n<h2 dir=\"ltr\" style=\"text-align: center;\">Ce que disent nos clients :<\/h2>\n<p><span style=\"\"><img decoding=\"async\" alt=\"\" data-id=\"11565\" width=\"68\" data-init-width=\"675\" height=\"68\" data-init-height=\"675\" title=\"Imen\" loading=\"lazy\" src=\"http:\/\/3bconnected.com\/wp-content\/uploads\/2024\/09\/Imen.png\" data-width=\"68\" data-height=\"68\" style=\"aspect-ratio: auto 675 \/ 675;\" mt-d=\"-0.75\" ml-d=\"0\"><\/span><\/p>\n<p style=\"text-align: center; font-size: 14px !important;\"><span style=\"color: var(--tcb-skin-color-0) !important;\"><span style=\"--tcb-applied-color: var$(--tcb-skin-color-0) !important;\">Imen<\/span><\/span><span style=\"color: rgb(228, 180, 65) !important;\"><span style=\"--tcb-applied-color: rgb(228, 180, 65) !important;\"> <\/span><\/span><span style=\"color: rgb(109, 109, 109);\">\/\/ <span style=\"font-weight: normal;\">Entrepreneur<\/span><\/span><\/p>\n<p style=\"\">&#8220;M\u00eame si c&#8217;\u00e9tait \u00e0 distance, j&#8217;ai ressenti quelque chose de fort, comme une \u00e9nergie qui m\u2019enveloppait. C\u2019\u00e9tait apaisant et je me suis senti lib\u00e9r\u00e9, comme si tout mon stress s&#8217;\u00e9tait envol\u00e9. Vraiment bluffant.&#8221;<\/p>\n<p><span style=\"\"><img decoding=\"async\" alt=\"\" data-id=\"9554\" width=\"129\" data-init-width=\"1848\" height=\"64\" data-init-height=\"924\" title=\"10\" loading=\"lazy\" src=\"http:\/\/3bconnected.com\/wp-content\/uploads\/2023\/11\/10-scaled.jpg\" data-width=\"129\" data-height=\"64\" style=\"aspect-ratio: auto 1848 \/ 924;\" mt-d=\"0\" ml-d=\"0\" center-h-d=\"false\"><\/span><\/p>\n<p style=\"text-align: center; font-size: 14px !important;\"><strong><span style=\"color: hsla(var(--tcb-main-master-h, 210), var(--tcb-main-master-s, 77%), var(--tcb-main-master-l, 54%), var(--tcb-main-master-a, 1));\">Aylin&nbsp;<\/span><\/strong><span style=\"color: rgb(109, 109, 109);\">\/\/ \u00c9tudiante<\/span><\/p>\n<p style=\"\">&#8220;Je ne savais pas trop \u00e0 quoi m&#8217;attendre, mais \u00e7a a \u00e9t\u00e9 une vraie r\u00e9v\u00e9lation. J&#8217;ai l&#8217;impression d&#8217;avoir l\u00e2ch\u00e9 des poids que je tra\u00eenais depuis des ann\u00e9es.&#8221;<\/p>\n<p><span style=\"\"><img decoding=\"async\" alt=\"\" data-id=\"9558\" width=\"134\" data-init-width=\"1848\" height=\"67\" data-init-height=\"924\" title=\"12\" loading=\"lazy\" src=\"http:\/\/3bconnected.com\/wp-content\/uploads\/2023\/11\/12-scaled.jpg\" data-width=\"134\" data-height=\"67\" style=\"aspect-ratio: auto 1848 \/ 924;\" mt-d=\"0\" ml-d=\"-28\" center-h-d=\"false\"><\/span><\/p>\n<p style=\"text-align: center; font-size: 14px !important;\"><strong><span style=\"color: hsla(var(--tcb-main-master-h, 210), var(--tcb-main-master-s, 77%), var(--tcb-main-master-l, 54%), var(--tcb-main-master-a, 1));\">Andy&nbsp;<\/span><\/strong><span style=\"color: rgb(109, 109, 109);\">\/\/ CEO<\/span><\/p>\n<p style=\"\">&#8220;C&#8217;\u00e9tait une exp\u00e9rience super puissante. \u00c7a m&#8217;a aid\u00e9 \u00e0 me recentrer et \u00e0 mieux comprendre ce qui bloquait dans ma vie.&#8221;<\/p>\n<p><span style=\"\"><img decoding=\"async\" alt=\"\" data-id=\"10233\" width=\"119\" data-init-width=\"4930\" height=\"67\" data-init-height=\"2776\" title=\"2\" loading=\"lazy\" src=\"http:\/\/3bconnected.com\/wp-content\/uploads\/2024\/03\/2-e1711628676283.png\" data-width=\"119\" data-height=\"67\" style=\"aspect-ratio: auto 4930 \/ 2776;\" mt-d=\"0\" ml-d=\"-20\" center-h-d=\"true\"><\/span><\/p>\n<p style=\"text-align: center; font-size: 14px !important;\"><strong><span style=\"color: hsla(var(--tcb-main-master-h, 210), var(--tcb-main-master-s, 77%), var(--tcb-main-master-l, 54%), var(--tcb-main-master-a, 1));\">V\u00e9ronique&nbsp;<\/span><\/strong><span style=\"color: rgb(109, 109, 109);\">\/\/ Reconversion Pro<\/span><\/p>\n<p style=\"\">&#8220;J&#8217;avais du mal \u00e0 me sentir align\u00e9e dans ma vie, mais apr\u00e8s cette s\u00e9ance, tout a chang\u00e9. C&#8217;\u00e9tait comme une vraie reconnexion avec moi-m\u00eame.&#8221;<\/p>\n<p><span style=\"\"><img decoding=\"async\" alt=\"\" data-id=\"6755\" width=\"68\" data-init-width=\"924\" height=\"102\" data-init-height=\"1386\" title=\"pexels-roberto-nickson-2531237\" loading=\"lazy\" src=\"http:\/\/3bconnected.com\/wp-content\/uploads\/2022\/05\/pexels-roberto-nickson-2531237-scaled.jpg\" data-width=\"68\" data-height=\"102\" style=\"aspect-ratio: auto 924 \/ 1386;\" mt-d=\"-24\" ml-d=\"0\" center-v-d=\"false\"><\/span><\/p>\n<p style=\"text-align: center;\"><strong><span style=\"color: hsla(var(--tcb-main-master-h, 210), var(--tcb-main-master-s, 77%), var(--tcb-main-master-l, 54%), var(--tcb-main-master-a, 1));\">G\u00e9rald<\/span><span style=\"color: rgb(55, 135, 218);\">&nbsp;<\/span><\/strong><span style=\"color: rgb(109, 109, 109);\">\/\/ CEO&nbsp;<\/span><\/p>\n<p style=\"\">&#8220;J&#8217;ai enfin lib\u00e9r\u00e9 des blocages que je tra\u00eenais depuis des ann\u00e9es. Un soin d&#8217;une intensit\u00e9 exceptionnelle. M\u00eame \u00e0 distance, je recommande sans h\u00e9siter.&#8221;<\/p>\n<p><span style=\"\"><img decoding=\"async\" alt=\"\" data-id=\"9560\" width=\"135\" data-init-width=\"1848\" height=\"68\" data-init-height=\"924\" title=\"4\" loading=\"lazy\" src=\"http:\/\/3bconnected.com\/wp-content\/uploads\/2023\/11\/4-scaled.jpg\" data-width=\"135\" data-height=\"68\" style=\"aspect-ratio: auto 1848 \/ 924;\" mt-d=\"0\" ml-d=\"-55\" center-h-d=\"false\"><\/span><\/p>\n<p style=\"text-align: center; font-size: 14px !important;\"><strong><span style=\"color: hsla(var(--tcb-main-master-h, 210), var(--tcb-main-master-s, 77%), var(--tcb-main-master-l, 54%), var(--tcb-main-master-a, 1));\">Catherine&nbsp;<\/span><\/strong><span style=\"color: rgb(109, 109, 109);\">\/\/ Charg\u00e9e de Com<\/span><\/p>\n<p style=\"\">&#8220;Une exp\u00e9rience incroyable. J&#8217;ai ressenti une profonde paix int\u00e9rieure d\u00e8s les premi\u00e8res minutes. Apr\u00e8s la s\u00e9ance, je me suis senti align\u00e9 avec moi-m\u00eame comme jamais auparavant.&#8221;<\/p>\n<h2 dir=\"ltr\" style=\"text-align: center;\"><strong>Vous h\u00e9sitez encore ?&nbsp;<\/strong><\/h2>\n<h5 style=\"text-align: center;\"><strong>Prenez un RDV gratuit avec Basma en choisissant un cr\u00e9neau dans son agenda. C&#8217;est sans engagement!<\/strong><\/h5>\n<p>[tcb-script src=&#8221;https:\/\/asset-tidycal.b-cdn.net\/js\/embed.js&#8221; async=&#8221;&#8221;][\/tcb-script]<a href=\"https:\/\/www.instagram.com\/basma.baouab_3bconnected\/\" target=\"_blank\" rel=\"nofollow noopener\" data-id=\"icon-instagram\"><span>                     <\/span><\/a><a href=\"\/\/www.facebook.com\/3BLOVECONNECTED\" target=\"_blank\" rel=\"nofollow noopener\" data-id=\"icon-facebook\"><span>                     <\/span><\/a><a href=\"https:\/\/www.youtube.com\/@3bconnected483\" target=\"_blank\" rel=\"nofollow noopener\" data-id=\"icon-youtube\"><span>                     <\/span><\/a><\/p>\n<h2 dir=\"ltr\" style=\"text-align: center;\"><span style=\"letter-spacing: 6px; text-transform: uppercase !important;\">Se ressourcer :<\/span><\/h2>\n<h2 dir=\"ltr\" style=\"text-align: center;\">Articles de blog<strong>&nbsp;<\/strong><\/h2>\n<p><a href=\"http:\/\/3bconnected.com\/es\/comment-connaitre-sa-mission-divine-un-chemin-vers-soi-meme\/\" dynamic-postlink=\"tcb_post_the_permalink\" data-shortcode-id=\"11261\"><\/a><\/p>\n<p style=\"text-align: center;\"><span data-shortcode=\"tcb_post_published_date\" data-shortcode-name=\"Post date\" data-extra_key=\"\" data-attr-type=\"published\" data-attr-date-format-select=\"F j, Y\" data-attr-date-format=\"F j, Y\" data-attr-show-time=\"0\" data-attr-time-format-select=\"g:i a\" data-attr-time-format=\"\" data-attr-link=\"0\" data-attr-target=\"1\" data-attr-rel=\"0\" data-option-inline=\"1\">novembre 1, 2024 <\/span><\/p>\n<h2 style=\"padding-top: 0px !important; margin-top: 0px !important; text-align: center;\"><span data-shortcode=\"tcb_post_title\" data-shortcode-name=\"Post title\" data-extra_key=\"\" data-attr-link=\"1\" data-attr-target=\"0\" data-attr-rel=\"0\" data-option-inline=\"1\" data-attr-static-link=\"{&quot;className&quot;:&quot;&quot;,&quot;href&quot;:&quot;http:\/\/3bconnected.com\/comment-connaitre-sa-mission-divine-un-chemin-vers-soi-meme\/&quot;,&quot;title&quot;:&quot;Comment conna\u00eetre sa mission divine : Un chemin vers soi-m\u00eame&quot;,&quot;class&quot;:&quot;&quot;}\" data-attr-css=\"\"><a href=\"http:\/\/3bconnected.com\/es\/comment-connaitre-sa-mission-divine-un-chemin-vers-soi-meme\/\" title=\"Comment conna\u00eetre sa mission divine : Un chemin vers soi-m\u00eame\" data-css=\"\">Comment conna\u00eetre sa mission divine : Un chemin vers soi-m\u00eame<\/a><\/span><\/h2>\n<p>Comment conna\u00eetre sa mission divine : Un chemin <a href=\"http:\/\/3bconnected.com\/es\/comment-connaitre-sa-mission-divine-un-chemin-vers-soi-meme\/#more-11781\"><\/a><\/p>\n<p><a href=\"http:\/\/3bconnected.com\/es\/comment-connaitre-sa-mission-divine-un-chemin-vers-soi-meme\/\" style=\"\"><span>                    <\/span><span><span><\/span><\/span><\/a><a href=\"http:\/\/3bconnected.com\/es\/lactivation-de-letre-divin-un-soin-unique-pour-saligner-avec-lunivers\/\" dynamic-postlink=\"tcb_post_the_permalink\" data-shortcode-id=\"11261\"><\/a><\/p>\n<p style=\"text-align: center;\"><span data-shortcode=\"tcb_post_published_date\" data-shortcode-name=\"Post date\" data-extra_key=\"\" data-attr-type=\"published\" data-attr-date-format-select=\"F j, Y\" data-attr-date-format=\"F j, Y\" data-attr-show-time=\"0\" data-attr-time-format-select=\"g:i a\" data-attr-time-format=\"\" data-attr-link=\"0\" data-attr-target=\"1\" data-attr-rel=\"0\" data-option-inline=\"1\">octobre 1, 2024 <\/span><\/p>\n<h2 style=\"padding-top: 0px !important; margin-top: 0px !important; text-align: center;\"><span data-shortcode=\"tcb_post_title\" data-shortcode-name=\"Post title\" data-extra_key=\"\" data-attr-link=\"1\" data-attr-target=\"0\" data-attr-rel=\"0\" data-option-inline=\"1\" data-attr-static-link=\"{&quot;className&quot;:&quot;&quot;,&quot;href&quot;:&quot;http:\/\/3bconnected.com\/comment-connaitre-sa-mission-divine-un-chemin-vers-soi-meme\/&quot;,&quot;title&quot;:&quot;Comment conna\u00eetre sa mission divine : Un chemin vers soi-m\u00eame&quot;,&quot;class&quot;:&quot;&quot;}\" data-attr-css=\"\"><a href=\"http:\/\/3bconnected.com\/es\/lactivation-de-letre-divin-un-soin-unique-pour-saligner-avec-lunivers\/\" title=\"L\u2019Activation de l\u2019\u00catre Divin : un soin unique\" data-css=\"\">L\u2019Activation de l\u2019\u00catre Divin : un soin unique<\/a><\/span><\/h2>\n<p>L\u2019Activation de l\u2019\u00catre Divin,un soin unique pour s\u2019aligner <a href=\"http:\/\/3bconnected.com\/es\/lactivation-de-letre-divin-un-soin-unique-pour-saligner-avec-lunivers\/#more-11670\"><\/a><\/p>\n<p><a href=\"http:\/\/3bconnected.com\/es\/lactivation-de-letre-divin-un-soin-unique-pour-saligner-avec-lunivers\/\" style=\"\"><span>                    <\/span><span><span><\/span><\/span><\/a><a href=\"http:\/\/3bconnected.com\/es\/les-signes-dune-frequence-vibratoire-elevee-ou-basse\/\" dynamic-postlink=\"tcb_post_the_permalink\" data-shortcode-id=\"11261\"><\/a><\/p>\n<p style=\"text-align: center;\"><span data-shortcode=\"tcb_post_published_date\" data-shortcode-name=\"Post date\" data-extra_key=\"\" data-attr-type=\"published\" data-attr-date-format-select=\"F j, Y\" data-attr-date-format=\"F j, Y\" data-attr-show-time=\"0\" data-attr-time-format-select=\"g:i a\" data-attr-time-format=\"\" data-attr-link=\"0\" data-attr-target=\"1\" data-attr-rel=\"0\" data-option-inline=\"1\">septembre 1, 2024 <\/span><\/p>\n<h2 style=\"padding-top: 0px !important; margin-top: 0px !important; text-align: center;\"><span data-shortcode=\"tcb_post_title\" data-shortcode-name=\"Post title\" data-extra_key=\"\" data-attr-link=\"1\" data-attr-target=\"0\" data-attr-rel=\"0\" data-option-inline=\"1\" data-attr-static-link=\"{&quot;className&quot;:&quot;&quot;,&quot;href&quot;:&quot;http:\/\/3bconnected.com\/comment-connaitre-sa-mission-divine-un-chemin-vers-soi-meme\/&quot;,&quot;title&quot;:&quot;Comment conna\u00eetre sa mission divine : Un chemin vers soi-m\u00eame&quot;,&quot;class&quot;:&quot;&quot;}\" data-attr-css=\"\"><a href=\"http:\/\/3bconnected.com\/es\/les-signes-dune-frequence-vibratoire-elevee-ou-basse\/\" title=\"Les signes d\u2019une fr\u00e9quence vibratoire \u00e9lev\u00e9e ou basse !\" data-css=\"\">Les signes d\u2019une fr\u00e9quence vibratoire \u00e9lev\u00e9e ou basse !<\/a><\/span><\/h2>\n<p>Les signes d&#8217;une fr\u00e9quence vibratoire \u00e9lev\u00e9e ou basse <a href=\"http:\/\/3bconnected.com\/es\/les-signes-dune-frequence-vibratoire-elevee-ou-basse\/#more-11261\"><\/a><\/p>\n<p><a href=\"http:\/\/3bconnected.com\/es\/les-signes-dune-frequence-vibratoire-elevee-ou-basse\/\" style=\"\"><span>                    <\/span><span><span><\/span><\/span><\/a><\/p>","protected":false},"excerpt":{"rendered":"<p>S\u00e9ance de soin th\u00e9rapeutique&nbsp; Activation profonde de son \u00catre Divin Bienvenue dans ce lieu sacr\u00e9 o\u00f9 vous \u00eates convi\u00e9(e) \u00e0 explorer votre \u00eatre de mani\u00e8re divine. \u00c0 travers cette s\u00e9ance unique, vous serez connecter \u00e0 votre \u00e2me, corps et esprit. \u201c\u00catre Divin\u201d offre une exp\u00e9rience personnalis\u00e9e pour r\u00e9pondre \u00e0 vos pr\u00e9occupations les plus profondes. Connectons-nous [&hellip;]<\/p>","protected":false},"author":145,"featured_media":0,"parent":0,"menu_order":0,"comment_status":"closed","ping_status":"closed","template":"","meta":{"footnotes":""},"wf_page_folders":[],"class_list":["post-11304","page","type-page","status-publish","hentry","post-wrapper","thrv_wrapper"],"_links":{"self":[{"href":"https:\/\/3bconnected.com\/es\/wp-json\/wp\/v2\/pages\/11304","targetHints":{"allow":["GET"]}}],"collection":[{"href":"https:\/\/3bconnected.com\/es\/wp-json\/wp\/v2\/pages"}],"about":[{"href":"https:\/\/3bconnected.com\/es\/wp-json\/wp\/v2\/types\/page"}],"author":[{"embeddable":true,"href":"https:\/\/3bconnected.com\/es\/wp-json\/wp\/v2\/users\/145"}],"replies":[{"embeddable":true,"href":"https:\/\/3bconnected.com\/es\/wp-json\/wp\/v2\/comments?post=11304"}],"version-history":[{"count":136,"href":"https:\/\/3bconnected.com\/es\/wp-json\/wp\/v2\/pages\/11304\/revisions"}],"predecessor-version":[{"id":11835,"href":"https:\/\/3bconnected.com\/es\/wp-json\/wp\/v2\/pages\/11304\/revisions\/11835"}],"wp:attachment":[{"href":"https:\/\/3bconnected.com\/es\/wp-json\/wp\/v2\/media?parent=11304"}],"wp:term":[{"taxonomy":"wf_page_folders","embeddable":true,"href":"https:\/\/3bconnected.com\/es\/wp-json\/wp\/v2\/wf_page_folders?post=11304"}],"curies":[{"name":"wp","href":"https:\/\/api.w.org\/{rel}","templated":true}]}}