{"id":11709,"date":"2024-09-27T15:11:39","date_gmt":"2024-09-27T13:11:39","guid":{"rendered":"https:\/\/3bconnectedcom.eu2.copilhost.cloud\/?post_type=product&#038;p=11709"},"modified":"2024-09-27T15:18:25","modified_gmt":"2024-09-27T13:18:25","slug":"seance-dhypnose-audio-guerir-du-poids-du-passe-et-activer-votre-identite-authentique","status":"publish","type":"product","link":"https:\/\/3bconnected.com\/en\/product\/seance-dhypnose-audio-guerir-du-poids-du-passe-et-activer-votre-identite-authentique\/","title":{"rendered":"S\u00e9ance d&#8217;Hypnose Audio &#8211; Gue\u0301rir du poids du passe\u0301 et activer votre identite\u0301 authentique"},"content":{"rendered":"<p><strong>B\u00e9n\u00e9fices de cette s\u00e9ance :<\/strong><\/p>\n<ul>\n<li><strong>Gu\u00e9rison des blessures<\/strong> \u00e9motionnelles et lib\u00e9ration des attachements n\u00e9gatifs du pass\u00e9.<\/li>\n<li>Transformation des exp\u00e9riences pass\u00e9es en <strong>forces<\/strong> pour le pr\u00e9sent.<\/li>\n<li>Activation de votre <strong>identit\u00e9 authentique<\/strong> pour mieux incarner votre plein potentiel.<\/li>\n<li><strong>Renforcement<\/strong> de la confiance en soi et de l\u2019acceptation de soi.<\/li>\n<\/ul>\n<p>Plongez dans un \u00e9tat de relaxation profonde qui vous aidera \u00e0 l\u00e2cher prise sur les vieux sch\u00e9mas et \u00e0 renouer avec votre v\u00e9ritable essence, celle qui n\u2019est plus influenc\u00e9e par les blessures du pass\u00e9.<\/p>\n<p><strong>Caract\u00e9ristiques de la s\u00e9ance :<\/strong><\/p>\n<ul>\n<li><strong>Duration:<\/strong> 20 minutes<\/li>\n<li><strong>Format :<\/strong> Audio t\u00e9l\u00e9chargeable (MP3) ou en streaming<\/li>\n<\/ul>\n<p><strong>Pour qui est cette s\u00e9ance ?<\/strong><\/p>\n<ul>\n<li>Les personnes souhaitant <strong>gu\u00e9rir des blessures du pass\u00e9<\/strong> qui impactent leur vie pr\u00e9sente.<\/li>\n<li>Celles qui cherchent \u00e0 mieux <strong>se comprendre<\/strong> et \u00e0 reconnecter avec leur v\u00e9ritable essence.<\/li>\n<li>Ceux qui veulent renforcer leur <strong>self-confidence<\/strong> et vivre de mani\u00e8re plus authentique.<\/li>\n<\/ul>\n<p>Transformez votre relation au pass\u00e9 et d\u00e9couvrez la <strong>force<\/strong> of your <strong>identit\u00e9 authentique<\/strong> avec cette puissante s\u00e9ance d\u2019hypnose. Faites le premier pas vers une vie plus libre et \u00e9panouie.<\/p>","protected":false},"excerpt":{"rendered":"<p>Lib\u00e9rez-vous des <strong>fardeaux \u00e9motionnels<\/strong> du pass\u00e9 et reconnectez-vous \u00e0 votre <strong>v\u00e9ritable identit\u00e9<\/strong> gr\u00e2ce \u00e0 cette <strong>s\u00e9ance d\u2019hypnose audio gratuite<\/strong>. Con\u00e7ue pour vous aider \u00e0 <strong>gu\u00e9rir les blessures anciennes<\/strong> et \u00e0 activer votre <strong>plein potentiel<\/strong>, cette hypnose vous guide vers une version plus authentique de vous-m\u00eame.<\/p>","protected":false},"featured_media":11710,"template":"","meta":[],"product_brand":[],"product_cat":[153],"product_tag":[],"wf_product_folders":[],"class_list":{"0":"post-11709","1":"product","2":"type-product","3":"status-publish","4":"has-post-thumbnail","6":"product_cat-hypnose","7":"post-wrapper","8":"thrv_wrapper","10":"first","11":"instock","12":"downloadable","13":"virtual","14":"purchasable","15":"product-type-simple"},"_links":{"self":[{"href":"https:\/\/3bconnected.com\/en\/wp-json\/wp\/v2\/product\/11709","targetHints":{"allow":["GET"]}}],"collection":[{"href":"https:\/\/3bconnected.com\/en\/wp-json\/wp\/v2\/product"}],"about":[{"href":"https:\/\/3bconnected.com\/en\/wp-json\/wp\/v2\/types\/product"}],"wp:featuredmedia":[{"embeddable":true,"href":"https:\/\/3bconnected.com\/en\/wp-json\/wp\/v2\/media\/11710"}],"wp:attachment":[{"href":"https:\/\/3bconnected.com\/en\/wp-json\/wp\/v2\/media?parent=11709"}],"wp:term":[{"taxonomy":"product_brand","embeddable":true,"href":"https:\/\/3bconnected.com\/en\/wp-json\/wp\/v2\/product_brand?post=11709"},{"taxonomy":"product_cat","embeddable":true,"href":"https:\/\/3bconnected.com\/en\/wp-json\/wp\/v2\/product_cat?post=11709"},{"taxonomy":"product_tag","embeddable":true,"href":"https:\/\/3bconnected.com\/en\/wp-json\/wp\/v2\/product_tag?post=11709"},{"taxonomy":"wf_product_folders","embeddable":true,"href":"https:\/\/3bconnected.com\/en\/wp-json\/wp\/v2\/wf_product_folders?post=11709"}],"curies":[{"name":"wp","href":"https:\/\/api.w.org\/{rel}","templated":true}]}}