{"id":11420,"date":"2024-09-12T12:04:13","date_gmt":"2024-09-12T10:04:13","guid":{"rendered":"https:\/\/3bconnectedcom.eu2.copilhost.cloud\/?post_type=product&#038;p=11420"},"modified":"2024-09-13T19:50:54","modified_gmt":"2024-09-13T17:50:54","slug":"e-book-gratuit-liberez-vous-des-kilos-emotionnels","status":"publish","type":"product","link":"https:\/\/3bconnected.com\/en\/product\/e-book-gratuit-liberez-vous-des-kilos-emotionnels\/","title":{"rendered":"e-book Gratuit : Lib\u00e9rez-vous des kilos \u00e9motionnels !"},"content":{"rendered":"<p>Gr\u00e2ce \u00e0 ce livre, vous d\u00e9couvrirez comment :<\/p>\n<ul>\n<li>Identifier les \u00e9motions qui d\u00e9clenchent des envies alimentaires incontr\u00f4l\u00e9es<\/li>\n<li>G\u00e9rer le stress et l\u2019anxi\u00e9t\u00e9 sans recourir \u00e0 la nourriture<\/li>\n<li>D\u00e9velopper une relation saine avec la nourriture bas\u00e9e sur la conscience et non sur les \u00e9motions<\/li>\n<li>Perdre du poids naturellement en abordant vos habitudes alimentaires avec bienveillance<\/li>\n<\/ul>\n<p>Ce guide est un alli\u00e9 pr\u00e9cieux pour ceux et celles qui souhaitent sortir du cercle vicieux de l\u2019alimentation \u00e9motionnelle et retrouver un \u00e9quilibre physique et mental.<\/p>\n<p><strong>Caract\u00e9ristiques :<\/strong><\/p>\n<ul>\n<li><strong>Format<\/strong> : PDF t\u00e9l\u00e9chargeable<\/li>\n<li><strong>Pages<\/strong> : 24 pages de conseils pratiques et inspirants<\/li>\n<li><strong>Prix<\/strong> : Gratuit<\/li>\n<li><strong>Langue<\/strong> : Fran\u00e7ais<\/li>\n<li><strong>Disponibilit\u00e9<\/strong> : T\u00e9l\u00e9chargement imm\u00e9diat apr\u00e8s inscription<\/li>\n<\/ul>\n<p><strong>Pourquoi t\u00e9l\u00e9charger cet e-book ?<\/strong> Les kilos \u00e9motionnels peuvent \u00eatre un fardeau autant physique que mental. Apprendre \u00e0 les reconna\u00eetre et \u00e0 les g\u00e9rer est essentiel pour retrouver un \u00e9quilibre durable et une relation sereine avec votre corps. Ce e-book vous offre des cl\u00e9s pour transformer vos habitudes et gagner en libert\u00e9 \u00e9motionnelle.<\/p>\n<p><strong>T\u00e9l\u00e9chargement gratuit :<\/strong> T\u00e9l\u00e9chargez votre guide <em>Lib\u00e9rez-vous des Kilos \u00c9motionnels<\/em> maintenant et commencez \u00e0 reprendre le contr\u00f4le de votre bien-\u00eatre !<\/p>","protected":false},"excerpt":{"rendered":"<p>Vous avez l\u2019impression que vos \u00e9motions impactent directement votre poids ? Vous n\u2019\u00eates pas seul.e !<\/p>\n<p><em>Lib\u00e9rez-vous des Kilos \u00c9motionnels<\/em> est un e-book gratuit con\u00e7u pour vous aider \u00e0 comprendre le lien entre vos \u00e9motions et votre rapport \u00e0 la nourriture. Ce guide complet vous propose des outils pratiques pour reprendre le contr\u00f4le de votre corps et de votre bien-\u00eatre, en abordant les causes profondes des kilos \u00e9motionnels.<\/p>","protected":false},"featured_media":11435,"template":"","meta":[],"product_brand":[],"product_cat":[156],"product_tag":[],"wf_product_folders":[],"class_list":{"0":"post-11420","1":"product","2":"type-product","3":"status-publish","4":"has-post-thumbnail","6":"product_cat-e-books","7":"post-wrapper","8":"thrv_wrapper","10":"first","11":"instock","12":"downloadable","13":"virtual","14":"purchasable","15":"product-type-simple"},"_links":{"self":[{"href":"https:\/\/3bconnected.com\/en\/wp-json\/wp\/v2\/product\/11420","targetHints":{"allow":["GET"]}}],"collection":[{"href":"https:\/\/3bconnected.com\/en\/wp-json\/wp\/v2\/product"}],"about":[{"href":"https:\/\/3bconnected.com\/en\/wp-json\/wp\/v2\/types\/product"}],"wp:featuredmedia":[{"embeddable":true,"href":"https:\/\/3bconnected.com\/en\/wp-json\/wp\/v2\/media\/11435"}],"wp:attachment":[{"href":"https:\/\/3bconnected.com\/en\/wp-json\/wp\/v2\/media?parent=11420"}],"wp:term":[{"taxonomy":"product_brand","embeddable":true,"href":"https:\/\/3bconnected.com\/en\/wp-json\/wp\/v2\/product_brand?post=11420"},{"taxonomy":"product_cat","embeddable":true,"href":"https:\/\/3bconnected.com\/en\/wp-json\/wp\/v2\/product_cat?post=11420"},{"taxonomy":"product_tag","embeddable":true,"href":"https:\/\/3bconnected.com\/en\/wp-json\/wp\/v2\/product_tag?post=11420"},{"taxonomy":"wf_product_folders","embeddable":true,"href":"https:\/\/3bconnected.com\/en\/wp-json\/wp\/v2\/wf_product_folders?post=11420"}],"curies":[{"name":"wp","href":"https:\/\/api.w.org\/{rel}","templated":true}]}}