{"id":11418,"date":"2024-09-12T11:57:05","date_gmt":"2024-09-12T09:57:05","guid":{"rendered":"https:\/\/3bconnectedcom.eu2.copilhost.cloud\/?post_type=product&#038;p=11418"},"modified":"2024-09-13T19:51:42","modified_gmt":"2024-09-13T17:51:42","slug":"e-book-gratuit-lamour-de-soi","status":"publish","type":"product","link":"https:\/\/3bconnected.com\/en\/product\/e-book-gratuit-lamour-de-soi\/","title":{"rendered":"e-book Gratuit : L&#8217;Amour de soi"},"content":{"rendered":"<p>Discover <em>L&#8217;Amour de Soi<\/em>, un guide essentiel pour r\u00e9apprendre \u00e0 s\u2019aimer, \u00e0 se comprendre et \u00e0 d\u00e9velopper une relation bienveillante avec vous-m\u00eame. Ce e-book gratuit vous accompagne \u00e0 chaque \u00e9tape de ce voyage int\u00e9rieur, vous aidant \u00e0 surmonter les blocages \u00e9motionnels et \u00e0 cultiver l\u2019estime de soi. Que vous soyez en qu\u00eate de bien-\u00eatre personnel ou simplement \u00e0 la recherche d\u2019une approche plus positive envers vous-m\u00eame, ce livre est fait pour vous.<\/p>\n<p><strong>Caract\u00e9ristiques :<\/strong><\/p>\n<ul>\n<li><strong>Format<\/strong> : PDF t\u00e9l\u00e9chargeable<\/li>\n<li><strong>Pages<\/strong> : 10 pages de contenu inspirant<\/li>\n<li><strong>Prix<\/strong> : Gratuit<\/li>\n<li><strong>Langue<\/strong> : Fran\u00e7ais<\/li>\n<li><strong>Disponibilit\u00e9<\/strong> : T\u00e9l\u00e9chargement imm\u00e9diat apr\u00e8s inscription<\/li>\n<\/ul>\n<p><strong>Pourquoi t\u00e9l\u00e9charger cet e-book ?<\/strong> S&#8217;aimer soi-m\u00eame est la cl\u00e9 d&#8217;une vie \u00e9panouie. En prenant soin de vous et en cultivant votre amour-propre, vous vous ouvrez \u00e0 des relations plus saines, une meilleure estime de soi, et un bonheur durable. Ce e-book vous donne les outils pour d\u00e9buter cette transformation int\u00e9rieure.<\/p>\n<p><strong>T\u00e9l\u00e9chargement gratuit :<\/strong> Recevez votre e-book d\u00e8s maintenant en remplissant le formulaire ci-dessous !<\/p>","protected":false},"excerpt":{"rendered":"<p><strong><span style=\"font-size: 14pt;\">7 secrets pour cultiver l&#8217;amour de soi<\/span><\/strong><\/p>\n<p>Je vous partage l&#8217;essentiel pour savoir comment cultiver l&#8217;amour de soi rapidement pour commencer \u00e0 profiter de la vie pleinement.<\/p>","protected":false},"featured_media":11434,"template":"","meta":[],"product_brand":[],"product_cat":[156],"product_tag":[],"wf_product_folders":[],"class_list":{"0":"post-11418","1":"product","2":"type-product","3":"status-publish","4":"has-post-thumbnail","6":"product_cat-e-books","7":"post-wrapper","8":"thrv_wrapper","10":"first","11":"instock","12":"downloadable","13":"virtual","14":"purchasable","15":"product-type-simple"},"_links":{"self":[{"href":"https:\/\/3bconnected.com\/en\/wp-json\/wp\/v2\/product\/11418","targetHints":{"allow":["GET"]}}],"collection":[{"href":"https:\/\/3bconnected.com\/en\/wp-json\/wp\/v2\/product"}],"about":[{"href":"https:\/\/3bconnected.com\/en\/wp-json\/wp\/v2\/types\/product"}],"wp:featuredmedia":[{"embeddable":true,"href":"https:\/\/3bconnected.com\/en\/wp-json\/wp\/v2\/media\/11434"}],"wp:attachment":[{"href":"https:\/\/3bconnected.com\/en\/wp-json\/wp\/v2\/media?parent=11418"}],"wp:term":[{"taxonomy":"product_brand","embeddable":true,"href":"https:\/\/3bconnected.com\/en\/wp-json\/wp\/v2\/product_brand?post=11418"},{"taxonomy":"product_cat","embeddable":true,"href":"https:\/\/3bconnected.com\/en\/wp-json\/wp\/v2\/product_cat?post=11418"},{"taxonomy":"product_tag","embeddable":true,"href":"https:\/\/3bconnected.com\/en\/wp-json\/wp\/v2\/product_tag?post=11418"},{"taxonomy":"wf_product_folders","embeddable":true,"href":"https:\/\/3bconnected.com\/en\/wp-json\/wp\/v2\/wf_product_folders?post=11418"}],"curies":[{"name":"wp","href":"https:\/\/api.w.org\/{rel}","templated":true}]}}