{"id":11401,"date":"2024-09-12T09:53:21","date_gmt":"2024-09-12T07:53:21","guid":{"rendered":"https:\/\/3bconnectedcom.eu2.copilhost.cloud\/?post_type=product&#038;p=11401"},"modified":"2024-09-13T18:34:34","modified_gmt":"2024-09-13T16:34:34","slug":"meditation-guidee-liberer-votre-energie-toxique-et-reactiver-votre-puissante-energie-damour","status":"publish","type":"product","link":"https:\/\/3bconnected.com\/en\/product\/meditation-guidee-liberer-votre-energie-toxique-et-reactiver-votre-puissante-energie-damour\/","title":{"rendered":"M\u00e9ditation guid\u00e9e &#8211; Lib\u00e9rer votre \u00e9nergie toxique et r\u00e9activer votre puissante \u00e9nergie d\u2019amour"},"content":{"rendered":"<p><span style=\"font-weight: 400;\">Id\u00e9ale pour retrouver un \u00e9quilibre \u00e9motionnel, cette s\u00e9ance vous permet de vous d\u00e9barrasser des tensions et de vous <\/span><b>reconnecter \u00e0 la source infinie de l\u2019amour<\/b><span style=\"font-weight: 400;\"> qui nourrit votre \u00e2me.<\/span><\/p>\n<h3><b>B\u00e9n\u00e9fices de la M\u00e9ditation :<\/b><\/h3>\n<ul>\n<li style=\"font-weight: 400;\" aria-level=\"1\"><b>Lib\u00e9ration des \u00e9nergies toxiques<\/b><span style=\"font-weight: 400;\"> : \u00c9liminez les \u00e9motions n\u00e9gatives comme la col\u00e8re, la peur ou le stress, pour vous purifier en profondeur.<\/span><\/li>\n<li style=\"font-weight: 400;\" aria-level=\"1\"><b>R\u00e9activation de l\u2019\u00e9nergie d\u2019amour<\/b><span style=\"font-weight: 400;\"> : Renforcez votre connexion avec votre c\u0153ur et laissez l\u2019\u00e9nergie d\u2019amour circuler librement en vous.<\/span><\/li>\n<li style=\"font-weight: 400;\" aria-level=\"1\"><b>\u00c9quilibre \u00e9motionnel<\/b><span style=\"font-weight: 400;\"> : Apprenez \u00e0 calmer votre esprit et \u00e0 r\u00e9tablir la paix int\u00e9rieure.<\/span><\/li>\n<li style=\"font-weight: 400;\" aria-level=\"1\"><b>Renforcement de la bienveillance et de l\u2019amour-propre<\/b><span style=\"font-weight: 400;\"> : Nourrissez-vous d\u2019amour inconditionnel et rayonnez cette \u00e9nergie autour de vous.<\/span><\/li>\n<\/ul>\n<h3><b>Pourquoi choisir cette m\u00e9ditation ?<\/b><\/h3>\n<p><span style=\"font-weight: 400;\">Si vous vous sentez encombr\u00e9 par des \u00e9motions lourdes ou des \u00e9nergies n\u00e9gatives, cette m\u00e9ditation est con\u00e7ue pour vous <\/span><b>purifier<\/b><span style=\"font-weight: 400;\"> et r\u00e9activer la <\/span><b>puissance d\u2019amour<\/b><span style=\"font-weight: 400;\"> en vous. C\u2019est un outil puissant pour ceux qui cherchent \u00e0 retrouver l\u2019harmonie, la clart\u00e9 et un \u00e9tat d\u2019amour profond pour eux-m\u00eames et pour les autres.<\/span><\/p>\n<h3><b>D\u00e9tails :<\/b><\/h3>\n<ul>\n<li style=\"font-weight: 400;\" aria-level=\"1\"><b>Dur\u00e9e<\/b><span style=\"font-weight: 400;\"> : 25 minutes<\/span><\/li>\n<li style=\"font-weight: 400;\" aria-level=\"1\"><b>Format<\/b><span style=\"font-weight: 400;\"> : Audio MP3 (T\u00e9l\u00e9chargeable imm\u00e9diatement)<\/span><\/li>\n<li style=\"font-weight: 400;\" aria-level=\"1\"><b>Niveau<\/b><span style=\"font-weight: 400;\"> : Tous niveaux<\/span><\/li>\n<\/ul>\n<h3><b>Comment cela fonctionne ?<\/b><\/h3>\n<p><span style=\"font-weight: 400;\">Dans un environnement calme, prenez le temps de vous installer confortablement. Laissez-vous guider par cette m\u00e9ditation qui vous aidera \u00e0 rel\u00e2cher progressivement les tensions et les \u00e9nergies toxiques. \u00c0 travers des visualisations et des respirations profondes, vous vous reconnecterez \u00e0 votre <\/span><b>\u00e9nergie d\u2019amour<\/b><span style=\"font-weight: 400;\">, vous remplissant de bienveillance et de s\u00e9r\u00e9nit\u00e9.<\/span><\/p>\n<h3><b>R\u00e9ponses \u00e0 Vos Questions :<\/b><\/h3>\n<ul>\n<li style=\"font-weight: 400;\" aria-level=\"1\"><b>Est-ce que cette m\u00e9ditation aide \u00e0 se d\u00e9barrasser du stress ?<\/b><b><br \/>\n<\/b><span style=\"font-weight: 400;\">Absolument, elle est con\u00e7ue pour vous lib\u00e9rer du stress, de la n\u00e9gativit\u00e9 et des \u00e9motions toxiques afin de retrouver un \u00e9tat de paix int\u00e9rieure.<\/span><\/li>\n<li style=\"font-weight: 400;\" aria-level=\"1\"><b>\u00c0 quelle fr\u00e9quence puis-je pratiquer cette m\u00e9ditation ?<\/b><b><br \/>\n<\/b><span style=\"font-weight: 400;\">Vous pouvez la pratiquer aussi souvent que n\u00e9cessaire pour maintenir un \u00e9tat d\u2019\u00e9quilibre \u00e9motionnel et d\u2019amour inconditionnel.<\/span><\/li>\n<\/ul>\n<p><b>Lib\u00e9rez-vous des \u00e9nergies toxiques et r\u00e9veillez la puissance de l\u2019amour<\/b><span style=\"font-weight: 400;\"> en vous d\u00e8s aujourd\u2019hui !<\/span><\/p>","protected":false},"excerpt":{"rendered":"<p><span style=\"font-weight: 400;\">Cette <\/span><b>guided meditation<\/b><span style=\"font-weight: 400;\"> est un voyage int\u00e9rieur qui vous aide \u00e0 lib\u00e9rer les <\/span><b>\u00e9nergies toxiques<\/b><span style=\"font-weight: 400;\"> accumul\u00e9es et \u00e0 <\/span><b>r\u00e9activer la puissante \u00e9nergie d\u2019amour<\/b><span style=\"font-weight: 400;\"> qui r\u00e9side en vous. \u00c0 travers une pratique douce et transformatrice, vous apprendrez \u00e0 purifier vos \u00e9nergies, \u00e0 rel\u00e2cher les \u00e9motions n\u00e9gatives, et \u00e0 accueillir pleinement l\u2019\u00e9nergie positive et bienveillante de l&#8217;amour.<\/span><\/p>","protected":false},"featured_media":11355,"template":"","meta":[],"product_brand":[],"product_cat":[155],"product_tag":[],"wf_product_folders":[],"class_list":{"0":"post-11401","1":"product","2":"type-product","3":"status-publish","4":"has-post-thumbnail","6":"product_cat-meditation","7":"post-wrapper","8":"thrv_wrapper","10":"first","11":"instock","12":"downloadable","13":"virtual","14":"purchasable","15":"product-type-simple"},"_links":{"self":[{"href":"https:\/\/3bconnected.com\/en\/wp-json\/wp\/v2\/product\/11401","targetHints":{"allow":["GET"]}}],"collection":[{"href":"https:\/\/3bconnected.com\/en\/wp-json\/wp\/v2\/product"}],"about":[{"href":"https:\/\/3bconnected.com\/en\/wp-json\/wp\/v2\/types\/product"}],"wp:featuredmedia":[{"embeddable":true,"href":"https:\/\/3bconnected.com\/en\/wp-json\/wp\/v2\/media\/11355"}],"wp:attachment":[{"href":"https:\/\/3bconnected.com\/en\/wp-json\/wp\/v2\/media?parent=11401"}],"wp:term":[{"taxonomy":"product_brand","embeddable":true,"href":"https:\/\/3bconnected.com\/en\/wp-json\/wp\/v2\/product_brand?post=11401"},{"taxonomy":"product_cat","embeddable":true,"href":"https:\/\/3bconnected.com\/en\/wp-json\/wp\/v2\/product_cat?post=11401"},{"taxonomy":"product_tag","embeddable":true,"href":"https:\/\/3bconnected.com\/en\/wp-json\/wp\/v2\/product_tag?post=11401"},{"taxonomy":"wf_product_folders","embeddable":true,"href":"https:\/\/3bconnected.com\/en\/wp-json\/wp\/v2\/wf_product_folders?post=11401"}],"curies":[{"name":"wp","href":"https:\/\/api.w.org\/{rel}","templated":true}]}}