{"id":11394,"date":"2024-09-10T16:00:51","date_gmt":"2024-09-10T14:00:51","guid":{"rendered":"https:\/\/3bconnectedcom.eu2.copilhost.cloud\/?post_type=product&#038;p=11394"},"modified":"2024-09-13T19:06:01","modified_gmt":"2024-09-13T17:06:01","slug":"seance-dhypnose-audio-activation-de-la-puissance-creative-et-creation-de-votre-nouveau-corps","status":"publish","type":"product","link":"https:\/\/3bconnected.com\/en\/product\/seance-dhypnose-audio-activation-de-la-puissance-creative-et-creation-de-votre-nouveau-corps\/","title":{"rendered":"S\u00e9ance d\u2019Hypnose Audio \u2013 Activation de la puissance cr\u00e9ative et Cr\u00e9ation de votre nouveau corps"},"content":{"rendered":"<p><span style=\"font-weight: 400;\">Ce processus d\u2019hypnose guid\u00e9e est con\u00e7u pour :<\/span><\/p>\n<ul>\n<li style=\"font-weight: 400;\" aria-level=\"1\"><span style=\"font-weight: 400;\">Lib\u00e9rer votre potentiel cr\u00e9atif, tant dans votre esprit que dans votre corps.<\/span><\/li>\n<li style=\"font-weight: 400;\" aria-level=\"1\"><span style=\"font-weight: 400;\">Reprogrammer vos croyances limitantes li\u00e9es \u00e0 l&#8217;image de soi.<\/span><\/li>\n<li style=\"font-weight: 400;\" aria-level=\"1\"><span style=\"font-weight: 400;\">Cr\u00e9er une nouvelle version de votre corps, plus align\u00e9e avec vos d\u00e9sirs et vos objectifs.<\/span><\/li>\n<li style=\"font-weight: 400;\" aria-level=\"1\"><span style=\"font-weight: 400;\">\u00c9veiller une nouvelle vitalit\u00e9 physique et mentale.<\/span><\/li>\n<\/ul>\n<p><b>S\u00e9ance d\u2019Hypnose pour Activer la Cr\u00e9ativit\u00e9 et Cr\u00e9er un Nouveau Corps :<\/b><b><br \/>\n<\/b><span style=\"font-weight: 400;\">Cette s\u00e9ance vous plongera dans un \u00e9tat profond de relaxation o\u00f9 vous apprendrez \u00e0 :<\/span><\/p>\n<ul>\n<li style=\"font-weight: 400;\" aria-level=\"1\"><b>Canaliser votre cr\u00e9ativit\u00e9 int\u00e9rieure<\/b><span style=\"font-weight: 400;\"> pour influencer positivement votre corps et votre esprit.<\/span><\/li>\n<li style=\"font-weight: 400;\" aria-level=\"1\"><span style=\"font-weight: 400;\">You <\/span><b>visualiser dans votre corps id\u00e9al<\/b><span style=\"font-weight: 400;\">, en int\u00e9grant la sant\u00e9, la force et la vitalit\u00e9.<\/span><\/li>\n<li style=\"font-weight: 400;\" aria-level=\"1\"><span style=\"font-weight: 400;\">Lib\u00e9rer les blocages \u00e9nerg\u00e9tiques et \u00e9motionnels qui freinent votre pleine expression physique et cr\u00e9ative.<\/span><\/li>\n<li style=\"font-weight: 400;\" aria-level=\"1\"><span style=\"font-weight: 400;\">Renforcer l\u2019image de vous-m\u00eame en tant que cr\u00e9ateur de votre r\u00e9alit\u00e9, capable de modeler votre apparence physique et votre bien-\u00eatre.<\/span><\/li>\n<\/ul>\n<p><span style=\"font-weight: 400;\">Cette hypnose est un outil puissant pour <\/span><b>r\u00e9veiller la transformation physique<\/b><span style=\"font-weight: 400;\"> and <\/span><b>s\u2019aligner avec vos aspirations cr\u00e9atives<\/b><span style=\"font-weight: 400;\">. Elle agit \u00e0 la fois sur le mental et sur le corps pour cr\u00e9er un changement durable et profond.<\/span><\/p>\n<p><b>Caract\u00e9ristiques de la s\u00e9ance d\u2019hypnose :<\/b><\/p>\n<ul>\n<li style=\"font-weight: 400;\" aria-level=\"1\"><b>Duration:<\/b><span style=\"font-weight: 400;\"> 27 minutes.<\/span><\/li>\n<li style=\"font-weight: 400;\" aria-level=\"1\"><b>Format :<\/b><span style=\"font-weight: 400;\"> Hypnose audio t\u00e9l\u00e9chargeable (MP3) ou disponible en streaming.<\/span><\/li>\n<li style=\"font-weight: 400;\" aria-level=\"1\"><b>B\u00e9n\u00e9fices :<\/b>\n<ul>\n<li style=\"font-weight: 400;\" aria-level=\"2\"><span style=\"font-weight: 400;\">Activation du potentiel cr\u00e9atif pour modeler le corps et la vie d\u00e9sir\u00e9e.<\/span><\/li>\n<li style=\"font-weight: 400;\" aria-level=\"2\"><span style=\"font-weight: 400;\">Reconnexion \u00e0 une \u00e9nergie physique renouvel\u00e9e.<\/span><\/li>\n<li style=\"font-weight: 400;\" aria-level=\"2\"><span style=\"font-weight: 400;\">Transformation des croyances limitantes li\u00e9es au corps et \u00e0 la sant\u00e9.<\/span><\/li>\n<li style=\"font-weight: 400;\" aria-level=\"2\"><span style=\"font-weight: 400;\">Meilleure relation avec son corps et une image de soi plus positive.<\/span><\/li>\n<li style=\"font-weight: 400;\" aria-level=\"2\"><span style=\"font-weight: 400;\">Relaxation profonde et \u00e9tat de bien-\u00eatre mental.<\/span><\/li>\n<\/ul>\n<\/li>\n<\/ul>\n<p><b>Pour qui est cette s\u00e9ance d\u2019hypnose ?<\/b><\/p>\n<ul>\n<li style=\"font-weight: 400;\" aria-level=\"1\"><span style=\"font-weight: 400;\">Toute personne souhaitant activer sa cr\u00e9ativit\u00e9 pour changer positivement son corps.<\/span><\/li>\n<li style=\"font-weight: 400;\" aria-level=\"1\"><span style=\"font-weight: 400;\">Ceux qui cherchent \u00e0 se reconnecter \u00e0 leur puissance cr\u00e9atrice int\u00e9rieure.<\/span><\/li>\n<li style=\"font-weight: 400;\" aria-level=\"1\"><span style=\"font-weight: 400;\">Les personnes voulant transformer leur corps en fonction de leur vision id\u00e9ale.<\/span><\/li>\n<li style=\"font-weight: 400;\" aria-level=\"1\"><span style=\"font-weight: 400;\">Ceux qui souhaitent reprogrammer leurs pens\u00e9es pour s\u2019aligner avec une meilleure sant\u00e9 physique et mentale.<\/span><\/li>\n<\/ul>\n<p><b>Mode d\u2019acc\u00e8s :<\/b><\/p>\n<ul>\n<li style=\"font-weight: 400;\" aria-level=\"1\"><span style=\"font-weight: 400;\">Apr\u00e8s votre achat, recevez un lien pour t\u00e9l\u00e9charger la s\u00e9ance ou y acc\u00e9der en ligne.<\/span><\/li>\n<li style=\"font-weight: 400;\" aria-level=\"1\"><span style=\"font-weight: 400;\">Compatible avec tout appareil pour une \u00e9coute \u00e0 votre rythme et \u00e0 tout moment.<\/span><\/li>\n<\/ul>\n<p><b>Prenez les r\u00eanes de votre potentiel cr\u00e9atif<\/b><span style=\"font-weight: 400;\">, lib\u00e9rez-vous des limites, et cr\u00e9ez le corps et l\u2019\u00e9nergie que vous d\u00e9sirez gr\u00e2ce \u00e0 cette s\u00e9ance d\u2019hypnose transformante.<\/span><\/p>","protected":false},"excerpt":{"rendered":"<p><span style=\"font-weight: 400;\">Cette <\/span><b>s\u00e9ance d\u2019hypnose audio<\/b><span style=\"font-weight: 400;\"> vous invite \u00e0 activer pleinement votre <\/span><b>puissance cr\u00e9ative int\u00e9rieure<\/b><span style=\"font-weight: 400;\"> and to <\/span><b>reprogrammer votre corps<\/b><span style=\"font-weight: 400;\"> pour atteindre votre plein potentiel. \u00c0 travers des suggestions hypnotiques puissantes et des visualisations cr\u00e9atives, cette s\u00e9ance vous permet d\u2019explorer et de modeler votre corps, votre \u00e9nergie, et votre bien-\u00eatre global, en vous connectant \u00e0 votre pouvoir de transformation.<\/span><\/p>","protected":false},"featured_media":11349,"template":"","meta":[],"product_brand":[],"product_cat":[153],"product_tag":[],"wf_product_folders":[],"class_list":{"0":"post-11394","1":"product","2":"type-product","3":"status-publish","4":"has-post-thumbnail","6":"product_cat-hypnose","7":"post-wrapper","8":"thrv_wrapper","10":"first","11":"instock","12":"downloadable","13":"virtual","14":"purchasable","15":"product-type-simple"},"_links":{"self":[{"href":"https:\/\/3bconnected.com\/en\/wp-json\/wp\/v2\/product\/11394","targetHints":{"allow":["GET"]}}],"collection":[{"href":"https:\/\/3bconnected.com\/en\/wp-json\/wp\/v2\/product"}],"about":[{"href":"https:\/\/3bconnected.com\/en\/wp-json\/wp\/v2\/types\/product"}],"wp:featuredmedia":[{"embeddable":true,"href":"https:\/\/3bconnected.com\/en\/wp-json\/wp\/v2\/media\/11349"}],"wp:attachment":[{"href":"https:\/\/3bconnected.com\/en\/wp-json\/wp\/v2\/media?parent=11394"}],"wp:term":[{"taxonomy":"product_brand","embeddable":true,"href":"https:\/\/3bconnected.com\/en\/wp-json\/wp\/v2\/product_brand?post=11394"},{"taxonomy":"product_cat","embeddable":true,"href":"https:\/\/3bconnected.com\/en\/wp-json\/wp\/v2\/product_cat?post=11394"},{"taxonomy":"product_tag","embeddable":true,"href":"https:\/\/3bconnected.com\/en\/wp-json\/wp\/v2\/product_tag?post=11394"},{"taxonomy":"wf_product_folders","embeddable":true,"href":"https:\/\/3bconnected.com\/en\/wp-json\/wp\/v2\/wf_product_folders?post=11394"}],"curies":[{"name":"wp","href":"https:\/\/api.w.org\/{rel}","templated":true}]}}