{"id":11393,"date":"2024-09-10T15:58:25","date_gmt":"2024-09-10T13:58:25","guid":{"rendered":"https:\/\/3bconnectedcom.eu2.copilhost.cloud\/?post_type=product&#038;p=11393"},"modified":"2024-09-13T19:26:52","modified_gmt":"2024-09-13T17:26:52","slug":"seance-dhypnose-audio-arreter-de-manger-les-aliments-addictifs","status":"publish","type":"product","link":"https:\/\/3bconnected.com\/en\/product\/seance-dhypnose-audio-arreter-de-manger-les-aliments-addictifs\/","title":{"rendered":"S\u00e9ance d\u2019Hypnose Audio \u2013 Arr\u00eater de manger les aliments addictifs"},"content":{"rendered":"<p><span style=\"font-weight: 400;\">\u00c0 travers des <\/span><b>suggestions hypnotiques puissantes<\/b><span style=\"font-weight: 400;\"> and <\/span><b>visualisations cibl\u00e9es<\/b><span style=\"font-weight: 400;\">, cette s\u00e9ance vous aidera \u00e0 :<\/span><\/p>\n<ul>\n<li style=\"font-weight: 400;\" aria-level=\"1\"><b>\u00c9liminer les envies<\/b><span style=\"font-weight: 400;\"> d\u2019aliments addictifs (sucre, malbouffe, aliments transform\u00e9s).<\/span><\/li>\n<li style=\"font-weight: 400;\" aria-level=\"1\"><b>Activer votre pouvoir de sant\u00e9<\/b><span style=\"font-weight: 400;\"> pour faire des choix alimentaires sains, en phase avec les besoins r\u00e9els de votre corps.<\/span><\/li>\n<li style=\"font-weight: 400;\" aria-level=\"1\"><span style=\"font-weight: 400;\">Renforcer votre connexion avec votre <\/span><b>sant\u00e9 int\u00e9rieure<\/b><span style=\"font-weight: 400;\"> et vos aspirations \u00e0 un mode de vie \u00e9quilibr\u00e9.<\/span><\/li>\n<li style=\"font-weight: 400;\" aria-level=\"1\"><span style=\"font-weight: 400;\">D\u00e9velopper des <\/span><b>envies alimentaires saines<\/b><span style=\"font-weight: 400;\"> et naturelles, en r\u00e9orientant votre esprit vers des aliments qui nourrissent votre corps de mani\u00e8re positive.<\/span><\/li>\n<\/ul>\n<p><b>S\u00e9ance d\u2019Hypnose pour la Reconnexion \u00e0 la Sant\u00e9 :<\/b><b><br \/>\n<\/b><span style=\"font-weight: 400;\">En vous plongeant dans un \u00e9tat de relaxation profonde, cette hypnose vous guide pour :<\/span><\/p>\n<ul>\n<li style=\"font-weight: 400;\" aria-level=\"1\"><b>Reprogrammer vos envies alimentaires<\/b><span style=\"font-weight: 400;\"> en supprimant l\u2019attirance pour les aliments addictifs.<\/span><\/li>\n<li style=\"font-weight: 400;\" aria-level=\"1\"><span style=\"font-weight: 400;\">Cr\u00e9er de nouvelles habitudes alimentaires centr\u00e9es sur des <\/span><b>choix sains<\/b><span style=\"font-weight: 400;\"> and <\/span><b>aliments b\u00e9n\u00e9fiques<\/b><span style=\"font-weight: 400;\">.<\/span><\/li>\n<li style=\"font-weight: 400;\" aria-level=\"1\"><b>R\u00e9duire la d\u00e9pendance<\/b><span style=\"font-weight: 400;\"> aux aliments riches en sucres, graisses et autres substances addictives.<\/span><\/li>\n<li style=\"font-weight: 400;\" aria-level=\"1\"><span style=\"font-weight: 400;\">R\u00e9aligner votre esprit et votre corps avec une <\/span><b>alimentation nourrissante<\/b><span style=\"font-weight: 400;\">, bas\u00e9e sur des signaux de sant\u00e9 plut\u00f4t que sur des pulsions ou des habitudes compulsives.<\/span><\/li>\n<\/ul>\n<p><span style=\"font-weight: 400;\">Cette <\/span><b>s\u00e9ance d\u2019hypnose audio<\/b><span style=\"font-weight: 400;\"> vous offre un soutien puissant pour retrouver une alimentation <\/span><b>saine et naturelle<\/b><span style=\"font-weight: 400;\">, en \u00e9coutant et respectant les besoins r\u00e9els de votre corps, tout en favorisant une transformation positive et durable.<\/span><\/p>\n<p><b>Caract\u00e9ristiques de la s\u00e9ance d\u2019hypnose :<\/b><\/p>\n<ul>\n<li style=\"font-weight: 400;\" aria-level=\"1\"><b>Duration:<\/b><span style=\"font-weight: 400;\"> 26 minutes.<\/span><\/li>\n<li style=\"font-weight: 400;\" aria-level=\"1\"><b>Format :<\/b><span style=\"font-weight: 400;\"> Audio t\u00e9l\u00e9chargeable (MP3) ou disponible en streaming.<\/span><\/li>\n<li style=\"font-weight: 400;\" aria-level=\"1\"><b>B\u00e9n\u00e9fices :<\/b>\n<ul>\n<li style=\"font-weight: 400;\" aria-level=\"2\"><span style=\"font-weight: 400;\">Suppression des <\/span><b>envies d\u2019aliments addictifs<\/b><span style=\"font-weight: 400;\"> et transformation des habitudes alimentaires.<\/span><\/li>\n<li style=\"font-weight: 400;\" aria-level=\"2\"><b>Activation de votre pouvoir de sant\u00e9<\/b><span style=\"font-weight: 400;\"> pour faire des choix alimentaires plus \u00e9quilibr\u00e9s.<\/span><\/li>\n<li style=\"font-weight: 400;\" aria-level=\"2\"><span style=\"font-weight: 400;\">Renforcement de la connexion avec les besoins r\u00e9els de votre corps.<\/span><\/li>\n<li style=\"font-weight: 400;\" aria-level=\"2\"><span style=\"font-weight: 400;\">R\u00e9duction des comportements compulsifs li\u00e9s \u00e0 la malbouffe et aux aliments nocifs.<\/span><\/li>\n<li style=\"font-weight: 400;\" aria-level=\"2\"><span style=\"font-weight: 400;\">Sentiment de <\/span><b>satisfaction<\/b><span style=\"font-weight: 400;\"> and <\/span><b>vitality<\/b><span style=\"font-weight: 400;\"> avec des aliments sains.<\/span><\/li>\n<\/ul>\n<\/li>\n<\/ul>\n<p><b>Pour qui est cette s\u00e9ance ?<\/b><\/p>\n<ul>\n<li style=\"font-weight: 400;\" aria-level=\"1\"><span style=\"font-weight: 400;\">Les personnes souhaitant <\/span><b>se lib\u00e9rer des aliments addictifs<\/b><span style=\"font-weight: 400;\"> comme le sucre, les aliments transform\u00e9s ou la malbouffe.<\/span><\/li>\n<li style=\"font-weight: 400;\" aria-level=\"1\"><span style=\"font-weight: 400;\">Ceux qui veulent <\/span><b>reconnecter avec leur corps<\/b><span style=\"font-weight: 400;\"> pour faire des choix alimentaires sains et nourrissants.<\/span><\/li>\n<li style=\"font-weight: 400;\" aria-level=\"1\"><span style=\"font-weight: 400;\">Celles qui cherchent \u00e0 d\u00e9velopper des <\/span><b>envies naturelles<\/b><span style=\"font-weight: 400;\"> pour des aliments de qualit\u00e9, en accord avec leur bien-\u00eatre.<\/span><\/li>\n<li style=\"font-weight: 400;\" aria-level=\"1\"><span style=\"font-weight: 400;\">Toute personne d\u00e9sireuse de transformer ses habitudes alimentaires pour am\u00e9liorer sa <\/span><b>sant\u00e9 et sa vitalit\u00e9<\/b><span style=\"font-weight: 400;\">.<\/span><\/li>\n<\/ul>\n<p><b>Mode d\u2019acc\u00e8s :<\/b><\/p>\n<ul>\n<li style=\"font-weight: 400;\" aria-level=\"1\"><span style=\"font-weight: 400;\">T\u00e9l\u00e9chargement ou streaming imm\u00e9diat apr\u00e8s l\u2019achat.<\/span><\/li>\n<li style=\"font-weight: 400;\" aria-level=\"1\"><span style=\"font-weight: 400;\">Compatible avec tout appareil, pour une \u00e9coute pratique o\u00f9 que vous soyez.<\/span><\/li>\n<\/ul>\n<p><b>Bonus :<\/b><span style=\"font-weight: 400;\"> Inclus avec votre achat, un <\/span><b>guide PDF d\u2019accompagnement<\/b><span style=\"font-weight: 400;\"> \u201cLib\u00e9rez-vous des kilos \u00e9motionnels\u201d pour mieux comprendre comment nos \u00e9motions fa\u00e7onnent notre relation \u00e0 la nourriture et \u00e0 notre corps<\/span><span style=\"font-weight: 400;\">.<\/span><\/p>\n<p><span style=\"font-weight: 400;\">Reconnectez-vous \u00e0 votre <\/span><b>pouvoir de sant\u00e9<\/b><span style=\"font-weight: 400;\"> et \u00e9liminez les envies d\u2019aliments addictifs avec cette <\/span><b>s\u00e9ance d\u2019hypnose audio<\/b><span style=\"font-weight: 400;\">. Transformez vos habitudes alimentaires et faites des choix sains et nourrissants qui respectent les v\u00e9ritables besoins de votre corps.<\/span><\/p>","protected":false},"excerpt":{"rendered":"<p><span style=\"font-size: 14pt;\"><strong>Activer votre pouvoir de sant\u00e9 et les envies alimentaires saines<\/strong><\/span><\/p>\n<p><span style=\"font-weight: 400;\">Dites adieu aux <\/span><b>aliments addictifs<\/b><span style=\"font-weight: 400;\"> et activez votre pouvoir int\u00e9rieur pour adopter une alimentation <\/span><b>saine et \u00e9quilibr\u00e9e<\/b><span style=\"font-weight: 400;\"> gr\u00e2ce \u00e0 cette <\/span><b>s\u00e9ance d\u2019hypnose audio<\/b><span style=\"font-weight: 400;\">. Con\u00e7ue pour vous aider \u00e0 <\/span><b>reprogrammer vos envies<\/b><span style=\"font-weight: 400;\"> et \u00e0 vous reconnecter aux v\u00e9ritables besoins de votre corps, cette hypnose vous accompagne dans la transformation de vos habitudes alimentaires, en rempla\u00e7ant les aliments nocifs par des choix plus nourrissants et b\u00e9n\u00e9fiques pour votre sant\u00e9.<\/span><\/p>","protected":false},"featured_media":11351,"template":"","meta":[],"product_brand":[],"product_cat":[153],"product_tag":[],"wf_product_folders":[],"class_list":{"0":"post-11393","1":"product","2":"type-product","3":"status-publish","4":"has-post-thumbnail","6":"product_cat-hypnose","7":"post-wrapper","8":"thrv_wrapper","10":"first","11":"instock","12":"downloadable","13":"virtual","14":"purchasable","15":"product-type-simple"},"_links":{"self":[{"href":"https:\/\/3bconnected.com\/en\/wp-json\/wp\/v2\/product\/11393","targetHints":{"allow":["GET"]}}],"collection":[{"href":"https:\/\/3bconnected.com\/en\/wp-json\/wp\/v2\/product"}],"about":[{"href":"https:\/\/3bconnected.com\/en\/wp-json\/wp\/v2\/types\/product"}],"wp:featuredmedia":[{"embeddable":true,"href":"https:\/\/3bconnected.com\/en\/wp-json\/wp\/v2\/media\/11351"}],"wp:attachment":[{"href":"https:\/\/3bconnected.com\/en\/wp-json\/wp\/v2\/media?parent=11393"}],"wp:term":[{"taxonomy":"product_brand","embeddable":true,"href":"https:\/\/3bconnected.com\/en\/wp-json\/wp\/v2\/product_brand?post=11393"},{"taxonomy":"product_cat","embeddable":true,"href":"https:\/\/3bconnected.com\/en\/wp-json\/wp\/v2\/product_cat?post=11393"},{"taxonomy":"product_tag","embeddable":true,"href":"https:\/\/3bconnected.com\/en\/wp-json\/wp\/v2\/product_tag?post=11393"},{"taxonomy":"wf_product_folders","embeddable":true,"href":"https:\/\/3bconnected.com\/en\/wp-json\/wp\/v2\/wf_product_folders?post=11393"}],"curies":[{"name":"wp","href":"https:\/\/api.w.org\/{rel}","templated":true}]}}