{"id":11392,"date":"2024-09-10T15:56:11","date_gmt":"2024-09-10T13:56:11","guid":{"rendered":"https:\/\/3bconnectedcom.eu2.copilhost.cloud\/?post_type=product&#038;p=11392"},"modified":"2024-09-13T19:27:53","modified_gmt":"2024-09-13T17:27:53","slug":"perte-de-poids-part-iii-seance-dhypnose-audio","status":"publish","type":"product","link":"https:\/\/3bconnected.com\/en\/product\/perte-de-poids-part-iii-seance-dhypnose-audio\/","title":{"rendered":"Perte de Poids &#8211; Part III &#8211; S\u00e9ance d\u2019Hypnose Audio"},"content":{"rendered":"<p><span style=\"font-weight: 400;\">\u00c0 travers des <\/span><b>suggestions hypnotiques apaisantes<\/b><span style=\"font-weight: 400;\"> and <\/span><b>visualisations guid\u00e9es<\/b><span style=\"font-weight: 400;\">, cette s\u00e9ance vous permettra de :<\/span><\/p>\n<ul>\n<li style=\"font-weight: 400;\" aria-level=\"1\"><span style=\"font-weight: 400;\">Diff\u00e9rencier la <\/span><b>faim \u00e9motionnelle<\/b><span style=\"font-weight: 400;\"> de la <\/span><b>faim physique<\/b><span style=\"font-weight: 400;\">.<\/span><\/li>\n<li style=\"font-weight: 400;\" aria-level=\"1\"><span style=\"font-weight: 400;\">D\u00e9velopper une plus grande conscience de vos <\/span><b>emotions<\/b><span style=\"font-weight: 400;\"> et les g\u00e9rer de mani\u00e8re saine.<\/span><\/li>\n<li style=\"font-weight: 400;\" aria-level=\"1\"><b>Reprogrammer votre esprit<\/b><span style=\"font-weight: 400;\"> pour ne plus utiliser la nourriture comme r\u00e9ponse automatique au stress, \u00e0 l\u2019ennui ou aux \u00e9motions n\u00e9gatives.<\/span><\/li>\n<li style=\"font-weight: 400;\" aria-level=\"1\"><span style=\"font-weight: 400;\">Activer une <\/span><b>gestion \u00e9motionnelle consciente<\/b><span style=\"font-weight: 400;\"> qui vous permet de <\/span><b>ma\u00eetriser vos comportements alimentaires<\/b><span style=\"font-weight: 400;\">.<\/span><\/li>\n<\/ul>\n<p><b>S\u00e9ance d\u2019Hypnose pour la Diff\u00e9renciation \u00c9motionnelle :<\/b><b><br \/>\n<\/b><span style=\"font-weight: 400;\">Plong\u00e9(e) dans un \u00e9tat de relaxation profonde, cette s\u00e9ance vous aidera \u00e0 :<\/span><\/p>\n<ul>\n<li style=\"font-weight: 400;\" aria-level=\"1\"><b>Identifier vos \u00e9motions<\/b><span style=\"font-weight: 400;\"> avant de manger, en activant votre pouvoir de diff\u00e9renciation entre faim \u00e9motionnelle et faim r\u00e9elle.<\/span><\/li>\n<li style=\"font-weight: 400;\" aria-level=\"1\"><span style=\"font-weight: 400;\">Remplacer l\u2019envie de manger \u00e9motionnellement par des <\/span><b>solutions alternatives<\/b><span style=\"font-weight: 400;\"> plus saines et plus constructives.<\/span><\/li>\n<li style=\"font-weight: 400;\" aria-level=\"1\"><span style=\"font-weight: 400;\">G\u00e9rer les \u00e9motions difficiles comme le stress, l\u2019anxi\u00e9t\u00e9 ou la tristesse sans recourir \u00e0 la nourriture.<\/span><\/li>\n<li style=\"font-weight: 400;\" aria-level=\"1\"><b>R\u00e9duire les comportements compulsifs<\/b><span style=\"font-weight: 400;\"> de grignotage \u00e9motionnel et retrouver un \u00e9quilibre alimentaire bas\u00e9 sur les vrais besoins de votre corps.<\/span><\/li>\n<\/ul>\n<p><span style=\"font-weight: 400;\">Cette <\/span><b>hypnose audio<\/b><span style=\"font-weight: 400;\"> vous offre un outil puissant pour reprendre le contr\u00f4le de vos <\/span><b>\u00e9motions et de votre alimentation<\/b><span style=\"font-weight: 400;\">, favorisant ainsi une <\/span><b>perte de poids durable<\/b><span style=\"font-weight: 400;\"> et une meilleure gestion de vos ressentis.<\/span><\/p>\n<p><b>Caract\u00e9ristiques de la s\u00e9ance d\u2019hypnose :<\/b><\/p>\n<ul>\n<li style=\"font-weight: 400;\" aria-level=\"1\"><b>Duration:<\/b><span style=\"font-weight: 400;\"> 36 minutes.<\/span><\/li>\n<li style=\"font-weight: 400;\" aria-level=\"1\"><b>Format :<\/b><span style=\"font-weight: 400;\"> Hypnose audio t\u00e9l\u00e9chargeable (MP3) ou disponible en streaming.<\/span><\/li>\n<li style=\"font-weight: 400;\" aria-level=\"1\"><b>B\u00e9n\u00e9fices :<\/b>\n<ul>\n<li style=\"font-weight: 400;\" aria-level=\"2\"><span style=\"font-weight: 400;\">Diff\u00e9renciation entre la <\/span><b>faim physique<\/b><span style=\"font-weight: 400;\"> and the <\/span><b>faim \u00e9motionnelle<\/b><span style=\"font-weight: 400;\">.<\/span><\/li>\n<li style=\"font-weight: 400;\" aria-level=\"2\"><span style=\"font-weight: 400;\">Reprogrammation des comportements alimentaires pour <\/span><b>ne plus manger ses \u00e9motions<\/b><span style=\"font-weight: 400;\">.<\/span><\/li>\n<li style=\"font-weight: 400;\" aria-level=\"2\"><span style=\"font-weight: 400;\">Gestion \u00e9motionnelle plus consciente et \u00e9quilibr\u00e9e.<\/span><\/li>\n<li style=\"font-weight: 400;\" aria-level=\"2\"><span style=\"font-weight: 400;\">R\u00e9duction du <\/span><b>stress alimentaire<\/b><span style=\"font-weight: 400;\"> et des grignotages compulsifs.<\/span><\/li>\n<li style=\"font-weight: 400;\" aria-level=\"2\"><span style=\"font-weight: 400;\">D\u00e9veloppement de nouvelles strat\u00e9gies pour g\u00e9rer les \u00e9motions sans la nourriture.<\/span><\/li>\n<\/ul>\n<\/li>\n<\/ul>\n<p><b>Pour qui est cette s\u00e9ance ?<\/b><\/p>\n<ul>\n<li style=\"font-weight: 400;\" aria-level=\"1\"><span style=\"font-weight: 400;\">Les personnes qui utilisent la nourriture pour <\/span><b>g\u00e9rer leurs \u00e9motions<\/b><span style=\"font-weight: 400;\"> et souhaitent reprendre le contr\u00f4le.<\/span><\/li>\n<li style=\"font-weight: 400;\" aria-level=\"1\"><span style=\"font-weight: 400;\">Ceux qui cherchent \u00e0 <\/span><b>mieux comprendre leurs \u00e9motions<\/b><span style=\"font-weight: 400;\"> et \u00e0 arr\u00eater les <\/span><b>comportements de suralimentation<\/b><span style=\"font-weight: 400;\">.<\/span><\/li>\n<li style=\"font-weight: 400;\" aria-level=\"1\"><span style=\"font-weight: 400;\">Celles qui ressentent le besoin de diff\u00e9rencier la <\/span><b>faim \u00e9motionnelle<\/b><span style=\"font-weight: 400;\"> de la <\/span><b>faim physique<\/b><span style=\"font-weight: 400;\">.<\/span><\/li>\n<li style=\"font-weight: 400;\" aria-level=\"1\"><span style=\"font-weight: 400;\">Toute personne souhaitant aborder la <\/span><b>perte de poids<\/b><span style=\"font-weight: 400;\"> par une approche \u00e9motionnelle et comportementale saine.<\/span><\/li>\n<\/ul>\n<p><b>Mode d\u2019acc\u00e8s :<\/b><\/p>\n<ul>\n<li style=\"font-weight: 400;\" aria-level=\"1\"><span style=\"font-weight: 400;\">Acc\u00e8s imm\u00e9diat via un lien de t\u00e9l\u00e9chargement ou en streaming apr\u00e8s l\u2019achat.<\/span><\/li>\n<li style=\"font-weight: 400;\" aria-level=\"1\"><span style=\"font-weight: 400;\">Compatible avec tout appareil, pour une \u00e9coute \u00e0 tout moment, en fonction de vos besoins \u00e9motionnels.<\/span><\/li>\n<\/ul>\n<p><b>Bonus :<\/b><span style=\"font-weight: 400;\"> Inclus avec votre achat, un <\/span><b>guide PDF d\u2019accompagnement<\/b><span style=\"font-weight: 400;\"> avec des exercices pour identifier vos \u00e9motions et des alternatives saines pour les g\u00e9rer sans recourir \u00e0 la nourriture.<\/span><\/p>\n<p><span style=\"font-weight: 400;\">Retrouvez le contr\u00f4le de vos \u00e9motions et de votre alimentation avec cette <\/span><b>s\u00e9ance d\u2019hypnose audio<\/b><span style=\"font-weight: 400;\"> qui vous aide \u00e0 <\/span><b>ne plus manger vos \u00e9motions<\/b><span style=\"font-weight: 400;\"> et \u00e0 activer votre pouvoir de <\/span><b>diff\u00e9renciation \u00e9motionnelle<\/b><span style=\"font-weight: 400;\">. Favorisez une perte de poids saine et durable en transformant votre relation avec la nourriture et les \u00e9motions.<\/span><\/p>","protected":false},"excerpt":{"rendered":"<p><strong><span style=\"font-size: 14pt;\">Ne plus manger vos \u00e9motions \u2013 Activer votre pouvoir de diff\u00e9renciation \u00e9motionnelle<\/span><\/strong><\/p>\n<p><span style=\"font-weight: 400;\">Lib\u00e9rez-vous des <\/span><b>comportements alimentaires \u00e9motionnels<\/b><span style=\"font-weight: 400;\"> gr\u00e2ce \u00e0 cette <\/span><b>s\u00e9ance d\u2019hypnose audio<\/b><span style=\"font-weight: 400;\"> sp\u00e9cialement con\u00e7ue pour vous aider \u00e0 <\/span><b>ne plus manger vos \u00e9motions<\/b><span style=\"font-weight: 400;\">. Cette hypnose vous guide dans l\u2019activation de votre <\/span><b>pouvoir de diff\u00e9renciation \u00e9motionnelle<\/b><span style=\"font-weight: 400;\">, afin de mieux comprendre et g\u00e9rer vos ressentis sans les compenser par la nourriture. Vous apprendrez \u00e0 distinguer les v\u00e9ritables besoins physiques de vos \u00e9motions et \u00e0 <\/span><b>reprendre le contr\u00f4le<\/b><span style=\"font-weight: 400;\"> de vos choix alimentaires.<\/span><\/p>","protected":false},"featured_media":11363,"template":"","meta":[],"product_brand":[],"product_cat":[153],"product_tag":[],"wf_product_folders":[],"class_list":{"0":"post-11392","1":"product","2":"type-product","3":"status-publish","4":"has-post-thumbnail","6":"product_cat-hypnose","7":"post-wrapper","8":"thrv_wrapper","10":"first","11":"instock","12":"downloadable","13":"virtual","14":"purchasable","15":"product-type-simple"},"_links":{"self":[{"href":"https:\/\/3bconnected.com\/en\/wp-json\/wp\/v2\/product\/11392","targetHints":{"allow":["GET"]}}],"collection":[{"href":"https:\/\/3bconnected.com\/en\/wp-json\/wp\/v2\/product"}],"about":[{"href":"https:\/\/3bconnected.com\/en\/wp-json\/wp\/v2\/types\/product"}],"wp:featuredmedia":[{"embeddable":true,"href":"https:\/\/3bconnected.com\/en\/wp-json\/wp\/v2\/media\/11363"}],"wp:attachment":[{"href":"https:\/\/3bconnected.com\/en\/wp-json\/wp\/v2\/media?parent=11392"}],"wp:term":[{"taxonomy":"product_brand","embeddable":true,"href":"https:\/\/3bconnected.com\/en\/wp-json\/wp\/v2\/product_brand?post=11392"},{"taxonomy":"product_cat","embeddable":true,"href":"https:\/\/3bconnected.com\/en\/wp-json\/wp\/v2\/product_cat?post=11392"},{"taxonomy":"product_tag","embeddable":true,"href":"https:\/\/3bconnected.com\/en\/wp-json\/wp\/v2\/product_tag?post=11392"},{"taxonomy":"wf_product_folders","embeddable":true,"href":"https:\/\/3bconnected.com\/en\/wp-json\/wp\/v2\/wf_product_folders?post=11392"}],"curies":[{"name":"wp","href":"https:\/\/api.w.org\/{rel}","templated":true}]}}