{"id":11391,"date":"2024-09-10T15:52:46","date_gmt":"2024-09-10T13:52:46","guid":{"rendered":"https:\/\/3bconnectedcom.eu2.copilhost.cloud\/?post_type=product&#038;p=11391"},"modified":"2024-09-13T19:28:41","modified_gmt":"2024-09-13T17:28:41","slug":"perte-de-poids-part-ii-seance-dhypnose-audio","status":"publish","type":"product","link":"https:\/\/3bconnected.com\/en\/product\/perte-de-poids-part-ii-seance-dhypnose-audio\/","title":{"rendered":"Perte de Poids &#8211; Part II &#8211; S\u00e9ance d\u2019Hypnose Audio"},"content":{"rendered":"<p><span style=\"font-weight: 400;\">\u00c0 travers des <\/span><b>visualisations guid\u00e9es<\/b><span style=\"font-weight: 400;\"> and <\/span><b>suggestions hypnotiques cibl\u00e9es<\/b><span style=\"font-weight: 400;\">, cette s\u00e9ance vous permettra de :<\/span><\/p>\n<ul>\n<li style=\"font-weight: 400;\" aria-level=\"1\"><span style=\"font-weight: 400;\">Remplacer les <\/span><b>comportements gourmands<\/b><span style=\"font-weight: 400;\"> et compulsifs par une attitude de <\/span><b>gourmet<\/b><span style=\"font-weight: 400;\"> qui savoure et appr\u00e9cie pleinement les aliments.<\/span><\/li>\n<li style=\"font-weight: 400;\" aria-level=\"1\"><span style=\"font-weight: 400;\">Apprendre \u00e0 appr\u00e9cier les <\/span><b>saveurs fines<\/b><span style=\"font-weight: 400;\"> et la qualit\u00e9 des repas, en mangeant moins mais mieux.<\/span><\/li>\n<li style=\"font-weight: 400;\" aria-level=\"1\"><span style=\"font-weight: 400;\">Transformer les exc\u00e8s alimentaires en <\/span><b>d\u00e9gustation contr\u00f4l\u00e9e et consciente<\/b><span style=\"font-weight: 400;\">.<\/span><\/li>\n<li style=\"font-weight: 400;\" aria-level=\"1\"><span style=\"font-weight: 400;\">Vous reconnecter aux <\/span><b>signaux naturels de sati\u00e9t\u00e9<\/b><span style=\"font-weight: 400;\">, en vous sentant satisfait(e) avec de plus petites portions.<\/span><\/li>\n<\/ul>\n<p><b>S\u00e9ance d\u2019Hypnose pour une Perte de Poids Consciente :<\/b><b><br \/>\n<\/b><span style=\"font-weight: 400;\">En acc\u00e9dant \u00e0 un \u00e9tat de relaxation profonde, cette hypnose vous permet de :<\/span><\/p>\n<ul>\n<li style=\"font-weight: 400;\" aria-level=\"1\"><b>Reprogrammer vos envies alimentaires<\/b><span style=\"font-weight: 400;\"> pour choisir des aliments de qualit\u00e9 plut\u00f4t que de quantit\u00e9.<\/span><\/li>\n<li style=\"font-weight: 400;\" aria-level=\"1\"><span style=\"font-weight: 400;\">D\u00e9velopper une <\/span><b>nouvelle approche de la nourriture<\/b><span style=\"font-weight: 400;\">, o\u00f9 chaque repas devient une exp\u00e9rience sensorielle raffin\u00e9e.<\/span><\/li>\n<li style=\"font-weight: 400;\" aria-level=\"1\"><span style=\"font-weight: 400;\">Apprendre \u00e0 manger <\/span><b>lentement<\/b><span style=\"font-weight: 400;\"> and <\/span><b>consciencieusement<\/b><span style=\"font-weight: 400;\">, en savourant chaque bouch\u00e9e pour une satisfaction optimale.<\/span><\/li>\n<li style=\"font-weight: 400;\" aria-level=\"1\"><b>R\u00e9duire la suralimentation<\/b><span style=\"font-weight: 400;\"> compulsive et \u00e9viter les exc\u00e8s tout en continuant \u00e0 appr\u00e9cier les plaisirs de la table.<\/span><\/li>\n<\/ul>\n<p><span style=\"font-weight: 400;\">Cette s\u00e9ance d\u2019hypnose vous aide \u00e0 int\u00e9grer une alimentation plus consciente, \u00e0 d\u00e9guster avec soin et \u00e0 maintenir un rapport \u00e9quilibr\u00e9 avec la nourriture, contribuant ainsi \u00e0 une perte de poids <\/span><b>durable et saine<\/b><span style=\"font-weight: 400;\">.<\/span><\/p>\n<p><b>Caract\u00e9ristiques de la s\u00e9ance d\u2019hypnose :<\/b><\/p>\n<ul>\n<li style=\"font-weight: 400;\" aria-level=\"1\"><b>Duration:<\/b><span style=\"font-weight: 400;\"> 36 minutes.<\/span><\/li>\n<li style=\"font-weight: 400;\" aria-level=\"1\"><b>Format :<\/b><span style=\"font-weight: 400;\"> Audio t\u00e9l\u00e9chargeable (MP3) ou en streaming.<\/span><\/li>\n<li style=\"font-weight: 400;\" aria-level=\"1\"><b>B\u00e9n\u00e9fices :<\/b>\n<ul>\n<li style=\"font-weight: 400;\" aria-level=\"2\"><span style=\"font-weight: 400;\">Transformation de la gourmandise en appr\u00e9ciation consciente des aliments.<\/span><\/li>\n<li style=\"font-weight: 400;\" aria-level=\"2\"><span style=\"font-weight: 400;\">R\u00e9duction de la <\/span><b>suralimentation<\/b><span style=\"font-weight: 400;\"> en favorisant la <\/span><b>sati\u00e9t\u00e9 rapide<\/b><span style=\"font-weight: 400;\"> et la satisfaction.<\/span><\/li>\n<li style=\"font-weight: 400;\" aria-level=\"2\"><span style=\"font-weight: 400;\">Apprentissage d\u2019une <\/span><b>alimentation consciente<\/b><span style=\"font-weight: 400;\"> et raffin\u00e9e.<\/span><\/li>\n<li style=\"font-weight: 400;\" aria-level=\"2\"><span style=\"font-weight: 400;\">Approche <\/span><b>gourmet<\/b><span style=\"font-weight: 400;\"> : priorit\u00e9 \u00e0 la qualit\u00e9 des aliments et \u00e0 leur d\u00e9gustation avec mod\u00e9ration.<\/span><\/li>\n<li style=\"font-weight: 400;\" aria-level=\"2\"><span style=\"font-weight: 400;\">Sentiment de <\/span><b>plaisir<\/b><span style=\"font-weight: 400;\"> and <\/span><b>satisfaction<\/b><span style=\"font-weight: 400;\"> \u00e0 chaque repas, sans exc\u00e8s.<\/span><\/li>\n<\/ul>\n<\/li>\n<\/ul>\n<p><b>Pour qui est cette s\u00e9ance ?<\/b><\/p>\n<ul>\n<li style=\"font-weight: 400;\" aria-level=\"1\"><span style=\"font-weight: 400;\">Ceux qui veulent perdre du poids en <\/span><b>transformant leur rapport<\/b><span style=\"font-weight: 400;\"> \u00e0 la nourriture, sans se priver des plaisirs culinaires.<\/span><\/li>\n<li style=\"font-weight: 400;\" aria-level=\"1\"><span style=\"font-weight: 400;\">Les personnes qui ont tendance \u00e0 la <\/span><b>gourmandise compulsive<\/b><span style=\"font-weight: 400;\"> et cherchent \u00e0 manger plus consciemment.<\/span><\/li>\n<li style=\"font-weight: 400;\" aria-level=\"1\"><span style=\"font-weight: 400;\">Celles qui souhaitent passer d\u2019une alimentation ax\u00e9e sur la quantit\u00e9 \u00e0 une <\/span><b>approche plus gourmande et raffin\u00e9e<\/b><span style=\"font-weight: 400;\">.<\/span><\/li>\n<li style=\"font-weight: 400;\" aria-level=\"1\"><span style=\"font-weight: 400;\">Toute personne d\u00e9sireuse d\u2019appr\u00e9cier davantage la nourriture tout en <\/span><b>r\u00e9duisant la surconsommation<\/b><span style=\"font-weight: 400;\">.<\/span><\/li>\n<\/ul>\n<p><b>Mode d\u2019acc\u00e8s :<\/b><\/p>\n<ul>\n<li style=\"font-weight: 400;\" aria-level=\"1\"><span style=\"font-weight: 400;\">T\u00e9l\u00e9chargez imm\u00e9diatement la s\u00e9ance audio apr\u00e8s l\u2019achat ou \u00e9coutez-la en streaming.<\/span><\/li>\n<li style=\"font-weight: 400;\" aria-level=\"1\"><span style=\"font-weight: 400;\">Compatible avec tous les appareils, pour une \u00e9coute \u00e0 votre rythme, o\u00f9 que vous soyez.<\/span><\/li>\n<\/ul>\n<p><b>Bonus :<\/b><span style=\"font-weight: 400;\"> Inclus avec votre achat, un <\/span><b>guide complet PDF pour une alimentation riche en \u00e9nergie<\/b><span style=\"font-weight: 400;\"> pour mettre en pratique vos nouveaux comportements alimentaires, \u00e9lever votre niveau d&#8217;\u00e9nergie mais aussi pour transformer votre perception de la nutrition.<\/span><\/p>\n<p><span style=\"font-weight: 400;\">Transformez votre gourmandise en <\/span><b>art de la d\u00e9gustation<\/b><span style=\"font-weight: 400;\"> et apprenez \u00e0 manger comme un v\u00e9ritable <\/span><b>gourmet<\/b><span style=\"font-weight: 400;\"> avec cette <\/span><b>s\u00e9ance d\u2019hypnose audio<\/b><span style=\"font-weight: 400;\">. D\u00e9couvrez comment savourer les plaisirs de la table tout en <\/span><b>ma\u00eetrisant votre poids<\/b><span style=\"font-weight: 400;\"> de mani\u00e8re \u00e9l\u00e9gante et durable.<\/span><\/p>","protected":false},"excerpt":{"rendered":"<p><span style=\"font-size: 14pt;\"><b>De Gourmand(e) \u00e0 Gourmet<\/b><\/span><\/p>\n<p><span style=\"font-weight: 400;\">Passez de la <\/span><b>gourmandise compulsive<\/b><span style=\"font-weight: 400;\"> \u00e0 une <\/span><b>savoureuse appr\u00e9ciation des aliments<\/b><span style=\"font-weight: 400;\"> gr\u00e2ce \u00e0 cette <\/span><b>s\u00e9ance d\u2019hypnose audio<\/b><span style=\"font-weight: 400;\"> sp\u00e9cialement con\u00e7ue pour transformer votre relation avec la nourriture. Apprenez \u00e0 savourer chaque bouch\u00e9e avec <\/span><b>mod\u00e9ration<\/b><span style=\"font-weight: 400;\">, \u00e0 privil\u00e9gier la qualit\u00e9 sur la quantit\u00e9, et \u00e0 manger comme un(e) v\u00e9ritable <\/span><b>gourmet<\/b><span style=\"font-weight: 400;\">. Cette s\u00e9ance d\u2019hypnose vous aide \u00e0 <\/span><b>reprogrammer vos envies<\/b><span style=\"font-weight: 400;\"> pour privil\u00e9gier une approche plus consciente, \u00e9quilibr\u00e9e et raffin\u00e9e de la nourriture.<\/span><\/p>","protected":false},"featured_media":11362,"template":"","meta":[],"product_brand":[],"product_cat":[153],"product_tag":[],"wf_product_folders":[],"class_list":{"0":"post-11391","1":"product","2":"type-product","3":"status-publish","4":"has-post-thumbnail","6":"product_cat-hypnose","7":"post-wrapper","8":"thrv_wrapper","10":"first","11":"instock","12":"downloadable","13":"virtual","14":"purchasable","15":"product-type-simple"},"_links":{"self":[{"href":"https:\/\/3bconnected.com\/en\/wp-json\/wp\/v2\/product\/11391","targetHints":{"allow":["GET"]}}],"collection":[{"href":"https:\/\/3bconnected.com\/en\/wp-json\/wp\/v2\/product"}],"about":[{"href":"https:\/\/3bconnected.com\/en\/wp-json\/wp\/v2\/types\/product"}],"wp:featuredmedia":[{"embeddable":true,"href":"https:\/\/3bconnected.com\/en\/wp-json\/wp\/v2\/media\/11362"}],"wp:attachment":[{"href":"https:\/\/3bconnected.com\/en\/wp-json\/wp\/v2\/media?parent=11391"}],"wp:term":[{"taxonomy":"product_brand","embeddable":true,"href":"https:\/\/3bconnected.com\/en\/wp-json\/wp\/v2\/product_brand?post=11391"},{"taxonomy":"product_cat","embeddable":true,"href":"https:\/\/3bconnected.com\/en\/wp-json\/wp\/v2\/product_cat?post=11391"},{"taxonomy":"product_tag","embeddable":true,"href":"https:\/\/3bconnected.com\/en\/wp-json\/wp\/v2\/product_tag?post=11391"},{"taxonomy":"wf_product_folders","embeddable":true,"href":"https:\/\/3bconnected.com\/en\/wp-json\/wp\/v2\/wf_product_folders?post=11391"}],"curies":[{"name":"wp","href":"https:\/\/api.w.org\/{rel}","templated":true}]}}