{"id":11389,"date":"2024-09-10T15:43:38","date_gmt":"2024-09-10T13:43:38","guid":{"rendered":"https:\/\/3bconnectedcom.eu2.copilhost.cloud\/?post_type=product&#038;p=11389"},"modified":"2024-09-13T19:29:29","modified_gmt":"2024-09-13T17:29:29","slug":"seance-dhypnose-audio-perte-de-poids-i","status":"publish","type":"product","link":"https:\/\/3bconnected.com\/en\/product\/seance-dhypnose-audio-perte-de-poids-i\/","title":{"rendered":"Perte de Poids &#8211; Part I &#8211; S\u00e9ance d\u2019Hypnose Audio"},"content":{"rendered":"<p><span style=\"font-weight: 400;\">Cette hypnose cible les <\/span><b>comportements alimentaires conscients et inconscients<\/b><span style=\"font-weight: 400;\"> en vous aidant \u00e0 :<\/span><\/p>\n<ul>\n<li style=\"font-weight: 400;\" aria-level=\"1\"><span style=\"font-weight: 400;\">Ma\u00eetriser les <\/span><b>quantit\u00e9s<\/b><span style=\"font-weight: 400;\"> de nourriture que vous consommez.<\/span><\/li>\n<li style=\"font-weight: 400;\" aria-level=\"1\"><span style=\"font-weight: 400;\">Am\u00e9liorer la <\/span><b>qualit\u00e9 des aliments<\/b><span style=\"font-weight: 400;\"> que vous choisissez d\u2019ing\u00e9rer.<\/span><\/li>\n<li style=\"font-weight: 400;\" aria-level=\"1\"><span style=\"font-weight: 400;\">Reprogrammer vos sch\u00e9mas alimentaires pour faire des choix <\/span><b>sains et nourrissants<\/b><span style=\"font-weight: 400;\">.<\/span><\/li>\n<li style=\"font-weight: 400;\" aria-level=\"1\"><span style=\"font-weight: 400;\">Vous reconnecter aux <\/span><b>besoins r\u00e9els<\/b><span style=\"font-weight: 400;\"> de votre corps, en d\u00e9veloppant une \u00e9coute attentive \u00e0 vos signaux de faim et de sati\u00e9t\u00e9.<\/span><\/li>\n<\/ul>\n<p><b>S\u00e9ance d\u2019Hypnose pour la Perte de Poids :<\/b><b><br \/>\n<\/b><span style=\"font-weight: 400;\">Cette s\u00e9ance vous guide dans un \u00e9tat de relaxation profonde, o\u00f9 vous apprendrez \u00e0 :<\/span><\/p>\n<ul>\n<li style=\"font-weight: 400;\" aria-level=\"1\"><span style=\"font-weight: 400;\">Reprogrammer votre relation avec la nourriture, en adoptant des comportements alimentaires conscients.<\/span><\/li>\n<li style=\"font-weight: 400;\" aria-level=\"1\"><b>Limiter les exc\u00e8s<\/b><span style=\"font-weight: 400;\"> en vous connectant aux signaux naturels de votre corps, vous permettant de manger avec mod\u00e9ration et satisfaction.<\/span><\/li>\n<li style=\"font-weight: 400;\" aria-level=\"1\"><span style=\"font-weight: 400;\">Choisir des aliments <\/span><b>de meilleure qualit\u00e9<\/b><span style=\"font-weight: 400;\">, en accord avec vos objectifs de bien-\u00eatre et de sant\u00e9.<\/span><\/li>\n<li style=\"font-weight: 400;\" aria-level=\"1\"><b>Lib\u00e9rer les blocages \u00e9motionnels<\/b><span style=\"font-weight: 400;\"> li\u00e9s \u00e0 la nourriture et transformer les habitudes de suralimentation ou de mauvaise alimentation.<\/span><\/li>\n<\/ul>\n<p><span style=\"font-weight: 400;\">Gr\u00e2ce \u00e0 cette hypnose, vous acc\u00e9derez \u00e0 une nouvelle fa\u00e7on de vous nourrir, en \u00e9coutant et respectant les besoins r\u00e9els de votre corps, et en int\u00e9grant une approche consciente et \u00e9quilibr\u00e9e pour atteindre vos objectifs de <\/span><b>perte de poids<\/b><span style=\"font-weight: 400;\">.<\/span><\/p>\n<p><b>Caract\u00e9ristiques de la s\u00e9ance d\u2019hypnose :<\/b><\/p>\n<ul>\n<li style=\"font-weight: 400;\" aria-level=\"1\"><b>Duration:<\/b><span style=\"font-weight: 400;\"> 33 minutes.<\/span><\/li>\n<li style=\"font-weight: 400;\" aria-level=\"1\"><b>Format :<\/b><span style=\"font-weight: 400;\"> Audio t\u00e9l\u00e9chargeable (MP3) ou disponible en streaming.<\/span><\/li>\n<li style=\"font-weight: 400;\" aria-level=\"1\"><b>B\u00e9n\u00e9fices :<\/b>\n<ul>\n<li style=\"font-weight: 400;\" aria-level=\"2\"><span style=\"font-weight: 400;\">Reprise du <\/span><b>contr\u00f4le des quantit\u00e9s<\/b><span style=\"font-weight: 400;\"> alimentaires et gestion de la sati\u00e9t\u00e9.<\/span><\/li>\n<li style=\"font-weight: 400;\" aria-level=\"2\"><span style=\"font-weight: 400;\">Adoption d\u2019une <\/span><b>alimentation de qualit\u00e9<\/b><span style=\"font-weight: 400;\">, riche et nutritive.<\/span><\/li>\n<li style=\"font-weight: 400;\" aria-level=\"2\"><span style=\"font-weight: 400;\">R\u00e9duction des comportements compulsifs li\u00e9s \u00e0 la nourriture.<\/span><\/li>\n<li style=\"font-weight: 400;\" aria-level=\"2\"><span style=\"font-weight: 400;\">Transformation de votre relation avec la nourriture pour un <\/span><b>\u00e9quilibre sain et durable<\/b><span style=\"font-weight: 400;\">.<\/span><\/li>\n<li style=\"font-weight: 400;\" aria-level=\"2\"><span style=\"font-weight: 400;\">Sentiment de <\/span><b>satisfaction<\/b><span style=\"font-weight: 400;\"> and <\/span><b>bien-\u00eatre corporel<\/b><span style=\"font-weight: 400;\"> apr\u00e8s chaque repas.<\/span><\/li>\n<\/ul>\n<\/li>\n<\/ul>\n<p><b>Pour qui est cette s\u00e9ance ?<\/b><\/p>\n<ul>\n<li style=\"font-weight: 400;\" aria-level=\"1\"><span style=\"font-weight: 400;\">Les personnes souhaitant <\/span><b>perdre du poids<\/b><span style=\"font-weight: 400;\"> de mani\u00e8re naturelle et durable en modifiant leurs comportements alimentaires.<\/span><\/li>\n<li style=\"font-weight: 400;\" aria-level=\"1\"><span style=\"font-weight: 400;\">Ceux qui ont des difficult\u00e9s \u00e0 <\/span><b>contr\u00f4ler les portions<\/b><span style=\"font-weight: 400;\"> et souhaitent d\u00e9velopper une \u00e9coute attentive \u00e0 leur faim.<\/span><\/li>\n<li style=\"font-weight: 400;\" aria-level=\"1\"><span style=\"font-weight: 400;\">Celles qui veulent am\u00e9liorer la <\/span><b>qualit\u00e9 des aliments<\/b><span style=\"font-weight: 400;\"> qu\u2019elles consomment pour favoriser une meilleure sant\u00e9.<\/span><\/li>\n<li style=\"font-weight: 400;\" aria-level=\"1\"><span style=\"font-weight: 400;\">Toute personne pr\u00eate \u00e0 <\/span><b>r\u00e9\u00e9quilibrer sa relation<\/b><span style=\"font-weight: 400;\"> avec la nourriture et \u00e0 int\u00e9grer des habitudes alimentaires saines et nourrissantes.<\/span><\/li>\n<\/ul>\n<p><b>Mode d\u2019acc\u00e8s :<\/b><\/p>\n<ul>\n<li style=\"font-weight: 400;\" aria-level=\"1\"><span style=\"font-weight: 400;\">Disponible imm\u00e9diatement apr\u00e8s l\u2019achat via un lien de t\u00e9l\u00e9chargement ou en streaming.<\/span><\/li>\n<li style=\"font-weight: 400;\" aria-level=\"1\"><span style=\"font-weight: 400;\">Compatible avec tous les appareils, pour une \u00e9coute pratique et flexible \u00e0 tout moment.<\/span><\/li>\n<\/ul>\n<p><b>Bonus :<\/b><span style=\"font-weight: 400;\"> Inclus avec votre achat, un <\/span><b>guide PDF d\u2019accompagnement<\/b><span style=\"font-weight: 400;\"> sur comment se lib\u00e9rer des kilos \u00e9motionnels \u00e0 t\u00e9l\u00e9charger.<\/span><\/p>\n<p><span style=\"font-weight: 400;\">Transformez votre rapport \u00e0 la nourriture, ma\u00eetrisez vos portions et faites des choix de qualit\u00e9 pour atteindre vos objectifs de perte de poids avec cette <\/span><b>s\u00e9ance d\u2019hypnose audio<\/b><span style=\"font-weight: 400;\">. Reprenez le contr\u00f4le de votre corps et de votre bien-\u00eatre de mani\u00e8re saine et durable.<\/span><\/p>","protected":false},"excerpt":{"rendered":"<p><strong>Ma\u00eetrise des quantit\u00e9s et choix de qualit\u00e9 pour votre corps.<\/strong><\/p>\n<p><span style=\"font-weight: 400;\">Transformez votre relation avec la nourriture et r\u00e9alisez vos objectifs de <\/span><b>perte de poids<\/b><span style=\"font-weight: 400;\"> gr\u00e2ce \u00e0 cette <\/span><b>s\u00e9ance d\u2019hypnose audio<\/b><span style=\"font-weight: 400;\"> sp\u00e9cialement con\u00e7ue pour vous aider \u00e0 <\/span><b>ma\u00eetriser les quantit\u00e9s<\/b><span style=\"font-weight: 400;\"> et \u00e0 choisir avec soin ce que vous acceptez dans votre corps. En combinant des <\/span><b>suggestions hypnotiques puissantes<\/b><span style=\"font-weight: 400;\"> avec des techniques de visualisation, cette s\u00e9ance vous aide \u00e0 <\/span><b>reprendre le contr\u00f4le<\/b><span style=\"font-weight: 400;\"> de vos habitudes alimentaires, tout en favorisant des choix plus sains et align\u00e9s avec vos besoins corporels.<\/span><\/p>","protected":false},"featured_media":11361,"template":"","meta":[],"product_brand":[],"product_cat":[153],"product_tag":[],"wf_product_folders":[],"class_list":{"0":"post-11389","1":"product","2":"type-product","3":"status-publish","4":"has-post-thumbnail","6":"product_cat-hypnose","7":"post-wrapper","8":"thrv_wrapper","10":"first","11":"instock","12":"downloadable","13":"virtual","14":"purchasable","15":"product-type-simple"},"_links":{"self":[{"href":"https:\/\/3bconnected.com\/en\/wp-json\/wp\/v2\/product\/11389","targetHints":{"allow":["GET"]}}],"collection":[{"href":"https:\/\/3bconnected.com\/en\/wp-json\/wp\/v2\/product"}],"about":[{"href":"https:\/\/3bconnected.com\/en\/wp-json\/wp\/v2\/types\/product"}],"wp:featuredmedia":[{"embeddable":true,"href":"https:\/\/3bconnected.com\/en\/wp-json\/wp\/v2\/media\/11361"}],"wp:attachment":[{"href":"https:\/\/3bconnected.com\/en\/wp-json\/wp\/v2\/media?parent=11389"}],"wp:term":[{"taxonomy":"product_brand","embeddable":true,"href":"https:\/\/3bconnected.com\/en\/wp-json\/wp\/v2\/product_brand?post=11389"},{"taxonomy":"product_cat","embeddable":true,"href":"https:\/\/3bconnected.com\/en\/wp-json\/wp\/v2\/product_cat?post=11389"},{"taxonomy":"product_tag","embeddable":true,"href":"https:\/\/3bconnected.com\/en\/wp-json\/wp\/v2\/product_tag?post=11389"},{"taxonomy":"wf_product_folders","embeddable":true,"href":"https:\/\/3bconnected.com\/en\/wp-json\/wp\/v2\/wf_product_folders?post=11389"}],"curies":[{"name":"wp","href":"https:\/\/api.w.org\/{rel}","templated":true}]}}