{"id":11382,"date":"2024-09-10T15:27:40","date_gmt":"2024-09-10T13:27:40","guid":{"rendered":"https:\/\/3bconnectedcom.eu2.copilhost.cloud\/?post_type=product&#038;p=11382"},"modified":"2024-09-13T19:30:36","modified_gmt":"2024-09-13T17:30:36","slug":"seance-neuro-dynamique-audio-booster-et-reactiver-la-vibration-de-confiance-en-soi","status":"publish","type":"product","link":"https:\/\/3bconnected.com\/en\/product\/seance-neuro-dynamique-audio-booster-et-reactiver-la-vibration-de-confiance-en-soi\/","title":{"rendered":"S\u00e9ance Neuro-Dynamique Audio \u2013 Booster et R\u00e9activer la vibration de confiance en soi"},"content":{"rendered":"<p><b>S\u00e9ance Neuro-Dynamique en Mouvement :<\/b><b><br \/>\n<\/b><span style=\"font-weight: 400;\">Guid\u00e9e par des <\/span><b>affirmations puissantes<\/b><span style=\"font-weight: 400;\"> and <\/span><b>visualisations cr\u00e9atives<\/b><span style=\"font-weight: 400;\">, cette s\u00e9ance vous invite \u00e0 marcher ou \u00e0 vous mouvoir en pleine nature, favorisant une lib\u00e9ration des tensions et un alignement corps-esprit. Pendant que vous bougez, les suggestions hypnotiques agissent sur votre subconscient pour :<\/span><\/p>\n<ul>\n<li style=\"font-weight: 400;\" aria-level=\"1\"><span style=\"font-weight: 400;\">Dissoudre les croyances limitantes et les peurs li\u00e9es \u00e0 la confiance en soi.<\/span><\/li>\n<li style=\"font-weight: 400;\" aria-level=\"1\"><span style=\"font-weight: 400;\">Renforcer une attitude de force, d\u2019assurance et de pouvoir personnel.<\/span><\/li>\n<li style=\"font-weight: 400;\" aria-level=\"1\"><span style=\"font-weight: 400;\">R\u00e9activer la vibration naturelle de confiance que vous portez en vous.<\/span><\/li>\n<li style=\"font-weight: 400;\" aria-level=\"1\"><span style=\"font-weight: 400;\">Ancrer durablement ce sentiment dans votre esprit et votre corps gr\u00e2ce au mouvement.<\/span><\/li>\n<\/ul>\n<p><span style=\"font-weight: 400;\">Cette s\u00e9ance est id\u00e9ale pour ceux qui veulent <\/span><b>se reconnecter \u00e0 la nature<\/b><span style=\"font-weight: 400;\"> tout en boostant leur \u00e9nergie de confiance. L\u2019exp\u00e9rience en mouvement permet \u00e0 votre corps de s\u2019impr\u00e9gner plus efficacement des suggestions hypnotiques, tout en \u00e9veillant une vitalit\u00e9 nouvelle.<\/span><\/p>\n<p><b>Caract\u00e9ristiques de la s\u00e9ance neuro-dynamique :<\/b><\/p>\n<ul>\n<li style=\"font-weight: 400;\" aria-level=\"1\"><b>Duration:<\/b><span style=\"font-weight: 400;\"> 33 minutes.<\/span><\/li>\n<li style=\"font-weight: 400;\" aria-level=\"1\"><b>Format :<\/b><span style=\"font-weight: 400;\"> Audio t\u00e9l\u00e9chargeable (MP3) ou disponible en streaming. Con\u00e7ue pour \u00eatre \u00e9cout\u00e9e pendant une marche ou un mouvement l\u00e9ger en plein air.<\/span><\/li>\n<li style=\"font-weight: 400;\" aria-level=\"1\"><b>B\u00e9n\u00e9fices :<\/b>\n<ul>\n<li style=\"font-weight: 400;\" aria-level=\"2\"><span style=\"font-weight: 400;\">Reprogrammation rapide et efficace de la confiance en soi gr\u00e2ce au mouvement.<\/span><\/li>\n<li style=\"font-weight: 400;\" aria-level=\"2\"><span style=\"font-weight: 400;\">Renforcement de la connexion corps-esprit.<\/span><\/li>\n<li style=\"font-weight: 400;\" aria-level=\"2\"><span style=\"font-weight: 400;\">Sensation imm\u00e9diate d\u2019assurance, de stabilit\u00e9 et de vitalit\u00e9.<\/span><\/li>\n<li style=\"font-weight: 400;\" aria-level=\"2\"><span style=\"font-weight: 400;\">Exp\u00e9rience immersive en pleine nature, favorisant une relaxation et une r\u00e9g\u00e9n\u00e9ration globale.<\/span><\/li>\n<li style=\"font-weight: 400;\" aria-level=\"2\"><span style=\"font-weight: 400;\">Activation physique et \u00e9nerg\u00e9tique pour un effet profond et durable.<\/span><\/li>\n<\/ul>\n<\/li>\n<\/ul>\n<p><b>Pour qui est cette s\u00e9ance ?<\/b><\/p>\n<ul>\n<li style=\"font-weight: 400;\" aria-level=\"1\"><span style=\"font-weight: 400;\">Toute personne souhaitant <\/span><b>booster sa confiance<\/b><span style=\"font-weight: 400;\"> tout en se reconnectant \u00e0 la nature.<\/span><\/li>\n<li style=\"font-weight: 400;\" aria-level=\"1\"><span style=\"font-weight: 400;\">Ceux qui pr\u00e9f\u00e8rent une approche dynamique et immersive pour travailler leur d\u00e9veloppement personnel.<\/span><\/li>\n<li style=\"font-weight: 400;\" aria-level=\"1\"><span style=\"font-weight: 400;\">Les personnes qui se sentent bloqu\u00e9es par des croyances limitantes et cherchent \u00e0 reprogrammer leur esprit de mani\u00e8re active.<\/span><\/li>\n<li style=\"font-weight: 400;\" aria-level=\"1\"><span style=\"font-weight: 400;\">Ceux qui souhaitent transformer leur rapport \u00e0 eux-m\u00eames en int\u00e9grant le corps dans le processus de gu\u00e9rison et de renforcement personnel.<\/span><\/li>\n<\/ul>\n<p><b>Mode d\u2019acc\u00e8s :<\/b><\/p>\n<ul>\n<li style=\"font-weight: 400;\" aria-level=\"1\"><span style=\"font-weight: 400;\">Apr\u00e8s achat, vous recevrez un lien de t\u00e9l\u00e9chargement ou d\u2019acc\u00e8s en ligne pour \u00e9couter la s\u00e9ance pendant vos sorties en plein air.<\/span><\/li>\n<li style=\"font-weight: 400;\" aria-level=\"1\"><span style=\"font-weight: 400;\">Compatible avec tout appareil mobile, pour une utilisation simple et pratique.<\/span><\/li>\n<\/ul>\n<p><b>Reprogrammez votre confiance en vous<\/b><span style=\"font-weight: 400;\">, bougez avec assurance et laissez la nature vous soutenir dans cette transformation gr\u00e2ce \u00e0 cette <\/span><b>s\u00e9ance neuro-dynamique audio<\/b><span style=\"font-weight: 400;\">.<\/span><\/p>","protected":false},"excerpt":{"rendered":"<p><span style=\"font-weight: 400;\">D\u00e9couvrez une <\/span><b>s\u00e9ance neuro-dynamique audio unique<\/b><span style=\"font-weight: 400;\"> qui allie hypnose, mouvement et connexion avec la nature pour <\/span><b>reprogrammer profond\u00e9ment votre confiance en vous<\/b><span style=\"font-weight: 400;\">. Cette approche novatrice repose sur le fait que le mouvement du corps en plein air, combin\u00e9 aux suggestions hypnotiques, active et <\/span><b>booste la vibration de confiance en soi<\/b><span style=\"font-weight: 400;\"> de mani\u00e8re rapide et durable.<\/span><\/p>","protected":false},"featured_media":11367,"template":"","meta":[],"product_brand":[],"product_cat":[153],"product_tag":[],"wf_product_folders":[],"class_list":{"0":"post-11382","1":"product","2":"type-product","3":"status-publish","4":"has-post-thumbnail","6":"product_cat-hypnose","7":"post-wrapper","8":"thrv_wrapper","10":"first","11":"instock","12":"downloadable","13":"virtual","14":"purchasable","15":"product-type-simple"},"_links":{"self":[{"href":"https:\/\/3bconnected.com\/en\/wp-json\/wp\/v2\/product\/11382","targetHints":{"allow":["GET"]}}],"collection":[{"href":"https:\/\/3bconnected.com\/en\/wp-json\/wp\/v2\/product"}],"about":[{"href":"https:\/\/3bconnected.com\/en\/wp-json\/wp\/v2\/types\/product"}],"wp:featuredmedia":[{"embeddable":true,"href":"https:\/\/3bconnected.com\/en\/wp-json\/wp\/v2\/media\/11367"}],"wp:attachment":[{"href":"https:\/\/3bconnected.com\/en\/wp-json\/wp\/v2\/media?parent=11382"}],"wp:term":[{"taxonomy":"product_brand","embeddable":true,"href":"https:\/\/3bconnected.com\/en\/wp-json\/wp\/v2\/product_brand?post=11382"},{"taxonomy":"product_cat","embeddable":true,"href":"https:\/\/3bconnected.com\/en\/wp-json\/wp\/v2\/product_cat?post=11382"},{"taxonomy":"product_tag","embeddable":true,"href":"https:\/\/3bconnected.com\/en\/wp-json\/wp\/v2\/product_tag?post=11382"},{"taxonomy":"wf_product_folders","embeddable":true,"href":"https:\/\/3bconnected.com\/en\/wp-json\/wp\/v2\/wf_product_folders?post=11382"}],"curies":[{"name":"wp","href":"https:\/\/api.w.org\/{rel}","templated":true}]}}