{"id":11379,"date":"2024-09-10T15:18:53","date_gmt":"2024-09-10T13:18:53","guid":{"rendered":"https:\/\/3bconnectedcom.eu2.copilhost.cloud\/?post_type=product&#038;p=11379"},"modified":"2024-09-13T19:32:41","modified_gmt":"2024-09-13T17:32:41","slug":"seance-dhypnose-audio-reprogrammer-le-pouvoir-de-la-gratitude","status":"publish","type":"product","link":"https:\/\/3bconnected.com\/en\/product\/seance-dhypnose-audio-reprogrammer-le-pouvoir-de-la-gratitude\/","title":{"rendered":"S\u00e9ance d\u2019Hypnose Audio \u2013 Reprogrammer le pouvoir de la gratitude"},"content":{"rendered":"<p><span style=\"font-weight: 400;\">\u00c0 travers des <\/span><b>suggestions hypnotiques<\/b><span style=\"font-weight: 400;\"> and <\/span><b>visualisations apaisantes<\/b><span style=\"font-weight: 400;\">, cette s\u00e9ance vous permettra de :<\/span><\/p>\n<ul>\n<li style=\"font-weight: 400;\" aria-level=\"1\"><b>Reprogrammer votre esprit<\/b><span style=\"font-weight: 400;\"> pour reconna\u00eetre et c\u00e9l\u00e9brer les aspects positifs de votre vie.<\/span><\/li>\n<li style=\"font-weight: 400;\" aria-level=\"1\"><span style=\"font-weight: 400;\">Remplacer les pens\u00e9es n\u00e9gatives par une <\/span><b>perspective d\u2019abondance<\/b><span style=\"font-weight: 400;\">.<\/span><\/li>\n<li style=\"font-weight: 400;\" aria-level=\"1\"><span style=\"font-weight: 400;\">\u00c9lever votre vibration en pratiquant une gratitude consciente.<\/span><\/li>\n<li style=\"font-weight: 400;\" aria-level=\"1\"><span style=\"font-weight: 400;\">Attirer plus de <\/span><b>joie, d\u2019opportunit\u00e9s<\/b><span style=\"font-weight: 400;\"> and <\/span><b>well-being<\/b><span style=\"font-weight: 400;\"> dans votre quotidien.<\/span><\/li>\n<\/ul>\n<p><b>S\u00e9ance d\u2019Hypnose pour Activer la Gratitude :<\/b><b><br \/>\n<\/b><span style=\"font-weight: 400;\">En vous plongeant dans un \u00e9tat de relaxation profonde, cette s\u00e9ance vous guide pour :<\/span><\/p>\n<ul>\n<li style=\"font-weight: 400;\" aria-level=\"1\"><span style=\"font-weight: 400;\">Vous connecter aux <\/span><b>moments positifs et b\u00e9n\u00e9dictions<\/b><span style=\"font-weight: 400;\"> de votre vie.<\/span><\/li>\n<li style=\"font-weight: 400;\" aria-level=\"1\"><span style=\"font-weight: 400;\">Int\u00e9grer la <\/span><b>gratitude comme un mode de vie<\/b><span style=\"font-weight: 400;\">, en activant ses effets sur votre bien-\u00eatre mental et \u00e9motionnel.<\/span><\/li>\n<li style=\"font-weight: 400;\" aria-level=\"1\"><span style=\"font-weight: 400;\">Apprendre \u00e0 <\/span><b>transformer les d\u00e9fis<\/b><span style=\"font-weight: 400;\"> et obstacles en opportunit\u00e9s de croissance \u00e0 travers la reconnaissance.<\/span><\/li>\n<li style=\"font-weight: 400;\" aria-level=\"1\"><span style=\"font-weight: 400;\">Cultiver un \u00e9tat d\u2019esprit de <\/span><b>contentement<\/b><span style=\"font-weight: 400;\">, de paix et d\u2019ouverture \u00e0 la prosp\u00e9rit\u00e9.<\/span><\/li>\n<\/ul>\n<p><span style=\"font-weight: 400;\">Cette <\/span><b>hypnose audio<\/b><span style=\"font-weight: 400;\"> vous offre un outil puissant pour <\/span><b>r\u00e9aligner votre \u00e9nergie<\/b><span style=\"font-weight: 400;\"> avec la gratitude et l\u2019abondance, favorisant ainsi un \u00e9tat d\u2019esprit plus optimiste, attractif et lumineux.<\/span><\/p>\n<p><b>Caract\u00e9ristiques de la s\u00e9ance d\u2019hypnose :<\/b><\/p>\n<ul>\n<li style=\"font-weight: 400;\" aria-level=\"1\"><b>Duration:<\/b><span style=\"font-weight: 400;\"> 22 minutes.<\/span><\/li>\n<li style=\"font-weight: 400;\" aria-level=\"1\"><b>Format :<\/b><span style=\"font-weight: 400;\"> Audio t\u00e9l\u00e9chargeable (MP3) ou en streaming.<\/span><\/li>\n<li style=\"font-weight: 400;\" aria-level=\"1\"><b>B\u00e9n\u00e9fices :<\/b>\n<ul>\n<li style=\"font-weight: 400;\" aria-level=\"2\"><span style=\"font-weight: 400;\">Reprogrammation de l\u2019esprit pour cultiver un \u00e9tat de gratitude.<\/span><\/li>\n<li style=\"font-weight: 400;\" aria-level=\"2\"><span style=\"font-weight: 400;\">R\u00e9duction du stress et des pens\u00e9es n\u00e9gatives \u00e0 travers une perspective d\u2019abondance.<\/span><\/li>\n<li style=\"font-weight: 400;\" aria-level=\"2\"><span style=\"font-weight: 400;\">Augmentation de la <\/span><b>joy<\/b><span style=\"font-weight: 400;\">, du <\/span><b>well-being<\/b><span style=\"font-weight: 400;\"> et de l&#8217;optimisme.<\/span><\/li>\n<li style=\"font-weight: 400;\" aria-level=\"2\"><span style=\"font-weight: 400;\">Ouverture \u00e0 de nouvelles opportunit\u00e9s gr\u00e2ce \u00e0 une <\/span><b>attitude positive et reconnaissante<\/b><span style=\"font-weight: 400;\">.<\/span><\/li>\n<li style=\"font-weight: 400;\" aria-level=\"2\"><span style=\"font-weight: 400;\">Sentiment de <\/span><b>paix int\u00e9rieure<\/b><span style=\"font-weight: 400;\"> et de satisfaction.<\/span><\/li>\n<\/ul>\n<\/li>\n<\/ul>\n<p><b>Pour qui est cette s\u00e9ance ?<\/b><\/p>\n<ul>\n<li style=\"font-weight: 400;\" aria-level=\"1\"><span style=\"font-weight: 400;\">Toute personne souhaitant <\/span><b>int\u00e9grer la gratitude<\/b><span style=\"font-weight: 400;\"> dans son quotidien pour am\u00e9liorer sa qualit\u00e9 de vie.<\/span><\/li>\n<li style=\"font-weight: 400;\" aria-level=\"1\"><span style=\"font-weight: 400;\">Ceux qui veulent <\/span><b>changer leur perspective<\/b><span style=\"font-weight: 400;\"> et attirer plus de positivit\u00e9 et d\u2019abondance.<\/span><\/li>\n<li style=\"font-weight: 400;\" aria-level=\"1\"><span style=\"font-weight: 400;\">Les personnes qui cherchent \u00e0 <\/span><b>r\u00e9duire le stress<\/b><span style=\"font-weight: 400;\"> et \u00e0 cultiver un <\/span><b>\u00e9tat d\u2019esprit positif et optimiste<\/b><span style=\"font-weight: 400;\">.<\/span><\/li>\n<li style=\"font-weight: 400;\" aria-level=\"1\"><span style=\"font-weight: 400;\">Ceux qui ressentent le besoin de transformer leur approche de la vie en se concentrant sur la <\/span><b>reconnaissance<\/b><span style=\"font-weight: 400;\"> et les b\u00e9n\u00e9dictions.<\/span><\/li>\n<\/ul>\n<p><b>Mode d\u2019acc\u00e8s :<\/b><\/p>\n<ul>\n<li style=\"font-weight: 400;\" aria-level=\"1\"><span style=\"font-weight: 400;\">Apr\u00e8s l\u2019achat, vous recevrez un lien pour t\u00e9l\u00e9charger ou \u00e9couter la s\u00e9ance en streaming.<\/span><\/li>\n<li style=\"font-weight: 400;\" aria-level=\"1\"><span style=\"font-weight: 400;\">Compatible avec tout appareil pour une \u00e9coute pratique \u00e0 tout moment de la journ\u00e9e.<\/span><\/li>\n<\/ul>\n<p><span style=\"font-weight: 400;\">Activez le pouvoir de la gratitude et laissez cette s\u00e9ance d\u2019hypnose vous aider \u00e0 <\/span><b>reprogrammer votre esprit<\/b><span style=\"font-weight: 400;\"> pour attirer la positivit\u00e9, la paix et l\u2019abondance dans votre vie. Reconnectez-vous \u00e0 la richesse de chaque instant avec <\/span><b>reconnaissance et clart\u00e9<\/b><span style=\"font-weight: 400;\">.<\/span><\/p>","protected":false},"excerpt":{"rendered":"<p><em><strong>&#8220;Transformer chaque instant en opportunit\u00e9 de reconnaissance et d&#8217;abondance&#8221;<\/strong><\/em><\/p>\n<p><span style=\"font-weight: 400;\">D\u00e9couvrez le <\/span><b>pouvoir transformateur de la gratitude<\/b><span style=\"font-weight: 400;\"> gr\u00e2ce \u00e0 cette <\/span><b>s\u00e9ance d\u2019hypnose audio<\/b><span style=\"font-weight: 400;\"> con\u00e7ue pour reprogrammer votre esprit \u00e0 vivre dans un \u00e9tat constant de reconnaissance et d\u2019abondance. En d\u00e9veloppant une attitude de gratitude, vous attirez plus de positivit\u00e9, d\u2019opportunit\u00e9s et de bien-\u00eatre dans votre vie. Cette s\u00e9ance vous aide \u00e0 ancrer profond\u00e9ment ce sentiment puissant dans votre quotidien, et \u00e0 cultiver une <\/span><b>vision positive<\/b><span style=\"font-weight: 400;\"> de la vie.<\/span><\/p>","protected":false},"featured_media":11366,"template":"","meta":[],"product_brand":[],"product_cat":[153],"product_tag":[],"wf_product_folders":[],"class_list":{"0":"post-11379","1":"product","2":"type-product","3":"status-publish","4":"has-post-thumbnail","6":"product_cat-hypnose","7":"post-wrapper","8":"thrv_wrapper","10":"first","11":"instock","12":"downloadable","13":"virtual","14":"purchasable","15":"product-type-simple"},"_links":{"self":[{"href":"https:\/\/3bconnected.com\/en\/wp-json\/wp\/v2\/product\/11379","targetHints":{"allow":["GET"]}}],"collection":[{"href":"https:\/\/3bconnected.com\/en\/wp-json\/wp\/v2\/product"}],"about":[{"href":"https:\/\/3bconnected.com\/en\/wp-json\/wp\/v2\/types\/product"}],"wp:featuredmedia":[{"embeddable":true,"href":"https:\/\/3bconnected.com\/en\/wp-json\/wp\/v2\/media\/11366"}],"wp:attachment":[{"href":"https:\/\/3bconnected.com\/en\/wp-json\/wp\/v2\/media?parent=11379"}],"wp:term":[{"taxonomy":"product_brand","embeddable":true,"href":"https:\/\/3bconnected.com\/en\/wp-json\/wp\/v2\/product_brand?post=11379"},{"taxonomy":"product_cat","embeddable":true,"href":"https:\/\/3bconnected.com\/en\/wp-json\/wp\/v2\/product_cat?post=11379"},{"taxonomy":"product_tag","embeddable":true,"href":"https:\/\/3bconnected.com\/en\/wp-json\/wp\/v2\/product_tag?post=11379"},{"taxonomy":"wf_product_folders","embeddable":true,"href":"https:\/\/3bconnected.com\/en\/wp-json\/wp\/v2\/wf_product_folders?post=11379"}],"curies":[{"name":"wp","href":"https:\/\/api.w.org\/{rel}","templated":true}]}}