{"id":11326,"date":"2024-09-09T16:55:29","date_gmt":"2024-09-09T14:55:29","guid":{"rendered":"https:\/\/3bconnectedcom.eu2.copilhost.cloud\/?post_type=product&#038;p=11326"},"modified":"2024-09-25T09:26:40","modified_gmt":"2024-09-25T07:26:40","slug":"seance-dhypnose-audio-soins-du-corps-physique","status":"publish","type":"product","link":"https:\/\/3bconnected.com\/en\/product\/seance-dhypnose-audio-soins-du-corps-physique\/","title":{"rendered":"S\u00e9ance d&#8217;Hypnose Audio : Soins du corps physique"},"content":{"rendered":"<p><span style=\"font-weight: 400;\">Offrez-vous un moment de d\u00e9tente et de <\/span><b>reconnexion avec votre corps<\/b><span style=\"font-weight: 400;\"> gr\u00e2ce \u00e0 cette <\/span><b>s\u00e9ance d\u2019hypnose audio gratuite<\/b><span style=\"font-weight: 400;\">. Con\u00e7ue pour favoriser le bien-\u00eatre physique, cette s\u00e9ance vous aide \u00e0 rel\u00e2cher les tensions, \u00e0 prendre soin de vous et \u00e0 harmoniser votre \u00e9nergie corporelle.<\/span><\/p>\n<p><b>B\u00e9n\u00e9fices de cette s\u00e9ance :<\/b><\/p>\n<ul>\n<li style=\"font-weight: 400;\" aria-level=\"1\"><span style=\"font-weight: 400;\">Relaxation profonde du corps et de l\u2019esprit.<\/span><\/li>\n<li style=\"font-weight: 400;\" aria-level=\"1\"><span style=\"font-weight: 400;\">Reconnexion avec vos sensations corporelles.<\/span><\/li>\n<li style=\"font-weight: 400;\" aria-level=\"1\"><span style=\"font-weight: 400;\">Harmonisation de l\u2019\u00e9nergie physique pour favoriser la <\/span><b>r\u00e9g\u00e9n\u00e9ration<\/b><span style=\"font-weight: 400;\"> et le <\/span><b>well-being<\/b><span style=\"font-weight: 400;\">.<\/span><\/li>\n<li style=\"font-weight: 400;\" aria-level=\"1\"><span style=\"font-weight: 400;\">Prendre soin de soi en cultivant un <\/span><b>\u00e9quilibre corporel<\/b><span style=\"font-weight: 400;\"> et une meilleure vitalit\u00e9.<\/span><\/li>\n<\/ul>\n<p><b>\u23f3 Dur\u00e9e :<\/b><span style=\"font-weight: 400;\"> 8 minutes<\/span><span style=\"font-weight: 400;\"><br \/>\n<\/span><b>Format :<\/b><span style=\"font-weight: 400;\"> Audio t\u00e9l\u00e9chargeable ou en streaming<\/span><span style=\"font-weight: 400;\"><br \/>\n<\/span><\/p>\n<p><b>T\u00e9l\u00e9chargez cette s\u00e9ance gratuitement<\/b><span style=\"font-weight: 400;\"> et offrez \u00e0 votre corps un moment de soin bien m\u00e9rit\u00e9.<\/span><\/p>","protected":false},"excerpt":{"rendered":"<p><span style=\"font-weight: 400;\">S\u00e9ance d&#8217;Hypnose Audio gratuite pour les soins du corps physique. <\/span>Prenez un moment pour <strong>chouchouter votre corps<\/strong> avec cette <strong>s\u00e9ance d\u2019hypnose audio gratuite<\/strong> sp\u00e9cialement con\u00e7ue pour <strong>stimuler votre bien-\u00eatre physique<\/strong>. Offrez-vous une exp\u00e9rience de <strong>relaxation profonde<\/strong> and <strong>r\u00e9habilitation corporelle<\/strong> en vous immergeant dans des suggestions hypnotiques qui favorisent la d\u00e9tente, la r\u00e9g\u00e9n\u00e9ration et l\u2019\u00e9quilibre de votre \u00e9nergie physique.<\/p>","protected":false},"featured_media":11327,"template":"","meta":[],"product_brand":[],"product_cat":[153],"product_tag":[],"wf_product_folders":[],"class_list":{"0":"post-11326","1":"product","2":"type-product","3":"status-publish","4":"has-post-thumbnail","6":"product_cat-hypnose","7":"post-wrapper","8":"thrv_wrapper","10":"first","11":"instock","12":"downloadable","13":"virtual","14":"purchasable","15":"product-type-simple"},"_links":{"self":[{"href":"https:\/\/3bconnected.com\/en\/wp-json\/wp\/v2\/product\/11326","targetHints":{"allow":["GET"]}}],"collection":[{"href":"https:\/\/3bconnected.com\/en\/wp-json\/wp\/v2\/product"}],"about":[{"href":"https:\/\/3bconnected.com\/en\/wp-json\/wp\/v2\/types\/product"}],"wp:featuredmedia":[{"embeddable":true,"href":"https:\/\/3bconnected.com\/en\/wp-json\/wp\/v2\/media\/11327"}],"wp:attachment":[{"href":"https:\/\/3bconnected.com\/en\/wp-json\/wp\/v2\/media?parent=11326"}],"wp:term":[{"taxonomy":"product_brand","embeddable":true,"href":"https:\/\/3bconnected.com\/en\/wp-json\/wp\/v2\/product_brand?post=11326"},{"taxonomy":"product_cat","embeddable":true,"href":"https:\/\/3bconnected.com\/en\/wp-json\/wp\/v2\/product_cat?post=11326"},{"taxonomy":"product_tag","embeddable":true,"href":"https:\/\/3bconnected.com\/en\/wp-json\/wp\/v2\/product_tag?post=11326"},{"taxonomy":"wf_product_folders","embeddable":true,"href":"https:\/\/3bconnected.com\/en\/wp-json\/wp\/v2\/wf_product_folders?post=11326"}],"curies":[{"name":"wp","href":"https:\/\/api.w.org\/{rel}","templated":true}]}}