{"id":11317,"date":"2024-09-06T00:55:22","date_gmt":"2024-09-05T22:55:22","guid":{"rendered":"https:\/\/3bconnectedcom.eu2.copilhost.cloud\/?post_type=product&#038;p=11317"},"modified":"2024-09-13T19:36:55","modified_gmt":"2024-09-13T17:36:55","slug":"activer-la-motivation","status":"publish","type":"product","link":"https:\/\/3bconnected.com\/en\/product\/activer-la-motivation\/","title":{"rendered":"S\u00e9ance d&#8217;Hypnose Audio \u2013 Activer la Motivation"},"content":{"rendered":"<p><span style=\"font-weight: 400;\">R\u00e9veillez votre <\/span><b>motivation int\u00e9rieure<\/b><span style=\"font-weight: 400;\"> et stimulez votre capacit\u00e9 \u00e0 passer \u00e0 l\u2019action gr\u00e2ce \u00e0 cette <\/span><b>s\u00e9ance d\u2019hypnose audio<\/b><span style=\"font-weight: 400;\">. Con\u00e7ue pour vous aider \u00e0 surmonter la procrastination et \u00e0 renforcer votre <\/span><b>d\u00e9termination<\/b><span style=\"font-weight: 400;\">, cette s\u00e9ance vous guide vers un \u00e9tat mental o\u00f9 l&#8217;\u00e9nergie, la clart\u00e9 et l&#8217;\u00e9lan deviennent vos alli\u00e9s au quotidien.<\/span><\/p>\n<p><span style=\"font-weight: 400;\">Gr\u00e2ce \u00e0 des <\/span><b>visualisations puissantes<\/b><span style=\"font-weight: 400;\"> and <\/span><b>suggestions hypnotiques cibl\u00e9es<\/b><span style=\"font-weight: 400;\">, vous serez en mesure de :<\/span><\/p>\n<ul>\n<li style=\"font-weight: 400;\" aria-level=\"1\"><b>Booster votre motivation<\/b><span style=\"font-weight: 400;\"> pour atteindre vos objectifs personnels et professionnels.<\/span><\/li>\n<li style=\"font-weight: 400;\" aria-level=\"1\"><span style=\"font-weight: 400;\">Lib\u00e9rer les blocages mentaux qui freinent votre \u00e9lan.<\/span><\/li>\n<li style=\"font-weight: 400;\" aria-level=\"1\"><span style=\"font-weight: 400;\">Renforcer votre <\/span><b>confiance en vos capacit\u00e9s<\/b><span style=\"font-weight: 400;\"> \u00e0 r\u00e9aliser vos projets.<\/span><\/li>\n<li style=\"font-weight: 400;\" aria-level=\"1\"><span style=\"font-weight: 400;\">Cr\u00e9er un \u00e9tat d\u2019esprit propice \u00e0 l\u2019action et \u00e0 la pers\u00e9v\u00e9rance, m\u00eame face aux d\u00e9fis.<\/span><\/li>\n<\/ul>\n<p><b>Transform your life<\/b><span style=\"font-weight: 400;\"> en acc\u00e9dant \u00e0 cette nouvelle source d\u2019\u00e9nergie interne, pr\u00eate \u00e0 vous propulser vers le succ\u00e8s et l\u2019accomplissement de vos objectifs.<\/span><\/p>\n<p>&nbsp;<\/p>\n<p><b>Caract\u00e9ristiques de la s\u00e9ance :<\/b><\/p>\n<ul>\n<li style=\"font-weight: 400;\" aria-level=\"1\"><b>Duration:<\/b><span style=\"font-weight: 400;\"> 35 minutes<\/span><\/li>\n<li style=\"font-weight: 400;\" aria-level=\"1\"><b>Format :<\/b><span style=\"font-weight: 400;\"> Audio t\u00e9l\u00e9chargeable (MP3) ou en streaming<\/span><\/li>\n<li style=\"font-weight: 400;\" aria-level=\"1\"><b>B\u00e9n\u00e9fices :<\/b>\n<ul>\n<li style=\"font-weight: 400;\" aria-level=\"2\"><span style=\"font-weight: 400;\">\u00c9veil et activation de la motivation profonde.<\/span><\/li>\n<li style=\"font-weight: 400;\" aria-level=\"2\"><span style=\"font-weight: 400;\">Clart\u00e9 mentale et concentration accrue.<\/span><\/li>\n<li style=\"font-weight: 400;\" aria-level=\"2\"><b>Surmonter la procrastination<\/b><span style=\"font-weight: 400;\"> et d\u00e9velopper des habitudes d\u2019action positive.<\/span><\/li>\n<li style=\"font-weight: 400;\" aria-level=\"2\"><span style=\"font-weight: 400;\">Stimulation de la <\/span><b>self-confidence<\/b><span style=\"font-weight: 400;\"> et de l&#8217;\u00e9nergie pour mener \u00e0 bien vos projets.<\/span><\/li>\n<\/ul>\n<\/li>\n<\/ul>\n<p>&nbsp;<\/p>\n<p><b>Pour qui est cette s\u00e9ance ?<\/b><\/p>\n<ul>\n<li style=\"font-weight: 400;\" aria-level=\"1\"><span style=\"font-weight: 400;\">Les personnes souhaitant <\/span><b>renforcer leur motivation<\/b><span style=\"font-weight: 400;\"> pour accomplir des projets ou surmonter des obstacles.<\/span><\/li>\n<li style=\"font-weight: 400;\" aria-level=\"1\"><span style=\"font-weight: 400;\">Ceux qui luttent contre la procrastination et cherchent \u00e0 transformer leur quotidien en une s\u00e9rie d\u2019actions positives et productives.<\/span><\/li>\n<li style=\"font-weight: 400;\" aria-level=\"1\"><span style=\"font-weight: 400;\">Celles et ceux qui ont besoin d\u2019un <\/span><b>\u00e9lan suppl\u00e9mentaire<\/b><span style=\"font-weight: 400;\"> pour avancer dans leurs objectifs professionnels, personnels ou cr\u00e9atifs.<\/span><\/li>\n<\/ul>\n<p>&nbsp;<\/p>\n<p><b>Mode d\u2019acc\u00e8s :<\/b><\/p>\n<ul>\n<li style=\"font-weight: 400;\" aria-level=\"1\"><span style=\"font-weight: 400;\">T\u00e9l\u00e9chargement imm\u00e9diat ou \u00e9coute en streaming apr\u00e8s l\u2019achat.<\/span><\/li>\n<li style=\"font-weight: 400;\" aria-level=\"1\"><span style=\"font-weight: 400;\">Compatible avec tous les appareils, pour une \u00e9coute \u00e0 tout moment o\u00f9 vous avez besoin d\u2019un boost de motivation.<\/span><\/li>\n<\/ul>\n<p>&nbsp;<\/p>\n<p><span style=\"font-weight: 400;\">Red\u00e9couvrez la <\/span><b>force de votre motivation<\/b><span style=\"font-weight: 400;\"> et lib\u00e9rez votre potentiel avec cette <\/span><b>s\u00e9ance d\u2019hypnose audio<\/b><span style=\"font-weight: 400;\">. Commencez d\u00e8s aujourd&#8217;hui \u00e0 prendre des actions concr\u00e8tes vers vos objectifs.<\/span><\/p>","protected":false},"excerpt":{"rendered":"<p>&#8220;Tu ne dois ton bonheur qu&#8217;\u00e0 toi m\u00eame&#8221;<br \/>\nCette hypnose puissante offre un nouvel \u00e9lan pour raviver votre flamme de vie int\u00e9rieure! La force r\u00e9side en chacun de nous pour r\u00e9aliser tous nos r\u00eaves, cette hypnose r\u00e9veille en vous les forces incroyables pour les faire jaillir et d\u00e9cupler vos capacit\u00e9s insoup\u00e7onnables.<\/p>","protected":false},"featured_media":11318,"template":"","meta":[],"product_brand":[],"product_cat":[153],"product_tag":[],"wf_product_folders":[],"class_list":{"0":"post-11317","1":"product","2":"type-product","3":"status-publish","4":"has-post-thumbnail","6":"product_cat-hypnose","7":"post-wrapper","8":"thrv_wrapper","10":"first","11":"instock","12":"downloadable","13":"virtual","14":"purchasable","15":"product-type-simple"},"_links":{"self":[{"href":"https:\/\/3bconnected.com\/en\/wp-json\/wp\/v2\/product\/11317","targetHints":{"allow":["GET"]}}],"collection":[{"href":"https:\/\/3bconnected.com\/en\/wp-json\/wp\/v2\/product"}],"about":[{"href":"https:\/\/3bconnected.com\/en\/wp-json\/wp\/v2\/types\/product"}],"wp:featuredmedia":[{"embeddable":true,"href":"https:\/\/3bconnected.com\/en\/wp-json\/wp\/v2\/media\/11318"}],"wp:attachment":[{"href":"https:\/\/3bconnected.com\/en\/wp-json\/wp\/v2\/media?parent=11317"}],"wp:term":[{"taxonomy":"product_brand","embeddable":true,"href":"https:\/\/3bconnected.com\/en\/wp-json\/wp\/v2\/product_brand?post=11317"},{"taxonomy":"product_cat","embeddable":true,"href":"https:\/\/3bconnected.com\/en\/wp-json\/wp\/v2\/product_cat?post=11317"},{"taxonomy":"product_tag","embeddable":true,"href":"https:\/\/3bconnected.com\/en\/wp-json\/wp\/v2\/product_tag?post=11317"},{"taxonomy":"wf_product_folders","embeddable":true,"href":"https:\/\/3bconnected.com\/en\/wp-json\/wp\/v2\/wf_product_folders?post=11317"}],"curies":[{"name":"wp","href":"https:\/\/api.w.org\/{rel}","templated":true}]}}