{"id":9539,"date":"2023-11-09T17:02:32","date_gmt":"2023-11-09T16:02:32","guid":{"rendered":"https:\/\/3bconnectedcom.eu2.copilhost.cloud\/?page_id=9539"},"modified":"2023-11-09T17:02:39","modified_gmt":"2023-11-09T16:02:39","slug":"self-awareness-questionnaire","status":"publish","type":"page","link":"https:\/\/3bconnected.com\/en\/self-awareness-questionnaire\/","title":{"rendered":"Questionnaire Conscience de soi"},"content":{"rendered":"<p><a href=\"http:\/\/3bconnected.com\/en\/\" data-id-d=\"12\" data-img-style=\"\"><img loading=\"lazy\" decoding=\"async\" src=\"http:\/\/3bconnected.com\/wp-content\/uploads\/2022\/05\/Sans-titre-1920-\u00d7-480-px-900-\u00d7-480-px-72-\u00d7-25-po.png\" height=\"924\" width=\"2661\" alt=\"\" style=\"\"><\/img><\/a><span style=\"\"><img decoding=\"async\" alt=\"\" data-id=\"9544\" width=\"960\" data-init-width=\"2560\" height=\"480\" data-init-height=\"1280\" title=\"3\" loading=\"lazy\" src=\"http:\/\/3bconnected.com\/wp-content\/uploads\/2023\/11\/3-scaled.jpg\" data-width=\"960\" data-height=\"480\" style=\"aspect-ratio: auto 2560 \/ 1280;\" mt-d=\"-69\" ml-d=\"0\" center-v-d=\"false\"><\/span><\/p>\n<h2 style=\"text-align: center;\"><strong>Questionnaire<\/strong><\/h2>\n<div class='fluentform ff-default fluentform_wrapper_12 ffs_default_wrap'><form data-form_id=\"12\" id=\"fluentform_12\" class=\"frm-fluent-form fluent_form_12 ff-el-form-top ff_form_instance_12_1 ff-form-loading ffs_default\" data-form_instance=\"ff_form_instance_12_1\" method=\"POST\" action=\"\" ><fieldset  style=\"border: none!important;margin: 0!important;padding: 0!important;background-color: transparent!important;box-shadow: none!important;outline: none!important; min-inline-size: 100%;\">\n                    <legend class=\"ff_screen_reader_title\" style=\"display: block; margin: 0!important;padding: 0!important;height: 0!important;text-indent: -999999px;width: 0!important;overflow:hidden;\">Questionnaire: Self-awareness<\/legend><input type='hidden' name='__fluent_form_embded_post_id' value='9539' \/><input type=\"hidden\" id=\"_fluentform_12_fluentformnonce\" name=\"_fluentform_12_fluentformnonce\" value=\"a5a3c9fe47\" \/><input type=\"hidden\" name=\"_wp_http_referer\" value=\"\/en\/wp-json\/wp\/v2\/pages\/9539\" \/><div class='ff-el-group  ff-custom_html' tabindex='-1' data-name=\"custom_html-12_1\" ><h1 style=\"text-align: center\"><span style=\"color: #ba8d2d\"><strong>SELF-AWARENESS<\/strong><\/span><\/h1><\/div><div data-type=\"name-element\" data-name=\"names\" class=\"ff-field_container ff-name-field-wrapper\" ><div class='ff-t-container'><div class='ff-t-cell'><div class='ff-el-group  ff-el-form-top'><div class=\"ff-el-input--label asterisk-right\"><label for='ff_12_names_first_name_' id='label_ff_12_names_first_name_' >First name<\/label><\/div><div class='ff-el-input--content'><input type=\"text\" name=\"names[first_name]\" id=\"ff_12_names_first_name_\" class=\"ff-el-form-control\" placeholder=\"First name\" aria-invalid=\"false\" aria-required=\"false\"><\/div><\/div><\/div><\/div><\/div><div class='ff-el-group'><div class=\"ff-el-input--label asterisk-right\"><label for='ff_12_email' id='label_ff_12_email' aria-label=\"E-mail\">E-mail<\/label><\/div><div class='ff-el-input--content'><input type=\"email\" name=\"email\" id=\"ff_12_email\" class=\"ff-el-form-control\" placeholder=\"Email Address\" data-name=\"email\"  aria-invalid=\"false\" aria-required=\"false\"><\/div><\/div><div class='ff-el-group  ff-custom_html' tabindex='-1' data-name=\"custom_html-12_2\" ><h2>Self-awareness<\/h2>\n<p>&nbsp;<\/p>\n<p><strong>Consciousness refers to your individual awareness of your unique thoughts, memories, feelings, sensations and environments - awareness of yourself and the world around you.\u00a0<\/strong><\/p>\n<p><strong>This awareness is subjective and unique to each individual.<\/strong>\u00a0<\/p><\/div><div class='ff-el-group'><div class=\"ff-el-input--label asterisk-right\"><label for='ff_12_rangeslider' id='label_ff_12_rangeslider' aria-label=\"1. On a scale of 1 to 10, how would you rate your level of self-awareness (1 being the lowest and 10 the highest)?\">1. On a scale of 1 to 10, how would you rate your level of self-awareness (1 being the lowest and 10 the highest)?<\/label><\/div><div class='ff-el-input--content'><div class='ff_slider_wrapper'><input name=\"rangeslider\" class=\"ff-el-form-control\" value=\"0\" min=\"1\" max=\"10\" type=\"range\" data-name=\"rangeslider\" id=\"ff_12_rangeslider\" data-calc_value=\"0\"  aria-invalid='false' aria-required=\"false\"><div class='ff_range_value'>0<\/div><\/div><\/div><\/div><div class='ff-el-group'><div class=\"ff-el-input--label asterisk-right\"><label for='ff_12_description' id='label_ff_12_description' aria-label=\"2. Can you describe a situation in which you demonstrated a high level of self-awareness?\">2. Can you describe a situation in which you demonstrated a high level of self-awareness?<\/label><\/div><div class='ff-el-input--content'><textarea aria-required=\"false\" aria-labelledby=\"label_ff_12_description\" name=\"description\" id=\"ff_12_description\" class=\"ff-el-form-control\" rows=\"3\" cols=\"2\" data-name=\"description\" ><\/textarea><\/div><\/div><div class='ff-el-group'><div class=\"ff-el-input--label asterisk-right\"><label for='ff_12_description_1' id='label_ff_12_description_1' aria-label=\"3. What factors do you think improve your self-awareness?\">3. What factors do you think improve your self-awareness?<\/label><\/div><div class='ff-el-input--content'><textarea aria-required=\"false\" aria-labelledby=\"label_ff_12_description_1\" name=\"description_1\" id=\"ff_12_description_1\" class=\"ff-el-form-control\" rows=\"3\" cols=\"2\" data-name=\"description_1\" ><\/textarea><\/div><\/div><div class='ff-el-group'><div class=\"ff-el-input--label asterisk-right\"><label for='ff_12_rangeslider_1' id='label_ff_12_rangeslider_1' aria-label=\"4. On a scale of 1 to 10, to what extent do you think these factors have an impact on your awareness? (1 being &quot;no impact&quot; and 10 being a real &quot;awareness&quot;).\">4. On a scale of 1 to 10, to what extent do you think these factors have an impact on your awareness? (1 being \"no impact\" and 10 being a real \"awareness\").<\/label><\/div><div class='ff-el-input--content'><div class='ff_slider_wrapper'><input name=\"rangeslider_1\" class=\"ff-el-form-control\" value=\"0\" min=\"1\" max=\"10\" type=\"range\" data-name=\"rangeslider_1\" id=\"ff_12_rangeslider_1\" data-calc_value=\"0\"  aria-invalid='false' aria-required=\"false\"><div class='ff_range_value'>0<\/div><\/div><\/div><\/div><div class='ff-el-group'><div class=\"ff-el-input--label asterisk-right\"><label for='ff_12_description_2' id='label_ff_12_description_2' aria-label=\"5. Describe a situation in which you acted impulsively and unconsciously. What would you have done differently if you had been more self-aware?\">5. Describe a situation in which you acted impulsively and unconsciously. What would you have done differently if you had been more self-aware?<\/label><\/div><div class='ff-el-input--content'><textarea aria-required=\"false\" aria-labelledby=\"label_ff_12_description_2\" name=\"description_2\" id=\"ff_12_description_2\" class=\"ff-el-form-control\" rows=\"3\" cols=\"2\" data-name=\"description_2\" ><\/textarea><\/div><\/div><div class='ff-el-group'><div class=\"ff-el-input--label asterisk-right\"><label for='ff_12_rangeslider_2' id='label_ff_12_rangeslider_2' aria-label=\"6. On a scale of 1 to 10, how would you rate your level of awareness of the situation described above? (1 being &quot;almost no awareness&quot; and 10 being &quot;absolute awareness&quot;)\">6. On a scale of 1 to 10, how would you rate your level of awareness of the situation described above? (1 being \"almost no awareness\" and 10 being \"absolute awareness\")<\/label><\/div><div class='ff-el-input--content'><div class='ff_slider_wrapper'><input name=\"rangeslider_2\" class=\"ff-el-form-control\" value=\"0\" min=\"1\" max=\"10\" type=\"range\" data-name=\"rangeslider_2\" id=\"ff_12_rangeslider_2\" data-calc_value=\"0\"  aria-invalid='false' aria-required=\"false\"><div class='ff_range_value'>0<\/div><\/div><\/div><\/div><div class='ff-el-group'><div class=\"ff-el-input--label asterisk-right\"><label for='ff_12_description_3' id='label_ff_12_description_3' aria-label=\"7. How do you deal with your negative emotions?\">7. How do you deal with your negative emotions?<\/label><\/div><div class='ff-el-input--content'><textarea aria-required=\"false\" aria-labelledby=\"label_ff_12_description_3\" name=\"description_3\" id=\"ff_12_description_3\" class=\"ff-el-form-control\" rows=\"3\" cols=\"2\" data-name=\"description_3\" ><\/textarea><\/div><\/div><div class='ff-el-group'><div class=\"ff-el-input--label asterisk-right\"><label for='ff_12_rangeslider_5' id='label_ff_12_rangeslider_5' aria-label=\"8. On a scale of 1 to 10, how aware do you think you are of the emotions you experience? (1 being &quot;not very aware&quot; and 10 &quot;very aware&quot;).\">8. On a scale of 1 to 10, how aware do you think you are of the emotions you experience? (1 being \"not very aware\" and 10 \"very aware\").<\/label><\/div><div class='ff-el-input--content'><div class='ff_slider_wrapper'><input name=\"rangeslider_5\" class=\"ff-el-form-control\" value=\"0\" min=\"1\" max=\"10\" type=\"range\" data-name=\"rangeslider_5\" id=\"ff_12_rangeslider_5\" data-calc_value=\"0\"  aria-invalid='false' aria-required=\"false\"><div class='ff_range_value'>0<\/div><\/div><\/div><\/div><div class='ff-el-group'><div class=\"ff-el-input--label asterisk-right\"><label for='ff_12_description_4' id='label_ff_12_description_4' aria-label=\"6. How would you describe your communication style with others?\">6. How would you describe your communication style with others?<\/label><\/div><div class='ff-el-input--content'><textarea aria-required=\"false\" aria-labelledby=\"label_ff_12_description_4\" name=\"description_4\" id=\"ff_12_description_4\" class=\"ff-el-form-control\" rows=\"3\" cols=\"2\" data-name=\"description_4\" ><\/textarea><\/div><\/div><div class='ff-el-group'><div class=\"ff-el-input--label asterisk-right\"><label for='ff_12_rangeslider_6' id='label_ff_12_rangeslider_6' aria-label=\"1. On a scale of 1 to 10, how would you rate your communication with others (1 being &quot;difficult&quot; and 10 being &quot;excellent&quot;)?\">1. On a scale of 1 to 10, how would you rate your communication with others (1 being \"difficult\" and 10 being \"excellent\")?<\/label><\/div><div class='ff-el-input--content'><div class='ff_slider_wrapper'><input name=\"rangeslider_6\" class=\"ff-el-form-control\" value=\"0\" min=\"1\" max=\"10\" type=\"range\" data-name=\"rangeslider_6\" id=\"ff_12_rangeslider_6\" data-calc_value=\"0\"  aria-invalid='false' aria-required=\"false\"><div class='ff_range_value'>0<\/div><\/div><\/div><\/div><div class='ff-el-group'><div class=\"ff-el-input--label asterisk-right\"><label for='ff_12_rangeslider_8' id='label_ff_12_rangeslider_8' aria-label=\"9. On a scale of 1 to 10, how would you rate your level of stress or your reactions to a stressful situation? (1 being a &quot;very high&quot; level of stress and 10 being a &quot;relatively low&quot; level of stress).\">9. On a scale of 1 to 10, how would you rate your level of stress or your reactions to a stressful situation? (1 being a \"very high\" level of stress and 10 being a \"relatively low\" level of stress).<\/label><\/div><div class='ff-el-input--content'><div class='ff_slider_wrapper'><input name=\"rangeslider_8\" class=\"ff-el-form-control\" value=\"0\" min=\"1\" max=\"10\" type=\"range\" data-name=\"rangeslider_8\" id=\"ff_12_rangeslider_8\" data-calc_value=\"0\"  aria-invalid='false' aria-required=\"false\"><div class='ff_range_value'>0<\/div><\/div><\/div><\/div><div class='ff-el-group'><div class=\"ff-el-input--label asterisk-right\"><label for='ff_12_description_5' id='label_ff_12_description_5' aria-label=\"10. How do you step back and reassess in stressful situations?\">10. How do you step back and reassess in stressful situations?<\/label><\/div><div class='ff-el-input--content'><textarea aria-required=\"false\" aria-labelledby=\"label_ff_12_description_5\" name=\"description_5\" id=\"ff_12_description_5\" class=\"ff-el-form-control\" rows=\"3\" cols=\"2\" data-name=\"description_5\" ><\/textarea><\/div><\/div><div class='ff-el-group'><div class=\"ff-el-input--label asterisk-right\"><label for='ff_12_description_9' id='label_ff_12_description_9' aria-label=\"11. Can you describe a situation where self-awareness has had a positive impact on your relationships?\">11. Can you describe a situation where self-awareness has had a positive impact on your relationships?<\/label><\/div><div class='ff-el-input--content'><textarea aria-required=\"false\" aria-labelledby=\"label_ff_12_description_9\" name=\"description_9\" id=\"ff_12_description_9\" class=\"ff-el-form-control\" rows=\"3\" cols=\"2\" data-name=\"description_9\" ><\/textarea><\/div><\/div><div class='ff-el-group'><div class=\"ff-el-input--label asterisk-right\"><label for='ff_12_rangeslider_10' id='label_ff_12_rangeslider_10' aria-label=\"12. On a scale of 1 to 10, how would you rate your awareness of this positive impact on your relationships (1 being &quot;low&quot; and 10 being &quot;very high&quot;)?\">12. On a scale of 1 to 10, how would you rate your awareness of this positive impact on your relationships (1 being \"low\" and 10 being \"very high\")?<\/label><\/div><div class='ff-el-input--content'><div class='ff_slider_wrapper'><input name=\"rangeslider_10\" class=\"ff-el-form-control\" value=\"0\" min=\"1\" max=\"10\" type=\"range\" data-name=\"rangeslider_10\" id=\"ff_12_rangeslider_10\" data-calc_value=\"0\"  aria-invalid='false' aria-required=\"false\"><div class='ff_range_value'>0<\/div><\/div><\/div><\/div><div class='ff-el-group'><div class=\"ff-el-input--label asterisk-right\"><label for='ff_12_rangeslider_3' id='label_ff_12_rangeslider_3' aria-label=\"13. How often do you check your immediate reactions and moods? (1 being &quot;never&quot; and 10 being &quot;all the time&quot;)\">13. How often do you check your immediate reactions and moods? (1 being \"never\" and 10 being \"all the time\")<\/label><\/div><div class='ff-el-input--content'><div class='ff_slider_wrapper'><input name=\"rangeslider_3\" class=\"ff-el-form-control\" value=\"0\" min=\"1\" max=\"10\" type=\"range\" data-name=\"rangeslider_3\" id=\"ff_12_rangeslider_3\" data-calc_value=\"0\"  aria-invalid='false' aria-required=\"false\"><div class='ff_range_value'>0<\/div><\/div><\/div><\/div><div class='ff-el-group'><div class=\"ff-el-input--label asterisk-right\"><label for='ff_12_rangeslider_9' id='label_ff_12_rangeslider_9' aria-label=\"14. On a scale of 1 to 10, do you sometimes use tools to be more aware? (1 being &quot;never&quot; and 10 being &quot;very often&quot;)\">14. On a scale of 1 to 10, do you sometimes use tools to be more aware? (1 being \"never\" and 10 being \"very often\")<\/label><\/div><div class='ff-el-input--content'><div class='ff_slider_wrapper'><input name=\"rangeslider_9\" class=\"ff-el-form-control\" value=\"0\" min=\"1\" max=\"10\" type=\"range\" data-name=\"rangeslider_9\" id=\"ff_12_rangeslider_9\" data-calc_value=\"0\"  aria-invalid='false' aria-required=\"false\"><div class='ff_range_value'>0<\/div><\/div><\/div><\/div><div class='ff-el-group'><div class=\"ff-el-input--label asterisk-right\"><label for='ff_12_description_8' id='label_ff_12_description_8' aria-label=\"15. What techniques do you use to develop your self-awareness?\">15. What techniques do you use to develop your self-awareness?<\/label><\/div><div class='ff-el-input--content'><textarea aria-required=\"false\" aria-labelledby=\"label_ff_12_description_8\" name=\"description_8\" id=\"ff_12_description_8\" class=\"ff-el-form-control\" rows=\"3\" cols=\"2\" data-name=\"description_8\" ><\/textarea><\/div><\/div><div class='ff-el-group'><div class=\"ff-el-input--label asterisk-right\"><label for='ff_12_rangeslider_7' id='label_ff_12_rangeslider_7' aria-label=\"16. On a scale of 1 to 10, how would you rate your motivation and commitment to changing your reality? (1 being &quot;not motivated&quot; and 10 &quot;very motivated&quot;).\">16. On a scale of 1 to 10, how would you rate your motivation and commitment to changing your reality? (1 being \"not motivated\" and 10 \"very motivated\").<\/label><\/div><div class='ff-el-input--content'><div class='ff_slider_wrapper'><input name=\"rangeslider_7\" class=\"ff-el-form-control\" value=\"0\" min=\"1\" max=\"10\" type=\"range\" data-name=\"rangeslider_7\" id=\"ff_12_rangeslider_7\" data-calc_value=\"0\"  aria-invalid='false' aria-required=\"false\"><div class='ff_range_value'>0<\/div><\/div><\/div><\/div><div class='ff-el-group  ff-custom_html' tabindex='-1' data-name=\"custom_html-12_3\" ><p><strong>Please note that each person is unique. These questions are provided as an initial assessment to give you a rough idea of your level of awareness.<\/strong><\/p>\n<p><strong>The good news is that these questions can be refined according to your personal and current experience by choosing to take action to make it excellent.<\/strong><\/p>\n<p><b>Brightly,\u00a0<\/b><\/p>\n<p><b>Basma .B <\/b><\/p><\/div><div class='ff-el-group    ff-el-input--content'><div class='ff-el-form-check ff-el-tc'><label aria-label='Terms and Conditions: J&#039;ai lu et j&#039;accepte les Termes et Conditions et la Politique de Confidentialit\u00e9. Contains 2 links. Use tab navigation to review.' class='ff-el-form-check-label ff_tc_label' for=\"terms-n-condition_fc9e284e1417612b814939c0b22eb1f0\"><span class='ff_tc_checkbox'><input type=\"checkbox\" name=\"terms-n-condition\" class=\"ff-el-form-check-input\" data-name=\"terms-n-condition\" id=\"terms-n-condition_fc9e284e1417612b814939c0b22eb1f0\"  value='on' aria-invalid='false' aria-required=\"false\"><\/span> <div class='ff_t_c'><p>I have read and accept the <span style=\"color: #ab8d29\"><a style=\"color: #ab8d29\" href=\"#\" target=\"_blank\" rel=\"noopener\">Terms and conditions<\/a><\/span> and the <span style=\"color: #ab8d29\"><a style=\"color: #ab8d29\" href=\"#\" target=\"_blank\" rel=\"noopener\">Privacy policy.<\/a><\/span><\/p><\/div><\/label><\/div><\/div><div class='ff-el-group ff-text-left ff_submit_btn_wrapper'><button type=\"submit\" class=\"ff-btn ff-btn-submit ff-btn-lg ff_btn_style wpf_has_custom_css\"  aria-label=\"Validate my answers\">Validate my answers<\/button><\/div><\/fieldset><input type=\"hidden\" name=\"trp-form-language\" value=\"en\"\/><\/form><div id='fluentform_12_errors' class='ff-errors-in-stack ff_form_instance_12_1 ff-form-loading_errors ff_form_instance_12_1_errors'><\/div><\/div>            <script type=\"text\/javascript\">\n                window.fluent_form_ff_form_instance_12_1 = {\"id\":\"12\",\"settings\":{\"layout\":{\"labelPlacement\":\"top\",\"helpMessagePlacement\":\"with_label\",\"errorMessagePlacement\":\"inline\",\"cssClassName\":\"\",\"asteriskPlacement\":\"asterisk-right\"},\"restrictions\":{\"denyEmptySubmission\":{\"enabled\":false}}},\"form_instance\":\"ff_form_instance_12_1\",\"form_id_selector\":\"fluentform_12\",\"rules\":{\"names[first_name]\":{\"required\":{\"value\":false,\"message\":\"Ce champ est obligatoire\"}},\"names[middle_name]\":{\"required\":{\"value\":false,\"message\":\"Ce champ est obligatoire\"}},\"names[last_name]\":{\"required\":{\"value\":false,\"message\":\"Ce champ est obligatoire\"}},\"email\":{\"required\":{\"value\":false,\"message\":\"Ce champ est obligatoire\"},\"email\":{\"value\":true,\"message\":\"Ce champ doit contenir un e-mail valide\"}},\"rangeslider\":{\"required\":{\"value\":false,\"message\":\"Ce champ est requis\"}},\"description\":{\"required\":{\"value\":false,\"message\":\"Ce champ est obligatoire\"}},\"description_1\":{\"required\":{\"value\":false,\"message\":\"Ce champ est obligatoire\"}},\"rangeslider_1\":{\"required\":{\"value\":false,\"message\":\"Ce champ est requis\"}},\"description_2\":{\"required\":{\"value\":false,\"message\":\"Ce champ est obligatoire\"}},\"rangeslider_2\":{\"required\":{\"value\":false,\"message\":\"Ce champ est requis\"}},\"description_3\":{\"required\":{\"value\":false,\"message\":\"Ce champ est obligatoire\"}},\"rangeslider_5\":{\"required\":{\"value\":false,\"message\":\"Ce champ est requis\"}},\"description_4\":{\"required\":{\"value\":false,\"message\":\"Ce champ est obligatoire\"}},\"rangeslider_6\":{\"required\":{\"value\":false,\"message\":\"Ce champ est requis\"}},\"rangeslider_8\":{\"required\":{\"value\":false,\"message\":\"Ce champ est requis\"}},\"description_5\":{\"required\":{\"value\":false,\"message\":\"Ce champ est obligatoire\"}},\"description_9\":{\"required\":{\"value\":false,\"message\":\"Ce champ est obligatoire\"}},\"rangeslider_10\":{\"required\":{\"value\":false,\"message\":\"Ce champ est requis\"}},\"rangeslider_3\":{\"required\":{\"value\":false,\"message\":\"Ce champ est requis\"}},\"rangeslider_9\":{\"required\":{\"value\":false,\"message\":\"Ce champ est requis\"}},\"description_8\":{\"required\":{\"value\":false,\"message\":\"Ce champ est obligatoire\"}},\"rangeslider_7\":{\"required\":{\"value\":false,\"message\":\"Ce champ est requis\"}},\"terms-n-condition\":{\"required\":{\"value\":false,\"message\":\"Ce champ est obligatoire\"}}},\"debounce_time\":300};\n                            <\/script>\n            \n<p style=\"text-align: center;\"><em>The intellectual property of this questionnaire as well as any reproduction or copying of it is strictly forbidden and liable to legal sanctions.<\/em><\/p>","protected":false},"excerpt":{"rendered":"<p>Questionnaire The intellectual property of this questionnaire as well as any reproduction or copying of it is strictly forbidden and liable to legal sanctions.<\/p>","protected":false},"author":145,"featured_media":0,"parent":0,"menu_order":0,"comment_status":"closed","ping_status":"closed","template":"","meta":{"footnotes":""},"wf_page_folders":[],"class_list":["post-9539","page","type-page","status-publish","hentry","post-wrapper","thrv_wrapper"],"_links":{"self":[{"href":"https:\/\/3bconnected.com\/en\/wp-json\/wp\/v2\/pages\/9539","targetHints":{"allow":["GET"]}}],"collection":[{"href":"https:\/\/3bconnected.com\/en\/wp-json\/wp\/v2\/pages"}],"about":[{"href":"https:\/\/3bconnected.com\/en\/wp-json\/wp\/v2\/types\/page"}],"author":[{"embeddable":true,"href":"https:\/\/3bconnected.com\/en\/wp-json\/wp\/v2\/users\/145"}],"replies":[{"embeddable":true,"href":"https:\/\/3bconnected.com\/en\/wp-json\/wp\/v2\/comments?post=9539"}],"version-history":[{"count":4,"href":"https:\/\/3bconnected.com\/en\/wp-json\/wp\/v2\/pages\/9539\/revisions"}],"predecessor-version":[{"id":9565,"href":"https:\/\/3bconnected.com\/en\/wp-json\/wp\/v2\/pages\/9539\/revisions\/9565"}],"wp:attachment":[{"href":"https:\/\/3bconnected.com\/en\/wp-json\/wp\/v2\/media?parent=9539"}],"wp:term":[{"taxonomy":"wf_page_folders","embeddable":true,"href":"https:\/\/3bconnected.com\/en\/wp-json\/wp\/v2\/wf_page_folders?post=9539"}],"curies":[{"name":"wp","href":"https:\/\/api.w.org\/{rel}","templated":true}]}}