{"id":9008,"date":"2022-11-20T01:48:57","date_gmt":"2022-11-20T00:48:57","guid":{"rendered":"https:\/\/3bconnectedcom.eu2.copilhost.cloud\/?page_id=9008"},"modified":"2024-09-04T23:19:09","modified_gmt":"2024-09-04T21:19:09","slug":"energizing-care","status":"publish","type":"page","link":"https:\/\/3bconnected.com\/en\/energizing-care\/","title":{"rendered":"Energy Care"},"content":{"rendered":"<h1 style=\"text-align: center;\"><span style=\"\">Energy treatment<\/span><\/h1>\n<\/p>\n<p><strong>Energy and what does an energy treatment involve? <\/strong><\/p>\n<h2 style=\"text-align: center;\">What is energy?&nbsp;<\/h2>\n<h3 style=\"\"><strong>The term \"energy\" covers many different realities.<\/strong><\/h3>\n<p style=\"text-align: justify;\">The human body needs energy to keep its organs working, to maintain a sufficient temperature, to enable it to exert itself and to transform food into a form that the organs can use.&nbsp;<\/p>\n<p style=\"text-align: justify;\">The human body is a chemical factory that transforms and consumes energy.&nbsp;<\/p>\n<p style=\"text-align: justify;\">The energy contained in food is pre-digested by saliva and then sent to the stomach where it is broken down by digestion into its various components.&nbsp;<\/p>\n<p style=\"text-align: justify;\">Dans l\u2019intestin, l\u2019\u00e9nergie (provenant du sucre essentiellement et id\u00e9alement naturel et vivant des fruits), est r\u00e9cup\u00e9r\u00e9e et envoy\u00e9e dans le sang. Les mati\u00e8res non utilis\u00e9es sont \u00e9vacu\u00e9es. Le coeur, la pompe du circuit, envoie le sang gorg\u00e9 d\u2019oxyg\u00e8ne et d\u2019\u00e9nergie dans les diff\u00e9rentes parties du corps pour alimenter les muscles&#8230;.&nbsp;<\/p>\n<p style=\"text-align: justify;\">Puis il y a aussi l&#8217;\u00e9nergie qui nous entoure, notre corps \u00e9nerg\u00e9tique reli\u00e9 \u00e0 nos centres \u00e9nerg\u00e9tiques (chakra) et qui est invisible pour la majorit\u00e9.<\/p>\n<h3><span>How do we unbalance our energy body? <\/span><\/h3>\n<p dir=\"ltr\" style=\"\">The first thing you need to know is that it is through our energy bodies that we maintain the balance of our physical body.&nbsp;<\/p>\n<p dir=\"ltr\" style=\"\"><strong>Every time you experience difficult events, your energy is affected.<\/strong>&nbsp;<\/p>\n<p dir=\"ltr\" style=\"\">Any experience, trauma... or verbal, physical, emotional, psychic or visual shock, creates like dark spots that will prevent the energetic transmission between external and internal information.&nbsp;<\/p>\n<p dir=\"ltr\" style=\"\">Subsequently, this will lead to an imbalance in your energy structure in its various areas. Energy slows down and can become blocked and crystallised as a result of repetitive thoughts.&nbsp;<\/p>\n<p dir=\"ltr\" style=\"\">This will then lead to an imbalance in the physical body, disrupting the proper coordination and functioning of the organs as well as its consciousness. And hello 'mal-\u00e0-dit'!<\/p>\n<h3><span>Who can carry out energy treatments? &nbsp;<\/span><\/h3>\n<p dir=\"ltr\" style=\"\"><strong>We can say everyone.<\/strong>&nbsp;<\/p>\n<p dir=\"ltr\" style=\"\">Apart from traumas, emotional wounds and so on, we can also diminish and block energy ourselves when we don't respect ourselves.<\/p>\n<p dir=\"ltr\" style=\"\"><strong>Examples: &nbsp;<\/strong><\/p>\n<ul>\n<li dir=\"ltr\" style=\"\">say yes instead of no,&nbsp;<\/li>\n<li dir=\"ltr\" style=\"\">lie to ourselves or to others,&nbsp;<\/li>\n<li dir=\"ltr\" style=\"\">not to develop your conscience,&nbsp;<\/li>\n<li dir=\"ltr\" style=\"\">an unbalanced diet,&nbsp;<\/li>\n<li dir=\"ltr\" style=\"\">hold limiting beliefs...<\/li>\n<\/ul>\n<p style=\"\">\n<p dir=\"ltr\" style=\"\">An energetic cleansing or rebalancing session helps you to rediscover harmony, joie de vivre, lightness, health and clarity of mind, and to top it all off, you'll have amazing new energy.&nbsp;<\/p>\n<h2 dir=\"ltr\" style=\"\">How long does a session last?&nbsp;<\/h2>\n<p dir=\"ltr\" style=\"text-align: justify;\"><strong>It takes between 45 minutes and 1? hours on average.<\/strong>&nbsp;<span style=\"--tcb-applied-color: rgb(228, 180, 65)  !important; color: rgb(228, 180, 65);\"><\/span><\/p>\n<p dir=\"ltr\" style=\"text-align: justify;\"><span style=\"--tcb-applied-color: rgb(228, 180, 65)  !important; color: rgb(228, 180, 65);\">WE ARE IN REALITY BEINGS OF VIBRATING ENERGY<\/span>We are intimately connected to everything else in the universe, via the Universal Energy Field, which knows no limits and sees no limits.<\/p>\n<p dir=\"ltr\" style=\"text-align: justify;\">The Universe is a great field of universal energy. We are a vital part of it - sharing the same energy - \"Universal Energy\".&nbsp;<\/p>\n<p dir=\"ltr\" style=\"text-align: justify;\">Modern physics has proved that matter as we know it does not exist, that it is in fact, as Einstein said, nothing more than a condensed form of energy, and that this energy, in perpetual vibration, is nothing more than condensed light.<\/p>\n<p dir=\"ltr\" style=\"text-align: justify;\">We live in a world made up of vibrations, not matter in the rational sense of the term. We ourselves are a collection of vibrations.<\/p>\n<p dir=\"ltr\" style=\"text-align: justify;\">It is the slowness of its vibrations that makes our body visible. So biological phenomena are not limited to chemical exchanges; they are part of a constantly evolving vibratory homeostasis. When our vibratory rate decreases, our body runs the risk of entering into resonance with microbes or viruses that would remain harmless if our vibrations remained higher.<\/p>\n<p>__CONFIG_group_edit__{&#8220;k7w4c47u&#8221;:{&#8220;name&#8221;:&#8221;Price&#8221;,&#8221;singular&#8221;:&#8221;&#8211; Text %s&#8221;},&#8221;k7w4c93a&#8221;:{&#8220;name&#8221;:&#8221;Price Item&#8221;,&#8221;singular&#8221;:&#8221;&#8211; Text %s&#8221;},&#8221;k7w4ci5r&#8221;:{&#8220;name&#8221;:&#8221;Description text&#8221;,&#8221;singular&#8221;:&#8221;&#8211; Text %s&#8221;},&#8221;k7w4ctao&#8221;:{&#8220;name&#8221;:&#8221;Plan Title&#8221;,&#8221;singular&#8221;:&#8221;&#8211; Text %s&#8221;}}__CONFIG_group_edit____CONFIG_local_colors__{&#8220;colors&#8221;:{&#8220;4f7fc&#8221;:&#8221;Link Water&#8221;,&#8221;df423&#8243;:&#8221;Royal Blue&#8221;,&#8221;3aea3&#8243;:&#8221;Nevada&#8221;,&#8221;7bf5b&#8221;:&#8221;Abbey&#8221;,&#8221;9f96a&#8221;:&#8221;Bunker&#8221;,&#8221;cb592&#8243;:&#8221;Mercury&#8221;,&#8221;ed689&#8243;:&#8221;Royal Blue&#8221;},&#8221;gradients&#8221;:{}}__CONFIG_local_colors__  <\/p>\n<h2 style=\"text-align: center;\">On the road to real change<\/h2>\n<p style=\"\">A session lasts between 1h and 1h30.<\/p>\n<p style=\"\">At the first meeting, we take the time to clarify your precise objective, the route you want to take to achieve the desired change.<\/p>\n<p style=\"\">The number of sessions is variable and cannot be defined in advance.<\/p>\n<h2 style=\"text-align: center;\">Your face-to-face session<\/h2>\n<p><span><img decoding=\"async\" alt=\"\" data-id=\"8154\" width=\"424\" data-init-width=\"250\" height=\"424\" data-init-height=\"250\" title=\"Bconnected (4)\" loading=\"lazy\" src=\"http:\/\/3bconnected.com\/wp-content\/uploads\/2022\/06\/Bconnected-4.png\" data-width=\"424\" data-height=\"424\" style=\"\"><\/span><\/p>\n<h2 style=\"text-align: center;\">Your video session<\/h2>\n<p style=\"\"><span style=\"font-size: 18px;\">It is particularly suitable for people who are unable to visit my surgery.<\/span><\/p>\n<p style=\"\"><span style=\"font-size: 18px;\">Make sure you have a good internet connection, that you are comfortably seated and that you are isolated so as not to be disturbed.<\/span><\/p>\n<p style=\"\"><span style=\"font-size: 18px;\">When you make your appointment, I will send you the connection link.<\/span><\/p>\n<p>  [tcb-script src=\"https:\/\/asset-tidycal.b-cdn.net\/\/js\/embed.js\"][\/tcb-script]   <\/p>\n<p style=\"\">\u00a9 2019-2022, <span style=\"\"><a data-cke-saved-href=\"http:\/\/www.devenirinfopreneur.com\/conditions-generales-de-vente\" href=\"http:\/\/www.devenirinfopreneur.com\/conditions-generales-de-vente\" target=\"_blank\" style=\"outline: none;\" rel=\"noopener\"><span style=\"\"><span data-attr-id=\"1\" data-extra_key=\"1\" data-option-inline=\"1\" data-shortcode=\"thrive_global_fields\" data-shortcode-name=\"[Company] Name\" style=\"\">3bconnected<\/span><\/span><\/a>&nbsp;&nbsp;<span style=\"\">| <\/span><\/span><a href=\"http:\/\/3bconnected.com\/en\/contact\/\" target=\"_blank\" rel=\"nofollow noopener\" style=\"outline: none;\"><span style=\"\"><span style=\"\">Contact<\/span><\/span><\/a><span style=\"\"><span style=\"\">&nbsp;| <\/span><\/span><a href=\"http:\/\/3bconnected.com\/en\/privacy-policy-2\/\" target=\"_blank\" rel=\"nofollow noopener\" style=\"outline: none;\"><span style=\"\"><span style=\"\">Privacy Policy<\/span><\/span><\/a><span style=\"\"><span style=\"\">&nbsp;| <\/span><\/span><a href=\"http:\/\/3bconnected.com\/en\/endorsements\/\" target=\"_blank\" rel=\"nofollow noopener\" style=\"outline: none;\"><span style=\"\"><span style=\"\">legal notices<\/span><\/span><\/a><\/p>\n<p style=\"font-size: 16px !important;\">With all my love. Basma<\/p>","protected":false},"excerpt":{"rendered":"<p>Soin \u00e9nerg\u00e9tique L\u2019\u00e9nergie et en quoi consiste un soin \u00e9nerg\u00e9tique ? C\u2019est quoi l\u2019\u00e9nergie ?&nbsp; Le terme \u00ab \u00e9nergie \u00bb recouvre des r\u00e9alit\u00e9s nombreuses et diverses. Le corps humain a besoin d\u2019\u00e9nergie pour maintenir les organes en fonctionnement, assurer une temp\u00e9rature suffisante, permettre d\u2019accomplir des efforts et transformer les aliments en une forme que les [&hellip;]<\/p>","protected":false},"author":1,"featured_media":5283,"parent":0,"menu_order":0,"comment_status":"closed","ping_status":"closed","template":"","meta":{"footnotes":""},"wf_page_folders":[],"class_list":["post-9008","page","type-page","status-publish","has-post-thumbnail","hentry","post-wrapper","thrv_wrapper"],"_links":{"self":[{"href":"https:\/\/3bconnected.com\/en\/wp-json\/wp\/v2\/pages\/9008","targetHints":{"allow":["GET"]}}],"collection":[{"href":"https:\/\/3bconnected.com\/en\/wp-json\/wp\/v2\/pages"}],"about":[{"href":"https:\/\/3bconnected.com\/en\/wp-json\/wp\/v2\/types\/page"}],"author":[{"embeddable":true,"href":"https:\/\/3bconnected.com\/en\/wp-json\/wp\/v2\/users\/1"}],"replies":[{"embeddable":true,"href":"https:\/\/3bconnected.com\/en\/wp-json\/wp\/v2\/comments?post=9008"}],"version-history":[{"count":3,"href":"https:\/\/3bconnected.com\/en\/wp-json\/wp\/v2\/pages\/9008\/revisions"}],"predecessor-version":[{"id":11292,"href":"https:\/\/3bconnected.com\/en\/wp-json\/wp\/v2\/pages\/9008\/revisions\/11292"}],"wp:featuredmedia":[{"embeddable":true,"href":"https:\/\/3bconnected.com\/en\/wp-json\/wp\/v2\/media\/5283"}],"wp:attachment":[{"href":"https:\/\/3bconnected.com\/en\/wp-json\/wp\/v2\/media?parent=9008"}],"wp:term":[{"taxonomy":"wf_page_folders","embeddable":true,"href":"https:\/\/3bconnected.com\/en\/wp-json\/wp\/v2\/wf_page_folders?post=9008"}],"curies":[{"name":"wp","href":"https:\/\/api.w.org\/{rel}","templated":true}]}}