{"id":8953,"date":"2022-11-18T05:04:55","date_gmt":"2022-11-18T04:04:55","guid":{"rendered":"https:\/\/3bconnectedcom.eu2.copilhost.cloud\/?page_id=8953"},"modified":"2023-05-23T11:02:49","modified_gmt":"2023-05-23T09:02:49","slug":"coaching-2","status":"publish","type":"page","link":"https:\/\/3bconnected.com\/en\/coaching-2\/","title":{"rendered":"Coaching"},"content":{"rendered":"<h1 style=\"text-align: center;\"><span style=\"\">Coaching<\/span><\/h1>\n<p style=\"text-align: center;\">Coaching is a process of reorganisation and clarification that is necessary to launch a project, a relationship...<\/p>\n<p style=\"text-align: center;\"><strong>or simply your life.<\/strong><\/p>\n<p style=\"text-align: center;\">STAY CONNECTED<\/p>\n<p><a href=\"https:\/\/www.facebook.com\/3BLOVECONNECTED\" target=\"_blank\" rel=\"noopener\"><\/a><a href=\"https:\/\/www.instagram.com\/basma.baouab\/\" target=\"_blank\" rel=\"nofollow noopener\"><\/a><a href=\"https:\/\/www.youtube.com\/channel\/UCx1VvXsFiFmV1m048ve9iyw\" target=\"_blank\" rel=\"noopener\"><\/a><\/p>\n<h2 style=\"text-align: center;\">Notre Coaching c&#8217;est quoi?<\/h2>\n<p style=\"text-align: center;\">It's a <span style=\"\">rapid support method<\/span> to improve the skills and performance of an individual or a group by acquiring new knowledge and raising awareness.<\/p>\n<p style=\"text-align: center;\">A coaching session can help you find solutions where you only see obstacles and problems. In this way, you learn to find your own solutions and realise your potential.<\/p>\n<h2 style=\"text-align: center;\">Notre Coaching c&#8217;est quoi?<\/h2>\n<p style=\"text-align: left;\">It's a <span style=\"\">rapid support method<\/span> to improve the skills and performance of an individual or a group by acquiring new knowledge and raising awareness.<\/p>\n<p style=\"text-align: left;\">A coaching session can help you find solutions where you only see obstacles and problems. In this way, you learn to find your own solutions and realise your potential.<\/p>\n<h3 style=\"color: rgb(224, 178, 65) !important; --tcb-applied-color:rgb(224, 178, 65)  !important;\"><span>How does this work in practice?&nbsp;<\/span><\/h3>\n<p style=\"text-align: left;\">At the start, <strong><span>we agree on a first appointment 30 min offered<\/span><\/strong>This is where we introduce ourselves so that I can project myself into your environment. And, of course, a relationship of trust is established between us. This is the cornerstone of any relationship. This is essential before going any further.<\/p>\n<p style=\"text-align: left;\"><span>Coaching time is time for you. It's about your life. <\/span><\/p>\n<h3 style=\"\"><span style=\"\">When should you consult a coach?<\/span><\/h3>\n<p style=\"text-align: left;\">Il n\u2019est pas n\u00e9cessaire d&#8217;aller mal pour consulter un coach. Il suffit d\u2019\u00eatre bloqu\u00e9(e), insatisfait(e), stress\u00e9(e), juste comprendre un ph\u00e9nom\u00e8ne ou un aspect de votre vie ou tout simplement vous voulez plus de clart\u00e9 et d\u2019ordre dans vos id\u00e9es pour mieux visualiser vos projets et objectifs..<\/p>\n<p style=\"text-align: left;\">If you don't, you'll find yourself procrastinating, discouraged or even giving up on your goals, and then it's more likely that anxiety and frustration will set in.<\/p>\n<h3><span>How does the session work? <\/span><\/h3>\n<p style=\"text-align: left;\">Through discussion, I'll be able to understand your limitations and emotional blocks. I will then analyse the situations you have experienced between sessions and draw up an action plan to help you achieve your goals.&nbsp;<\/p>\n<p style=\"text-align: left;\">I can use tools such as NLP, hypnosis, energetics, neuro-suggestion, eft... to help you get to know yourself better and free yourself from the obstacles that are blocking your path. So you can move towards your destination with confidence and full of joy.<\/p>\n<p style=\"text-align: left;\">Also thanks to my passion for the civilisations of the past, I started to be interested in all sorts of fields: religions, the<strong>human being<\/strong> and its intelligence. Studying and being interested in modern science, quantum physics, and the relationship we have between the<strong> body, mind, and energy<\/strong>.<\/p>\n<p style=\"text-align: left;\">It also requires your dedication and commitment to ensure that the results are rapid, but above all effective and long-lasting.<strong>.<\/strong><\/p>\n<p style=\"text-align: left;\"><strong>My attentive listening is not judgmental. It's important that you feel free and confident to share what's bothering you in order to achieve your goal. <\/strong><\/p>\n<h3 style=\"text-align: center;\"><span>Where?&nbsp;<\/span><\/h3>\n<p dir=\"ltr\" style=\"\">Sessions can be face-to-face if this suits you in terms of location, or online if required.&nbsp;<\/p>\n<p dir=\"ltr\" style=\"\"><strong>PS :<\/strong>&nbsp;This in no way diminishes the quality of the support or the results.&nbsp;<\/p>\n<p dir=\"ltr\" style=\"\">All you need is a comfortable, undisturbed spot and a good wifi connection.<\/p>\n<h3 style=\"text-align: center;\"><span>How long does a session last?<\/span><\/h3>\n<p dir=\"ltr\">Depending on the objective to be achieved, several sessions of <strong>1h to 1h30<\/strong> each.&nbsp;<\/p>\n<p>__CONFIG_group_edit__{&#8220;k7w4c47u&#8221;:{&#8220;name&#8221;:&#8221;Price&#8221;,&#8221;singular&#8221;:&#8221;&#8211; Text %s&#8221;},&#8221;k7w4c93a&#8221;:{&#8220;name&#8221;:&#8221;Price Item&#8221;,&#8221;singular&#8221;:&#8221;&#8211; Text %s&#8221;},&#8221;k7w4ci5r&#8221;:{&#8220;name&#8221;:&#8221;Description text&#8221;,&#8221;singular&#8221;:&#8221;&#8211; Text %s&#8221;},&#8221;k7w4ctao&#8221;:{&#8220;name&#8221;:&#8221;Plan Title&#8221;,&#8221;singular&#8221;:&#8221;&#8211; Text %s&#8221;}}__CONFIG_group_edit____CONFIG_local_colors__{&#8220;colors&#8221;:{&#8220;4f7fc&#8221;:&#8221;Link Water&#8221;,&#8221;df423&#8243;:&#8221;Royal Blue&#8221;,&#8221;3aea3&#8243;:&#8221;Nevada&#8221;,&#8221;7bf5b&#8221;:&#8221;Abbey&#8221;,&#8221;9f96a&#8221;:&#8221;Bunker&#8221;,&#8221;cb592&#8243;:&#8221;Mercury&#8221;,&#8221;ed689&#8243;:&#8221;Royal Blue&#8221;},&#8221;gradients&#8221;:{}}__CONFIG_local_colors__  <\/p>\n<h2 style=\"text-align: center;\">On the road to real change<\/h2>\n<p style=\"\">A session lasts between 1h and 1h30.<\/p>\n<p style=\"\">At the first meeting, we take the time to clarify your precise objective, the route you want to take to achieve the desired change.<\/p>\n<p style=\"\">The number of sessions is variable and cannot be defined in advance.<\/p>\n<h2 style=\"text-align: center;\">Your face-to-face session<\/h2>\n<p><span><img decoding=\"async\" alt=\"\" data-id=\"8154\" width=\"424\" data-init-width=\"250\" height=\"424\" data-init-height=\"250\" title=\"Bconnected (4)\" loading=\"lazy\" src=\"http:\/\/3bconnected.com\/wp-content\/uploads\/2022\/06\/Bconnected-4.png\" data-width=\"424\" data-height=\"424\" style=\"\"><\/span><\/p>\n<h2 style=\"text-align: center;\">Your video session<\/h2>\n<p style=\"\"><span style=\"font-size: 18px;\">It is particularly suitable for people who are unable to visit my surgery.<\/span><\/p>\n<p style=\"\"><span style=\"font-size: 18px;\">Make sure you have a good internet connection, that you are comfortably seated and that you are isolated so as not to be disturbed.<\/span><\/p>\n<p style=\"\"><span style=\"font-size: 18px;\">When you make your appointment, I will send you the connection link.<\/span><\/p>\n<p>  [tcb-script src=\"https:\/\/asset-tidycal.b-cdn.net\/\/js\/embed.js\"][\/tcb-script]   <\/p>","protected":false},"excerpt":{"rendered":"<p>Coaching Le coaching est une r\u00e9organisation et une clarification n\u00e9cessaire pour entamer un projet, une relation\u2026 ou tout simplement votre vie. RESTEZ CONNECTER Notre Coaching c&#8217;est quoi? C\u2019est une m\u00e9thode d\u2019accompagnement rapide et personnalis\u00e9e pour am\u00e9liorer les comp\u00e9tences et la performance d\u2019une personne, un groupe.. gr\u00e2ce \u00e0 l\u2019acquisition de nouvelles connaissances et l\u2019\u00e9veil de la [&hellip;]<\/p>","protected":false},"author":1,"featured_media":5283,"parent":0,"menu_order":0,"comment_status":"closed","ping_status":"closed","template":"","meta":{"footnotes":""},"wf_page_folders":[],"class_list":["post-8953","page","type-page","status-publish","has-post-thumbnail","hentry","post-wrapper","thrv_wrapper"],"_links":{"self":[{"href":"https:\/\/3bconnected.com\/en\/wp-json\/wp\/v2\/pages\/8953","targetHints":{"allow":["GET"]}}],"collection":[{"href":"https:\/\/3bconnected.com\/en\/wp-json\/wp\/v2\/pages"}],"about":[{"href":"https:\/\/3bconnected.com\/en\/wp-json\/wp\/v2\/types\/page"}],"author":[{"embeddable":true,"href":"https:\/\/3bconnected.com\/en\/wp-json\/wp\/v2\/users\/1"}],"replies":[{"embeddable":true,"href":"https:\/\/3bconnected.com\/en\/wp-json\/wp\/v2\/comments?post=8953"}],"version-history":[{"count":2,"href":"https:\/\/3bconnected.com\/en\/wp-json\/wp\/v2\/pages\/8953\/revisions"}],"predecessor-version":[{"id":9386,"href":"https:\/\/3bconnected.com\/en\/wp-json\/wp\/v2\/pages\/8953\/revisions\/9386"}],"wp:featuredmedia":[{"embeddable":true,"href":"https:\/\/3bconnected.com\/en\/wp-json\/wp\/v2\/media\/5283"}],"wp:attachment":[{"href":"https:\/\/3bconnected.com\/en\/wp-json\/wp\/v2\/media?parent=8953"}],"wp:term":[{"taxonomy":"wf_page_folders","embeddable":true,"href":"https:\/\/3bconnected.com\/en\/wp-json\/wp\/v2\/wf_page_folders?post=8953"}],"curies":[{"name":"wp","href":"https:\/\/api.w.org\/{rel}","templated":true}]}}