{"id":8909,"date":"2022-11-17T01:50:33","date_gmt":"2022-11-17T00:50:33","guid":{"rendered":"https:\/\/3bconnectedcom.eu2.copilhost.cloud\/?page_id=8909"},"modified":"2024-09-05T00:40:55","modified_gmt":"2024-09-04T22:40:55","slug":"your-transformation","status":"publish","type":"page","link":"https:\/\/3bconnected.com\/en\/your-transformation\/","title":{"rendered":"<strong>Your transformation<\/strong>"},"content":{"rendered":"<h2 style=\"text-align: center;\">Le processus de votre Transformation<\/h2>\n<p style=\"text-align: left;\"><em>&#8220;Tout \u00eatre vivant passe par ce syst\u00e8me de transformation, tout comme le papillon et sa chrysalide&#8221;<\/em>&nbsp;<\/p>\n<p style=\"text-align: left;\">I have created a support programme that brings together all the stages through which the human being or soul passes, journeying to reach its transformation and evolution.<\/p>\n<p style=\"text-align: left;\">De quoi s&#8217;agit-il ? Ce programme s&#8217;appelle :<\/p>\n<p dir=\"ltr\" style=\"text-align: center;\"><strong>D\u00e9programmation &#8211; chemin vers soi.<\/strong><\/p>\n<p style=\"\"><strong> <\/strong><\/p>\n<p dir=\"ltr\" style=\"\"><strong>This programme is the fruit, the juice of all the stages I have gone through<\/strong> and that I discovered by searching for my own truth, through a multitude of physical, psychological, emotional and personal experiences.<\/p>\n<p style=\"\"><strong> <\/strong><\/p>\n<p style=\"\">Today we are living in unprecedented times, when one crisis follows another (pandemic, global warming, war, inflation, economic crisis, etc.) affecting us all to varying degrees.<\/p>\n<p style=\"\"><strong>Silence in the face of this situation is no longer welcome<\/strong>. Since this affects our thoughts, our state of mind and our mental health, it ends up rubbing off and expressing itself on our physical, emotional and psychological health.<\/p>\n<p dir=\"ltr\" style=\"\">I have therefore devoted the last few years to studying and understanding the phenomenon through which we pass and comparing it with other natural or metaphysical phenomena.&nbsp;<\/p>\n<p dir=\"ltr\" style=\"\">The current situation is really testing our ability to adapt and generating its share of stress.&nbsp;<\/p>\n<p dir=\"ltr\" style=\"\"><strong>To provide you with the best tools and understanding of the process through which living organisms pass in order to :<\/strong><\/p>\n<ul>\n<li \"=\"\" dir=\" ltr\" style=\"\"passer de l\u2019ombre \u00e0 la lumi\u00e8re;&nbsp;lili>from ignorance to awareness;<\/li>","protected":false},"excerpt":{"rendered":"<p>Le processus de votre Transformation &#8220;Tout \u00eatre vivant passe par ce syst\u00e8me de transformation, tout comme le papillon et sa chrysalide&#8221;&nbsp; J\u2019ai cr\u00e9\u00e9 un programme d\u2019accompagnement qui regroupe toutes les \u00e9tapes par lequel l\u2019homme ou l\u2019\u00e2me passe, chemine pour acc\u00e9der \u00e0 sa transformation et son \u00e9volution. De quoi s&#8217;agit-il ? Ce programme s&#8217;appelle : D\u00e9programmation [&hellip;]<\/p>","protected":false},"author":1,"featured_media":0,"parent":0,"menu_order":0,"comment_status":"closed","ping_status":"closed","template":"","meta":{"footnotes":""},"wf_page_folders":[],"class_list":["post-8909","page","type-page","status-publish","hentry","post-wrapper","thrv_wrapper"],"_links":{"self":[{"href":"https:\/\/3bconnected.com\/en\/wp-json\/wp\/v2\/pages\/8909","targetHints":{"allow":["GET"]}}],"collection":[{"href":"https:\/\/3bconnected.com\/en\/wp-json\/wp\/v2\/pages"}],"about":[{"href":"https:\/\/3bconnected.com\/en\/wp-json\/wp\/v2\/types\/page"}],"author":[{"embeddable":true,"href":"https:\/\/3bconnected.com\/en\/wp-json\/wp\/v2\/users\/1"}],"replies":[{"embeddable":true,"href":"https:\/\/3bconnected.com\/en\/wp-json\/wp\/v2\/comments?post=8909"}],"version-history":[{"count":1,"href":"https:\/\/3bconnected.com\/en\/wp-json\/wp\/v2\/pages\/8909\/revisions"}],"predecessor-version":[{"id":11302,"href":"https:\/\/3bconnected.com\/en\/wp-json\/wp\/v2\/pages\/8909\/revisions\/11302"}],"wp:attachment":[{"href":"https:\/\/3bconnected.com\/en\/wp-json\/wp\/v2\/media?parent=8909"}],"wp:term":[{"taxonomy":"wf_page_folders","embeddable":true,"href":"https:\/\/3bconnected.com\/en\/wp-json\/wp\/v2\/wf_page_folders?post=8909"}],"curies":[{"name":"wp","href":"https:\/\/api.w.org\/{rel}","templated":true}]}}