{"id":8904,"date":"2022-11-13T04:31:24","date_gmt":"2022-11-13T03:31:24","guid":{"rendered":"https:\/\/3bconnectedcom.eu2.copilhost.cloud\/?page_id=8904"},"modified":"2024-03-25T17:19:04","modified_gmt":"2024-03-25T16:19:04","slug":"history-2","status":"publish","type":"page","link":"https:\/\/3bconnected.com\/en\/history-2\/","title":{"rendered":"Qui suis je?"},"content":{"rendered":"<p style=\"text-align: center;\">CEO et \u200bCr\u00e9atrice de<em> 3bconnected<\/em><\/p>\n<h1 style=\"text-align: center;\"><span>Qui Suis-je?<\/span><\/h1>\n<ul>\n<li dir=\"ltr\" style=\"\">Vous \u00eates-vous d\u00e9j\u00e0 demand\u00e9 ce que serait votre vie si vous aviez moins de soucis et moins de peurs ?<\/li>\n<li dir=\"ltr\" style=\"\">Avez-vous des probl\u00e8mes relationnels ou d\u2019autres types de probl\u00e8mes dans votre vie ? Des mauvaises habitudes ? Des pens\u00e9es limitantes ?&nbsp;<\/li>\n<li dir=\"ltr\" style=\"\">Voulez-vous avoir plus confiance en vous ?&nbsp;<\/li>\n<\/ul>\n<p><span>Hello,<\/span><\/p>\n<h3><span>Je suis Basma.<\/span><\/h3>\n<p style=\"\"><strong><span>Ma\u00eetre praticienne en Hypnose, coach de vie,<\/span> <\/strong><span><strong>\u00e9nerg\u00e9ticienne et sp\u00e9cialis\u00e9e dans l&#8217;accompagnement positif<\/strong>, la re-programmation mentale, \u00e9ducatrice de sant\u00e9 vivante form\u00e9e par IREN Grosgean&nbsp;<\/span><\/p>\n<p style=\"\"><strong><span>J\u2019ai toujours \u00e9t\u00e9 passionn\u00e9e par la compr\u00e9hension de l\u2019\u00eatre humain et de l\u2019univers.<\/span><\/strong><span>J\u2019ai baign\u00e9 dans la spiritualit\u00e9 et la science depuis mon plus jeune \u00e2ge et je n\u2019ai jamais cess\u00e9, depuis lors, de d\u00e9velopper ma conscience, mon intuition, ma soif d\u2019apprendre et ma connexion avec la vie.<\/span><\/p>\n<p dir=\"ltr\" style=\"\"><span style=\"font-family: Montserrat; font-weight: 400;\">Je suis \u00e9merveill\u00e9e par l\u2019extraordinaire \u00e9volution professionnelle et personnelle que j\u2019ai acquise <strong><span style=\"--tcb-applied-color: rgb(224, 178, 65)  !important; color: rgb(224, 178, 65);\">gr\u00e2ce au d\u00e9veloppement personnel et \u00e0 l\u2019hypnose.<\/span><\/strong><\/span><\/p>\n<p dir=\"ltr\" style=\"\"><span style=\"font-family: Montserrat; font-weight: 400;\"><strong><span style=\"--tcb-applied-color: rgb(224, 178, 65)  !important; color: rgb(224, 178, 65);\">Ainsi que l&#8217;enseignement de Iren Grosgean<\/span><\/strong> pour avoir une vie en pleine sant\u00e9, par la rapidit\u00e9 avec laquelle les changements et la r\u00e9ussite se sont manifest\u00e9s dans ma vie.&nbsp;<\/span><\/p>\n<p><span><img decoding=\"async\" alt=\"\" data-id=\"7247\" width=\"446\" data-init-width=\"1387\" height=\"924\" data-init-height=\"924\" title=\"WhatsApp Image 2022-05-17 at 15.40.41\" loading=\"lazy\" src=\"http:\/\/3bconnected.com\/wp-content\/uploads\/2022\/05\/WhatsApp-Image-2022-05-17-at-15.40.41.jpeg\" data-width=\"446\" style=\"aspect-ratio: auto 1387 \/ 924;\"><\/span><\/p>\n<p style=\"\"><strong><span style=\"\">Pour partager cette exp\u00e9rience de vie&nbsp;<\/span><\/strong>avec le plus grand nombre, je me suis form\u00e9e \u00e0 l&#8217;hypnose aupr\u00e8s de Ma\u00eetres europ\u00e9ens et canadiens.&nbsp;<\/p>\n<p style=\"\">Je suis&nbsp;impressionn\u00e9e par les possibilit\u00e9s th\u00e9rapeutiques qu\u2019elle procure. Son champ d\u2019application, vaste et riche, tant pour soigner que pour d\u00e9velopper les capacit\u00e9s physiques et c\u00e9r\u00e9brales de l\u2019\u00eatre humain.<\/p>\n<p style=\"\"><strong><span style=\"\">Ma mission est de r\u00e9veiller la lumi\u00e8re qui sommeille en vous,<\/span><\/strong> enfouie derri\u00e8re des croyances, des peurs et des blocages ;<\/p>\n<ul>\n<li style=\"\">de vous accompagner dans votre \u00e9panouissement,<\/li>\n<li \"=\"\" >de vous permettre de vous aligner avec vos d\u00e9sirs et avec la vie que vous voulez vivre,<\/li>\n<li \"=\"\" >de vous r\u00e9concilier \u00e0 la vraie joie de vivre et cela, peu importe les situations par lesquelles vous passez.<\/li>\n<\/ul>\n<p style=\"\">\n<h3 dir=\"ltr\" style=\"color: rgb(224, 178, 65) !important; --tcb-applied-color:rgb(224, 178, 65)  !important;\"><span style=\"--tcb-applied-color:rgb(224, 178, 65)  !important;\">Pendant tr\u00e8s longtemps, je n&#8217;osais pas !<\/span><\/h3>\n<p dir=\"ltr\" style=\"\">Malgr\u00e9 mon fort caract\u00e8re, je n\u2019osais pas affirmer ce qui me faisait vibrer ni oser le manifester dans ma vie.<span style=\"\">&nbsp;<\/span><strong><span style=\"\">Je suivais un chemin que je croyais \u00eatre le meilleur pour moi.<\/span><\/strong><\/p>\n<p dir=\"ltr\" style=\"\">J\u2019ai donc fait un parcours scolaire classique, \u00e9tudi\u00e9 la communication et le commerce international.&nbsp; J\u2019ai eu une vie professionnelle traditionnelle avec un bon salaire.&nbsp;<\/p>\n<p dir=\"ltr\" style=\"\">Je me suis mari\u00e9e \u00e0 un homme dont les normes sociales sont plus que satisfaisantes. J\u2019ai une fille merveilleuse, un amour, une b\u00e9n\u00e9diction. Je vivais dans une belle villa o\u00f9 j\u2019ai accept\u00e9 des choses \u00e0 contrec\u0153ur pour garder mon image sociale.&nbsp;<\/p>\n<p dir=\"ltr\" style=\"\">J\u2019essayais d\u2019\u00eatre heureuse en ressemblant au mod\u00e8le du bonheur que la soci\u00e9t\u00e9 m&#8217;avait appris, mais au fond de moi je sentais que je n\u2019\u00e9tais pas \u00e0 ma place :<span style=\"\"> <strong>il y avait une pi\u00e8ce du puzzle qui me manquait<\/strong>.<\/span><\/p>\n<h3 dir=\"ltr\" style=\"color: rgb(224, 178, 65) !important; --tcb-applied-color:rgb(224, 178, 65)  !important;\"><\/h3>\n<h3 dir=\"ltr\" style=\"color: rgb(224, 178, 65) !important; --tcb-applied-color:rgb(224, 178, 65)  !important;\">Jusqu\u2019au jour o\u00f9\u2026&nbsp;<\/h3>\n<p dir=\"ltr\" style=\"\"><strong><span style=\"\">J\u2019ai eu un gros souci de sant\u00e9,<\/span><\/strong> avec des crises de douleur intense dans le haut de l\u2019estomac. A plusieurs reprises j\u2019ai d\u00fb me rendre aux urgences.&nbsp;<\/p>\n<p dir=\"ltr\" style=\"\">Les m\u00e9decins ont mis six mois pour mettre la main sur la \u00ab mal-\u00e0-dit \u00bb que j\u2019avais, qui n\u2019\u00e9taient rien d\u2019autre que des crises int\u00e9rieures pour arr\u00eater de m\u2019\u00e9teindre et de me mentir.<\/p>\n<p dir=\"ltr\" style=\"\"><strong><span style=\"\">Ce n\u2019\u00e9tait plus possible de continuer \u00e0 vivre dans le d\u00e9ni. <\/span><\/strong><\/p>\n<ul>\n<li dir=\"ltr\" style=\"\">Pour m\u2019aider \u00e0 prendre conscience de mon mal-\u00eatre.&nbsp;<\/li>\n<li dir=\"ltr\" style=\"\">Pour me lib\u00e9rer de certaines croyances limitantes, qui m\u2019ont obstru\u00e9es la vue et emp\u00each\u00e9es de briller.<\/li>\n<li dir=\"ltr\" style=\"\">Pour affronter la honte de mes peurs qui m\u2019ont emp\u00each\u00e9es de voir la lumi\u00e8re\u2026<\/li>\n<\/ul>\n<p dir=\"ltr\" style=\"\"><strong><span style=\"\">J\u2019ai d\u00e9cid\u00e9 d&#8217;\u00e9couter enfin mon appel int\u00e9rieur<\/span><\/strong> que je sentais pourtant depuis toujours et de chercher cette pi\u00e8ce manquante du puzzle.<\/p>\n<p dir=\"ltr\" style=\"\">Je l\u2019ai fait pour moi, pour ma fille, pour qu\u2019elle ne grandisse pas avec les m\u00eames erreurs.<\/p>\n<p dir=\"ltr\" style=\"\"><strong><span style=\"\">Alors j\u2019ai tout quitt\u00e9, et l\u2019extraordinaire aventure a commenc\u00e9.<\/span><\/strong><\/p>\n<h3 style=\"color: rgb(224, 178, 65) !important; --tcb-applied-color:rgb(224, 178, 65)  !important;\">Ma nouvelle vie, moi authentique.<\/h3>\n<ul>\n<li style=\"\">J\u2019ai appris \u00e0 m\u2019\u00e9couter, \u00e0 \u00e9couter cette petite voix int\u00e9rieure et \u00e0 m&#8217;aligner avec mon c\u0153ur.&nbsp;<\/li>\n<li style=\"\">J\u2019ai d\u00e9cid\u00e9 de faire ce que je sais le mieux faire, <span style=\"--tcb-applied-color:rgb(0, 0, 0)  !important;\">m\u2019exprimer, aimer et aider&#8230; <\/span>&nbsp;<\/li>\n<li style=\"\">J\u2019ai appris \u00e0 faire ce qui me parle et ce qui me passionne et surtout \u00e0 \u00eatre \u00e0 la bonne place qui est la mienne. Celle o\u00f9 mon c\u0153ur est amoureux tous les jours encore plus de la vie.<\/li>\n<\/ul>\n<p dir=\"ltr\" style=\"\">Au d\u00e9but j\u2019ai commenc\u00e9 \u00e0 le faire gratuitement, car cela r\u00e9sonnait si fort en moi, que je ne pouvais faire autrement. Puis en suivant mon c\u0153ur et mon intuition, j\u2019ai d\u00e9cid\u00e9 d\u2019en faire mon m\u00e9tier.&nbsp;<\/p>\n<p dir=\"ltr\" style=\"\">Alors j\u2019ai repris les \u00e9tudes et suivi des formations pour avoir les techniques et les m\u00e9thodes appropri\u00e9es pour pouvoir vous accompagner, vous soigner ou vous aider \u00e0 d\u00e9velopper vos capacit\u00e9s physiques et mentales afin que chacun retrouve son chemin de lumi\u00e8re et brille \u00e0 son tour.&nbsp;<\/p>\n<p dir=\"ltr\" style=\"\">En m\u2019int\u00e9ressant \u00e0 des sujets diff\u00e9rents comme la nature, la science, l\u2019alchimie, la spiritualit\u00e9, <strong><span style=\"--tcb-applied-color:rgb(106, 107, 108)  !important;\"><span style=\"--tcb-applied-color:rgb(106, 107, 108)  !important;\">j\u2019ai fait une \u00e9norme d\u00e9couverte.<\/span><\/span><\/strong><\/p>\n<p dir=\"ltr\" style=\"\"><strong><span style=\"--tcb-applied-color:rgb(106, 107, 108)  !important;\"><span style=\"--tcb-applied-color:rgb(106, 107, 108)  !important;\">Pour moi, elle est de taille car<\/span> <span style=\"--tcb-applied-color:rgb(106, 107, 108)  !important;\">:<\/span><\/span><\/strong><\/p>\n<ul>\n<li dir=\"ltr\" style=\"\">elle m\u2019a permis de comprendre comment atteindre l\u2019\u00e9quilibre ;<\/li>\n<li dir=\"ltr\" style=\"\">elle m\u2018a inspir\u00e9 pour cr\u00e9er mes programmes pour que vous puissiez vous aussi trouver l\u2019harmonie et l\u2019\u00e9quilibre et mener une vie de joie et d\u2019abondance.&nbsp;<\/li>\n<\/ul>\n<p dir=\"ltr\" style=\"text-align: left;\"><span style=\"--tcb-applied-color:rgb(106, 107, 108)  !important;\">&nbsp;<\/span><strong><span style=\"--tcb-applied-color:rgb(106, 107, 108)  !important;\">C\u2019est ce que je souhaite \u00e0 chacun au plus profond de mon \u00e2me :&nbsp; &nbsp;<\/span><\/strong><strong><span style=\"--tcb-applied-color:rgb(106, 107, 108)  !important; font-size: 24px;\"><\/span><\/strong><\/p>\n<p dir=\"ltr\" style=\"text-align: center;\"><strong><span style=\"--tcb-applied-color:rgb(106, 107, 108)  !important; font-size: 24px;\"><\/span><\/strong><strong><span style=\"font-size: 24px;\">\u00ab Osez vivre qui vous \u00eates. \u00bb<\/span><\/strong><\/p>\n<h3 style=\"text-align: center;\"><span style=\"font-size: 41px;\">Mes 5 valeurs fondamentales&nbsp;<\/span><\/h3>\n<p dir=\"ltr\" style=\"text-align: center;\"><strong>Depuis, je ne cesse de les d\u00e9velopper, elles sont grav\u00e9es dans mon c\u0153ur, dans ma nouvelle vie :<\/strong><\/p>\n<p dir=\"ltr\" style=\"text-align: center;\"><strong><span style=\"font-size: 30px;\">L&#8217;Amour&nbsp;<\/span><\/strong><\/p>\n<p dir=\"ltr\" style=\"\"><strong>Amour<\/strong> est l\u2019un de mes mantras, peu importe les situations, peu importe les personnes, tout ce que je donne et tout ce que je fais, c\u2019est avec amour.<\/p>\n<p dir=\"ltr\" style=\"\">Je vous promets, l\u2019amour est en chacun de nous si on ose \u00f4ter l\u2019ego de notre chemin.&nbsp;<\/p>\n<p dir=\"ltr\" style=\"\">Il est le rem\u00e8de le plus puissant, pour gu\u00e9rir toutes les maladies et les blessures, ainsi que pour retrouver la paix, la joie et le sourire&#8230; oui je mets de l\u2019amour dans tout ce que j\u2019entreprends. M\u00eame en payant mes factures \ud83d\ude09<\/p>\n<ul>\n<li style=\"\"><span style=\"\"><span><strong>Vous voulez la paix, cr\u00e9ez l\u2019amour.<\/strong> <em>(Victor Hugo)<\/em><\/span><\/span><\/li>\n<\/ul>\n<p><span style=\"\"><img decoding=\"async\" alt=\"\" data-id=\"7953\" width=\"943\" data-init-width=\"2000\" height=\"424\" data-init-height=\"900\" title=\"Dossier site 3Bconnected (81)\" loading=\"lazy\" src=\"http:\/\/3bconnected.com\/wp-content\/uploads\/2022\/05\/Dossier-site-3Bconnected-81.png\" data-width=\"943\" style=\"aspect-ratio: auto 2000 \/ 900;\" ml-d=\"-454\" mt-d=\"-0.2890000000000157\" data-height=\"424\" center-v-d=\"false\" center-h-d=\"false\" ml-m=\"-297.59400000000005\"><\/span><\/p>\n<p dir=\"ltr\" style=\"text-align: center;\"><strong><span style=\"color: rgb(224, 178, 65); --tcb-applied-color: rgb(224, 178, 65)  !important; font-size: 30px;\">La gratitude<\/span><\/strong><span style=\"font-size: 30px;\"> <\/span><\/p>\n<p dir=\"ltr\" style=\"text-align: left;\"><span style=\"font-size: 30px;\"><\/span>Pour la vie, pour chaque personne qui a fait partie de ma vie, de loin ou de pr\u00e8s, pour chaque exp\u00e9rience, bonne ou moins bonne gr\u00e2ce auxquelles j\u2019ai pu apprendre beaucoup et m\u2019am\u00e9liorer, avancer et devenir chaque jour meilleur.<\/p>\n<p dir=\"ltr\" style=\"\">La gratitude est une des cl\u00e9s extraordinaires pour manifester l\u2019abondance dans tout. Je vous encourage \u00e0 l\u2019appliquer vraiment dans votre vie.&nbsp;<\/p>\n<ul>\n<li style=\"\"><span style=\"\"><strong><span>La Gratitude, n\u2019est pas seulement la plus grande des vertus, mais c\u2019est \u00e9galement la m\u00e8re de tous les autres.<\/span><\/strong><span><em>(\u00c9mile Michel Cioran)<\/em>&nbsp;<\/span><\/span><\/li>\n<\/ul>\n<p><span style=\"\"><img decoding=\"async\" alt=\"\" data-id=\"7706\" width=\"446\" data-init-width=\"1155\" height=\"357\" data-init-height=\"924\" title=\"'une vie r\u00e9ussie(12)\" loading=\"lazy\" src=\"http:\/\/3bconnected.com\/wp-content\/uploads\/2022\/05\/Le-code-dune-vie-reussie12.png\" data-width=\"446\" style=\"aspect-ratio: auto 1155 \/ 924;\" mt-d=\"-18\" data-height=\"357\" center-v-d=\"false\"><\/span><\/p>\n<p dir=\"ltr\" style=\"text-align: center;\"><strong><span>Le sourire<\/span><\/strong><\/p>\n<p style=\"\"><strong><span style=\"--tcb-applied-color: rgb(224, 178, 65)  !important; color: rgb(224, 178, 65);\"><\/span><\/strong>Le sourire est une arme tr\u00e8s puissante pour attirer les bonnes ondes, les \u00e9nergies positives, ainsi que pour manifester les bonnes situations dans votre vie.<strong>&nbsp;<\/strong><\/p>\n<ul>\n<li style=\"\"><span style=\"\"><span><strong>Un sourire, co\u00fbte moins cher que l\u2019\u00e9lectricit\u00e9, mais donne autant de lumi\u00e8re.<\/strong> <em>(Abb\u00e9 Pierre)<\/em><\/span><\/span><\/li>\n<\/ul>\n<p><span style=\"\"><img decoding=\"async\" alt=\"\" data-id=\"7517\" width=\"533\" data-init-width=\"900\" height=\"533\" data-init-height=\"900\" title=\"Share folder (900 \u00d7 900 px)(7)\" loading=\"lazy\" src=\"http:\/\/3bconnected.com\/wp-content\/uploads\/2022\/05\/Dossier-partager-900-\u00d7-900-px7.png\" data-width=\"533\" style=\"aspect-ratio: auto 900 \/ 900;\" ml-d=\"0\" mt-d=\"-5.3279999999999745\" data-height=\"533\" ml-m=\"-98.875\" mt-m=\"0\"><\/span><\/p>\n<p dir=\"ltr\" style=\"text-align: center;\"><strong><span>Le pardon<\/span><\/strong><\/p>\n<p dir=\"ltr\" style=\"\">Pardonnez ! Oui, pardonnez, car on est humain et que l&#8217;on m\u00e9rite tous d\u2019\u00eatre pardonn\u00e9s.<\/p>\n<p dir=\"ltr\" style=\"\">Qui de nous n\u2019a pas fait d\u2019erreur ?<\/p>\n<p dir=\"ltr\" style=\"\">Qui de nous n\u2019a pas commis de faute ?<\/p>\n<p dir=\"ltr\" style=\"\">Et si vous ne le faites pas pour eux, faites-le pour vous afin de vous lib\u00e9rer de cette grande prison du pass\u00e9.<\/p>\n<p dir=\"ltr\" style=\"\">Vous m\u00e9ritez tout simplement la paix. Pardonnez et tournez la page, ne veut pas dire qu\u2019on a oubli\u00e9, mais plut\u00f4t que l\u2019on a appris &#8230;<\/p>\n<ul>\n<li style=\"\"><span style=\"\"><span><strong>Se tromper est humain, pardonner est divin. <\/strong><em>(Alexander Pope)<\/em><\/span><\/span><\/li>\n<\/ul>\n<p><span><img decoding=\"async\" alt=\"\" data-id=\"6728\" width=\"533\" data-init-width=\"1519\" height=\"924\" data-init-height=\"924\" title=\"pexels-pixabay-289586\" loading=\"lazy\" src=\"http:\/\/3bconnected.com\/wp-content\/uploads\/2022\/05\/pexels-pixabay-289586-scaled.jpg\" data-width=\"533\" style=\"aspect-ratio: auto 1519 \/ 924;\"><\/span><\/p>\n<p dir=\"ltr\" style=\"text-align: center;\"><strong><span>Apprendre<\/span><\/strong><\/p>\n<p dir=\"ltr\" style=\"\"><strong><span style=\"--tcb-applied-color: rgb(224, 178, 65)  !important; color: rgb(224, 178, 65);\"><\/span><\/strong>J&#8217;ai appris \u00e0 investir dans mon mindset, \u00e9lever ma conscience un peu tous les jours, \u00e0 nourrir mes pens\u00e9es et \u00e0 les am\u00e9liorer&#8230;<\/p>\n<p dir=\"ltr\" style=\"\">C\u2019est notre vraie r\u00e9elle richesse.&nbsp;<\/p>\n<ul>\n<li style=\"\"><span style=\"\"><span><strong>Nous sommes ce que nous pensons et avec nos pens\u00e9es, nous cr\u00e9ons le monde.<\/strong> <em>(Bouddha)<\/em><\/span><\/span><\/li>\n<\/ul>\n<h2 style=\"text-align: center;\"><span style=\"font-family: Montserrat; font-weight: 400;\">3<\/span>Bconnected<\/h2>\n<p style=\"text-align: center;\">J\u2019esp\u00e8re de tout mon c\u0153ur vous voir tous heureux et briller de toute votre lumi\u00e8re &#8230;<\/p>\n<p style=\"text-align: center;\"><strong>Je vous aime !<\/strong><\/p>","protected":false},"excerpt":{"rendered":"<p>CEO et \u200bCr\u00e9atrice de 3bconnected Qui Suis-je? Vous \u00eates-vous d\u00e9j\u00e0 demand\u00e9 ce que serait votre vie si vous aviez moins de soucis et moins de peurs ? Avez-vous des probl\u00e8mes relationnels ou d\u2019autres types de probl\u00e8mes dans votre vie ? Des mauvaises habitudes ? Des pens\u00e9es limitantes ?&nbsp; Voulez-vous avoir plus confiance en vous ?&nbsp; [&hellip;]<\/p>","protected":false},"author":1,"featured_media":5283,"parent":0,"menu_order":0,"comment_status":"closed","ping_status":"closed","template":"","meta":{"footnotes":""},"wf_page_folders":[],"class_list":["post-8904","page","type-page","status-publish","has-post-thumbnail","hentry","post-wrapper","thrv_wrapper"],"_links":{"self":[{"href":"https:\/\/3bconnected.com\/en\/wp-json\/wp\/v2\/pages\/8904","targetHints":{"allow":["GET"]}}],"collection":[{"href":"https:\/\/3bconnected.com\/en\/wp-json\/wp\/v2\/pages"}],"about":[{"href":"https:\/\/3bconnected.com\/en\/wp-json\/wp\/v2\/types\/page"}],"author":[{"embeddable":true,"href":"https:\/\/3bconnected.com\/en\/wp-json\/wp\/v2\/users\/1"}],"replies":[{"embeddable":true,"href":"https:\/\/3bconnected.com\/en\/wp-json\/wp\/v2\/comments?post=8904"}],"version-history":[{"count":3,"href":"https:\/\/3bconnected.com\/en\/wp-json\/wp\/v2\/pages\/8904\/revisions"}],"predecessor-version":[{"id":10273,"href":"https:\/\/3bconnected.com\/en\/wp-json\/wp\/v2\/pages\/8904\/revisions\/10273"}],"wp:featuredmedia":[{"embeddable":true,"href":"https:\/\/3bconnected.com\/en\/wp-json\/wp\/v2\/media\/5283"}],"wp:attachment":[{"href":"https:\/\/3bconnected.com\/en\/wp-json\/wp\/v2\/media?parent=8904"}],"wp:term":[{"taxonomy":"wf_page_folders","embeddable":true,"href":"https:\/\/3bconnected.com\/en\/wp-json\/wp\/v2\/wf_page_folders?post=8904"}],"curies":[{"name":"wp","href":"https:\/\/api.w.org\/{rel}","templated":true}]}}