{"id":8889,"date":"2022-11-11T16:24:35","date_gmt":"2022-11-11T15:24:35","guid":{"rendered":"https:\/\/3bconnectedcom.eu2.copilhost.cloud\/?page_id=8889"},"modified":"2024-11-30T19:33:03","modified_gmt":"2024-11-30T18:33:03","slug":"home-2","status":"publish","type":"page","link":"https:\/\/3bconnected.com\/en\/","title":{"rendered":"Home"},"content":{"rendered":"<h1 style=\"\"><span style=\"\">Say hello to your new life<\/span><\/h1>\n<h2>How to grow in your daily life and become the best you can be<\/h2>\n<p><span><img decoding=\"async\" alt=\"\" data-id=\"9160\" width=\"435\" data-init-width=\"924\" height=\"1643\" data-init-height=\"1643\" title=\"Photo profile basma\" loading=\"lazy\" src=\"http:\/\/3bconnected.com\/wp-content\/uploads\/2022\/12\/Photo-profil-basma.jpg\" data-width=\"435\" style=\"aspect-ratio: auto 924 \/ 1643;\"><\/span><\/p>\n<h2 style=\"text-align: center;\">To finally enjoy your life!<\/h2>\n<p>I am&nbsp;<span style=\"--tcb-applied-color: var$(--tcb-skin-color-2)  !important; color: var(--tcb-skin-color-2);\">Basma Baouab<\/span>&nbsp;I have been a Master Practitioner in Conversational Hypnosis and Therapies for 7 years. <span style=\"--tcb-applied-color: var$(--tcb-skin-color-2)  !important; color: var(--tcb-skin-color-2);\">to their full potential and to the generosity of life<\/span> so that they have the opportunity to harmonise with their being and their surroundings.<span style=\"--tcb-applied-color: var$(--tcb-skin-color-2)  !important; color: var(--tcb-skin-color-2);\">Driven by the results obtained,<\/span>&nbsp;I have designed a unique and personalised coaching programme called PATH TO YOURSELF.<span style=\"--tcb-applied-color: var$(--tcb-skin-color-2)  !important; color: var(--tcb-skin-color-2);\">It doesn't matter who you are,<\/span> where you come from, the imbalance in your <span style=\"--tcb-applied-color: var$(--tcb-skin-color-2)  !important; color: var(--tcb-skin-color-2);\">life<\/span> or the lack of <span style=\"--tcb-applied-color: var$(--tcb-skin-color-2)  !important; color: var(--tcb-skin-color-2);\">harmony<\/span> you feel, you have the right to a new life, a new start, <span style=\"--tcb-applied-color: var$(--tcb-skin-color-2)  !important; color: var(--tcb-skin-color-2);\">get help to move forward and :<\/span><strong> <\/strong><span style=\"--tcb-applied-color: var$(--tcb-skin-color-2)  !important; color: var(--tcb-skin-color-2);\"><\/span><span style=\"--tcb-applied-color: var$(--tcb-skin-color-2)  !important; color: var(--tcb-skin-color-2);\"><\/span><\/p>\n<ul>\n<li style=\"\"><span style=\"\">Live in the authenticity of who you really are,<\/span><\/li>\n<li style=\"\"><span style=\"\">Create the life that allows you to build your happiness,<\/span><\/li>\n<li style=\"\"><span style=\"\">Become free, happy and fulfilled in your daily life<\/span><\/li>\n<\/ul>\n<h2 style=\"text-align: center;\">How I can help you<\/h2>\n<p>__CONFIG_group_edit__{}__CONFIG_group_edit____CONFIG_local_colors__{\"colors\":{\"c0614\u2033: \"Alabaster\", \"34643\u2033: \"Royal Blue\", \"391fb\": \"Picton Blue\", \"e9180\u2033: \"Bunker\", \"af5b1\u2033: \"Picton Blue\"}, \"gradients\":{}}__CONFIG_local_colors__    <\/p>\n<h3 style=\"text-align: center; color: rgb(228, 180, 65) !important; --tcb-applied-color:rgb(228, 180, 65) !important;\"><span>Here are 3 good reasons to join us now<\/span>&nbsp;<\/h3>\n<p style=\"text-align: left;\"><strong>As soon as you subscribe to my monthly newsletter, I'll give you the following as a welcome gift:<\/strong><\/p>\n<p><span>\u2764\ufe0f<\/span> <strong><span style=\"color: var(--tcb-skin-color-4);\">My book :<\/span><\/strong><span style=\"color: var(--tcb-skin-color-4);\">&nbsp;7 secrets to cultivating self-love. I share with you the essentials on how to cultivate self-love quickly so you can start enjoying life to the fullest.<\/span><span>\u2764\ufe0f<strong> Access to the 3BCONNECTED community,<\/strong> a Facebook group where you can chat with us to boost your well-being.&nbsp;<\/span><span>\u2764\ufe0f <strong>A gift:<\/strong> une s\u00e9ance de m\u00e9ditation guid\u00e9e offerte avec beaucoup d&#8217;amour et d&#8217;attention.<\/span>   <\/p>\n<h3 style=\"text-align: center;\"><strong><span style=\"--tcb-applied-color: rgb(255, 162, 41) !important; color: rgb(228, 180, 65);\">Our Motto&nbsp;<\/span><\/strong><\/h3>\n<h4 style=\"text-align: left; color: var(--tcb-skin-color-5) !important; --tcb-applied-color:var$(--tcb-skin-color-5) !important;\"><strong><span style=\"--tcb-applied-color:var$(--tcb-skin-color-5) !important;\"><span style=\"font-size: 20px; --tcb-applied-color:var$(--tcb-skin-color-5) !important; font-family: Arial, Helvetica, sans-serif;\">Let's create a better world together&nbsp;<\/span><\/span><\/strong><span style=\"font-size: 20px;\"><span style=\"font-family: Arial, Helvetica, sans-serif;\"><\/span><\/span><strong><span style=\"--tcb-applied-color:var$(--tcb-skin-color-5) !important;\"><span style=\"font-size: 20px; --tcb-applied-color:var$(--tcb-skin-color-5) !important; font-family: Arial, Helvetica, sans-serif;\">and united<\/span><\/span><\/strong><\/h4>\n<p style=\"\"><span style=\"font-family: Montserrat; font-weight: 400; font-size: 17px; color: var(--tcb-skin-color-4);\">A truer world, in harmony and balance with divine nature.&nbsp;<\/span><\/p>\n<p style=\"\">\n<p style=\"\"><span style=\"font-weight: 400;\"><span style=\"font-family: Montserrat;\">The traditions and developments of our modern world today - physical, scientific, psychic, technological and spiritual - can enable us to build a world worthy of who we really are...<\/span><\/span><\/p>\n<p style=\"\">\n<p style=\"\"><span style=\"font-family: Montserrat; font-weight: 400;\">In this time of great planetary change, 3BCONNECTED is here to support you in living your full potential as the incarnated divinity of your higher self.<\/span><\/p>\n<p style=\"text-align: center;\">To register, click here!<\/p>\n<div class='fluentform ff-default fluentform_wrapper_18 ffs_custom_wrap'><form data-form_id=\"18\" id=\"fluentform_18\" class=\"frm-fluent-form fluent_form_18 ff-el-form-top ff_form_instance_18_1 ff-form-loading ffs_custom\" data-form_instance=\"ff_form_instance_18_1\" method=\"POST\" action=\"\" ><fieldset  style=\"border: none!important;margin: 0!important;padding: 0!important;background-color: transparent!important;box-shadow: none!important;outline: none!important; min-inline-size: 100%;\">\n                    <legend class=\"ff_screen_reader_title\" style=\"display: block; margin: 0!important;padding: 0!important;height: 0!important;text-indent: -999999px;width: 0!important;overflow:hidden;\">Newsletter subscription<\/legend><input type='hidden' name='__fluent_form_embded_post_id' value='8889' \/><input type=\"hidden\" id=\"_fluentform_18_fluentformnonce\" name=\"_fluentform_18_fluentformnonce\" value=\"2552db90be\" \/><input type=\"hidden\" name=\"_wp_http_referer\" value=\"\/en\/wp-json\/wp\/v2\/pages\/8889\" \/><div data-type=\"name-element\" data-name=\"names\" class=\"ff-field_container ff-name-field-wrapper\" ><div class='ff-t-container'><div class='ff-t-cell'><div class='ff-el-group  ff-el-form-hide_label'><div class=\"ff-el-input--label asterisk-right\"><label for='ff_18_names_first_name_' id='label_ff_18_names_first_name_' >First name<\/label><\/div><div class='ff-el-input--content'><input type=\"text\" name=\"names[first_name]\" id=\"ff_18_names_first_name_\" class=\"ff-el-form-control\" placeholder=\"First name\" aria-invalid=\"false\" aria-required=\"false\"><\/div><\/div><\/div><\/div><\/div><div class='ff-el-group ff-el-form-hide_label'><div class=\"ff-el-input--label ff-el-is-required asterisk-right\"><label for='ff_18_email' id='label_ff_18_email' aria-label=\"Email\">Email<\/label><\/div><div class='ff-el-input--content'><input type=\"email\" name=\"email\" id=\"ff_18_email\" class=\"ff-el-form-control\" placeholder=\"Email\" data-name=\"email\"  aria-invalid=\"false\" aria-required=\"true\"><\/div><\/div><div class='ff-el-group ff-el-form-hide_label'><div class=\"ff-el-input--label ff-el-is-required asterisk-right\"><label   aria-label=\"RGPD\">RGPD<\/label><\/div><div class='ff-el-input--content'><div class='ff-el-form-check ff-el-form-check-'><label class='ff-el-form-check-label' for='checkbox_f67c50d89a0da6e51c5124e6dc2b30d9'><input  type=\"checkbox\" name=\"checkbox[]\" data-name=\"checkbox\" class=\"ff-el-form-check-input ff-el-form-check-checkbox\" value=\" En indiquant tes coordonn\u00e9es, tu acceptes nos prises de contact. Tu peux te d\u00e9sinscrire \u00e0 tout moment \u00e0 travers les liens de d\u00e9sinscription pr\u00e9sents dans chacun de nos messages.\"  id='checkbox_f67c50d89a0da6e51c5124e6dc2b30d9' aria-label='By entering your details, you agree to be contacted by us. You can unsubscribe at any time using the unsubscribe links in each of our messages.' aria-invalid='false' aria-required=\"true\"> <span> By entering your details, you agree to be contacted by us. You can unsubscribe at any time using the unsubscribe links in each of our messages.<\/span><\/label><\/div><\/div><\/div><div class='ff-el-group ff-text-center ff_submit_btn_wrapper'><button type=\"submit\" class=\"ff-btn ff-btn-submit ff-btn-md ff_btn_style\"  aria-label=\"Yes, I&#039;m signing up!\">Yes, I'm signing up!<\/button><\/div><\/fieldset><input type=\"hidden\" name=\"trp-form-language\" value=\"en\"\/><\/form><div id='fluentform_18_errors' class='ff-errors-in-stack ff_form_instance_18_1 ff-form-loading_errors ff_form_instance_18_1_errors'><\/div><\/div>            <script type=\"text\/javascript\">\n                window.fluent_form_ff_form_instance_18_1 = {\"id\":\"18\",\"settings\":{\"layout\":{\"labelPlacement\":\"top\",\"helpMessagePlacement\":\"with_label\",\"errorMessagePlacement\":\"inline\",\"cssClassName\":\"\",\"asteriskPlacement\":\"asterisk-right\"},\"restrictions\":{\"denyEmptySubmission\":{\"enabled\":false}}},\"form_instance\":\"ff_form_instance_18_1\",\"form_id_selector\":\"fluentform_18\",\"rules\":{\"names[first_name]\":{\"required\":{\"value\":false,\"message\":\"This field is required\",\"global\":true,\"global_message\":\"Ce champ est obligatoire\"}},\"names[middle_name]\":{\"required\":{\"value\":false,\"message\":\"This field is required\",\"global\":true,\"global_message\":\"Ce champ est obligatoire\"}},\"names[last_name]\":{\"required\":{\"value\":false,\"message\":\"This field is required\",\"global\":true,\"global_message\":\"Ce champ est obligatoire\"}},\"email\":{\"required\":{\"value\":true,\"message\":\"This field is required\",\"global\":true,\"global_message\":\"Ce champ est obligatoire\"},\"email\":{\"value\":true,\"message\":\"This field must contain a valid email\",\"global\":true,\"global_message\":\"Ce champ doit contenir un e-mail valide\"}},\"checkbox\":{\"required\":{\"value\":true,\"message\":\"This field is required\",\"global_message\":\"Ce champ est obligatoire\",\"global\":true}}},\"debounce_time\":300};\n                            <\/script>\n            \n<h2 style=\"text-align: center;\">3bconnected for your well-being<\/h2>\n<h4 style=\"text-align: left;\">It is a concept of life.<\/h4>\n<p dir=\"ltr\" style=\"text-align: left;\"><strong>It's having the luxury of being yourself,<\/strong>&nbsp;d&#8217;\u00eatre libre de choisir du temps pour soi.&nbsp;Tout en \u00e9tant tendance, se connecter \u00e0 l&#8217;\u00e9volution du monde et de la vie sans perdre de vue le sens qu&#8217;on leur donne.<\/p>\n<p dir=\"ltr\" style=\"text-align: left;\">I help you to understand your patterns and blockages and encourage you to adapt new attitudes and skills in the face of challenges by applying effective coaching and neurotherapy techniques.<\/p>\n<h2 style=\"text-align: center;\">A COMPLETE UNDERSTANDING OF MIND, BODY AND SPIRIT <span style=\"text-transform: uppercase;\">Energy<\/span><\/h2>\n<p style=\"color: rgb(224, 178, 65) !important; --tcb-applied-color: rgb(224, 178, 65)                    !important; text-align: center;\">testimonials<\/p>\n<h2 style=\"text-align: center;\">What they say<\/h2>\n<p><span style=\"\"><img decoding=\"async\" alt=\"\" data-id=\"4842\" title=\"3Bconnected site file (16)\" src=\"http:\/\/3bconnected.com\/wp-content\/uploads\/2022\/01\/Dossier-site-3Bconnected-16.png\" style=\"aspect-ratio: auto 2000 \/ 900;\" ml-d=\"-2.218999999999994\" data-width=\"246\" data-height=\"111\" data-init-width=\"2000\" data-init-height=\"900\" loading=\"lazy\" width=\"246\" height=\"111\" mt-d=\"0\"><\/span><\/p>\n<p>St\u00e9phanie .M&nbsp;<\/p>\n<h6 style=\"\">Author<\/h6>\n<p style=\"\">I thank you for the benefits of your sessions.&nbsp;<\/p>\n<p style=\"\">I warmly recommend you to anyone who wants to make a change in their life.&nbsp;<\/p>\n<p><span style=\"\"><img decoding=\"async\" alt=\"\" data-id=\"4843\" title=\"270762802_10159447452768886_4771668877828717440_n\" src=\"http:\/\/3bconnected.com\/wp-content\/uploads\/2022\/01\/270386274_10228302827021705_3101046218111860106_n.jpeg\" style=\"aspect-ratio: auto 1536 \/ 2048;\" ml-d=\"-0.1559999999999917\" data-width=\"120\" data-height=\"160\" data-init-width=\"1536\" data-init-height=\"2048\" loading=\"lazy\" center-h-d=\"false\" mt-d=\"-22\" width=\"120\" height=\"160\" center-v-d=\"false\"><\/span><\/p>\n<p>Jamy<\/p>\n<h6 style=\"\">CEO<\/h6>\n<p style=\"\">Wow! A +++ Positive experience.&nbsp;<\/p>\n<p style=\"\">I feel light, like a baby who has just received its first BLOOD.&nbsp;<\/p>\n<p style=\"\">I feel at peace with my body and mind.&nbsp;<\/p>\n<p style=\"\">Thank you, our beautiful soul. I love you B<\/p>\n<p><span style=\"\"><img decoding=\"async\" alt=\"\" data-id=\"4845\" title=\"270762802_10159447452768886_4771668877828717440_n\" src=\"http:\/\/3bconnected.com\/wp-content\/uploads\/2022\/01\/270762802_10159447452768886_4771668877828717440_n.jpeg\" style=\"aspect-ratio: auto 1440 \/ 810;\" ml-d=\"-49\" data-width=\"114\" data-height=\"64\" data-init-width=\"1440\" data-init-height=\"810\" loading=\"lazy\" center-h-d=\"false\" width=\"114\" height=\"64\"><\/span><\/p>\n<p>Sophie. J<\/p>\n<h6 style=\"\">Decorator<\/h6>\n<p style=\"\">Thank you so much for everything, I feel transformed. Totally detoxified New life!<\/p>\n<p><span style=\"\"><img decoding=\"async\" alt=\"\" data-id=\"4847\" title=\"Screenshot 2022-01-06 at 22.44.06\" src=\"http:\/\/3bconnected.com\/wp-content\/uploads\/2022\/01\/Capture-de\u0301cran-2022-01-06-a\u0300-22.44.06.png\" style=\"aspect-ratio: auto 332 \/ 343;\" ml-d=\"0\" data-width=\"120\" data-height=\"124\" data-init-width=\"332\" data-init-height=\"343\" loading=\"lazy\" center-h-d=\"false\" width=\"120\" height=\"124\" mt-d=\"0\"><\/span><\/p>\n<p>M-Barki<\/p>\n<h6 style=\"\">Student&nbsp;<\/h6>\n<p style=\"\">You have changed my life, thank you for everything, you accompany me in my prayers every day.&nbsp;<\/p>\n<p style=\"\">Without even having finished the programme, many things have changed in my life and I see things differently.&nbsp;<\/p>\n<p style=\"\">I don't have that emptiness that I used to feel.&nbsp;<\/p>\n<h2 style=\"text-align: center;\">WHEN THE IMPOSSIBLE (RE)BECOMES POSSIBLE THROUGH A (RE)CONNECTION TO THE FREE AND DIVINE BEING<\/h2>\n<h4 style=\"text-align: left;\">(Re)connecting to yourself<\/h4>\n<p style=\"\"><span style=\"font-weight: normal;\">We are all unique, you are unique... get to know yourself and... be<\/span> yourself!<\/p>\n<h4 style=\"text-align: left;\">(Re)connecting to life<\/h4>\n<p><span style=\"font-weight: normal;\">Knowing life and its laws allows you to connect, to be in<\/span> harmony <span style=\"font-weight: normal;\">with her.&nbsp;<\/span><\/p>\n<h4 style=\"text-align: left;\">Create and co-create<\/h4>\n<p style=\"\"><span style=\"font-weight: normal;\">The dream is the internal projection of the image of the final plan of what you can achieve.&nbsp;&nbsp;<\/span><\/p>\n<h3 dir=\"ltr\" style=\"text-align: center;\">Need a private session? Do not hesitate to contact me<\/h3>\n<p dir=\"ltr\" style=\"text-align: center;\"><span>E-mail: basma@3bconnected.com<\/span><\/p>\n<p dir=\"ltr\" style=\"text-align: center;\"><span>Telephone: +32486030963<\/span><\/p>\n<p><a href=\"https:\/\/www.instagram.com\/basma.baouab_3bconnected\/\" target=\"_blank\" rel=\"noopener\"><\/a><a href=\"https:\/\/www.facebook.com\/3BLOVECONNECTED\" target=\"_blank\" rel=\"noopener\"><\/a><\/p>","protected":false},"excerpt":{"rendered":"<p>Say Hello to your new life How to blossom in your daily life and become the best you can be To finally enjoy your life! I am Basma Baouab , Master Practitioner in Conversational Hypnosis and Therapies for 7 years, I help people to connect to their full potential and to the generosity of life so that they can enjoy their lives.<\/p>","protected":false},"author":1,"featured_media":4801,"parent":0,"menu_order":0,"comment_status":"closed","ping_status":"closed","template":"","meta":{"footnotes":""},"wf_page_folders":[26],"class_list":["post-8889","page","type-page","status-publish","has-post-thumbnail","hentry","post-wrapper","thrv_wrapper"],"_links":{"self":[{"href":"https:\/\/3bconnected.com\/en\/wp-json\/wp\/v2\/pages\/8889","targetHints":{"allow":["GET"]}}],"collection":[{"href":"https:\/\/3bconnected.com\/en\/wp-json\/wp\/v2\/pages"}],"about":[{"href":"https:\/\/3bconnected.com\/en\/wp-json\/wp\/v2\/types\/page"}],"author":[{"embeddable":true,"href":"https:\/\/3bconnected.com\/en\/wp-json\/wp\/v2\/users\/1"}],"replies":[{"embeddable":true,"href":"https:\/\/3bconnected.com\/en\/wp-json\/wp\/v2\/comments?post=8889"}],"version-history":[{"count":10,"href":"https:\/\/3bconnected.com\/en\/wp-json\/wp\/v2\/pages\/8889\/revisions"}],"predecessor-version":[{"id":11860,"href":"https:\/\/3bconnected.com\/en\/wp-json\/wp\/v2\/pages\/8889\/revisions\/11860"}],"wp:featuredmedia":[{"embeddable":true,"href":"https:\/\/3bconnected.com\/en\/wp-json\/wp\/v2\/media\/4801"}],"wp:attachment":[{"href":"https:\/\/3bconnected.com\/en\/wp-json\/wp\/v2\/media?parent=8889"}],"wp:term":[{"taxonomy":"wf_page_folders","embeddable":true,"href":"https:\/\/3bconnected.com\/en\/wp-json\/wp\/v2\/wf_page_folders?post=8889"}],"curies":[{"name":"wp","href":"https:\/\/api.w.org\/{rel}","templated":true}]}}