{"id":11836,"date":"2024-11-12T15:46:16","date_gmt":"2024-11-12T14:46:16","guid":{"rendered":"https:\/\/3bconnectedcom.eu2.copilhost.cloud\/?page_id=11836"},"modified":"2024-11-12T17:10:58","modified_gmt":"2024-11-12T16:10:58","slug":"seance-daccompagnement-45-mins","status":"publish","type":"page","link":"https:\/\/3bconnected.com\/en\/seance-daccompagnement-45-mins\/","title":{"rendered":"S\u00e9ance  d&#8217;accompagnement 45 mins"},"content":{"rendered":"<h2 style=\"text-align: center;\"><strong><span style=\"--tcb-applied-color: rgb(228, 180, 65) !important; color: rgb(228, 180, 65) !important;\">Transformez un Blocage en Opportunit\u00e9\u200b<\/span><\/strong><\/h2>\n<h2 style=\"text-align: center;\"><strong><span style=\"--tcb-applied-color: rgb(228, 180, 65) !important; color: rgb(228, 180, 65) !important;\">Votre S\u00e9ance de Coaching Personnalis\u00e9e (45 minutes)<\/span><\/strong><\/h2>\n<p><strong>Vous avez une probl\u00e9matique qui vous freine ? Obtenez des r\u00e9ponses concr\u00e8tes et avancez sereinement !<\/strong><\/p>\n<p>Que vous ressentiez le besoin d\u2019am\u00e9liorer votre confiance en vous, de g\u00e9rer vos \u00e9motions, ou de surmonter un obstacle qui limite votre \u00e9panouissement, cette s\u00e9ance de 45 minutes est sp\u00e9cialement con\u00e7ue pour vous guider vers des solutions claires et efficaces.<\/p>\n<h5 style=\"text-align: center;\">Pr\u00eat \u00e0 transformer un obstacle en tremplin ?<\/h5>\n<h5 style=\"text-align: center;\">R\u00e9servez votre s\u00e9ance maintenant !<\/h5>\n<p>[tcb-script src=&#8221;https:\/\/asset-tidycal.b-cdn.net\/js\/embed.js&#8221; async=&#8221;&#8221;][\/tcb-script]<\/p>\n<h2><strong>Quelles sont probl\u00e9matiques que nous pouvons aborder ensemble ?<\/strong><\/h2>\n<ul>\n<li>Manque de confiance en soi<\/li>\n<li>Difficult\u00e9 \u00e0 passer \u00e0 l\u2019action et tendance \u00e0 procrastiner<\/li>\n<li>Ruminations mentales et pens\u00e9es n\u00e9gatives<\/li>\n<li>Croyances limitantes et comportements d&#8217;auto-sabotage<\/li>\n<li>D\u00e9pendance \u00e9motionnelle ou relations toxiques<\/li>\n<li>Surcharge mentale et besoin de l\u00e2cher-prise<\/li>\n<li>Manque de clart\u00e9 dans la prise de d\u00e9cision<\/li>\n<li>\u00c9puisement \u00e9motionnel ou burn-out<\/li>\n<li>Peur de l\u2019imperfection et perfectionnisme excessif<\/li>\n<li>Gestion du deuil ou de traumatismes pass\u00e9s<\/li>\n<\/ul>\n<p style=\"\">&#8220;Ne laissez pas vos blocages freiner votre potentiel. Faites le premier pas vers votre transformation !&#8221;<\/p>\n<h4>BASMA BAOUAB<\/h4>\n<p style=\"\">Votre accompagnatrice de lumi\u00e8re<\/p>\n<h2><strong>Pourquoi choisir cette s\u00e9ance d&#8217;accompagnement ?<\/strong><\/h2>\n<p>Vous b\u00e9n\u00e9ficiez d\u2019une approche bas\u00e9e sur des m\u00e9thodes de neuro-quantique et de neuro-programmation mentale, des disciplines novatrices et efficaces pour transformer des sch\u00e9mas limitants en ressources positives. Ces outils permettent de travailler en profondeur sur le cerveau et le subconscient, l\u00e0 o\u00f9 r\u00e9sident souvent les blocages les plus profonds.<\/p>\n<blockquote>\n<p><strong>&#8220;En seulement 45 minutes, cette s\u00e9ance peut ouvrir la voie \u00e0 une transformation durable, en vous offrant des r\u00e9ponses et des ressources que vous pourrez utiliser bien au-del\u00e0 de notre session.&#8221;<\/strong><\/p>\n<\/blockquote>\n<h2 style=\"text-align: center;\"><strong><strong>Questions fr\u00e9quentes :<\/strong><\/strong><\/h2>\n<ul>\n<li>\n<p style=\"\"><strong><span style=\"\">Est-ce adapt\u00e9 \u00e0 tous ?&nbsp;<\/span><\/strong><span style=\"\"><span style=\"\">Oui, que vous soyez en d\u00e9but de cheminement ou d\u00e9j\u00e0 dans un parcours de d\u00e9veloppement personnel, cette s\u00e9ance vous apportera des cl\u00e9s pr\u00e9cieuses.<\/span><\/span><\/p>\n<\/li>\n<li>\n<p style=\"\"><span style=\"\"><span style=\"\"><strong>Dois-je me pr\u00e9parer ?&nbsp;<\/strong>Il est conseill\u00e9 de r\u00e9fl\u00e9chir en amont \u00e0 la probl\u00e9matique que vous souhaitez aborder, mais il n\u2019y a aucune pr\u00e9paration obligatoire. Venez tel que vous \u00eates !<\/span><\/span><\/p>\n<\/li>\n<li>\n<p style=\"\"><span style=\"\"><strong>Puis-je r\u00e9server plusieurs s\u00e9ances ?&nbsp;<\/strong>Bien s\u00fbr ! Bien que cette s\u00e9ance soit con\u00e7ue pour apporter des r\u00e9ponses rapides, vous pouvez r\u00e9server plusieurs sessions si vous souhaitez approfondir plusieurs aspects de votre d\u00e9veloppement personnel.<\/span><\/p>\n<\/li>\n<\/ul>","protected":false},"excerpt":{"rendered":"<p>Transformez un Blocage en Opportunit\u00e9\u200b Votre S\u00e9ance de Coaching Personnalis\u00e9e (45 minutes) Vous avez une probl\u00e9matique qui vous freine ? Obtenez des r\u00e9ponses concr\u00e8tes et avancez sereinement ! Que vous ressentiez le besoin d\u2019am\u00e9liorer votre confiance en vous, de g\u00e9rer vos \u00e9motions, ou de surmonter un obstacle qui limite votre \u00e9panouissement, cette s\u00e9ance de 45 [&hellip;]<\/p>","protected":false},"author":145,"featured_media":0,"parent":0,"menu_order":0,"comment_status":"closed","ping_status":"closed","template":"","meta":{"footnotes":""},"wf_page_folders":[],"class_list":["post-11836","page","type-page","status-publish","hentry","post-wrapper","thrv_wrapper"],"_links":{"self":[{"href":"https:\/\/3bconnected.com\/en\/wp-json\/wp\/v2\/pages\/11836","targetHints":{"allow":["GET"]}}],"collection":[{"href":"https:\/\/3bconnected.com\/en\/wp-json\/wp\/v2\/pages"}],"about":[{"href":"https:\/\/3bconnected.com\/en\/wp-json\/wp\/v2\/types\/page"}],"author":[{"embeddable":true,"href":"https:\/\/3bconnected.com\/en\/wp-json\/wp\/v2\/users\/145"}],"replies":[{"embeddable":true,"href":"https:\/\/3bconnected.com\/en\/wp-json\/wp\/v2\/comments?post=11836"}],"version-history":[{"count":10,"href":"https:\/\/3bconnected.com\/en\/wp-json\/wp\/v2\/pages\/11836\/revisions"}],"predecessor-version":[{"id":11846,"href":"https:\/\/3bconnected.com\/en\/wp-json\/wp\/v2\/pages\/11836\/revisions\/11846"}],"wp:attachment":[{"href":"https:\/\/3bconnected.com\/en\/wp-json\/wp\/v2\/media?parent=11836"}],"wp:term":[{"taxonomy":"wf_page_folders","embeddable":true,"href":"https:\/\/3bconnected.com\/en\/wp-json\/wp\/v2\/wf_page_folders?post=11836"}],"curies":[{"name":"wp","href":"https:\/\/api.w.org\/{rel}","templated":true}]}}